{"id":26,"date":"2014-09-18T12:24:32","date_gmt":"2014-09-18T11:24:32","guid":{"rendered":"http:\/\/agora.xtec.cat\/escmilaifontanals\/?page_id=26"},"modified":"2015-11-07T11:43:16","modified_gmt":"2015-11-07T10:43:16","slug":"historia","status":"publish","type":"page","link":"https:\/\/agora.xtec.cat\/escmilaifontanals\/lescola\/historia\/","title":{"rendered":"Hist\u00f2ria"},"content":{"rendered":"<p>&nbsp;<\/p>\n<p>&nbsp;<\/p>\n<p><span style=\"color: #222222;\"><span style=\"font-family: verdana, arial, helvetica, sans-serif;\"><span style=\"font-size: medium;\">El grup escolar Mil\u00e0 i Fontanals, en els seus inicis &#8220;Grup escolar Mil\u00e0 i Fontanals &#8211; Llu\u00efsa Cura&#8221;, \u00e9s un dels grups escolars projectats i construits per l&#8217;Ajuntament de Barcelona durant el primer ter\u00e7 del segle XX.<\/span><\/span><\/span><\/p>\n<p><span style=\"color: #222222;\"><span style=\"font-family: verdana, arial, helvetica, sans-serif;\"><span style=\"font-size: medium;\">L&#8217;acte d&#8217;inauguraci\u00f3 de l&#8217;escola tingu\u00e9 lloc el 29 de Mar\u00e7 de 1931 &#8220;Diumenge de Rams&#8221;, poc abans de la proclamaci\u00f3 de la II Rep\u00fablica. El Mil\u00e0 I Fontanals, a l&#8217;igual que la resta de belles escoles creades en aquesta \u00e8poca, era un s\u00edmbol de la nova escola i s&#8217;hi aplicaven els corrents de renovaci\u00f3 pedag\u00f2gica.La primera directora d&#8217;aquest grup escolar va ser la il\u00b7lustre pedagoga Rosa Sensat.<\/span><\/span><\/span><\/p>\n<p><span style=\"color: #222222;\"><span style=\"font-family: verdana, arial, helvetica, sans-serif;\"><span style=\"font-size: medium;\">Aquest magn\u00edfic projecte d&#8217;escola es va trencar al finalitzar la Guerra Civil el 1939. El sistema dictatorial imposat pel Govern Franquista va prohibir l&#8217;\u00fas del catal\u00e0 i va fer tornar el sistema tradicional.<\/span><\/span><\/span><\/p>\n<p><span style=\"color: #222222;\"><span style=\"font-family: verdana, arial, helvetica, sans-serif;\"><span style=\"font-size: medium;\">En el monumental edifici del Grup escolar Mil\u00e0 i Fontanals, a arrel de la reforma de la LOGSE, hi conviuen des de l&#8217;any 1996 el CEIP Mil\u00e0 i Fontanals i l&#8217;IES Miquel Taradell.<\/span><\/span><\/span><\/p>\n<p><span style=\"color: #222222;\">\u00a0<\/span><\/p>\n<p><span style=\"color: #222222;\"><span style=\"font-family: verdana, arial, helvetica, sans-serif;\"><span style=\"font-size: medium;\"><span style=\"color: #003399;\"><b>Mil\u00e0 i Fontanals<\/b><\/span><\/p>\n<p>Va n\u00e8ixer a Vilafranca del Pened\u00e9s el 1818. Fil\u00f2leg i escriptor, es va llicenciar en filosofia i lletres i dret; el 1846 fou catedr\u00e0tic de literatura, de la Universitat de Barcelona. All\u00e0 va dur a terme diversos i importants estudis sobre la literatura catalana de l&#8217;\u00e8poca medieval.<\/span><\/span><\/span><\/p>\n<p><span style=\"color: #222222;\"><span style=\"font-family: verdana, arial, helvetica, sans-serif;\"><span style=\"font-size: medium;\">Va presidir la &#8220;Acad\u00e8mia de las Buenas Letras&#8221; de Barcelona. Va escriure poemes en catal\u00e0 i castell\u00e0 i es va dedicar a la cr\u00edtica liter\u00e0ria i d&#8217;art. Foren innovadors els seus treballs sobre poesia popular catalana.<\/span><\/span><\/span><\/p>\n<p><span style=\"color: #222222;\"><span style=\"font-family: verdana, arial, helvetica, sans-serif;\"><span style=\"font-size: medium;\">El 1859 va impulsar la restauraci\u00f3 dels jocs florals. Fou col\u00b7laborador del diari &#8220;El vapor&#8221;.<\/span><\/span><\/span><\/p>\n<p><span style=\"color: #222222;\"><span style=\"font-family: verdana, arial, helvetica, sans-serif;\"><span style=\"font-size: medium;\">Va morir el 1884 a l&#8217;edat de 66 anys.<\/span><\/span><\/span><\/p>\n<p><span style=\"color: #222222;\">\u00a0<\/span><\/p>\n<p>&nbsp;<\/p>\n","protected":false},"excerpt":{"rendered":"<p>&nbsp;<br \/>\n&nbsp;<br \/>\nEl grup escolar Mil\u00e0 i Fontanals, en els seus inicis &#8220;Grup escolar Mil\u00e0 i Fontanals &#8211; Llu\u00efsa Cura&#8221;, \u00e9s un dels grups escolars projectats i construits per l&#8217;Ajuntament de Barcelona durant el primer ter\u00e7 del segle XX.<br \/>\nL&#8217;acte d&#8217;inauguraci\u00f3 de l&#8217;escola tingu\u00e9 lloc el 29 de&hellip;  <a href=\"https:\/\/agora.xtec.cat\/escmilaifontanals\/lescola\/historia\/\" title=\"Read Hist\u00f2ria\">Llegeix m\u00e9s\u00bb<\/a><\/p>\n","protected":false},"author":1,"featured_media":0,"parent":22,"menu_order":20,"comment_status":"closed","ping_status":"closed","template":"page-templates\/side-menu.php","meta":{"_bbp_topic_count":0,"_bbp_reply_count":0,"_bbp_total_topic_count":0,"_bbp_total_reply_count":0,"_bbp_voice_count":0,"_bbp_anonymous_reply_count":0,"_bbp_topic_count_hidden":0,"_bbp_reply_count_hidden":0,"_bbp_forum_subforum_count":0,"footnotes":""},"class_list":["post-26","page","type-page","status-publish","hentry"],"post_mailing_queue_ids":[],"_links":{"self":[{"href":"https:\/\/agora.xtec.cat\/escmilaifontanals\/wp-json\/wp\/v2\/pages\/26","targetHints":{"allow":["GET"]}}],"collection":[{"href":"https:\/\/agora.xtec.cat\/escmilaifontanals\/wp-json\/wp\/v2\/pages"}],"about":[{"href":"https:\/\/agora.xtec.cat\/escmilaifontanals\/wp-json\/wp\/v2\/types\/page"}],"author":[{"embeddable":true,"href":"https:\/\/agora.xtec.cat\/escmilaifontanals\/wp-json\/wp\/v2\/users\/1"}],"replies":[{"embeddable":true,"href":"https:\/\/agora.xtec.cat\/escmilaifontanals\/wp-json\/wp\/v2\/comments?post=26"}],"version-history":[{"count":3,"href":"https:\/\/agora.xtec.cat\/escmilaifontanals\/wp-json\/wp\/v2\/pages\/26\/revisions"}],"predecessor-version":[{"id":223,"href":"https:\/\/agora.xtec.cat\/escmilaifontanals\/wp-json\/wp\/v2\/pages\/26\/revisions\/223"}],"up":[{"embeddable":true,"href":"https:\/\/agora.xtec.cat\/escmilaifontanals\/wp-json\/wp\/v2\/pages\/22"}],"wp:attachment":[{"href":"https:\/\/agora.xtec.cat\/escmilaifontanals\/wp-json\/wp\/v2\/media?parent=26"}],"curies":[{"name":"wp","href":"https:\/\/api.w.org\/{rel}","templated":true}]}}