{"id":2214,"date":"2018-11-19T23:00:51","date_gmt":"2018-11-19T22:00:51","guid":{"rendered":"http:\/\/agora.xtec.cat\/escmilaifontanals\/?page_id=2214"},"modified":"2024-10-10T15:43:56","modified_gmt":"2024-10-10T13:43:56","slug":"els-escacs-fan-per-tu","status":"publish","type":"page","link":"https:\/\/agora.xtec.cat\/escmilaifontanals\/projecte-educatiu\/projectes-de-lambit-de-la-salut-cos-i-moviment\/els-escacs-fan-per-tu\/","title":{"rendered":"Els escacs fan per tu!"},"content":{"rendered":"<p>&nbsp;<\/p>\n<p><img loading=\"lazy\" decoding=\"async\" class=\"aligncenter wp-image-7950\" src=\"https:\/\/agora.xtec.cat\/escmilaifontanals\/wp-content\/uploads\/usu806\/2024\/10\/chess-3467512_1280-300x214.jpg\" alt=\"\" width=\"500\" height=\"357\" srcset=\"https:\/\/agora.xtec.cat\/escmilaifontanals\/wp-content\/uploads\/usu806\/2024\/10\/chess-3467512_1280-300x214.jpg 300w, https:\/\/agora.xtec.cat\/escmilaifontanals\/wp-content\/uploads\/usu806\/2024\/10\/chess-3467512_1280-1024x730.jpg 1024w, https:\/\/agora.xtec.cat\/escmilaifontanals\/wp-content\/uploads\/usu806\/2024\/10\/chess-3467512_1280-768x548.jpg 768w, https:\/\/agora.xtec.cat\/escmilaifontanals\/wp-content\/uploads\/usu806\/2024\/10\/chess-3467512_1280.jpg 1280w\" sizes=\"auto, (max-width: 500px) 100vw, 500px\" \/><\/p>\n<p>Els nens i nenes de cicle mitj\u00e0 i cicle superior es preparen per convertir-se en aut\u00e8ntics escaquistes.<\/p>\n<p>Durant el curs aniran descobrint tots els secrets d&#8217;aquest joc apassionant. Aprendran tots els moviments de les peces, com s&#8217;anoten les partides i, fins i tot, algunes t\u00e0ctiques per fer escac i mat als contrincants.<\/p>\n<p>Tamb\u00e9 aprendran sobre la hist\u00f2ria i els inicis d&#8217;aquest joc a partir d&#8217;hist\u00f2ries i an\u00e8cdotes d&#8217;alguns dels jugadors i jugadores m\u00e9s famosos.<\/p>\n<p>Amb tot el que aniran aprenent, a final de curs aniran al Centre d&#8217;Esports Municipal de La Mar Bella a celebrar la festa dels escacs amb altres escoles de la ciutat.<\/p>\n","protected":false},"excerpt":{"rendered":"<p>&nbsp;<\/p>\n<p>Els nens i nenes de cicle mitj\u00e0 i cicle superior es preparen per convertir-se en aut\u00e8ntics escaquistes.<br \/>\nDurant el curs aniran descobrint tots els secrets d&#8217;aquest joc apassionant. Aprendran tots els moviments de les peces, com s&#8217;anoten les partides i, fins i tot, algunes t\u00e0ctiques per&hellip;  <a href=\"https:\/\/agora.xtec.cat\/escmilaifontanals\/projecte-educatiu\/projectes-de-lambit-de-la-salut-cos-i-moviment\/els-escacs-fan-per-tu\/\" title=\"Read Els escacs fan per tu!\">Llegeix m\u00e9s\u00bb<\/a><\/p>\n","protected":false},"author":1,"featured_media":0,"parent":3125,"menu_order":0,"comment_status":"closed","ping_status":"closed","template":"page-templates\/side-menu.php","meta":{"_bbp_topic_count":0,"_bbp_reply_count":0,"_bbp_total_topic_count":0,"_bbp_total_reply_count":0,"_bbp_voice_count":0,"_bbp_anonymous_reply_count":0,"_bbp_topic_count_hidden":0,"_bbp_reply_count_hidden":0,"_bbp_forum_subforum_count":0,"footnotes":""},"class_list":["post-2214","page","type-page","status-publish","hentry"],"post_mailing_queue_ids":[],"_links":{"self":[{"href":"https:\/\/agora.xtec.cat\/escmilaifontanals\/wp-json\/wp\/v2\/pages\/2214","targetHints":{"allow":["GET"]}}],"collection":[{"href":"https:\/\/agora.xtec.cat\/escmilaifontanals\/wp-json\/wp\/v2\/pages"}],"about":[{"href":"https:\/\/agora.xtec.cat\/escmilaifontanals\/wp-json\/wp\/v2\/types\/page"}],"author":[{"embeddable":true,"href":"https:\/\/agora.xtec.cat\/escmilaifontanals\/wp-json\/wp\/v2\/users\/1"}],"replies":[{"embeddable":true,"href":"https:\/\/agora.xtec.cat\/escmilaifontanals\/wp-json\/wp\/v2\/comments?post=2214"}],"version-history":[{"count":5,"href":"https:\/\/agora.xtec.cat\/escmilaifontanals\/wp-json\/wp\/v2\/pages\/2214\/revisions"}],"predecessor-version":[{"id":7951,"href":"https:\/\/agora.xtec.cat\/escmilaifontanals\/wp-json\/wp\/v2\/pages\/2214\/revisions\/7951"}],"up":[{"embeddable":true,"href":"https:\/\/agora.xtec.cat\/escmilaifontanals\/wp-json\/wp\/v2\/pages\/3125"}],"wp:attachment":[{"href":"https:\/\/agora.xtec.cat\/escmilaifontanals\/wp-json\/wp\/v2\/media?parent=2214"}],"curies":[{"name":"wp","href":"https:\/\/api.w.org\/{rel}","templated":true}]}}