{"id":184,"date":"2015-11-05T17:24:14","date_gmt":"2015-11-05T16:24:14","guid":{"rendered":"http:\/\/agora.xtec.cat\/escmilaifontanals\/intraweb\/pais-a-lescola\/"},"modified":"2020-02-28T22:50:16","modified_gmt":"2020-02-28T21:50:16","slug":"pais-a-lescola","status":"publish","type":"page","link":"https:\/\/agora.xtec.cat\/escmilaifontanals\/projecte-educatiu\/projectes-artistics\/pais-a-lescola\/","title":{"rendered":"Pa\u00eds a l&#8217;escola"},"content":{"rendered":"<p style=\"text-align: justify;\"><a href=\"http:\/\/agora.xtec.cat\/escmilaifontanals\/wp-content\/uploads\/usu806\/2015\/11\/pa\u00eds-a-lescola.jpg\"><img loading=\"lazy\" decoding=\"async\" class=\"alignleft size-large wp-image-996\" src=\"http:\/\/agora.xtec.cat\/escmilaifontanals\/wp-content\/uploads\/usu806\/2015\/11\/pa\u00eds-a-lescola-1024x739.jpg\" alt=\"pais-a-lescola\" width=\"1024\" height=\"739\" srcset=\"https:\/\/agora.xtec.cat\/escmilaifontanals\/wp-content\/uploads\/usu806\/2015\/11\/pa\u00eds-a-lescola-1024x739.jpg 1024w, https:\/\/agora.xtec.cat\/escmilaifontanals\/wp-content\/uploads\/usu806\/2015\/11\/pa\u00eds-a-lescola-300x217.jpg 300w, https:\/\/agora.xtec.cat\/escmilaifontanals\/wp-content\/uploads\/usu806\/2015\/11\/pa\u00eds-a-lescola-768x554.jpg 768w, https:\/\/agora.xtec.cat\/escmilaifontanals\/wp-content\/uploads\/usu806\/2015\/11\/pa\u00eds-a-lescola.jpg 1600w\" sizes=\"auto, (max-width: 1024px) 100vw, 1024px\" \/><\/a><\/p>\n<p style=\"text-align: justify;\">El projecte &#8220;Pa\u00eds a l&#8217;escola&#8221; pret\u00e9n estimular els alumnes en el coneixement de la identitat, la cultura, la hist\u00f2ria i les tradicions de Catalunya aix\u00ed com la llengua catalana. Aquesta estimulaci\u00f3 es fa a trav\u00e9s d&#8217;activitats de caire vivencial tals com la realitzaci\u00f3 de rotllanes i danses tradicionals catalanes. <span class=\"text\">\u00a0\u00c9s una activitat molt enriquidora per als alumnes ja que es treballa la part art\u00edstica juntament amb la vessant social i intercultural.<\/span> Es faran 12 sessions amb els nens i nenes de 3r amb la Consol P\u00e9rez del Pa\u00eds a l&#8217;escola i l&#8217;especialista d&#8217;educaci\u00f3 f\u00edsica. Comen\u00e7ar\u00e0 al segon trimestre. A final de curs te lloc la trobada de bastoners on tamb\u00e9 es participa.<\/p>\n<p class=\"Estilo2\" style=\"text-align: justify;\"><span class=\"text\">\u00a0<\/span><\/p>\n<div style=\"text-align: justify;\"><\/div>\n<div style=\"text-align: justify;\"><\/div>\n<p>&nbsp;<\/p>\n","protected":false},"excerpt":{"rendered":"<p><a href=\"http:\/\/agora.xtec.cat\/escmilaifontanals\/wp-content\/uploads\/usu806\/2015\/11\/pa\u00eds-a-lescola.jpg\"><\/a><br \/>\nEl projecte &#8220;Pa\u00eds a l&#8217;escola&#8221; pret\u00e9n estimular els alumnes en el coneixement de la identitat, la cultura, la hist\u00f2ria i les tradicions de Catalunya aix\u00ed com la llengua catalana. Aquesta estimulaci\u00f3 es fa a trav\u00e9s d&#8217;activitats de caire vivencial tals com la realitzaci\u00f3 de&hellip;  <a href=\"https:\/\/agora.xtec.cat\/escmilaifontanals\/projecte-educatiu\/projectes-artistics\/pais-a-lescola\/\" title=\"Read Pa\u00eds a l&#8217;escola\">Llegeix m\u00e9s\u00bb<\/a><\/p>\n","protected":false},"author":1,"featured_media":0,"parent":3045,"menu_order":0,"comment_status":"closed","ping_status":"open","template":"page-templates\/side-menu.php","meta":{"_bbp_topic_count":0,"_bbp_reply_count":0,"_bbp_total_topic_count":0,"_bbp_total_reply_count":0,"_bbp_voice_count":0,"_bbp_anonymous_reply_count":0,"_bbp_topic_count_hidden":0,"_bbp_reply_count_hidden":0,"_bbp_forum_subforum_count":0,"footnotes":""},"class_list":["post-184","page","type-page","status-publish","hentry"],"post_mailing_queue_ids":[],"_links":{"self":[{"href":"https:\/\/agora.xtec.cat\/escmilaifontanals\/wp-json\/wp\/v2\/pages\/184","targetHints":{"allow":["GET"]}}],"collection":[{"href":"https:\/\/agora.xtec.cat\/escmilaifontanals\/wp-json\/wp\/v2\/pages"}],"about":[{"href":"https:\/\/agora.xtec.cat\/escmilaifontanals\/wp-json\/wp\/v2\/types\/page"}],"author":[{"embeddable":true,"href":"https:\/\/agora.xtec.cat\/escmilaifontanals\/wp-json\/wp\/v2\/users\/1"}],"replies":[{"embeddable":true,"href":"https:\/\/agora.xtec.cat\/escmilaifontanals\/wp-json\/wp\/v2\/comments?post=184"}],"version-history":[{"count":3,"href":"https:\/\/agora.xtec.cat\/escmilaifontanals\/wp-json\/wp\/v2\/pages\/184\/revisions"}],"predecessor-version":[{"id":3061,"href":"https:\/\/agora.xtec.cat\/escmilaifontanals\/wp-json\/wp\/v2\/pages\/184\/revisions\/3061"}],"up":[{"embeddable":true,"href":"https:\/\/agora.xtec.cat\/escmilaifontanals\/wp-json\/wp\/v2\/pages\/3045"}],"wp:attachment":[{"href":"https:\/\/agora.xtec.cat\/escmilaifontanals\/wp-json\/wp\/v2\/media?parent=184"}],"curies":[{"name":"wp","href":"https:\/\/api.w.org\/{rel}","templated":true}]}}