{"id":911,"date":"2015-02-04T12:26:18","date_gmt":"2015-02-04T11:26:18","guid":{"rendered":"http:\/\/blocs.xtec.cat\/escolamestresmunguet\/?page_id=911"},"modified":"2025-10-10T15:52:58","modified_gmt":"2025-10-10T13:52:58","slug":"radio-mmc","status":"publish","type":"page","link":"https:\/\/agora.xtec.cat\/escmestresmunguet-cortes\/radio-mmc\/","title":{"rendered":"MC R\u00e0dio"},"content":{"rendered":"<p>La nostra escola disposa d&#8217;un espai de r\u00e0dio. Hem adaptat una aula del centre per poder desenvolupar activitats de r\u00e0dio, que engresquin als alumnes i siguin motivadores.<\/p>\n<p>Qu\u00e8 hi fem? Amb la r\u00e0dio a l&#8217;escola entrem en un m\u00f3n for\u00e7a desconegut, per\u00f2 alhora il\u00b7lusionant. Podreu escoltar treballs elaborats pels alumnes com contes, endevinalles, noticiaris, rodolins, entrevistes i un llarg etc\u00e8tera.<\/p>\n<p><img loading=\"lazy\" decoding=\"async\" class=\"alignnone wp-image-982\" src=\"https:\/\/agora.xtec.cat\/escmestresmunguet-cortes\/wp-content\/uploads\/usu1976\/2015\/02\/IMG-20150223-WA0018-300x225.jpeg\" alt=\"IMG-20150223-WA0018\" width=\"221\" height=\"165\" srcset=\"https:\/\/agora.xtec.cat\/escmestresmunguet-cortes\/wp-content\/uploads\/usu1976\/2015\/02\/IMG-20150223-WA0018-300x225.jpeg 300w, https:\/\/agora.xtec.cat\/escmestresmunguet-cortes\/wp-content\/uploads\/usu1976\/2015\/02\/IMG-20150223-WA0018-200x150.jpeg 200w, https:\/\/agora.xtec.cat\/escmestresmunguet-cortes\/wp-content\/uploads\/usu1976\/2015\/02\/IMG-20150223-WA0018.jpeg 653w\" sizes=\"auto, (max-width: 221px) 100vw, 221px\" \/> \u00a0 \u00a0 <a href=\"https:\/\/agora.xtec.cat\/escmestresmunguet-cortes\/wp-content\/uploads\/usu1976\/2019\/03\/R\u00e0dio2R.jpg\"><img loading=\"lazy\" decoding=\"async\" class=\"alignnone wp-image-2481\" src=\"https:\/\/agora.xtec.cat\/escmestresmunguet-cortes\/wp-content\/uploads\/usu1976\/2019\/03\/R\u00e0dio2R-1024x683.jpg\" alt=\"\" width=\"251\" height=\"167\" srcset=\"https:\/\/agora.xtec.cat\/escmestresmunguet-cortes\/wp-content\/uploads\/usu1976\/2019\/03\/R\u00e0dio2R-1024x683.jpg 1024w, https:\/\/agora.xtec.cat\/escmestresmunguet-cortes\/wp-content\/uploads\/usu1976\/2019\/03\/R\u00e0dio2R-300x200.jpg 300w, https:\/\/agora.xtec.cat\/escmestresmunguet-cortes\/wp-content\/uploads\/usu1976\/2019\/03\/R\u00e0dio2R-768x512.jpg 768w\" sizes=\"auto, (max-width: 251px) 100vw, 251px\" \/><\/a> <a href=\"https:\/\/agora.xtec.cat\/escmestresmunguet-cortes\/wp-content\/uploads\/usu1976\/2019\/03\/R\u00e0dio1R.jpg\"><img loading=\"lazy\" decoding=\"async\" class=\"wp-image-2480 alignleft\" src=\"https:\/\/agora.xtec.cat\/escmestresmunguet-cortes\/wp-content\/uploads\/usu1976\/2019\/03\/R\u00e0dio1R-1024x683.jpg\" alt=\"\" width=\"242\" height=\"161\" srcset=\"https:\/\/agora.xtec.cat\/escmestresmunguet-cortes\/wp-content\/uploads\/usu1976\/2019\/03\/R\u00e0dio1R-1024x683.jpg 1024w, https:\/\/agora.xtec.cat\/escmestresmunguet-cortes\/wp-content\/uploads\/usu1976\/2019\/03\/R\u00e0dio1R-300x200.jpg 300w, https:\/\/agora.xtec.cat\/escmestresmunguet-cortes\/wp-content\/uploads\/usu1976\/2019\/03\/R\u00e0dio1R-768x512.jpg 768w\" sizes=\"auto, (max-width: 242px) 100vw, 242px\" \/><\/a><\/p>\n<p><strong>CURS 2024\/2025<\/strong><\/p>\n<ol>\n<li><a href=\"https:\/\/drive.google.com\/file\/d\/1yzXHW_aEbWofiYdTQVDSyzGwu-Pd9iTH\/view?usp=drive_link\">Presentaci\u00f3<\/a> dels noms de les classes<\/li>\n<li><a href=\"https:\/\/drive.google.com\/file\/d\/13BeN63CU5EzGsosUsdQbzjyZfbhoUfoW\/view?usp=drive_link\">Oficis<\/a> en el cinema<\/li>\n<li><a href=\"https:\/\/drive.google.com\/file\/d\/1udfKTofxk1qhXLlc8-601Xwy0n5QtVku\/view?usp=drive_link\">Willy Wonka\u00a0<\/a><\/li>\n<li><a href=\"https:\/\/drive.google.com\/file\/d\/1Mpmf1Muo8kMARYyLu8mnR-ZgXUqtStc-\/view?usp=drive_link\">Preg\u00f3<\/a> del Rei Carnestoltes<\/li>\n<li><a href=\"https:\/\/drive.google.com\/file\/d\/1H0pQhW1yhRArs181W17qheKWaJ1ylYZE\/view?usp=drive_link\">Endevinalles<\/a> pirates<\/li>\n<li><a href=\"https:\/\/drive.google.com\/file\/d\/10iEivgNoKwzDWf8Ej0_TDxW3r9hHog2k\/view?usp=drive_link\">Cartes<\/a> del 8M<\/li>\n<li><a href=\"https:\/\/drive.google.com\/drive\/folders\/1Lu-f06SgQI_EmwDITU4qYB4ilzc2J665?usp=sharing\">Entrevistes<\/a> d&#8217;estiu!<\/li>\n<\/ol>\n<p><strong>CURS 2023\/2024<\/strong><\/p>\n<ol>\n<li>Primer <a href=\"https:\/\/drive.google.com\/file\/d\/1dJUFEuT9Q6wP3zIf_k7qAEoyV4PzQ3pw\/view?usp=sharing\">programa<\/a> de r\u00e0dio (5\u00e8)<\/li>\n<li><a href=\"https:\/\/drive.google.com\/file\/d\/1b-YqA3WOUcAMD32b-5JRh6y8iuU9BERZ\/view?usp=sharing\">Or\u00edgen<\/a> Hip-hop rapers (3rB)<\/li>\n<li><a href=\"https:\/\/drive.google.com\/file\/d\/14_njlUEp9RKTFiyc-_UKgvagYjEBv8_W\/view?usp=sharing\">Not\u00edcies<\/a> de la d\u00e8cada dels 80 (3rA i 3rB)<\/li>\n<li><a href=\"https:\/\/drive.google.com\/file\/d\/19OBFxbBgNHMnfAeLaes-JR21dklsNfCZ\/view?usp=sharing\">Preg\u00f3<\/a> Rei Carnestoltes (6\u00e8)<\/li>\n<li><a href=\"https:\/\/drive.google.com\/file\/d\/1ejWy5uzVhgQ-bES22NLOOKFILYGJdMz6\/view?usp=sharing\">Podries&#8230;<\/a> Campanya el gran recapte! (4t)<\/li>\n<li>\u00a0&#8220;<a href=\"https:\/\/serveiseducatius.xtec.cat\/vallesoriental2\/categoria\/projectes\/radio-escola\/\">100 anys explicant hist\u00f2ries<\/a>&#8221;\u00a0 \u00a0\u00a0 \u00a0<a href=\"https:\/\/drive.google.com\/file\/d\/1HD5HGSoxcwWk9xaUkmiscSGRpI6crpMl\/view?usp=sharing\" target=\"_blank\" rel=\"noopener\">Sota el tur\u00f3 de C\u00e9llecs<\/a> (5\u00e8)<\/li>\n<li><a href=\"https:\/\/drive.google.com\/drive\/folders\/1gxIkO7_SxfGzcFbAy-9fiSssP6yqZd1V?usp=sharing\" target=\"_blank\" rel=\"noopener\">Entrevistes<\/a><\/li>\n<\/ol>\n<p><strong>CURS 2022\/2023<\/strong><\/p>\n<p>Un altre<a href=\"https:\/\/drive.google.com\/file\/d\/1Y8Z3JhytXaltCKB4jAwXD1EUdjsCJ0SG\/view?usp=share_link\" target=\"_blank\" rel=\"noopener\"> conte<\/a> \u00e9s possible (4t)<\/p>\n<p><a href=\"https:\/\/drive.google.com\/file\/d\/1lk6-mvlrCEr0CzEVumXnO-ml6F3S8lyu\/view?usp=sharing\" target=\"_blank\" rel=\"noopener\">Preg\u00f3<\/a> dels ajudants del rei Carnestoltes.<\/p>\n<p><strong>CURS 2021\/2022<\/strong><\/p>\n<p>7. <a href=\"https:\/\/drive.google.com\/drive\/folders\/1v9ncUaDpRIyhcWO9R2KvYpHYNKIKYgVA?usp=sharing\" target=\"_blank\" rel=\"noopener\">Entrevistes<\/a>.<\/p>\n<p>6. Dia Internacional de la r\u00e0dio.\u00a0 <a href=\"https:\/\/drive.google.com\/file\/d\/1WVbLW1_wk65T7aaGpRjErW13P-NcMjIk\/view?usp=sharing\" target=\"_blank\" rel=\"noopener\">Saps quin dia \u00e9s?\u00a0<\/a><\/p>\n<p>5. <a href=\"https:\/\/drive.google.com\/file\/d\/1HMIEOpiM4Tnv2VYuk0LavqdT4DNmAofA\/view?usp=sharing\" target=\"_blank\" rel=\"noopener\">Noves mesures sanit\u00e0ries<\/a> del COVID-19<\/p>\n<p>4. Guanyadors del <a href=\"https:\/\/drive.google.com\/file\/d\/165nH7tz8fn0q0tn8_sOiSj3lL3-hFi3a\/view?usp=sharing\" target=\"_blank\" rel=\"noopener\">Certamen Literari<\/a>.<\/p>\n<p>3. <a href=\"https:\/\/soundcloud.com\/escola-mestres-munguet-cort-s\/prego-musica-carnestoltes-21-22?si=51447b6b141c40799728e5d15054a82d&amp;utm_source=clipboard&amp;utm_medium=text&amp;utm_campaign=social_sharing\" target=\"_blank\" rel=\"noopener\">Preg\u00f3 del rei Carnestoltes<\/a> i ajudants de 6\u00e8.<\/p>\n<p>2. Programa de r\u00e0dio. <a href=\"https:\/\/soundcloud.com\/escola-mestres-munguet-cort-s\/2n-programa-4?si=6ce99f69957742a5bf07d8251573405f&amp;utm_source=clipboard&amp;utm_medium=text&amp;utm_campaign=social_sharing\">NADAL\u00a0<\/a><\/p>\n<ol>\n<li>Programa de r\u00e0dio. <a href=\"https:\/\/soundcloud.com\/escola-mestres-munguet-cort-s\/sets\/les-noticies-inventades-de-5e?si=7d7de9c686884677b1ba6970b2ce2947\">LES NOT\u00cdCIES INVENTADES\u00a0<\/a><\/li>\n<\/ol>\n<p><strong>CURS 2020\/2021<\/strong><\/p>\n<p>Programa de r\u00e0dio <a href=\"https:\/\/soundcloud.com\/escola-mestres-munguet-cort-s\/programa-1\">LA TARDOR<\/a><\/p>\n<p><strong>CURS 2019\/2020<\/strong><\/p>\n<p>Programa de P3 des de casa\u00a0 <a href=\"https:\/\/soundcloud.com\/escola-mestres-munguet-cort-s\/programa-radio-p3\">P3<\/a><\/p>\n<p>Programa d&#8217;acudits fets a casa <a href=\"https:\/\/soundcloud.com\/escola-mestres-munguet-cort-s\/programa-acudits-a-casa-5e\">5\u00e8<\/a><\/p>\n<p>Entrevista a l&#8217;arque\u00f2leg <a href=\"https:\/\/soundcloud.com\/escola-mestres-munguet-cort-s\/entrevista-enrique-arqueoleg\">Enrique Gonz\u00e0lez<\/a><\/p>\n<p>Programa r\u00e0dio <a href=\"https:\/\/soundcloud.com\/escola-mestres-munguet-cort-s\/programa-gener\">GENER<\/a><\/p>\n<p><a href=\"https:\/\/soundcloud.com\/escola-mestres-munguet-cort-s\/noticiari\">NOTICIARI\u00a0<\/a><\/p>\n<p>Programa r\u00e0dio. <a href=\"https:\/\/soundcloud.com\/escola-mestres-munguet-cort-s\/programa-novembre\">NOVEMBRE 2019<\/a><\/p>\n<p>Programa r\u00e0dio presentaci\u00f3 <a href=\"https:\/\/soundcloud.com\/escola-mestres-munguet-cort-s\/back-to-the-future-back-to-the-future\">OCTUBRE 2019<\/a><\/p>\n<p><strong>CURS 2018\/2019<\/strong><\/p>\n<p>Preg\u00f3 del rei Carnestoltes <a href=\"https:\/\/soundcloud.com\/escola-mestres-munguet-cort-s\">FEBRER219<\/a><\/p>\n<p>Programa r\u00e0dio.\u00a0<a href=\"https:\/\/soundcloud.com\/escola-mestres-munguet-cort-s\/programa-2-18-19-online-audio-convertercom-1\">DESEMBRE 2018<\/a><a href=\"https:\/\/soundcloud.com\/escola-mestres-munguet-cort-s\/programa-2-18-19-online-audio-convertercom-1\">\u00a0<\/a><\/p>\n<p>Programa r\u00e0dio. <a href=\"https:\/\/soundcloud.com\/escola-mestres-munguet-cort-s\/prestentacio2\">OCTUBRE 2018<\/a><\/p>\n<p><strong>CURS 2017\/2018<\/strong><\/p>\n<p>Programa r\u00e0dio. <a href=\"https:\/\/soundcloud.com\/escola-mestres-munguet-cort-s\/programa-6\">JUNY 2018<\/a><\/p>\n<p>Programa r\u00e0dio. <a href=\"https:\/\/soundcloud.com\/escola-mestres-munguet-cort-s\/programa-especial-sant-jordi\">MAIG 2018 ESPECIAL SANT JORDI<\/a><\/p>\n<p>Programa r\u00e0dio. <a href=\"https:\/\/soundcloud.com\/escola-mestres-munguet-cort-s\/4t-programa-carnaval\">CARNAVAL 2018<\/a><\/p>\n<p>Programa r\u00e0dio. <a href=\"https:\/\/soundcloud.com\/escola-mestres-munguet-cort-s\/programa-3-nadal\">DESEMBRE 2017<\/a><\/p>\n<p>Programa r\u00e0dio. <a href=\"https:\/\/soundcloud.com\/escola-mestres-munguet-cort-s\/edici-programa-2\">OCTUBRE 2017<\/a><\/p>\n<p>Programa r\u00e0dio. <a href=\"https:\/\/soundcloud.com\/escola-mestres-munguet-cort-s\/setembre-17\">SETEMBRE 2017<\/a><\/p>\n<p><strong>CURS 2016\/2017<\/strong><\/p>\n<p>Programa r\u00e0dio. <a href=\"https:\/\/soundcloud.com\/escola-mestres-munguet-cort-s\/sant-jordi-2017\">SANT JORDI 2017<\/a><\/p>\n<p>Programa r\u00e0dio.<a href=\"https:\/\/soundcloud.com\/escola-mestres-munguet-cort-s\/5e-programa\"> MAR\u00c7 2017<\/a><\/p>\n<p><a href=\"https:\/\/soundcloud.com\/escola-mestres-munguet-cort-s\/prego-carnestoltes-2017-1\">Preg\u00f3 Carnestoltes 201<\/a>7<\/p>\n<p>Programa r\u00e0dio. <a href=\"https:\/\/soundcloud.com\/escola-mestres-munguet-cort-s\/4rt-programa-editat\">FEBRER 2017<\/a><\/p>\n<p>Programa r\u00e0dio. <a href=\"https:\/\/soundcloud.com\/escola-mestres-munguet-cort-s\/edicio-gener\">DESEMBRE 2016-GENER 2017<\/a><\/p>\n<p>Programa r\u00e0dio. <a href=\"https:\/\/soundcloud.com\/escola-mestres-munguet-cort-s\/octubre-novembre\">OCTUBRE-NOVEMBRE 2016<\/a><\/p>\n<p>Programa r\u00e0dio. <a href=\"https:\/\/soundcloud.com\/escola-mestres-munguet-cort-s\/setembre-16\">SETEMBRE 2016<\/a><\/p>\n<p>CURS 2015\/2016<\/p>\n<p><a href=\"https:\/\/soundcloud.com\/escola-mestres-munguet-cort-s\/programa-radio-5e-maig-juny\">Programa r\u00e0dio 5\u00e8 maig<\/a><\/p>\n<p><em>Sant Jordi 2016<\/em><\/p>\n<p><a href=\"https:\/\/soundcloud.com\/escola-mestres-munguet-cort-s\/1ra\">Guanyadors de 1rA<\/a><\/p>\n<p><a href=\"https:\/\/soundcloud.com\/escola-mestres-munguet-cort-s\/guanyadors-sant-jordi-1rb\">Guanyadors de 1rB<\/a><\/p>\n<p><a href=\"https:\/\/soundcloud.com\/escola-mestres-munguet-cort-s\/guanyadors-sant-jordi-2n\">Guanyadors de 2n<\/a><\/p>\n<p><a href=\"https:\/\/soundcloud.com\/escola-mestres-munguet-cort-s\/guanyadors-sant-jordi-3r-a-i-b\">Guanyadors de 3r<\/a><\/p>\n<p><a href=\"https:\/\/soundcloud.com\/escola-mestres-munguet-cort-s\/guanyadors-sant-jordi-4ta-i-4tb\">Guanyadors de 4t<\/a><\/p>\n<p><a href=\"https:\/\/soundcloud.com\/escola-mestres-munguet-cort-s\/contes-sant-jordi-5ea-i-5eb\">Guanyadors de 5\u00e8<\/a><\/p>\n<p><a href=\"https:\/\/soundcloud.com\/escola-mestres-munguet-cort-s\/contes-sant-jordi-6ea-i-6eb\">Guanyadors de 6\u00e8<\/a><\/p>\n<p><a href=\"https:\/\/soundcloud.com\/escola-mestres-munguet-cort-s\/programa-radio-5e-abril\">programa R\u00e0dio 5\u00e8 Abril<\/a><\/p>\n<p><a href=\"https:\/\/soundcloud.com\/escola-mestres-munguet-cort-s\/programa-radio-5-marc\">Programa R\u00e0dio 5\u00e8 Mar\u00e7<\/a><\/p>\n<p><a href=\"https:\/\/soundcloud.com\/escola-mestres-munguet-cort-s\/programa-radio-5e-febrer\">Programa R\u00e0dio 5\u00e8 Febrer<\/a><\/p>\n<p><a href=\"https:\/\/soundcloud.com\/escola-mestres-munguet-cort-s\/carnestoltes-2016\">Penyores Carnestoltes 2016<\/a><\/p>\n<p><a href=\"https:\/\/soundcloud.com\/escola-mestres-munguet-cort-s\/programa-radio-5e-gener\">Programa R\u00e0dio 5\u00e8 Gener<\/a><\/p>\n<p><a href=\"https:\/\/soundcloud.com\/escola-mestres-munguet-cort-s\/conte-de-nadal\">Conte de Nadal dels alumnes de 6\u00e8<\/a><\/p>\n<p><a href=\"https:\/\/soundcloud.com\/escola-mestres-munguet-cort-s\/programa-de-radio-de-lescola-5e-novembre\">Programa de r\u00e0dio de l&#8217;escola 5\u00e8 (novembre)<\/a><\/p>\n<p><a href=\"https:\/\/soundcloud.com\/escola-mestres-munguet-cort-s\/programa-radio-5e-octubre\">Programa de r\u00e0dio de l&#8217;escola 5\u00e8 (octubre)<\/a><\/p>\n<p>CURS 2014\/2015<\/p>\n<p>Preg\u00f3 de Carnestoltes de 6\u00e8<\/p>\n<!--[if lt IE 9]><script>document.createElement('audio');<\/script><![endif]-->\n<audio class=\"wp-audio-shortcode\" id=\"audio-911-1\" preload=\"none\" style=\"width: 100%;\" controls=\"controls\"><source type=\"audio\/mpeg\" src=\"https:\/\/agora.xtec.cat\/escmestresmunguet-cortes\/wp-content\/uploads\/usu1976\/2014\/02\/Carnestoltes-2015.mp3?_=1\" \/><a href=\"https:\/\/agora.xtec.cat\/escmestresmunguet-cortes\/wp-content\/uploads\/usu1976\/2014\/02\/Carnestoltes-2015.mp3\">https:\/\/agora.xtec.cat\/escmestresmunguet-cortes\/wp-content\/uploads\/usu1976\/2014\/02\/Carnestoltes-2015.mp3<\/a><\/audio>\n<p><a href=\"https:\/\/soundcloud.com\/escola-mestres-munguet-cort-s\/portes-obertes-m-sica-3r\">Portes o<\/a><a href=\"https:\/\/soundcloud.com\/escola-mestres-munguet-cort-s\/portes-obertes-m-sica-3r\">bertes m\u00fasica 3r<\/a><\/p>\n<p><a href=\"https:\/\/soundcloud.com\/escola-mestres-munguet-cort-s\/portes-obertes-escola-5-i-6\">Portes obertes escola 5\u00e8 i 6\u00e8<\/a><\/p>\n<p><a href=\"https:\/\/soundcloud.com\/escola-mestres-munguet-cort-s\/tradicions-i-cultura-popular-5e\">Programa de cultura popular de 5\u00e8<\/a><\/p>\n<p><a href=\"https:\/\/soundcloud.com\/escola-mestres-munguet-cort-s\/sets\/sant-jordi-infantil\">Sant Jordi Infantil<\/a><\/p>\n<p><a href=\"https:\/\/soundcloud.com\/escola-mestres-munguet-cort-s\/sets\/sant-jordi-primaria\">Sant Jordi Prim\u00e0ria<\/a><\/p>\n<p><a href=\"https:\/\/soundcloud.com\/escola-mestres-munguet-cort-s\/5ea-anuncis\">Anuncis de 5\u00e8 A<\/a><\/p>\n<p><a href=\"https:\/\/soundcloud.com\/escola-mestres-munguet-cort-s\/5eb-anuncis\">Anuncis de 5\u00e8 B<\/a><\/p>\n<p><a href=\"https:\/\/soundcloud.com\/escola-mestres-munguet-cort-s\/canco-6e\">Can\u00e7\u00f3 de comiat de 6\u00e8 feta pels alumnes de 5\u00e8<\/a><\/p>\n","protected":false},"excerpt":{"rendered":"<p>La nostra escola disposa d&#8217;un espai de r\u00e0dio. Hem adaptat una aula del centre per poder desenvolupar activitats de r\u00e0dio, que engresquin als alumnes i siguin motivadores. Qu\u00e8 hi fem? Amb la r\u00e0dio a l&#8217;escola entrem en un m\u00f3n for\u00e7a desconegut, per\u00f2 alhora il\u00b7lusionant. Podreu escoltar treballs elaborats pels alumnes com contes, endevinalles, noticiaris, rodolins, [&hellip;]<\/p>\n","protected":false},"author":1,"featured_media":0,"parent":0,"menu_order":0,"comment_status":"closed","ping_status":"closed","template":"","meta":{"_bbp_topic_count":0,"_bbp_reply_count":0,"_bbp_total_topic_count":0,"_bbp_total_reply_count":0,"_bbp_voice_count":0,"_bbp_anonymous_reply_count":0,"_bbp_topic_count_hidden":0,"_bbp_reply_count_hidden":0,"_bbp_forum_subforum_count":0,"site-sidebar-layout":"default","site-content-layout":"","ast-site-content-layout":"default","site-content-style":"default","site-sidebar-style":"default","ast-global-header-display":"","ast-banner-title-visibility":"","ast-main-header-display":"","ast-hfb-above-header-display":"","ast-hfb-below-header-display":"","ast-hfb-mobile-header-display":"","site-post-title":"","ast-breadcrumbs-content":"","ast-featured-img":"","footer-sml-layout":"","theme-transparent-header-meta":"","adv-header-id-meta":"","stick-header-meta":"","header-above-stick-meta":"","header-main-stick-meta":"","header-below-stick-meta":"","astra-migrate-meta-layouts":"set","ast-page-background-enabled":"default","ast-page-background-meta":{"desktop":{"background-color":"var(--ast-global-color-4)","background-image":"","background-repeat":"repeat","background-position":"center center","background-size":"auto","background-attachment":"scroll","background-type":"","background-media":"","overlay-type":"","overlay-color":"","overlay-opacity":"","overlay-gradient":""},"tablet":{"background-color":"","background-image":"","background-repeat":"repeat","background-position":"center center","background-size":"auto","background-attachment":"scroll","background-type":"","background-media":"","overlay-type":"","overlay-color":"","overlay-opacity":"","overlay-gradient":""},"mobile":{"background-color":"","background-image":"","background-repeat":"repeat","background-position":"center center","background-size":"auto","background-attachment":"scroll","background-type":"","background-media":"","overlay-type":"","overlay-color":"","overlay-opacity":"","overlay-gradient":""}},"ast-content-background-meta":{"desktop":{"background-color":"var(--ast-global-color-5)","background-image":"","background-repeat":"repeat","background-position":"center center","background-size":"auto","background-attachment":"scroll","background-type":"","background-media":"","overlay-type":"","overlay-color":"","overlay-opacity":"","overlay-gradient":""},"tablet":{"background-color":"var(--ast-global-color-5)","background-image":"","background-repeat":"repeat","background-position":"center center","background-size":"auto","background-attachment":"scroll","background-type":"","background-media":"","overlay-type":"","overlay-color":"","overlay-opacity":"","overlay-gradient":""},"mobile":{"background-color":"var(--ast-global-color-5)","background-image":"","background-repeat":"repeat","background-position":"center center","background-size":"auto","background-attachment":"scroll","background-type":"","background-media":"","overlay-type":"","overlay-color":"","overlay-opacity":"","overlay-gradient":""}},"footnotes":""},"class_list":["post-911","page","type-page","status-publish","hentry"],"post_mailing_queue_ids":[],"_links":{"self":[{"href":"https:\/\/agora.xtec.cat\/escmestresmunguet-cortes\/wp-json\/wp\/v2\/pages\/911","targetHints":{"allow":["GET"]}}],"collection":[{"href":"https:\/\/agora.xtec.cat\/escmestresmunguet-cortes\/wp-json\/wp\/v2\/pages"}],"about":[{"href":"https:\/\/agora.xtec.cat\/escmestresmunguet-cortes\/wp-json\/wp\/v2\/types\/page"}],"author":[{"embeddable":true,"href":"https:\/\/agora.xtec.cat\/escmestresmunguet-cortes\/wp-json\/wp\/v2\/users\/1"}],"replies":[{"embeddable":true,"href":"https:\/\/agora.xtec.cat\/escmestresmunguet-cortes\/wp-json\/wp\/v2\/comments?post=911"}],"version-history":[{"count":6,"href":"https:\/\/agora.xtec.cat\/escmestresmunguet-cortes\/wp-json\/wp\/v2\/pages\/911\/revisions"}],"predecessor-version":[{"id":11214,"href":"https:\/\/agora.xtec.cat\/escmestresmunguet-cortes\/wp-json\/wp\/v2\/pages\/911\/revisions\/11214"}],"wp:attachment":[{"href":"https:\/\/agora.xtec.cat\/escmestresmunguet-cortes\/wp-json\/wp\/v2\/media?parent=911"}],"curies":[{"name":"wp","href":"https:\/\/api.w.org\/{rel}","templated":true}]}}