{"id":73,"date":"2014-09-18T14:01:51","date_gmt":"2014-09-18T13:01:51","guid":{"rendered":"http:\/\/agora.xtec.cat\/escmestresmunguet-cortes\/?page_id=73"},"modified":"2024-10-14T00:32:53","modified_gmt":"2024-10-13T22:32:53","slug":"menjador-escolar","status":"publish","type":"page","link":"https:\/\/agora.xtec.cat\/escmestresmunguet-cortes\/ampa1\/menjador-escolar\/","title":{"rendered":"Menjador escolar"},"content":{"rendered":"<p>L&#8217;alimentaci\u00f3 dels nostres fills i filles \u00e9s una prioritat i, per aix\u00f2, des de l&#8217;AFA busquem la millor qualitat.<\/p>\n<p>L&#8217;empresa Tresmes ofereix qualitat en el menjar i en el servei educatiu <a style=\"color: #2795b6;\" href=\"https:\/\/agora.xtec.cat\/escmestresmunguet-cortes\/wp-content\/uploads\/usu1976\/2019\/02\/tresmes.jpg\"><img loading=\"lazy\" decoding=\"async\" class=\"size-full wp-image-2096 alignright\" src=\"https:\/\/agora.xtec.cat\/escmestresmunguet-cortes\/wp-content\/uploads\/usu1976\/2019\/02\/tresmes.jpg\" alt=\"\" width=\"267\" height=\"189\" \/><\/a>complementari de l&#8217;espai migdia i des de fa uns anys ens gestiona el servei.<\/p>\n<p>Per poder accedir al servei, cal avisar a la coordinadora com a m\u00e0xim el mateix dia a les 10h i cal fer inscripci\u00f3 a trav\u00e9s del seu <a href=\"https:\/\/tresmes.com\/\">web<\/a>. Si ja disposen de les vostres dades de cursos anteriors no cal fer res per\u00f2 si sou nouvinguts a l&#8217;escola cal que us inscriviu a l&#8217;apartat Inscripci\u00f3 que apareix adalt a la dreta per tal que us puguin generar el rebut corresponent a final de mes.<\/p>\n<p>Cada mes compartim les diferents opcions de men\u00fa als stories d&#8217;Instagram i Tresmes ho comparteix en el seu feed per\u00f2 sempre els podeu consultar aqu\u00ed:<\/p>\n<h4 style=\"text-align: center;\">\u00a0 \u00a0 \u00a0 \u00a0 <a href=\"https:\/\/tresmes.com\/#menusmensuals\">CONSULTA EL MEN\u00da D&#8217;AQUEST MES!<\/a><a href=\"https:\/\/www.ampammc.com\/menjador\"><br \/>\n<img loading=\"lazy\" decoding=\"async\" class=\"wp-image-2219 aligncenter\" src=\"https:\/\/agora.xtec.cat\/escmestresmunguet-cortes\/wp-content\/uploads\/usu1976\/2019\/02\/Captura-2.jpg\" alt=\"\" width=\"92\" height=\"112\" \/><\/a><\/h4>\n<p style=\"text-align: right;\"><a href=\"https:\/\/drive.google.com\/file\/d\/14tzXMTFs0JUuFL5-L8_n5xLiSEKk1iMU\/view?usp=drive_link\"><strong>Normativa d&#8217;\u00fas del servei: drets i deures<\/strong><\/a><\/p>\n<h3><strong>Informaci\u00f3 sobre TRESMES:<\/strong><\/h3>\n<blockquote>\n<h3 style=\"text-align: center;\"><strong>MENJADORS ESCOLARS DE PROXIMITAT, SOSTENIBLES I ECOL\u00d2GICS.<\/strong><\/h3>\n<\/blockquote>\n<p><em>El 95% del nostre producte \u00e9s de proximitat i\/o ecol\u00f2gic (verdures, pasta, llegums, cereals, l\u00e0ctis&#8230;)<\/em><\/p>\n<p><em>El 95% del nostre peix \u00e9s fresc<\/em><\/p>\n<p><em>Les carns i el pollastre s\u00f3n de granges de proximitat<\/em><\/p>\n<p><em>Introdu\u00efm gradualment i de forma molt moderada productes de prote\u00efna vegetal<\/em><\/p>\n<p><em>Adeq\u00fcem tots els nostres men\u00fas a les al\u00b7l\u00e8rgies i intoler\u00e0ncies<\/em><\/p>\n<p><em>Elaborem addicionalment men\u00fa ovolactovegetari\u00e0, vegetari\u00e0 i veg\u00e0<\/em><\/p>\n<p><em>M\u00e0xima categoria en la classificaci\u00f3 empresarial de la generalitat de Catalunya com empresa de menjadors escolars<\/em><\/p>\n<p><em>Projecte educatiu i monitoratge enfocat als menjadors de proximitat, sostenibles i ecol\u00f2gics.<\/em><\/p>\n","protected":false},"excerpt":{"rendered":"<p>L&#8217;alimentaci\u00f3 dels nostres fills i filles \u00e9s una prioritat i, per aix\u00f2, des de l&#8217;AFA busquem la millor qualitat. L&#8217;empresa Tresmes ofereix qualitat en el menjar i en el servei educatiu complementari de l&#8217;espai migdia i des de fa uns anys ens gestiona el servei. Per poder accedir al servei, cal avisar a la coordinadora [&hellip;]<\/p>\n","protected":false},"author":1,"featured_media":0,"parent":2053,"menu_order":30,"comment_status":"closed","ping_status":"closed","template":"page-templates\/side-menu.php","meta":{"_bbp_topic_count":0,"_bbp_reply_count":0,"_bbp_total_topic_count":0,"_bbp_total_reply_count":0,"_bbp_voice_count":0,"_bbp_anonymous_reply_count":0,"_bbp_topic_count_hidden":0,"_bbp_reply_count_hidden":0,"_bbp_forum_subforum_count":0,"site-sidebar-layout":"default","site-content-layout":"","ast-site-content-layout":"","site-content-style":"default","site-sidebar-style":"default","ast-global-header-display":"","ast-banner-title-visibility":"","ast-main-header-display":"","ast-hfb-above-header-display":"","ast-hfb-below-header-display":"","ast-hfb-mobile-header-display":"","site-post-title":"","ast-breadcrumbs-content":"","ast-featured-img":"","footer-sml-layout":"","theme-transparent-header-meta":"","adv-header-id-meta":"","stick-header-meta":"","header-above-stick-meta":"","header-main-stick-meta":"","header-below-stick-meta":"","astra-migrate-meta-layouts":"default","ast-page-background-enabled":"default","ast-page-background-meta":{"desktop":{"background-color":"var(--ast-global-color-4)","background-image":"","background-repeat":"repeat","background-position":"center center","background-size":"auto","background-attachment":"scroll","background-type":"","background-media":"","overlay-type":"","overlay-color":"","overlay-opacity":"","overlay-gradient":""},"tablet":{"background-color":"","background-image":"","background-repeat":"repeat","background-position":"center center","background-size":"auto","background-attachment":"scroll","background-type":"","background-media":"","overlay-type":"","overlay-color":"","overlay-opacity":"","overlay-gradient":""},"mobile":{"background-color":"","background-image":"","background-repeat":"repeat","background-position":"center center","background-size":"auto","background-attachment":"scroll","background-type":"","background-media":"","overlay-type":"","overlay-color":"","overlay-opacity":"","overlay-gradient":""}},"ast-content-background-meta":{"desktop":{"background-color":"var(--ast-global-color-5)","background-image":"","background-repeat":"repeat","background-position":"center center","background-size":"auto","background-attachment":"scroll","background-type":"","background-media":"","overlay-type":"","overlay-color":"","overlay-opacity":"","overlay-gradient":""},"tablet":{"background-color":"var(--ast-global-color-5)","background-image":"","background-repeat":"repeat","background-position":"center center","background-size":"auto","background-attachment":"scroll","background-type":"","background-media":"","overlay-type":"","overlay-color":"","overlay-opacity":"","overlay-gradient":""},"mobile":{"background-color":"var(--ast-global-color-5)","background-image":"","background-repeat":"repeat","background-position":"center center","background-size":"auto","background-attachment":"scroll","background-type":"","background-media":"","overlay-type":"","overlay-color":"","overlay-opacity":"","overlay-gradient":""}},"footnotes":""},"class_list":["post-73","page","type-page","status-publish","hentry"],"post_mailing_queue_ids":[],"_links":{"self":[{"href":"https:\/\/agora.xtec.cat\/escmestresmunguet-cortes\/wp-json\/wp\/v2\/pages\/73","targetHints":{"allow":["GET"]}}],"collection":[{"href":"https:\/\/agora.xtec.cat\/escmestresmunguet-cortes\/wp-json\/wp\/v2\/pages"}],"about":[{"href":"https:\/\/agora.xtec.cat\/escmestresmunguet-cortes\/wp-json\/wp\/v2\/types\/page"}],"author":[{"embeddable":true,"href":"https:\/\/agora.xtec.cat\/escmestresmunguet-cortes\/wp-json\/wp\/v2\/users\/1"}],"replies":[{"embeddable":true,"href":"https:\/\/agora.xtec.cat\/escmestresmunguet-cortes\/wp-json\/wp\/v2\/comments?post=73"}],"version-history":[{"count":6,"href":"https:\/\/agora.xtec.cat\/escmestresmunguet-cortes\/wp-json\/wp\/v2\/pages\/73\/revisions"}],"predecessor-version":[{"id":10216,"href":"https:\/\/agora.xtec.cat\/escmestresmunguet-cortes\/wp-json\/wp\/v2\/pages\/73\/revisions\/10216"}],"up":[{"embeddable":true,"href":"https:\/\/agora.xtec.cat\/escmestresmunguet-cortes\/wp-json\/wp\/v2\/pages\/2053"}],"wp:attachment":[{"href":"https:\/\/agora.xtec.cat\/escmestresmunguet-cortes\/wp-json\/wp\/v2\/media?parent=73"}],"curies":[{"name":"wp","href":"https:\/\/api.w.org\/{rel}","templated":true}]}}