{"id":524,"date":"2019-02-05T13:14:11","date_gmt":"2019-02-05T12:14:11","guid":{"rendered":"https:\/\/agora.xtec.cat\/escmestresmunguet-cortes\/?page_id=524"},"modified":"2025-09-22T15:55:54","modified_gmt":"2025-09-22T13:55:54","slug":"colonies","status":"publish","type":"page","link":"https:\/\/agora.xtec.cat\/escmestresmunguet-cortes\/lescola\/comunicacio-amb-families\/colonies\/","title":{"rendered":"Col\u00f2nies"},"content":{"rendered":"\n<p>&nbsp;<\/p>\n\n\n\n<figure class=\"wp-block-table\"><table class=\"has-fixed-layout\"><tbody><tr><td class=\"has-text-align-center\" data-align=\"center\"><h4><strong>NIVEL<\/strong>L<\/h4><\/td><td class=\"has-text-align-center\" data-align=\"center\"><h4><strong>LLOC<\/strong><\/h4><\/td><td class=\"has-text-align-center\" data-align=\"center\"><h4><strong>DATA<\/strong><\/h4><\/td><td class=\"has-text-align-center\" data-align=\"center\"><h4><strong>WEB<\/strong><\/h4><\/td><\/tr><tr><td class=\"has-text-align-center\" data-align=\"center\">I4 i I5<\/td><td class=\"has-text-align-center\" data-align=\"center\">CAN RIBAS<br><\/td><td class=\"has-text-align-center\" data-align=\"center\">5 i 6 de maig de 2026<br><\/td><td class=\"has-text-align-center\" data-align=\"center\"><strong><figure><a href=\"https:\/\/canribas.com\/ca\/\"><img loading=\"lazy\" decoding=\"async\" width=\"92\" height=\"92\" class=\"alignnone\" src=\"https:\/\/cdn-icons-png.flaticon.com\/512\/16\/16094.png\" alt=\"Visita a la casa - Iconos gratis de negocio\"><\/a><\/figure><\/strong><\/td><\/tr><tr><td class=\"has-text-align-center\" data-align=\"center\">1r i 2n<\/td><td class=\"has-text-align-center\" data-align=\"center\">LA FARGA DEL MONTSENY<br><\/td><td class=\"has-text-align-center\" data-align=\"center\"><strong>\u00a0<\/strong>25 al 27 de mar\u00e7 de 2026<br><\/td><td class=\"has-text-align-center\" data-align=\"center\"><strong><figure><a href=\"https:\/\/lafargadelmontseny.com\/\" data-type=\"link\" data-id=\"https:\/\/lafargadelmontseny.com\/\"><img loading=\"lazy\" decoding=\"async\" width=\"92\" height=\"92\" class=\"\" src=\"https:\/\/cdn-icons-png.flaticon.com\/512\/16\/16094.png\" alt=\"Visita a la casa - Iconos gratis de negocio\"><\/a><\/figure><\/strong><\/td><\/tr><tr><td class=\"has-text-align-center\" data-align=\"center\">3r, 4t i 5\u00e8<\/td><td class=\"has-text-align-center\" data-align=\"center\">LA MARINADA<\/td><td class=\"has-text-align-center\" data-align=\"center\">Del 22 al 24 d&#8217;octubre de 2025<\/td><td class=\"has-text-align-center\" data-align=\"center\"><strong><figure><a href=\"https:\/\/www.lamarinada.com\/?\"><img loading=\"lazy\" decoding=\"async\" width=\"92\" height=\"92\" class=\"\" src=\"https:\/\/cdn-icons-png.flaticon.com\/512\/16\/16094.png\" alt=\"Visita a la casa - Iconos gratis de negocio\"><\/a><\/figure><\/strong><\/td><\/tr><tr><td class=\"has-text-align-center\" data-align=\"center\">6\u00e8<\/td><td class=\"has-text-align-center\" data-align=\"center\">COMPLEX ESPORTIU CAN CANYELLES<\/td><td class=\"has-text-align-center\" data-align=\"center\">Del 20 al 22 de maig de 2026<br><\/td><td class=\"has-text-align-center\" data-align=\"center\"><strong><figure><a href=\"https:\/\/www.coloniescanyelles.com\/ca\"><img loading=\"lazy\" decoding=\"async\" width=\"92\" height=\"92\" class=\"\" src=\"https:\/\/cdn-icons-png.flaticon.com\/512\/16\/16094.png\" alt=\"Visita a la casa - Iconos gratis de negocio\"><\/a><\/figure><\/strong><\/td><\/tr><\/tbody><\/table><\/figure>\n\n\n\n<p class=\"has-text-align-left\">&nbsp;<\/p>\n","protected":false},"excerpt":{"rendered":"<p>&nbsp; NIVELL LLOC DATA WEB I4 i I5 CAN RIBAS 5 i 6 de maig de 2026 1r i 2n LA FARGA DEL MONTSENY \u00a025 al 27 de mar\u00e7 de 2026 3r, 4t i 5\u00e8 LA MARINADA Del 22 al 24 d&#8217;octubre de 2025 6\u00e8 COMPLEX ESPORTIU CAN CANYELLES Del 20 al 22 de maig [&hellip;]<\/p>\n","protected":false},"author":10,"featured_media":0,"parent":508,"menu_order":0,"comment_status":"closed","ping_status":"closed","template":"","meta":{"_bbp_topic_count":0,"_bbp_reply_count":0,"_bbp_total_topic_count":0,"_bbp_total_reply_count":0,"_bbp_voice_count":0,"_bbp_anonymous_reply_count":0,"_bbp_topic_count_hidden":0,"_bbp_reply_count_hidden":0,"_bbp_forum_subforum_count":0,"site-sidebar-layout":"default","site-content-layout":"","ast-site-content-layout":"default","site-content-style":"default","site-sidebar-style":"default","ast-global-header-display":"","ast-banner-title-visibility":"","ast-main-header-display":"","ast-hfb-above-header-display":"","ast-hfb-below-header-display":"","ast-hfb-mobile-header-display":"","site-post-title":"","ast-breadcrumbs-content":"","ast-featured-img":"","footer-sml-layout":"","theme-transparent-header-meta":"","adv-header-id-meta":"","stick-header-meta":"","header-above-stick-meta":"","header-main-stick-meta":"","header-below-stick-meta":"","astra-migrate-meta-layouts":"set","ast-page-background-enabled":"default","ast-page-background-meta":{"desktop":{"background-color":"var(--ast-global-color-4)","background-image":"","background-repeat":"repeat","background-position":"center center","background-size":"auto","background-attachment":"scroll","background-type":"","background-media":"","overlay-type":"","overlay-color":"","overlay-opacity":"","overlay-gradient":""},"tablet":{"background-color":"","background-image":"","background-repeat":"repeat","background-position":"center center","background-size":"auto","background-attachment":"scroll","background-type":"","background-media":"","overlay-type":"","overlay-color":"","overlay-opacity":"","overlay-gradient":""},"mobile":{"background-color":"","background-image":"","background-repeat":"repeat","background-position":"center center","background-size":"auto","background-attachment":"scroll","background-type":"","background-media":"","overlay-type":"","overlay-color":"","overlay-opacity":"","overlay-gradient":""}},"ast-content-background-meta":{"desktop":{"background-color":"var(--ast-global-color-5)","background-image":"","background-repeat":"repeat","background-position":"center center","background-size":"auto","background-attachment":"scroll","background-type":"","background-media":"","overlay-type":"","overlay-color":"","overlay-opacity":"","overlay-gradient":""},"tablet":{"background-color":"var(--ast-global-color-5)","background-image":"","background-repeat":"repeat","background-position":"center center","background-size":"auto","background-attachment":"scroll","background-type":"","background-media":"","overlay-type":"","overlay-color":"","overlay-opacity":"","overlay-gradient":""},"mobile":{"background-color":"var(--ast-global-color-5)","background-image":"","background-repeat":"repeat","background-position":"center center","background-size":"auto","background-attachment":"scroll","background-type":"","background-media":"","overlay-type":"","overlay-color":"","overlay-opacity":"","overlay-gradient":""}},"footnotes":""},"class_list":["post-524","page","type-page","status-publish","hentry"],"post_mailing_queue_ids":[],"_links":{"self":[{"href":"https:\/\/agora.xtec.cat\/escmestresmunguet-cortes\/wp-json\/wp\/v2\/pages\/524","targetHints":{"allow":["GET"]}}],"collection":[{"href":"https:\/\/agora.xtec.cat\/escmestresmunguet-cortes\/wp-json\/wp\/v2\/pages"}],"about":[{"href":"https:\/\/agora.xtec.cat\/escmestresmunguet-cortes\/wp-json\/wp\/v2\/types\/page"}],"author":[{"embeddable":true,"href":"https:\/\/agora.xtec.cat\/escmestresmunguet-cortes\/wp-json\/wp\/v2\/users\/10"}],"replies":[{"embeddable":true,"href":"https:\/\/agora.xtec.cat\/escmestresmunguet-cortes\/wp-json\/wp\/v2\/comments?post=524"}],"version-history":[{"count":3,"href":"https:\/\/agora.xtec.cat\/escmestresmunguet-cortes\/wp-json\/wp\/v2\/pages\/524\/revisions"}],"predecessor-version":[{"id":11054,"href":"https:\/\/agora.xtec.cat\/escmestresmunguet-cortes\/wp-json\/wp\/v2\/pages\/524\/revisions\/11054"}],"up":[{"embeddable":true,"href":"https:\/\/agora.xtec.cat\/escmestresmunguet-cortes\/wp-json\/wp\/v2\/pages\/508"}],"wp:attachment":[{"href":"https:\/\/agora.xtec.cat\/escmestresmunguet-cortes\/wp-json\/wp\/v2\/media?parent=524"}],"curies":[{"name":"wp","href":"https:\/\/api.w.org\/{rel}","templated":true}]}}