{"id":3310,"date":"2019-10-03T16:07:14","date_gmt":"2019-10-03T14:07:14","guid":{"rendered":"https:\/\/agora.xtec.cat\/escmestresmunguet-cortes\/?page_id=3310"},"modified":"2019-10-03T16:21:24","modified_gmt":"2019-10-03T14:21:24","slug":"nofc","status":"publish","type":"page","link":"https:\/\/agora.xtec.cat\/escmestresmunguet-cortes\/nofc\/","title":{"rendered":"NOFC"},"content":{"rendered":"<p><a href=\"https:\/\/agora.xtec.cat\/escmestresmunguet-cortes\/wp-content\/uploads\/usu1976\/2019\/10\/NOFC.pdf\">NOFC<\/a><\/p>\n<p style=\"text-align: left;\">Les NOFC s\u00f3n les normes d&#8217;organitzaci\u00f3 i funcionament del centre. Correspon al centre educatiu determinar l&#8217;estructura organitzativa pr\u00f2pia d&#8217;acord amb els objectius i criteris del projecte educatiu de centre. L&#8217;organitzaci\u00f3 no \u00e9s una finalitat en si mateixa, sin\u00f3 un instrument per desenvolupar i fer possible el projecte educatiu i, en \u00faltim terme, assolir l&#8217;\u00e8xit educatiu.<\/p>\n<p style=\"text-align: left;\">\nEls centres educatius han d&#8217;elaborar les normes d&#8217;organitzaci\u00f3 i funcionament (NOFC), d&#8217;acord amb el que estableixen el Decret 102\/2010, d&#8217;autonomia dels centres educatius, i el Decret 150\/2017, de 17 d&#8217;octubre, de l&#8217;atenci\u00f3 educativa a l&#8217;alumnat en el marc d&#8217;un sistema educatiu inclusiu.<\/p>\n","protected":false},"excerpt":{"rendered":"<p>NOFC Les NOFC s\u00f3n les normes d&#8217;organitzaci\u00f3 i funcionament del centre. Correspon al centre educatiu determinar l&#8217;estructura organitzativa pr\u00f2pia d&#8217;acord amb els objectius i criteris del projecte educatiu de centre. L&#8217;organitzaci\u00f3 no \u00e9s una finalitat en si mateixa, sin\u00f3 un instrument per desenvolupar i fer possible el projecte educatiu i, en \u00faltim terme, assolir l&#8217;\u00e8xit [&hellip;]<\/p>\n","protected":false},"author":3,"featured_media":0,"parent":0,"menu_order":0,"comment_status":"closed","ping_status":"closed","template":"","meta":{"_bbp_topic_count":0,"_bbp_reply_count":0,"_bbp_total_topic_count":0,"_bbp_total_reply_count":0,"_bbp_voice_count":0,"_bbp_anonymous_reply_count":0,"_bbp_topic_count_hidden":0,"_bbp_reply_count_hidden":0,"_bbp_forum_subforum_count":0,"site-sidebar-layout":"default","site-content-layout":"","ast-site-content-layout":"","site-content-style":"default","site-sidebar-style":"default","ast-global-header-display":"","ast-banner-title-visibility":"","ast-main-header-display":"","ast-hfb-above-header-display":"","ast-hfb-below-header-display":"","ast-hfb-mobile-header-display":"","site-post-title":"","ast-breadcrumbs-content":"","ast-featured-img":"","footer-sml-layout":"","theme-transparent-header-meta":"","adv-header-id-meta":"","stick-header-meta":"","header-above-stick-meta":"","header-main-stick-meta":"","header-below-stick-meta":"","astra-migrate-meta-layouts":"default","ast-page-background-enabled":"default","ast-page-background-meta":{"desktop":{"background-color":"var(--ast-global-color-4)","background-image":"","background-repeat":"repeat","background-position":"center center","background-size":"auto","background-attachment":"scroll","background-type":"","background-media":"","overlay-type":"","overlay-color":"","overlay-opacity":"","overlay-gradient":""},"tablet":{"background-color":"","background-image":"","background-repeat":"repeat","background-position":"center center","background-size":"auto","background-attachment":"scroll","background-type":"","background-media":"","overlay-type":"","overlay-color":"","overlay-opacity":"","overlay-gradient":""},"mobile":{"background-color":"","background-image":"","background-repeat":"repeat","background-position":"center center","background-size":"auto","background-attachment":"scroll","background-type":"","background-media":"","overlay-type":"","overlay-color":"","overlay-opacity":"","overlay-gradient":""}},"ast-content-background-meta":{"desktop":{"background-color":"var(--ast-global-color-5)","background-image":"","background-repeat":"repeat","background-position":"center center","background-size":"auto","background-attachment":"scroll","background-type":"","background-media":"","overlay-type":"","overlay-color":"","overlay-opacity":"","overlay-gradient":""},"tablet":{"background-color":"var(--ast-global-color-5)","background-image":"","background-repeat":"repeat","background-position":"center center","background-size":"auto","background-attachment":"scroll","background-type":"","background-media":"","overlay-type":"","overlay-color":"","overlay-opacity":"","overlay-gradient":""},"mobile":{"background-color":"var(--ast-global-color-5)","background-image":"","background-repeat":"repeat","background-position":"center center","background-size":"auto","background-attachment":"scroll","background-type":"","background-media":"","overlay-type":"","overlay-color":"","overlay-opacity":"","overlay-gradient":""}},"footnotes":""},"class_list":["post-3310","page","type-page","status-publish","hentry"],"post_mailing_queue_ids":[],"_links":{"self":[{"href":"https:\/\/agora.xtec.cat\/escmestresmunguet-cortes\/wp-json\/wp\/v2\/pages\/3310","targetHints":{"allow":["GET"]}}],"collection":[{"href":"https:\/\/agora.xtec.cat\/escmestresmunguet-cortes\/wp-json\/wp\/v2\/pages"}],"about":[{"href":"https:\/\/agora.xtec.cat\/escmestresmunguet-cortes\/wp-json\/wp\/v2\/types\/page"}],"author":[{"embeddable":true,"href":"https:\/\/agora.xtec.cat\/escmestresmunguet-cortes\/wp-json\/wp\/v2\/users\/3"}],"replies":[{"embeddable":true,"href":"https:\/\/agora.xtec.cat\/escmestresmunguet-cortes\/wp-json\/wp\/v2\/comments?post=3310"}],"version-history":[{"count":3,"href":"https:\/\/agora.xtec.cat\/escmestresmunguet-cortes\/wp-json\/wp\/v2\/pages\/3310\/revisions"}],"predecessor-version":[{"id":3327,"href":"https:\/\/agora.xtec.cat\/escmestresmunguet-cortes\/wp-json\/wp\/v2\/pages\/3310\/revisions\/3327"}],"wp:attachment":[{"href":"https:\/\/agora.xtec.cat\/escmestresmunguet-cortes\/wp-json\/wp\/v2\/media?parent=3310"}],"curies":[{"name":"wp","href":"https:\/\/api.w.org\/{rel}","templated":true}]}}