{"id":28,"date":"2014-09-18T12:29:35","date_gmt":"2014-09-18T11:29:35","guid":{"rendered":"http:\/\/agora.xtec.cat\/escmestresmunguet-cortes\/?page_id=28"},"modified":"2026-01-23T11:46:41","modified_gmt":"2026-01-23T10:46:41","slug":"consell-escolar","status":"publish","type":"page","link":"https:\/\/agora.xtec.cat\/escmestresmunguet-cortes\/lescola\/consell-escolar\/","title":{"rendered":"Consell escolar"},"content":{"rendered":"<p style=\"text-align: center;\"><a href=\"https:\/\/sites.google.com\/xtec.cat\/acords-consell-escolar\/inici\"><img loading=\"lazy\" decoding=\"async\" class=\"wp-image-10952 aligncenter\" src=\"https:\/\/agora.xtec.cat\/escmestresmunguet-cortes\/wp-content\/uploads\/usu1976\/2025\/06\/Consell-1024x579.png\" alt=\"\" width=\"402\" height=\"227\" srcset=\"https:\/\/agora.xtec.cat\/escmestresmunguet-cortes\/wp-content\/uploads\/usu1976\/2025\/06\/Consell-1024x579.png 1024w, https:\/\/agora.xtec.cat\/escmestresmunguet-cortes\/wp-content\/uploads\/usu1976\/2025\/06\/Consell-300x170.png 300w, https:\/\/agora.xtec.cat\/escmestresmunguet-cortes\/wp-content\/uploads\/usu1976\/2025\/06\/Consell-768x434.png 768w, https:\/\/agora.xtec.cat\/escmestresmunguet-cortes\/wp-content\/uploads\/usu1976\/2025\/06\/Consell.png 1472w\" sizes=\"auto, (max-width: 402px) 100vw, 402px\" \/><\/a>Cliqueu la imatge per visualitzar els acords<\/p>\n<pre><span style=\"color: #000000; font-family: Poppins, sans-serif; font-size: 0.944444rem; font-weight: 600; background-color: rgba(0, 0, 0, 0);\">Qu\u00e8 \u00e9s el consell escolar?<\/span><\/pre>\n<div class=\"entry-content\">\n<div class=\"FW_sDetallGeneral\">\n<div class=\"\">\n<div class=\"FW_bContingutArticle \">\n<div class=\"FW_sPregunta FW_sImpacte\">\n<div class=\"FW_sArticleFoto\">\n<div class=\"FW_sEditPro\">\n<p>El consell escolar \u00e9s l\u2019\u00f2rgan de participaci\u00f3 dels diferents sectors de la comunitat educativa en el govern dels centres.<\/p>\n<\/div>\n<\/div>\n<div class=\"FW_BorderContTop\">\n<div class=\"FW_BorderContLeft\">\n<div class=\"FW_BorderContRight\">\n<div class=\"FW_BorderContBottom\">\n<div class=\"FW_sPadding4\">\n<ul class=\"FW_sLlistaComu\">\n<li class=\"FW_sInlineImagNoti FW_sInlineRelArticle\"><a class=\"FW_titBullet FW_sLinkNegreta\" title=\"Aquest enlla\u00e7 s'obre en una nova pestanya: Llei 12\/2009 d'educaci\u00f3\" href=\"http:\/\/portaljuridic.gencat.cat\/ca\/pjur_ocults\/pjur_resultats_fitxa\/?action=fitxa&amp;documentId=480169&amp;language=ca_ES&amp;searchId=5050627&amp;mode=single#fragment-1182808\" target=\"_blank\" rel=\"noopener noreferrer\">Llei 12\/2009 d\u2019educaci\u00f3<\/a>\u00a0<a class=\"FW_sNoUnderline\" title=\"Aquest enlla\u00e7 s'obre en una nova pestanya: Llei 12\/2009 d'educaci\u00f3\" href=\"http:\/\/portaljuridic.gencat.cat\/ca\/pjur_ocults\/pjur_resultats_fitxa\/?action=fitxa&amp;documentId=480169&amp;language=ca_ES&amp;searchId=5050627&amp;mode=single#fragment-1182808\" target=\"_blank\" rel=\"noopener noreferrer\"><span class=\"FW_sPopup\">\u00a0<\/span><\/a>\n<div>\n<p>(Article 148 i article 152)<\/p>\n<\/div>\n<\/li>\n<li class=\"FW_sInlineImagNoti FW_sInlineRelArticle\"><a class=\"FW_titBullet FW_sLinkNegreta\" title=\"Aquest enlla\u00e7 s'obre en una nova pestanya: Decret 102\/2010\" href=\"http:\/\/portaljuridic.gencat.cat\/ca\/pjur_ocults\/pjur_resultats_fitxa\/?action=fitxa&amp;mode=single&amp;documentId=545262&amp;language=ca_ES#fragment-1397942\" target=\"_blank\" rel=\"noopener noreferrer\">Decret 102\/2010<\/a>\u00a0<a class=\"FW_sNoUnderline\" title=\"Aquest enlla\u00e7 s'obre en una nova pestanya: Decret 102\/2010\" href=\"http:\/\/portaljuridic.gencat.cat\/ca\/pjur_ocults\/pjur_resultats_fitxa\/?action=fitxa&amp;mode=single&amp;documentId=545262&amp;language=ca_ES#fragment-1397942\" target=\"_blank\" rel=\"noopener noreferrer\"><span class=\"FW_sPopup\">\u00a0<\/span><\/a>\n<div>\n<p>(Article 27.1)<\/p>\n<\/div>\n<\/li>\n<\/ul>\n<\/div>\n<\/div>\n<\/div>\n<\/div>\n<\/div>\n<\/div>\n<div class=\"FW_sPregunta FW_sImpacte\">\n<h4 id=\"FW_bloc_951ef9be-5613-11e4-9770-000c29cdf219_3\" class=\"FW_ancora\">Qui forma el consell escolar?<\/h4>\n<div class=\"FW_sArticleFoto\">\n<div class=\"FW_sEditPro\">\n<p>El formen els representants de tota la comunitat educativa, \u00e9s a dir, direcci\u00f3, professors, alumnes, fam\u00edlies, personal d\u2019administraci\u00f3 i serveis, representant de l\u2019administraci\u00f3 local i altres persones que el mateix consell consideri necess\u00e0ries.<\/p>\n<p><a href=\"https:\/\/agora.xtec.cat\/escmestresmunguet-cortes\/wp-content\/uploads\/usu1976\/2026\/01\/Composicio-consell-escolar-25-27.png\"><img loading=\"lazy\" decoding=\"async\" class=\"aligncenter  wp-image-11463\" src=\"https:\/\/agora.xtec.cat\/escmestresmunguet-cortes\/wp-content\/uploads\/usu1976\/2026\/01\/Composicio-consell-escolar-25-27.png\" alt=\"\" width=\"398\" height=\"299\" srcset=\"https:\/\/agora.xtec.cat\/escmestresmunguet-cortes\/wp-content\/uploads\/usu1976\/2026\/01\/Composicio-consell-escolar-25-27.png 1024w, https:\/\/agora.xtec.cat\/escmestresmunguet-cortes\/wp-content\/uploads\/usu1976\/2026\/01\/Composicio-consell-escolar-25-27-300x225.png 300w, https:\/\/agora.xtec.cat\/escmestresmunguet-cortes\/wp-content\/uploads\/usu1976\/2026\/01\/Composicio-consell-escolar-25-27-768x576.png 768w\" sizes=\"auto, (max-width: 398px) 100vw, 398px\" \/><\/a><\/p>\n<p>Depenent de si el centre \u00e9s p\u00fablic o privat concertat, la composici\u00f3 del consell escolar tamb\u00e9 pot variar.<\/p>\n<p>El consell escolar de cada centre ha de designar un dels membres com a responsable per impulsar les mesures educatives de foment de la igualtat real i efectiva entre homes i dones.<\/p>\n<\/div>\n<\/div>\n<div class=\"FW_BorderContTop\">\n<div class=\"FW_BorderContLeft\">\n<div class=\"FW_BorderContRight\">\n<div class=\"FW_BorderContBottom\">\n<div class=\"FW_sPadding4\">\n<ul class=\"FW_sLlistaComu\">\n<li class=\"FW_sInlineImagNoti FW_sInlineRelArticle\"><a href=\"https:\/\/educacio.gencat.cat\/ca\/arees-actuacio\/centres-serveis-educatius\/centres\/consells-escolars-centres\/centres-publics\/\">Centres p\u00fablics\u00a0<span class=\"FW_sPopup\">\u00a0<\/span><\/a>\n<div><\/div>\n<\/li>\n<li class=\"FW_sInlineImagNoti FW_sInlineRelArticle\"><a class=\"FW_titBullet FW_sLinkNegreta\" title=\"Aquest enlla\u00e7 s'obre en una nova pestanya: Decret 102\/2010\" href=\"http:\/\/portaljuridic.gencat.cat\/ca\/pjur_ocults\/pjur_resultats_fitxa\/?action=fitxa&amp;mode=single&amp;documentId=545262&amp;language=ca_ES#fragment-1397942\" target=\"_blank\" rel=\"noopener noreferrer\">Decret 102\/2010<\/a>\u00a0<a class=\"FW_sNoUnderline\" title=\"Aquest enlla\u00e7 s'obre en una nova pestanya: Decret 102\/2010\" href=\"http:\/\/portaljuridic.gencat.cat\/ca\/pjur_ocults\/pjur_resultats_fitxa\/?action=fitxa&amp;mode=single&amp;documentId=545262&amp;language=ca_ES#fragment-1397942\" target=\"_blank\" rel=\"noopener noreferrer\"><span class=\"FW_sPopup\">\u00a0<\/span><\/a>\n<div>\n<p>(Article 27.3 i article 45)<\/p>\n<\/div>\n<\/li>\n<\/ul>\n<\/div>\n<\/div>\n<\/div>\n<\/div>\n<\/div>\n<\/div>\n<div class=\"FW_sTitolFons\"><\/div>\n<div class=\"FW_sPregunta FW_sImpacte\">\n<h4 id=\"FW_bloc_951ef9be-5613-11e4-9770-000c29cdf219_4\" class=\"FW_ancora\">Quina \u00e9s la funci\u00f3 del consell escolar als centres p\u00fablics?<\/h4>\n<div class=\"FW_sArticleFoto\">\n<div class=\"FW_sEditPro\">\n<p>La funci\u00f3 principal del consell escolar \u00e9s participar en la presa de decisions en relaci\u00f3 amb aquells temes importants per al funcionament i l\u2019organitzaci\u00f3 del centre: el projecte educatiu, la programaci\u00f3 general, la gesti\u00f3 econ\u00f2mica, la resoluci\u00f3 dels conflictes, les activitats extraescolars, l\u2019horari lectiu, etc.<\/p>\n<\/div>\n<\/div>\n<div class=\"FW_clear FW_hrBlanc\"><\/div>\n<div class=\"FW_BorderContTop\">\n<div class=\"FW_BorderContLeft\">\n<div class=\"FW_BorderContRight\">\n<div class=\"FW_BorderContBottom\">\n<div class=\"FW_sPadding4\">\n<ul class=\"FW_sLlistaComu\">\n<li class=\"FW_sInlineImagNoti FW_sInlineRelArticle\"><a href=\"https:\/\/educacio.gencat.cat\/ca\/arees-actuacio\/centres-serveis-educatius\/centres\/consells-escolars-centres\/centres-publics\/\">Les funcions del consell escolar dels centres p\u00fablics\u00a0<span class=\"FW_sPopup\">\u00a0<\/span><\/a>\n<div><\/div>\n<\/li>\n<\/ul>\n<\/div>\n<\/div>\n<\/div>\n<\/div>\n<\/div>\n<\/div>\n<div class=\"FW_sPregunta FW_sImpacte\">\n<h4 id=\"FW_bloc_951ef9be-5613-11e4-9770-000c29cdf219_6\" class=\"FW_ancora\">Cada quan es convoquen eleccions?<\/h4>\n<div class=\"FW_sArticleFoto\">\n<div class=\"FW_sEditPro\">\n<p>Els representants del consell escolar s\u00f3n escollits per un per\u00edode de quatre anys, per\u00f2 cada dos anys es convoquen eleccions per renovar la meitat dels seus membres.<\/p>\n<p>Les eleccions per a la renovaci\u00f3 del consell escolar les convoca el director del centre p\u00fablic o la persona titular del centre privat concertat.<\/p>\n<p>Les vacants del consell escolar s\u2019ocupen segons els resultats de les eleccions. Si un membre deixa el consell, passar\u00e0 a ocupar el seu lloc la seg\u00fcent candidatura m\u00e9s votada en les darreres eleccions. Si no hi ha m\u00e9s candidats per cobrir la pla\u00e7a, queda vacant fins a la propera renovaci\u00f3 del consell escolar.<\/p>\n<\/div>\n<\/div>\n<div class=\"FW_clear FW_hrBlanc\"><\/div>\n<div class=\"FW_BorderContTop\">\n<div class=\"FW_BorderContLeft\">\n<div class=\"FW_BorderContRight\">\n<div class=\"FW_BorderContBottom\">\n<div class=\"FW_sPadding4\">\n<ul class=\"FW_sLlistaComu\">\n<li class=\"FW_sInlineImagNoti FW_sInlineRelArticle\"><a class=\"FW_titBullet FW_sLinkNegreta\" title=\"Aquest enlla\u00e7 s'obre en una nova pestanya: Decret 102\/2010, de 3 d'agost\" href=\"http:\/\/portaljuridic.gencat.cat\/ca\/pjur_ocults\/pjur_resultats_fitxa\/?action=fitxa&amp;documentId=545262&amp;language=ca_ES&amp;textWords=DECRET%2520102%2F2010%2C%2520de%25203%2520d%27agost%2C%2520d%27autonomia%2520dels%2520centres%2520educatius&amp;mode=single#fragment-1397942\" target=\"_blank\" rel=\"noopener noreferrer\">Decret 102\/2010, de 3 d\u2019agost<\/a>\u00a0<a class=\"FW_sNoUnderline\" title=\"Aquest enlla\u00e7 s'obre en una nova pestanya: Decret 102\/2010, de 3 d'agost\" href=\"http:\/\/portaljuridic.gencat.cat\/ca\/pjur_ocults\/pjur_resultats_fitxa\/?action=fitxa&amp;documentId=545262&amp;language=ca_ES&amp;textWords=DECRET%2520102%2F2010%2C%2520de%25203%2520d%27agost%2C%2520d%27autonomia%2520dels%2520centres%2520educatius&amp;mode=single#fragment-1397942\" target=\"_blank\" rel=\"noopener noreferrer\"><span class=\"FW_sPopup\">\u00a0<\/span><\/a>\n<div>\n<p>(Article 17 i 28)<\/p>\n<\/div>\n<\/li>\n<\/ul>\n<\/div>\n<\/div>\n<\/div>\n<\/div>\n<\/div>\n<\/div>\n<div class=\"FW_sPregunta FW_sImpacte\">\n<h4 id=\"FW_bloc_951ef9be-5613-11e4-9770-000c29cdf219_7\" class=\"FW_ancora\">Com podeu participar en les eleccions del consell escolar?<\/h4>\n<div class=\"FW_sArticleFoto\">\n<div class=\"FW_sEditPro\">\n<p>En les eleccions, les fam\u00edlies hi podeu participar de dues maneres diferents:<\/p>\n<ul>\n<li>Presentant-vos com a candidats per representar els pares i mares al consell escolar.<\/li>\n<li>Participant el dia que el centre convoqui les eleccions votant els candidats que considereu m\u00e9s representatius.<\/li>\n<\/ul>\n<\/div>\n<\/div>\n<div class=\"FW_clear FW_hrBlanc\"><\/div>\n<div class=\"FW_BorderContTop\">\n<div class=\"FW_BorderContLeft\">\n<div class=\"FW_BorderContRight\">\n<div class=\"FW_BorderContBottom\">\n<div class=\"FW_sPadding4\">\n<ul class=\"FW_sLlistaComu\">\n<li class=\"FW_sInlineImagNoti FW_sInlineRelArticle\"><a class=\"FW_titBullet FW_sLinkNegreta\" title=\"Aquest enlla\u00e7 s'obre en una nova pestanya: Decret 102\/2010, de 3 d'agost\" href=\"http:\/\/portaljuridic.gencat.cat\/ca\/pjur_ocults\/pjur_resultats_fitxa\/?action=fitxa&amp;documentId=545262&amp;language=ca_ES&amp;textWords=DECRET%2520102%2F2010%2C%2520de%25203%2520d%27agost%2C%2520d%27autonomia%2520dels%2520centres%2520educatius&amp;mode=single#fragment-1397942\" target=\"_blank\" rel=\"noopener noreferrer\">Decret 102\/2010, de 3 d\u2019agost<\/a>\u00a0<a class=\"FW_sNoUnderline\" title=\"Aquest enlla\u00e7 s'obre en una nova pestanya: Decret 102\/2010, de 3 d'agost\" href=\"http:\/\/portaljuridic.gencat.cat\/ca\/pjur_ocults\/pjur_resultats_fitxa\/?action=fitxa&amp;documentId=545262&amp;language=ca_ES&amp;textWords=DECRET%2520102%2F2010%2C%2520de%25203%2520d%27agost%2C%2520d%27autonomia%2520dels%2520centres%2520educatius&amp;mode=single#fragment-1397942\" target=\"_blank\" rel=\"noopener noreferrer\"><span class=\"FW_sPopup\">\u00a0<\/span><\/a>\n<div>\n<p>(Article 17 i 28)<\/p>\n<\/div>\n<\/li>\n<\/ul>\n<\/div>\n<\/div>\n<\/div>\n<\/div>\n<\/div>\n<\/div>\n<div class=\"FW_sPregunta FW_sImpacte\">\n<h4 id=\"FW_bloc_951ef9be-5613-11e4-9770-000c29cdf219_8\" class=\"FW_ancora\">Per qu\u00e8 \u00e9s important que les fam\u00edlies participeu en el consell escolar?<\/h4>\n<div class=\"FW_sArticleFoto\">\n<div class=\"FW_sEditPro\">\n<p>Els professionals dels centres i les fam\u00edlies compartim un objectiu:\u00a0l\u2019\u00e8xit social i personal dels fills. Les decisions que es prenen al consell escolar s\u00f3n claus\u00a0per al funcionament i la millora del centre i, per tant, tamb\u00e9 per a l\u2019\u00e8xit educatiu de tots els alumnes. \u00c9s per aquest motiu que la participaci\u00f3 i implicaci\u00f3 dels pares en les eleccions al consell escolar \u00e9s tan important.<\/p>\n<p>Quan les fam\u00edlies participeu en les eleccions, doneu suport al vostre candidat i delegueu en la seva veu i representaci\u00f3. Aix\u00ed feu arribar les seves opinions i aportacions. \u00c9s important que participeu en les eleccions al consell escolar perqu\u00e8:<\/p>\n<ul>\n<li>Sou els responsables de la formaci\u00f3 dels vostres fills i \u00e9s important tenir uns bons representants al consell escolar que us informin i facin arribar la vostra veu.<\/li>\n<li>Les fam\u00edlies i els docents compartim un mateix objectiu. Per aix\u00f2 hem de ser capa\u00e7os de decidir, entre tots, a qu\u00e8 ens comprometem per aconseguir-ho.<\/li>\n<li>Les fam\u00edlies teniu el dret de participar de manera democr\u00e0tica en l\u2019organitzaci\u00f3 del centre. Aquesta \u00e9s una manera de valorar l\u2019escola i tamb\u00e9 contribu\u00efu que el vostre fill la valori.<\/li>\n<li>L\u2019\u00e8xit educatiu del vostre fill tamb\u00e9 dep\u00e8n del funcionament i el clima de centre. Implicar-vos en el seguiment i l\u2019avaluaci\u00f3 d\u2019aquest funcionament incideix en el desenvolupament i creixement personal dels vostres fills.<\/li>\n<li>\u00c9s la manera de fer arribar la vostra veu en temes que us poden preocupar, com activitats extraescolars o quina \u00e9s l\u2019alimentaci\u00f3 que han de rebre en el menjador escolar.<\/li>\n<li>\u00c9s important tenir una escola oberta a l\u2019entorn, que col\u00b7labori amb els altres centres i les diferents entitats i que entre tots pugueu fer del vostre municipi, barri o poble un entorn m\u00e9s educatiu i cohesionat. El consell escolar decideix quines han de ser aquestes relacions.<\/li>\n<\/ul>\n<\/div>\n<\/div>\n<\/div>\n<div class=\"FW_sTitolFons\"><\/div>\n<div class=\"FW_sPregunta FW_sImpacte\">\n<h4 id=\"FW_bloc_951ef9be-5613-11e4-9770-000c29cdf219_9\" class=\"FW_ancora\">Qu\u00e8 poden fer l&#8217;AFA per millorar la participaci\u00f3 de les fam\u00edlies en les eleccions de representants als consells escolars?<\/h4>\n<div class=\"FW_sArticleFoto\">\n<div class=\"FW_sEditPro\">\n<p>Perqu\u00e8 les fam\u00edlies participin en la renovaci\u00f3 dels seus representants al consell escolar cal que les AMPA:<\/p>\n<ul>\n<li>informin les fam\u00edlies de les funcions del consell escolar i de com els afecten les decisions que s\u2019hi prenen;<\/li>\n<li>transmetin el valor afegit que suposa que les fam\u00edlies estiguin representades;<\/li>\n<li>difonguin les dates del proc\u00e9s electoral.<\/li>\n<\/ul>\n<\/div>\n<\/div>\n<div class=\"FW_clear FW_hrBlanc\"><\/div>\n<\/div>\n<div class=\"FW_sPregunta FW_sImpacte\">\n<h4 id=\"FW_bloc_951ef9be-5613-11e4-9770-000c29cdf219_10\" class=\"FW_ancora\">Com pot contribuir l&#8217;AFA a fer arribar la informaci\u00f3 a les fam\u00edlies?<\/h4>\n<div class=\"FW_sArticleFoto\">\n<div class=\"FW_sEditPro\">\n<p>En primer lloc \u00e9s important planificar la difusi\u00f3 del proc\u00e9s electoral i buscar maneres creatives per a la comunicaci\u00f3. En aquest sentit, la direcci\u00f3 del centre i l\u2019AFA poden programar accions i campanyes conjuntes fent servir diversos mitjans o canals d\u2019informaci\u00f3 del centre:<\/p>\n<ul>\n<li>Correu electr\u00f2nic, web o blog del centre, xarxes socials, etc.<\/li>\n<li>Cartells informatius en llocs visibles i estrat\u00e8gics del centre educatiu.<\/li>\n<li>Entrevistes als representants de fam\u00edlies i AFA al consell escolar, als candidats del sector fam\u00edlies.<\/li>\n<li>Reunions informatives convocades per l\u2019AFA.<\/li>\n<li>Els mateixos alumnes poden informar les seves fam\u00edlies sobre el proc\u00e9s electoral i de la import\u00e0ncia que hi participin.<\/li>\n<\/ul>\n<p>Els pares i mares delegats de classe \u00a0poden animar les fam\u00edlies del grup a presentar-se com a candidats.<\/p>\n<\/div>\n<\/div>\n<div class=\"FW_clear FW_hrBlanc\"><\/div>\n<\/div>\n<div class=\"FW_sPregunta FW_sImpacte\">\n<h4 id=\"FW_bloc_951ef9be-5613-11e4-9770-000c29cdf219_11\" class=\"FW_ancora\">Qu\u00e8 vol dir ser representant dels pares i mares al consell escolar?<\/h4>\n<div class=\"FW_sArticleFoto\">\n<div class=\"FW_sEditPro\">\n<p>Les mares i pares representants al consell opinen, aproven, avaluen i elaboren propostes per a la millora del funcionament del centre educatiu.<\/p>\n<p>La seva participaci\u00f3 en el consell escolar vol dir, tamb\u00e9, fer una tasca de representaci\u00f3. Aix\u00f2 significa que, com a membres del consell, la seva participaci\u00f3 no \u00e9s a t\u00edtol individual sin\u00f3 en representaci\u00f3 de totes les fam\u00edlies, donant veu a les seves peticions, preocupacions i iniciatives.<\/p>\n<p>Per representar de manera efica\u00e7 totes les fam\u00edlies del centre, s\u2019han de recollir les seves propostes i opinions i portar-les al consell escolar. D\u2019altra banda, tamb\u00e9 cal que els representats informin de tots els assumptes que es tracten en el consell escolar.<\/p>\n<\/div>\n<\/div>\n<\/div>\n<div class=\"FW_sTitolFons\"><\/div>\n<div class=\"FW_sPregunta FW_sImpacte\">\n<h4 id=\"FW_bloc_951ef9be-5613-11e4-9770-000c29cdf219_12\" class=\"FW_ancora\">Orientacions per als representants dels pares i mares en el consell escolar<\/h4>\n<div class=\"FW_sArticleFoto\">\n<div class=\"FW_sEditPro\">\n<p><strong>Abans de les reunions<\/strong><\/p>\n<p>Si heu estat escollits com a representants de les fam\u00edlies al consell escolar, cal que prepareu pr\u00e8viament les reunions per fer una bona tasca representativa. Per aquest motiu:<\/p>\n<ul>\n<li>Compartiu amb la resta de les fam\u00edlies els temes que es tractaran en el proper consell escolar. En aquest sentit, podeu fer servir:\n<ul>\n<li>els canals de comunicaci\u00f3 del centre (espai de les fam\u00edlies al web del centre, AMPA\u2026),<\/li>\n<li>els mitjans tecnol\u00f2gics, en general, que obren noves possibilitats per difondre informaci\u00f3.<\/li>\n<\/ul>\n<\/li>\n<li>Recolliu les opinions, aportacions i propostes de les fam\u00edlies. Podeu fer servir:\n<ul>\n<li>els canals de comunicaci\u00f3 del centre,<\/li>\n<li>els mitjans tecnol\u00f2gics, en general, per exemple, disposar d\u2019una adre\u00e7a electr\u00f2nica pr\u00f2pia per als representants de les fam\u00edlies,<\/li>\n<li>la b\u00fastia a l\u2019entrada del centre i la de l\u2019AMPA,<\/li>\n<li>tamb\u00e9 podeu passar enquestes o q\u00fcestionaris, en format paper o en l\u00ednia.<\/li>\n<\/ul>\n<\/li>\n<li>Organitzeu les aportacions de les fam\u00edlies per poder-les traslladar al consell escolar d\u2019una manera entenedora.<\/li>\n<li>Penseu en el context social del centre i adapteu aquestes propostes a la realitat.<\/li>\n<\/ul>\n<p><strong>Durant les reunions<\/strong><\/p>\n<p>Per aconseguir que les reunions siguin espais de reflexi\u00f3 i treball conjunt cal que:<\/p>\n<ul>\n<li>Assistiu a les reunions del consell escolar amb una actitud oberta i constructiva.<\/li>\n<li>Procureu, entre tots, que el clima de la reuni\u00f3 sigui dialogant i participatiu, on s\u2019escoltin totes les opinions i s\u2019arribin a acords amb el m\u00e0xim consens possible.<\/li>\n<li>Presenteu de manera clara i objectiva les propostes concretes i aportacions que les fam\u00edlies us hagin fet arribar.<\/li>\n<li>Prengueu nota dels acords que es prenguin en el consell escolar.<\/li>\n<\/ul>\n<p><strong>Despr\u00e9s de les reunions<\/strong><\/p>\n<p>Un cop finalitzada la reuni\u00f3 del consell escolar, cal que:<\/p>\n<ul>\n<li>Feu arribar la informaci\u00f3 dels temes tractats i acordats al consell escolar a la resta de les fam\u00edlies. Podeu fer servir:\n<ul>\n<li>els canals f\u00edsics de comunicaci\u00f3 del centre, taulells informatius, circulars en paper, la b\u00fastia a l\u2019entrada del centre i la de l\u2019AMPA,<\/li>\n<li>els mitjans tecnol\u00f2gics, per exemple, l\u2019espai per fam\u00edlies del web, llistes de difusi\u00f3, butlletins electr\u00f2nics o xarxes socials.<\/li>\n<\/ul>\n<\/li>\n<\/ul>\n<\/div>\n<\/div>\n<div class=\"FW_clear FW_hrBlanc\"><\/div>\n<\/div>\n<div class=\"FW_sPregunta FW_sImpacte\">\n<h4 id=\"FW_bloc_951ef9be-5613-11e4-9770-000c29cdf219_14\" class=\"FW_ancora\">Qu\u00e8 hem de saber o fer les fam\u00edlies abans de les votacions?<\/h4>\n<div class=\"FW_sArticleFoto\">\n<div class=\"FW_sEditPro\">\n<ul>\n<li>Consultar el calendari del proc\u00e9s electoral del vostre centre educatiu.<\/li>\n<li>Consultar el cens electoral provisional publicat per la direcci\u00f3 del centre.<\/li>\n<li>Presentar les reclamacions al cens en cas de no ser-hi.<\/li>\n<li>Consultar la persona que representa l\u2019AMPA en el consell escolar.<\/li>\n<li>Presentar-nos com a candidats a formar part del consell escolar.<\/li>\n<li>Con\u00e8ixer si hem estat designats membres de la mesa electoral.<\/li>\n<li>Consultar el cens definitiu.<\/li>\n<li>Consultar les candidatures presentades.<\/li>\n<li>Votar.<\/li>\n<\/ul>\n<\/div>\n<\/div>\n<\/div>\n<\/div>\n<\/div>\n<\/div>\n<\/div>\n","protected":false},"excerpt":{"rendered":"<p>Cliqueu la imatge per visualitzar els acords Qu\u00e8 \u00e9s el consell escolar? El consell escolar \u00e9s l\u2019\u00f2rgan de participaci\u00f3 dels diferents sectors de la comunitat educativa en el govern dels centres. Llei 12\/2009 d\u2019educaci\u00f3\u00a0\u00a0 (Article 148 i article 152) Decret 102\/2010\u00a0\u00a0 (Article 27.1) Qui forma el consell escolar? El formen els representants de tota la [&hellip;]<\/p>\n","protected":false},"author":1,"featured_media":0,"parent":22,"menu_order":30,"comment_status":"closed","ping_status":"closed","template":"","meta":{"_bbp_topic_count":0,"_bbp_reply_count":0,"_bbp_total_topic_count":0,"_bbp_total_reply_count":0,"_bbp_voice_count":0,"_bbp_anonymous_reply_count":0,"_bbp_topic_count_hidden":0,"_bbp_reply_count_hidden":0,"_bbp_forum_subforum_count":0,"site-sidebar-layout":"default","site-content-layout":"","ast-site-content-layout":"default","site-content-style":"default","site-sidebar-style":"default","ast-global-header-display":"","ast-banner-title-visibility":"","ast-main-header-display":"","ast-hfb-above-header-display":"","ast-hfb-below-header-display":"","ast-hfb-mobile-header-display":"","site-post-title":"","ast-breadcrumbs-content":"","ast-featured-img":"","footer-sml-layout":"","theme-transparent-header-meta":"default","adv-header-id-meta":"","stick-header-meta":"","header-above-stick-meta":"","header-main-stick-meta":"","header-below-stick-meta":"","astra-migrate-meta-layouts":"set","ast-page-background-enabled":"default","ast-page-background-meta":{"desktop":{"background-color":"var(--ast-global-color-4)","background-image":"","background-repeat":"repeat","background-position":"center center","background-size":"auto","background-attachment":"scroll","background-type":"","background-media":"","overlay-type":"","overlay-color":"","overlay-opacity":"","overlay-gradient":""},"tablet":{"background-color":"","background-image":"","background-repeat":"repeat","background-position":"center center","background-size":"auto","background-attachment":"scroll","background-type":"","background-media":"","overlay-type":"","overlay-color":"","overlay-opacity":"","overlay-gradient":""},"mobile":{"background-color":"","background-image":"","background-repeat":"repeat","background-position":"center center","background-size":"auto","background-attachment":"scroll","background-type":"","background-media":"","overlay-type":"","overlay-color":"","overlay-opacity":"","overlay-gradient":""}},"ast-content-background-meta":{"desktop":{"background-color":"var(--ast-global-color-5)","background-image":"","background-repeat":"repeat","background-position":"center center","background-size":"auto","background-attachment":"scroll","background-type":"","background-media":"","overlay-type":"","overlay-color":"","overlay-opacity":"","overlay-gradient":""},"tablet":{"background-color":"var(--ast-global-color-5)","background-image":"","background-repeat":"repeat","background-position":"center center","background-size":"auto","background-attachment":"scroll","background-type":"","background-media":"","overlay-type":"","overlay-color":"","overlay-opacity":"","overlay-gradient":""},"mobile":{"background-color":"var(--ast-global-color-5)","background-image":"","background-repeat":"repeat","background-position":"center center","background-size":"auto","background-attachment":"scroll","background-type":"","background-media":"","overlay-type":"","overlay-color":"","overlay-opacity":"","overlay-gradient":""}},"footnotes":""},"class_list":["post-28","page","type-page","status-publish","hentry"],"post_mailing_queue_ids":[],"_links":{"self":[{"href":"https:\/\/agora.xtec.cat\/escmestresmunguet-cortes\/wp-json\/wp\/v2\/pages\/28","targetHints":{"allow":["GET"]}}],"collection":[{"href":"https:\/\/agora.xtec.cat\/escmestresmunguet-cortes\/wp-json\/wp\/v2\/pages"}],"about":[{"href":"https:\/\/agora.xtec.cat\/escmestresmunguet-cortes\/wp-json\/wp\/v2\/types\/page"}],"author":[{"embeddable":true,"href":"https:\/\/agora.xtec.cat\/escmestresmunguet-cortes\/wp-json\/wp\/v2\/users\/1"}],"replies":[{"embeddable":true,"href":"https:\/\/agora.xtec.cat\/escmestresmunguet-cortes\/wp-json\/wp\/v2\/comments?post=28"}],"version-history":[{"count":5,"href":"https:\/\/agora.xtec.cat\/escmestresmunguet-cortes\/wp-json\/wp\/v2\/pages\/28\/revisions"}],"predecessor-version":[{"id":11464,"href":"https:\/\/agora.xtec.cat\/escmestresmunguet-cortes\/wp-json\/wp\/v2\/pages\/28\/revisions\/11464"}],"up":[{"embeddable":true,"href":"https:\/\/agora.xtec.cat\/escmestresmunguet-cortes\/wp-json\/wp\/v2\/pages\/22"}],"wp:attachment":[{"href":"https:\/\/agora.xtec.cat\/escmestresmunguet-cortes\/wp-json\/wp\/v2\/media?parent=28"}],"curies":[{"name":"wp","href":"https:\/\/api.w.org\/{rel}","templated":true}]}}