{"id":26,"date":"2014-09-18T12:24:32","date_gmt":"2014-09-18T11:24:32","guid":{"rendered":"http:\/\/agora.xtec.cat\/escmestresmunguet-cortes\/?page_id=26"},"modified":"2022-02-10T10:10:02","modified_gmt":"2022-02-10T09:10:02","slug":"historia","status":"publish","type":"page","link":"https:\/\/agora.xtec.cat\/escmestresmunguet-cortes\/lescola\/historia\/","title":{"rendered":"Hist\u00f2ria"},"content":{"rendered":"<p><span style=\"font-weight: 400;\">L\u2019escola de Vilanova del Vall\u00e8s \u00e9s tan antiga com la pr\u00f2pia instituci\u00f3 escolar. Va sorgir com un servei cap una comunitat amb identitat pr\u00f2pia que trob\u00e0 normal l\u2019escolaritzaci\u00f3 conjunta dels seus infants perqu\u00e8 els seus pares tamb\u00e9 hi feien la vida conjuntament. L\u2019escola a Vilanova del Vall\u00e8s ha estat alhora conseq\u00fc\u00e8ncia i garantia de continu\u00eftat de la cohesi\u00f3 social dels seus habitants.<\/span><\/p>\n<p><span style=\"font-weight: 400;\">Durant tot aquest temps, el poble, amb la col\u00b7laboraci\u00f3 de les autoritats educatives, ha anat proveint els espais f\u00edsics que en cada per\u00edode s\u2019han considerat m\u00e9s adequats d\u2019acord amb les possibilitats del moment.<\/span><\/p>\n<p><span style=\"font-weight: 400;\">En el curs 1925-26 es construeix un edifici que aglutina nens i nenes fins el 1930. M\u00e9s endavant es traslladen les nenes en diferents locals del poble, fins que es construeix l\u2019escola de nenes cap l\u2019any 1956.<\/span><\/p>\n<p><span style=\"font-weight: 400;\">L\u2019any 1967 es crea el Parvulari que acull nens i nenes de 4 i 5 anys. El local \u00e9s cedit pel Sr. Bartomeu.<\/span><\/p>\n<p><span style=\"font-weight: 400;\">L\u2019any 1970 es fa el nou edifici escolar amb dues aules. El curs 1976-77 es construeixen dues aules m\u00e9s. En el mateix any, amb el nom A.E.M. (Agrupaci\u00f3 Escolar Mixta) comen\u00e7a la coeducaci\u00f3. S\u2019abandona l\u2019edifici de nens i, tots, nens i nenes, ocupen les quatre aules noves que estan junt a l\u2019antiga escola de nenes. Els cursos s\u2019agrupen: P-4 i P-5; 1r, 2n i 3r; 4t i 5\u00e8; 6\u00e8 i 7\u00e8 ; i 8\u00e8. Hi ha m\u00e9s o menys 100 alumnes i 5 mestres.<\/span><\/p>\n<p><span style=\"font-weight: 400;\">A principi dels anys vuitanta es comen\u00e7a a fer not\u00f2ria la manca d\u2019espai i comencen els primers contactes des de l\u2019escola amb el\u00a0<\/span><span style=\"font-weight: 400;\">Departament d\u2019Educaci\u00f3 per tal de fer pal\u00e8s la falta d\u2019instal\u00b7lacions, i es sol\u00b7licita una aula de Serveis M\u00faltiples i Complementaris.<\/span><\/p>\n<p><span style=\"font-weight: 400;\">En el curs 1981 la comunitat educativa, pares, mestres i A.M.P.A., sol\u00b7liciten l\u2019ensenyament en catal\u00e0 i passem a ser Escola Catalana.<\/span><\/p>\n<p><span style=\"font-weight: 400;\">Amb la constituci\u00f3 de Vilanova del Vall\u00e8s, l\u2019any 1984, com a municipi aut\u00f2nom i amb l\u2019entrada del nou consistori, les reivindicacions escolars s\u00f3n assumides per l\u2019Ajuntament, i aquest comen\u00e7a a treballar per trobar la soluci\u00f3 millor i m\u00e9s r\u00e0pida.<\/span><\/p>\n<p><span style=\"font-weight: 400;\">Les gestions, per\u00f2, van m\u00e9s lentes que els canvis, i a l\u2019any 1988 es veu que la primera soluci\u00f3 de complementarietat ja no \u00e9s v\u00e0lida i que ens cal una escola nova.<\/span><\/p>\n<p><span style=\"font-weight: 400;\">Continuen els contactes amb el departament d\u2019Educaci\u00f3 sobre aquest nou plantejament i s\u2019aconsegueix un acord de comen\u00e7ament de la primera fase de l\u2019edifici escolar per l\u2019any 1989. Un cop fets els pl\u00e0nols i quan s\u2019est\u00e0 parlant de detalls de la construcci\u00f3, la Generalitat es fa enrera i s\u2019instal\u00b7la substitut\u00f2riament el primer aulari prefabricat, segons ens diuen a nivell provisional i tot esperant la nova escola.<\/span><\/p>\n<p><span style=\"font-weight: 400;\">La matr\u00edcula va creixent, i \u00e9s aix\u00ed que en el curs 1993-94 s\u2019instal\u00b7la el tercer\u00a0<\/span><span style=\"font-weight: 400;\">prefabricat que permet poder fer front a les necessitats. Tots els espais de l\u2019escola queden ocupats, fina i tot la petita biblioteca.<\/span><\/p>\n<p><span style=\"font-weight: 400;\">\u00a0Per al curs 1994-95 es torna a sol\u00b7licitar un altre prefabricat que ens arriba pels volts de Nadal.<\/span><\/p>\n<p><span style=\"font-weight: 400;\">La comunitat educativa de Vilanova del Vall\u00e8s no ha deixat ni un moment de reivindicar una escola digna pels seus nens i nenes i es veu finalment recompensada en el curs 1998-99 quan comencen les obres. L\u2019escola nova s\u2019inaugura l\u2019any 2000.<\/span><\/p>\n<p><span style=\"font-weight: 400;\">Amb tot, la din\u00e0mica de creixement demogr\u00e0fic no s\u2019atura i, aviat, una altra vegada, cal gestionar nous espais escolars. L\u2019Ajuntament planifica una doble actuaci\u00f3: construir\u00e0 un parvulari de 6 aules per al nostre centre, i tamb\u00e9\u00a0 crear\u00e0 una nova escola al municipi.\u00a0 Substitut\u00f2riament, i de manera provisional, es gestiona la instal\u00b7laci\u00f3 de 2 m\u00f2duls: el primer per al curs 2004\/05 i el segon al curs 2005\/06.\u00a0<\/span><\/p>\n<p><span style=\"font-weight: 400;\">Aquest nou parvulari s\u2019inaugura al gener del 2006 i, simult\u00e0niament, amb la col\u00b7laboraci\u00f3 i implicaci\u00f3 de tothom, es programa la posada en funcionament del nou CEIP per al curs 2006\/07.<\/span><\/p>\n<p>&nbsp;<\/p>\n","protected":false},"excerpt":{"rendered":"<p>L\u2019escola de Vilanova del Vall\u00e8s \u00e9s tan antiga com la pr\u00f2pia instituci\u00f3 escolar. Va sorgir com un servei cap una comunitat amb identitat pr\u00f2pia que trob\u00e0 normal l\u2019escolaritzaci\u00f3 conjunta dels seus infants perqu\u00e8 els seus pares tamb\u00e9 hi feien la vida conjuntament. L\u2019escola a Vilanova del Vall\u00e8s ha estat alhora conseq\u00fc\u00e8ncia i garantia de continu\u00eftat [&hellip;]<\/p>\n","protected":false},"author":1,"featured_media":0,"parent":22,"menu_order":20,"comment_status":"closed","ping_status":"closed","template":"page-templates\/side-menu.php","meta":{"_bbp_topic_count":0,"_bbp_reply_count":0,"_bbp_total_topic_count":0,"_bbp_total_reply_count":0,"_bbp_voice_count":0,"_bbp_anonymous_reply_count":0,"_bbp_topic_count_hidden":0,"_bbp_reply_count_hidden":0,"_bbp_forum_subforum_count":0,"site-sidebar-layout":"default","site-content-layout":"","ast-site-content-layout":"","site-content-style":"default","site-sidebar-style":"default","ast-global-header-display":"","ast-banner-title-visibility":"","ast-main-header-display":"","ast-hfb-above-header-display":"","ast-hfb-below-header-display":"","ast-hfb-mobile-header-display":"","site-post-title":"","ast-breadcrumbs-content":"","ast-featured-img":"","footer-sml-layout":"","theme-transparent-header-meta":"","adv-header-id-meta":"","stick-header-meta":"","header-above-stick-meta":"","header-main-stick-meta":"","header-below-stick-meta":"","astra-migrate-meta-layouts":"default","ast-page-background-enabled":"default","ast-page-background-meta":{"desktop":{"background-color":"var(--ast-global-color-4)","background-image":"","background-repeat":"repeat","background-position":"center center","background-size":"auto","background-attachment":"scroll","background-type":"","background-media":"","overlay-type":"","overlay-color":"","overlay-opacity":"","overlay-gradient":""},"tablet":{"background-color":"","background-image":"","background-repeat":"repeat","background-position":"center center","background-size":"auto","background-attachment":"scroll","background-type":"","background-media":"","overlay-type":"","overlay-color":"","overlay-opacity":"","overlay-gradient":""},"mobile":{"background-color":"","background-image":"","background-repeat":"repeat","background-position":"center center","background-size":"auto","background-attachment":"scroll","background-type":"","background-media":"","overlay-type":"","overlay-color":"","overlay-opacity":"","overlay-gradient":""}},"ast-content-background-meta":{"desktop":{"background-color":"var(--ast-global-color-5)","background-image":"","background-repeat":"repeat","background-position":"center center","background-size":"auto","background-attachment":"scroll","background-type":"","background-media":"","overlay-type":"","overlay-color":"","overlay-opacity":"","overlay-gradient":""},"tablet":{"background-color":"var(--ast-global-color-5)","background-image":"","background-repeat":"repeat","background-position":"center center","background-size":"auto","background-attachment":"scroll","background-type":"","background-media":"","overlay-type":"","overlay-color":"","overlay-opacity":"","overlay-gradient":""},"mobile":{"background-color":"var(--ast-global-color-5)","background-image":"","background-repeat":"repeat","background-position":"center center","background-size":"auto","background-attachment":"scroll","background-type":"","background-media":"","overlay-type":"","overlay-color":"","overlay-opacity":"","overlay-gradient":""}},"footnotes":""},"class_list":["post-26","page","type-page","status-publish","hentry"],"post_mailing_queue_ids":[],"_links":{"self":[{"href":"https:\/\/agora.xtec.cat\/escmestresmunguet-cortes\/wp-json\/wp\/v2\/pages\/26","targetHints":{"allow":["GET"]}}],"collection":[{"href":"https:\/\/agora.xtec.cat\/escmestresmunguet-cortes\/wp-json\/wp\/v2\/pages"}],"about":[{"href":"https:\/\/agora.xtec.cat\/escmestresmunguet-cortes\/wp-json\/wp\/v2\/types\/page"}],"author":[{"embeddable":true,"href":"https:\/\/agora.xtec.cat\/escmestresmunguet-cortes\/wp-json\/wp\/v2\/users\/1"}],"replies":[{"embeddable":true,"href":"https:\/\/agora.xtec.cat\/escmestresmunguet-cortes\/wp-json\/wp\/v2\/comments?post=26"}],"version-history":[{"count":2,"href":"https:\/\/agora.xtec.cat\/escmestresmunguet-cortes\/wp-json\/wp\/v2\/pages\/26\/revisions"}],"predecessor-version":[{"id":7209,"href":"https:\/\/agora.xtec.cat\/escmestresmunguet-cortes\/wp-json\/wp\/v2\/pages\/26\/revisions\/7209"}],"up":[{"embeddable":true,"href":"https:\/\/agora.xtec.cat\/escmestresmunguet-cortes\/wp-json\/wp\/v2\/pages\/22"}],"wp:attachment":[{"href":"https:\/\/agora.xtec.cat\/escmestresmunguet-cortes\/wp-json\/wp\/v2\/media?parent=26"}],"curies":[{"name":"wp","href":"https:\/\/api.w.org\/{rel}","templated":true}]}}