{"id":2053,"date":"2019-02-09T21:11:51","date_gmt":"2019-02-09T20:11:51","guid":{"rendered":"https:\/\/agora.xtec.cat\/escmestresmunguet-cortes\/?page_id=2053"},"modified":"2023-09-25T19:47:36","modified_gmt":"2023-09-25T17:47:36","slug":"ampa1","status":"publish","type":"page","link":"https:\/\/agora.xtec.cat\/escmestresmunguet-cortes\/ampa1\/","title":{"rendered":"AFA"},"content":{"rendered":"<p><strong>QUI SOM?<\/strong><\/p>\n<p>\u200bL\u2019AFA <img loading=\"lazy\" decoding=\"async\" class=\"wp-image-2030 alignright\" src=\"https:\/\/agora.xtec.cat\/escmestresmunguet-cortes\/wp-content\/uploads\/usu1976\/2019\/02\/AMPA.jpg\" alt=\"\" width=\"401\" height=\"271\" srcset=\"https:\/\/agora.xtec.cat\/escmestresmunguet-cortes\/wp-content\/uploads\/usu1976\/2019\/02\/AMPA.jpg 947w, https:\/\/agora.xtec.cat\/escmestresmunguet-cortes\/wp-content\/uploads\/usu1976\/2019\/02\/AMPA-300x203.jpg 300w, https:\/\/agora.xtec.cat\/escmestresmunguet-cortes\/wp-content\/uploads\/usu1976\/2019\/02\/AMPA-768x519.jpg 768w\" sizes=\"auto, (max-width: 401px) 100vw, 401px\" \/><span style=\"font-family: inherit; font-size: 1em;\"> \u00e9s l\u2019associaci\u00f3 de fam\u00edlies de <\/span><span style=\"font-family: inherit; font-size: 1em;\">l\u2019escola, sense afany de lucre. Est\u00e0 reconeguda legalment al registre <\/span><span style=\"font-family: inherit; font-size: 1em;\">d\u2019associacions tenint les funcions regulades per un decret de la <\/span><span style=\"font-family: inherit; font-size: 1em;\">Generalitat de Catalunya, i est\u00e0 federada en la aFFaC (Associacions <\/span><span style=\"font-family: inherit; font-size: 1em;\">Federades de Fam\u00edlies d\u2019Alumnes de Catalunya).<\/span><\/p>\n<p><span style=\"font-family: inherit; font-size: 1em;\">\u00c9s una plataforma oberta a la participaci\u00f3 que permet a les fam\u00edlies, <\/span>junt amb els i les mestres, treballar per aconseguir la millor formaci\u00f3<br \/>\ndels nostres fills i filles.<\/p>\n<p><strong>QU\u00c8 FEM?<\/strong><br \/>\n\u200b<br \/>\n<strong>L&#8217;AFA t\u00e9 diverses funcions:<\/strong><\/p>\n<p style=\"text-align: left;\"><a href=\"https:\/\/agora.xtec.cat\/escmestresmunguet-cortes\/wp-content\/uploads\/usu1976\/2019\/02\/AMPA2.jpg\"><img loading=\"lazy\" decoding=\"async\" class=\"wp-image-2031 alignright\" src=\"https:\/\/agora.xtec.cat\/escmestresmunguet-cortes\/wp-content\/uploads\/usu1976\/2019\/02\/AMPA2.jpg\" alt=\"\" width=\"331\" height=\"220\" srcset=\"https:\/\/agora.xtec.cat\/escmestresmunguet-cortes\/wp-content\/uploads\/usu1976\/2019\/02\/AMPA2.jpg 936w, https:\/\/agora.xtec.cat\/escmestresmunguet-cortes\/wp-content\/uploads\/usu1976\/2019\/02\/AMPA2-300x199.jpg 300w, https:\/\/agora.xtec.cat\/escmestresmunguet-cortes\/wp-content\/uploads\/usu1976\/2019\/02\/AMPA2-768x510.jpg 768w\" sizes=\"auto, (max-width: 331px) 100vw, 331px\" \/><\/a>\u00c9s el principal interlocutor entre les fam\u00edlies dels alumnes i el Consell Escolar del Centre, a trav\u00e9s d&#8217;un membre de la junta que actua de representant de l\u2019associaci\u00f3.<\/p>\n<p>Recull les inquietuds de les fam\u00edlies envers els aspectes que puguin afectar a l\u2019activitat escolar dels seus fills i filles, analitza i proposa solucions, defensant-les, si \u00e9s necessari, en front del consell escolar.<\/p>\n<p>Administra i gestiona els recursos econ\u00f2mics que aporten les associades, \u00e9s a dir, les fam\u00edlies dels alumnes.<\/p>\n<p>A m\u00e9s d&#8217;actuar com a vincle entre el col\u00b7lectiu de fam\u00edlies i l&#8217;escola, l&#8217;AFA gestiona i organitza directament altres activitats i serveis importants:<\/p>\n<p><strong>Venda de bates i equipament esportiu.<\/strong><\/p>\n<p><strong>Servei d&#8217;acollida matinal.<\/strong><\/p>\n<p><strong>Servei de menjador.<\/strong><\/p>\n<p><strong>Servei d&#8217;extraescolars i acollida de tarda.<\/strong><\/p>\n<p><strong>Aplicaci\u00f3 TPVescola<\/strong><\/p>\n<p><strong>Actes solidaris i festes<\/strong><\/p>\n<p><strong>Suport econ\u00f2mic a l&#8217;escola<\/strong><\/p>\n","protected":false},"excerpt":{"rendered":"<p>QUI SOM? \u200bL\u2019AFA \u00e9s l\u2019associaci\u00f3 de fam\u00edlies de l\u2019escola, sense afany de lucre. Est\u00e0 reconeguda legalment al registre d\u2019associacions tenint les funcions regulades per un decret de la Generalitat de Catalunya, i est\u00e0 federada en la aFFaC (Associacions Federades de Fam\u00edlies d\u2019Alumnes de Catalunya). \u00c9s una plataforma oberta a la participaci\u00f3 que permet a les [&hellip;]<\/p>\n","protected":false},"author":3,"featured_media":0,"parent":0,"menu_order":0,"comment_status":"closed","ping_status":"closed","template":"","meta":{"_bbp_topic_count":0,"_bbp_reply_count":0,"_bbp_total_topic_count":0,"_bbp_total_reply_count":0,"_bbp_voice_count":0,"_bbp_anonymous_reply_count":0,"_bbp_topic_count_hidden":0,"_bbp_reply_count_hidden":0,"_bbp_forum_subforum_count":0,"site-sidebar-layout":"default","site-content-layout":"","ast-site-content-layout":"","site-content-style":"default","site-sidebar-style":"default","ast-global-header-display":"","ast-banner-title-visibility":"","ast-main-header-display":"","ast-hfb-above-header-display":"","ast-hfb-below-header-display":"","ast-hfb-mobile-header-display":"","site-post-title":"","ast-breadcrumbs-content":"","ast-featured-img":"","footer-sml-layout":"","theme-transparent-header-meta":"","adv-header-id-meta":"","stick-header-meta":"","header-above-stick-meta":"","header-main-stick-meta":"","header-below-stick-meta":"","astra-migrate-meta-layouts":"default","ast-page-background-enabled":"default","ast-page-background-meta":{"desktop":{"background-color":"var(--ast-global-color-4)","background-image":"","background-repeat":"repeat","background-position":"center center","background-size":"auto","background-attachment":"scroll","background-type":"","background-media":"","overlay-type":"","overlay-color":"","overlay-opacity":"","overlay-gradient":""},"tablet":{"background-color":"","background-image":"","background-repeat":"repeat","background-position":"center center","background-size":"auto","background-attachment":"scroll","background-type":"","background-media":"","overlay-type":"","overlay-color":"","overlay-opacity":"","overlay-gradient":""},"mobile":{"background-color":"","background-image":"","background-repeat":"repeat","background-position":"center center","background-size":"auto","background-attachment":"scroll","background-type":"","background-media":"","overlay-type":"","overlay-color":"","overlay-opacity":"","overlay-gradient":""}},"ast-content-background-meta":{"desktop":{"background-color":"var(--ast-global-color-5)","background-image":"","background-repeat":"repeat","background-position":"center center","background-size":"auto","background-attachment":"scroll","background-type":"","background-media":"","overlay-type":"","overlay-color":"","overlay-opacity":"","overlay-gradient":""},"tablet":{"background-color":"var(--ast-global-color-5)","background-image":"","background-repeat":"repeat","background-position":"center center","background-size":"auto","background-attachment":"scroll","background-type":"","background-media":"","overlay-type":"","overlay-color":"","overlay-opacity":"","overlay-gradient":""},"mobile":{"background-color":"var(--ast-global-color-5)","background-image":"","background-repeat":"repeat","background-position":"center center","background-size":"auto","background-attachment":"scroll","background-type":"","background-media":"","overlay-type":"","overlay-color":"","overlay-opacity":"","overlay-gradient":""}},"footnotes":""},"class_list":["post-2053","page","type-page","status-publish","hentry"],"post_mailing_queue_ids":[],"_links":{"self":[{"href":"https:\/\/agora.xtec.cat\/escmestresmunguet-cortes\/wp-json\/wp\/v2\/pages\/2053","targetHints":{"allow":["GET"]}}],"collection":[{"href":"https:\/\/agora.xtec.cat\/escmestresmunguet-cortes\/wp-json\/wp\/v2\/pages"}],"about":[{"href":"https:\/\/agora.xtec.cat\/escmestresmunguet-cortes\/wp-json\/wp\/v2\/types\/page"}],"author":[{"embeddable":true,"href":"https:\/\/agora.xtec.cat\/escmestresmunguet-cortes\/wp-json\/wp\/v2\/users\/3"}],"replies":[{"embeddable":true,"href":"https:\/\/agora.xtec.cat\/escmestresmunguet-cortes\/wp-json\/wp\/v2\/comments?post=2053"}],"version-history":[{"count":3,"href":"https:\/\/agora.xtec.cat\/escmestresmunguet-cortes\/wp-json\/wp\/v2\/pages\/2053\/revisions"}],"predecessor-version":[{"id":9224,"href":"https:\/\/agora.xtec.cat\/escmestresmunguet-cortes\/wp-json\/wp\/v2\/pages\/2053\/revisions\/9224"}],"wp:attachment":[{"href":"https:\/\/agora.xtec.cat\/escmestresmunguet-cortes\/wp-json\/wp\/v2\/media?parent=2053"}],"curies":[{"name":"wp","href":"https:\/\/api.w.org\/{rel}","templated":true}]}}