{"id":1722,"date":"2019-02-07T12:24:31","date_gmt":"2019-02-07T11:24:31","guid":{"rendered":"https:\/\/agora.xtec.cat\/escmestresmunguet-cortes\/?page_id=1722"},"modified":"2025-11-14T15:28:06","modified_gmt":"2025-11-14T14:28:06","slug":"fulls-dautoritzacions","status":"publish","type":"page","link":"https:\/\/agora.xtec.cat\/escmestresmunguet-cortes\/lescola\/comunicacio-amb-families\/fulls-dautoritzacions\/","title":{"rendered":"Fulls d&#8217;autoritzacions"},"content":{"rendered":"<h3>Autoritzaci\u00f3 per a la sortida del centre<\/h3>\n<ul>\n<li><a href=\"https:\/\/agora.xtec.cat\/escmestresmunguet-cortes\/wp-content\/uploads\/usu1976\/2019\/02\/Recollida_Infantil.pdf\">Recollida de l&#8217;alumnat d&#8217;Educaci\u00f3 Infantil<\/a><\/li>\n<li><a href=\"https:\/\/agora.xtec.cat\/escmestresmunguet-cortes\/wp-content\/uploads\/usu1976\/2019\/02\/Recollida_CI.pdf\">Recollida de l&#8217;alumnat de Cicle Inicial<\/a><\/li>\n<li><a href=\"https:\/\/agora.xtec.cat\/escmestresmunguet-cortes\/wp-content\/uploads\/usu1976\/2019\/02\/Recollida_CM-CS.pdf\">Recollida de l&#8217;alumnat o autoritzaci\u00f3 per sortir sols de Cicle Mitj\u00e0 i Cicle Superior<\/a><\/li>\n<\/ul>\n<h3>Autoritzaci\u00f3 per a l&#8217;administraci\u00f3 de medicaments al centre:<\/h3>\n<ul>\n<li><a href=\"https:\/\/agora.xtec.cat\/escmestresmunguet-cortes\/wp-content\/uploads\/usu1976\/2025\/06\/Autoritzacio-medicaments.pdf\">Autoritzaci\u00f3 medicaments<\/a><\/li>\n<li><a href=\"https:\/\/agora.xtec.cat\/escmestresmunguet-cortes\/wp-content\/uploads\/usu1976\/2025\/06\/Annex1-Allergies.pdf\">Informaci\u00f3 al\u00b7l\u00e8rgies aliment\u00e0ries i\/o l\u00e0tex<\/a><\/li>\n<li><a href=\"https:\/\/agora.xtec.cat\/escmestresmunguet-cortes\/wp-content\/uploads\/usu1976\/2025\/06\/Sollicitud-glucosa-i-insulina.pdf\">Sol\u00b7licitud glucosa i insulina<\/a><\/li>\n<li><a href=\"https:\/\/agora.xtec.cat\/escmestresmunguet-cortes\/wp-content\/uploads\/usu1976\/2025\/06\/sollicitud-glucago.pdf\">Sol\u00b7licitud glucag\u00f3<\/a><\/li>\n<\/ul>\n<h3>Registre i autoritzacions de persones volunt\u00e0ries a l&#8217;escola:<\/h3>\n<ul>\n<li><a href=\"https:\/\/drive.google.com\/file\/d\/1pZU0s4J3SGwgrla9Srp2SZcjuUPWEmVh\/view?usp=sharing\" target=\"_blank\" rel=\"noopener\">Fam\u00edlies volunt\u00e0ries a l&#8217;escola.\u00a0<\/a><\/li>\n<\/ul>\n<p><!--a=1--><!--a=1--><\/p>\n<p><!--a=1--><\/p>\n","protected":false},"excerpt":{"rendered":"<p>Autoritzaci\u00f3 per a la sortida del centre Recollida de l&#8217;alumnat d&#8217;Educaci\u00f3 Infantil Recollida de l&#8217;alumnat de Cicle Inicial Recollida de l&#8217;alumnat o autoritzaci\u00f3 per sortir sols de Cicle Mitj\u00e0 i Cicle Superior Autoritzaci\u00f3 per a l&#8217;administraci\u00f3 de medicaments al centre: Autoritzaci\u00f3 medicaments Informaci\u00f3 al\u00b7l\u00e8rgies aliment\u00e0ries i\/o l\u00e0tex Sol\u00b7licitud glucosa i insulina Sol\u00b7licitud glucag\u00f3 Registre i [&hellip;]<\/p>\n","protected":false},"author":10,"featured_media":0,"parent":508,"menu_order":0,"comment_status":"closed","ping_status":"closed","template":"","meta":{"_bbp_topic_count":0,"_bbp_reply_count":0,"_bbp_total_topic_count":0,"_bbp_total_reply_count":0,"_bbp_voice_count":0,"_bbp_anonymous_reply_count":0,"_bbp_topic_count_hidden":0,"_bbp_reply_count_hidden":0,"_bbp_forum_subforum_count":0,"site-sidebar-layout":"default","site-content-layout":"","ast-site-content-layout":"default","site-content-style":"default","site-sidebar-style":"default","ast-global-header-display":"","ast-banner-title-visibility":"","ast-main-header-display":"","ast-hfb-above-header-display":"","ast-hfb-below-header-display":"","ast-hfb-mobile-header-display":"","site-post-title":"","ast-breadcrumbs-content":"","ast-featured-img":"","footer-sml-layout":"","theme-transparent-header-meta":"default","adv-header-id-meta":"","stick-header-meta":"","header-above-stick-meta":"","header-main-stick-meta":"","header-below-stick-meta":"","astra-migrate-meta-layouts":"set","ast-page-background-enabled":"default","ast-page-background-meta":{"desktop":{"background-color":"var(--ast-global-color-4)","background-image":"","background-repeat":"repeat","background-position":"center center","background-size":"auto","background-attachment":"scroll","background-type":"","background-media":"","overlay-type":"","overlay-color":"","overlay-opacity":"","overlay-gradient":""},"tablet":{"background-color":"","background-image":"","background-repeat":"repeat","background-position":"center center","background-size":"auto","background-attachment":"scroll","background-type":"","background-media":"","overlay-type":"","overlay-color":"","overlay-opacity":"","overlay-gradient":""},"mobile":{"background-color":"","background-image":"","background-repeat":"repeat","background-position":"center center","background-size":"auto","background-attachment":"scroll","background-type":"","background-media":"","overlay-type":"","overlay-color":"","overlay-opacity":"","overlay-gradient":""}},"ast-content-background-meta":{"desktop":{"background-color":"var(--ast-global-color-5)","background-image":"","background-repeat":"repeat","background-position":"center center","background-size":"auto","background-attachment":"scroll","background-type":"","background-media":"","overlay-type":"","overlay-color":"","overlay-opacity":"","overlay-gradient":""},"tablet":{"background-color":"var(--ast-global-color-5)","background-image":"","background-repeat":"repeat","background-position":"center center","background-size":"auto","background-attachment":"scroll","background-type":"","background-media":"","overlay-type":"","overlay-color":"","overlay-opacity":"","overlay-gradient":""},"mobile":{"background-color":"var(--ast-global-color-5)","background-image":"","background-repeat":"repeat","background-position":"center center","background-size":"auto","background-attachment":"scroll","background-type":"","background-media":"","overlay-type":"","overlay-color":"","overlay-opacity":"","overlay-gradient":""}},"footnotes":""},"class_list":["post-1722","page","type-page","status-publish","hentry"],"post_mailing_queue_ids":[],"_links":{"self":[{"href":"https:\/\/agora.xtec.cat\/escmestresmunguet-cortes\/wp-json\/wp\/v2\/pages\/1722","targetHints":{"allow":["GET"]}}],"collection":[{"href":"https:\/\/agora.xtec.cat\/escmestresmunguet-cortes\/wp-json\/wp\/v2\/pages"}],"about":[{"href":"https:\/\/agora.xtec.cat\/escmestresmunguet-cortes\/wp-json\/wp\/v2\/types\/page"}],"author":[{"embeddable":true,"href":"https:\/\/agora.xtec.cat\/escmestresmunguet-cortes\/wp-json\/wp\/v2\/users\/10"}],"replies":[{"embeddable":true,"href":"https:\/\/agora.xtec.cat\/escmestresmunguet-cortes\/wp-json\/wp\/v2\/comments?post=1722"}],"version-history":[{"count":6,"href":"https:\/\/agora.xtec.cat\/escmestresmunguet-cortes\/wp-json\/wp\/v2\/pages\/1722\/revisions"}],"predecessor-version":[{"id":11319,"href":"https:\/\/agora.xtec.cat\/escmestresmunguet-cortes\/wp-json\/wp\/v2\/pages\/1722\/revisions\/11319"}],"up":[{"embeddable":true,"href":"https:\/\/agora.xtec.cat\/escmestresmunguet-cortes\/wp-json\/wp\/v2\/pages\/508"}],"wp:attachment":[{"href":"https:\/\/agora.xtec.cat\/escmestresmunguet-cortes\/wp-json\/wp\/v2\/media?parent=1722"}],"curies":[{"name":"wp","href":"https:\/\/api.w.org\/{rel}","templated":true}]}}