{"id":10761,"date":"2025-06-17T13:45:12","date_gmt":"2025-06-17T11:45:12","guid":{"rendered":"https:\/\/agora.xtec.cat\/escmestresmunguet-cortes\/?page_id=10761"},"modified":"2025-07-01T13:04:17","modified_gmt":"2025-07-01T11:04:17","slug":"contacte","status":"publish","type":"page","link":"https:\/\/agora.xtec.cat\/escmestresmunguet-cortes\/lescola\/contacte\/","title":{"rendered":"Contacte"},"content":{"rendered":"<p><strong>Edifici de Prim\u00e0ria<\/strong><\/p>\n<p>Passeig del Centenari s\/n<\/p>\n<p>08410 Vilanova del Vall\u00e8s<\/p>\n<p>Tel\u00e8fon: 938459060<\/p>\n<p>M\u00f2bil: 634 802 317<\/p>\n<p><strong>Edifici d\u2019Infantil<\/strong><\/p>\n<p>C\/ Josep Ma Ruera \u2013 Pla\u00e7a Ovidi Montllor s\/n<\/p>\n<p>08410 Vilanova del Vall\u00e8s<\/p>\n<p>Tel\u00e8fon: 93 845 84 20<\/p>\n<h2 class=\"wp-block-heading has-medium-font-size\">Serveis<\/h2>\n<ul class=\"wp-block-list\">\n<li>Secretaria: secretaria@mestresmunguet.com<\/li>\n<li>Direcci\u00f3: direccio@mestresmunguet.com<\/li>\n<li>AFA: afamestresmunguet@gmail.com<\/li>\n<li>Menjador i acollida: 607 39 61 59<\/li>\n<li>Extraescolars (Artgest): 653121626<\/li>\n<\/ul>\n","protected":false},"excerpt":{"rendered":"<p>Edifici de Prim\u00e0ria Passeig del Centenari s\/n 08410 Vilanova del Vall\u00e8s Tel\u00e8fon: 938459060 M\u00f2bil: 634 802 317 Edifici d\u2019Infantil C\/ Josep Ma Ruera \u2013 Pla\u00e7a Ovidi Montllor s\/n 08410 Vilanova del Vall\u00e8s Tel\u00e8fon: 93 845 84 20 Serveis Secretaria: secretaria@mestresmunguet.com Direcci\u00f3: direccio@mestresmunguet.com AFA: afamestresmunguet@gmail.com Menjador i acollida: 607 39 61 59 Extraescolars (Artgest): 653121626<\/p>\n","protected":false},"author":43,"featured_media":0,"parent":22,"menu_order":0,"comment_status":"closed","ping_status":"closed","template":"","meta":{"_bbp_topic_count":0,"_bbp_reply_count":0,"_bbp_total_topic_count":0,"_bbp_total_reply_count":0,"_bbp_voice_count":0,"_bbp_anonymous_reply_count":0,"_bbp_topic_count_hidden":0,"_bbp_reply_count_hidden":0,"_bbp_forum_subforum_count":0,"site-sidebar-layout":"default","site-content-layout":"","ast-site-content-layout":"default","site-content-style":"default","site-sidebar-style":"default","ast-global-header-display":"","ast-banner-title-visibility":"","ast-main-header-display":"","ast-hfb-above-header-display":"","ast-hfb-below-header-display":"","ast-hfb-mobile-header-display":"","site-post-title":"","ast-breadcrumbs-content":"","ast-featured-img":"","footer-sml-layout":"","theme-transparent-header-meta":"default","adv-header-id-meta":"","stick-header-meta":"","header-above-stick-meta":"","header-main-stick-meta":"","header-below-stick-meta":"","astra-migrate-meta-layouts":"set","ast-page-background-enabled":"default","ast-page-background-meta":{"desktop":{"background-color":"var(--ast-global-color-4)","background-image":"","background-repeat":"repeat","background-position":"center center","background-size":"auto","background-attachment":"scroll","background-type":"","background-media":"","overlay-type":"","overlay-color":"","overlay-opacity":"","overlay-gradient":""},"tablet":{"background-color":"","background-image":"","background-repeat":"repeat","background-position":"center center","background-size":"auto","background-attachment":"scroll","background-type":"","background-media":"","overlay-type":"","overlay-color":"","overlay-opacity":"","overlay-gradient":""},"mobile":{"background-color":"","background-image":"","background-repeat":"repeat","background-position":"center center","background-size":"auto","background-attachment":"scroll","background-type":"","background-media":"","overlay-type":"","overlay-color":"","overlay-opacity":"","overlay-gradient":""}},"ast-content-background-meta":{"desktop":{"background-color":"var(--ast-global-color-5)","background-image":"","background-repeat":"repeat","background-position":"center center","background-size":"auto","background-attachment":"scroll","background-type":"","background-media":"","overlay-type":"","overlay-color":"","overlay-opacity":"","overlay-gradient":""},"tablet":{"background-color":"var(--ast-global-color-5)","background-image":"","background-repeat":"repeat","background-position":"center center","background-size":"auto","background-attachment":"scroll","background-type":"","background-media":"","overlay-type":"","overlay-color":"","overlay-opacity":"","overlay-gradient":""},"mobile":{"background-color":"var(--ast-global-color-5)","background-image":"","background-repeat":"repeat","background-position":"center center","background-size":"auto","background-attachment":"scroll","background-type":"","background-media":"","overlay-type":"","overlay-color":"","overlay-opacity":"","overlay-gradient":""}},"footnotes":""},"class_list":["post-10761","page","type-page","status-publish","hentry"],"post_mailing_queue_ids":[],"_links":{"self":[{"href":"https:\/\/agora.xtec.cat\/escmestresmunguet-cortes\/wp-json\/wp\/v2\/pages\/10761","targetHints":{"allow":["GET"]}}],"collection":[{"href":"https:\/\/agora.xtec.cat\/escmestresmunguet-cortes\/wp-json\/wp\/v2\/pages"}],"about":[{"href":"https:\/\/agora.xtec.cat\/escmestresmunguet-cortes\/wp-json\/wp\/v2\/types\/page"}],"author":[{"embeddable":true,"href":"https:\/\/agora.xtec.cat\/escmestresmunguet-cortes\/wp-json\/wp\/v2\/users\/43"}],"replies":[{"embeddable":true,"href":"https:\/\/agora.xtec.cat\/escmestresmunguet-cortes\/wp-json\/wp\/v2\/comments?post=10761"}],"version-history":[{"count":3,"href":"https:\/\/agora.xtec.cat\/escmestresmunguet-cortes\/wp-json\/wp\/v2\/pages\/10761\/revisions"}],"predecessor-version":[{"id":10954,"href":"https:\/\/agora.xtec.cat\/escmestresmunguet-cortes\/wp-json\/wp\/v2\/pages\/10761\/revisions\/10954"}],"up":[{"embeddable":true,"href":"https:\/\/agora.xtec.cat\/escmestresmunguet-cortes\/wp-json\/wp\/v2\/pages\/22"}],"wp:attachment":[{"href":"https:\/\/agora.xtec.cat\/escmestresmunguet-cortes\/wp-json\/wp\/v2\/media?parent=10761"}],"curies":[{"name":"wp","href":"https:\/\/api.w.org\/{rel}","templated":true}]}}