{"id":87,"date":"2014-09-18T14:28:12","date_gmt":"2014-09-18T13:28:12","guid":{"rendered":"http:\/\/agora.xtec.cat\/escmestresm\/?page_id=87"},"modified":"2023-11-20T13:49:48","modified_gmt":"2023-11-20T12:49:48","slug":"nivells","status":"publish","type":"page","link":"https:\/\/agora.xtec.cat\/escmestresm\/pagina-dinici-buida\/nivells\/","title":{"rendered":"Nivells"},"content":{"rendered":"<p>De I3 a 6\u00e8, cada nivell t\u00e9 un blog propi. En aquests blogs podeu trobar informaci\u00f3 de les activitats a l&#8217;aula, informaci\u00f3 de contacte amb les tutores i acc\u00e9s a l&#8217;\u00e0lbum fotogr\u00e0fic de la promoci\u00f3.<\/p>\n<p><strong>Alguns articles poden estar protegits per contrasenya<\/strong>, si no la coneixeu, podeu posar-vos en contacte amb la tutora.<\/p>\n<p><a href=\"https:\/\/agora.xtec.cat\/escmestresm\/categoria\/infantil\/\"><strong>Accedir als blogs d&#8217;infantil<\/strong><\/a><\/p>\n<p><a href=\"https:\/\/agora.xtec.cat\/escmestresm\/categoria\/primaria\/\"><strong>Accedir als blogs de primaria<\/strong><\/a><\/p>\n<p><strong>M\u00e9s blocs<\/strong><\/p>\n<p><a href=\"http:\/\/www.eurolanderasmus.eu\/\"><strong>Erasmus<\/strong>+<\/a>Web del projecte Erasmus.<\/p>\n<p><strong><a href=\"https:\/\/blocs.xtec.cat\/tellmebloc\/\">Tell me bloc<\/a><\/strong>. Bloc d&#8217;angl\u00e8s de l&#8217;escola.<\/p>\n<p><a href=\"https:\/\/blocs.xtec.cat\/sonabloc\/\"><strong>Sonabloc<\/strong><\/a>. Web de m\u00fasica de l&#8217;escola.<\/p>\n<p><strong><a href=\"https:\/\/blocs.xtec.cat\/mmciencies\/\">Bloc de Ci\u00e8ncies<\/a>.<\/strong> Web del laboratori de l&#8217;escola.<\/p>\n","protected":false},"excerpt":{"rendered":"<p>De I3 a 6\u00e8, cada nivell t\u00e9 un blog propi. En aquests blogs podeu trobar informaci\u00f3 de les activitats a l&#8217;aula, informaci\u00f3 de contacte amb les tutores i acc\u00e9s a l&#8217;\u00e0lbum fotogr\u00e0fic de la promoci\u00f3.<br \/>\nAlguns articles poden estar protegits per contrasenya, si no la coneixeu,&hellip;  <a href=\"https:\/\/agora.xtec.cat\/escmestresm\/pagina-dinici-buida\/nivells\/\" title=\"Read Nivells\">Llegeix m\u00e9s\u00bb<\/a><\/p>\n","protected":false},"author":1,"featured_media":0,"parent":9,"menu_order":0,"comment_status":"closed","ping_status":"closed","template":"page-templates\/side-menu.php","meta":{"_bbp_topic_count":0,"_bbp_reply_count":0,"_bbp_total_topic_count":0,"_bbp_total_reply_count":0,"_bbp_voice_count":0,"_bbp_anonymous_reply_count":0,"_bbp_topic_count_hidden":0,"_bbp_reply_count_hidden":0,"_bbp_forum_subforum_count":0,"footnotes":""},"class_list":["post-87","page","type-page","status-publish","hentry"],"post_mailing_queue_ids":[],"_links":{"self":[{"href":"https:\/\/agora.xtec.cat\/escmestresm\/wp-json\/wp\/v2\/pages\/87","targetHints":{"allow":["GET"]}}],"collection":[{"href":"https:\/\/agora.xtec.cat\/escmestresm\/wp-json\/wp\/v2\/pages"}],"about":[{"href":"https:\/\/agora.xtec.cat\/escmestresm\/wp-json\/wp\/v2\/types\/page"}],"author":[{"embeddable":true,"href":"https:\/\/agora.xtec.cat\/escmestresm\/wp-json\/wp\/v2\/users\/1"}],"replies":[{"embeddable":true,"href":"https:\/\/agora.xtec.cat\/escmestresm\/wp-json\/wp\/v2\/comments?post=87"}],"version-history":[{"count":6,"href":"https:\/\/agora.xtec.cat\/escmestresm\/wp-json\/wp\/v2\/pages\/87\/revisions"}],"predecessor-version":[{"id":3434,"href":"https:\/\/agora.xtec.cat\/escmestresm\/wp-json\/wp\/v2\/pages\/87\/revisions\/3434"}],"up":[{"embeddable":true,"href":"https:\/\/agora.xtec.cat\/escmestresm\/wp-json\/wp\/v2\/pages\/9"}],"wp:attachment":[{"href":"https:\/\/agora.xtec.cat\/escmestresm\/wp-json\/wp\/v2\/media?parent=87"}],"curies":[{"name":"wp","href":"https:\/\/api.w.org\/{rel}","templated":true}]}}