{"id":608,"date":"2019-06-23T19:57:57","date_gmt":"2019-06-23T17:57:57","guid":{"rendered":"http:\/\/agora.xtec.cat\/escmestresm\/?page_id=608"},"modified":"2019-11-03T20:18:09","modified_gmt":"2019-11-03T19:18:09","slug":"xarxa-de-competencies-basiques","status":"publish","type":"page","link":"https:\/\/agora.xtec.cat\/escmestresm\/pagina-dinici-buida\/projectes\/xarxa-de-competencies-basiques\/","title":{"rendered":"Xarxa de Compet\u00e8ncies B\u00e0siques"},"content":{"rendered":"<p><video style=\"display: block; margin-left: auto; margin-right: auto;\" poster=\"http:\/\/www.gencat.cat\/big\/img\/314\/BIG_3145261514092519_00.jpg\" controls=\"controls\" width=\"640\" height=\"360\"><source src=\"http:\/\/cdn.s2.eu.nice264.com\/\/converted_work8\/8\/c\/8cf59ebff1097fec86cf\/8cf59ebff1097fec86cf_f34bd39fc22345ff4a6b8ddacc0606b9.mp4\" type=\"video\/mp4\" \/>&nbsp;<\/p>\n<blockquote class=\"wp-embedded-content\" data-secret=\"9wpWTBSuEo\"><p><a href=\"https:\/\/blocs.xtec.cat\/mestresm\/xarxa-de-competencies-basiques\/\">XARXA DE COMPET\u00c8NCIES B\u00c0SIQUES<\/a><\/p><\/blockquote>\n<p><iframe loading=\"lazy\" class=\"wp-embedded-content\" sandbox=\"allow-scripts\" security=\"restricted\" style=\"position: absolute; clip: rect(1px, 1px, 1px, 1px);\" title=\"&#8220;XARXA DE COMPET\u00c8NCIES B\u00c0SIQUES&#8221; &#8212; MESTRES MONTA\u00d1A\" src=\"https:\/\/blocs.xtec.cat\/mestresm\/xarxa-de-competencies-basiques\/embed\/#?secret=9wpWTBSuEo\" data-secret=\"9wpWTBSuEo\" width=\"500\" height=\"282\" frameborder=\"0\" marginwidth=\"0\" marginheight=\"0\" scrolling=\"no\"><\/iframe><\/p>\n<p><a href=\"http:\/\/xtec.gencat.cat\/web\/.content\/curriculum\/xarxacb\/documents\/Qui-som.pdf\"><img loading=\"lazy\" decoding=\"async\" class=\"alignnone size-full wp-image-615\" src=\"https:\/\/agora.xtec.cat\/escmestresm\/wp-content\/uploads\/usu1870\/2019\/06\/xcb.png\" alt=\"\" width=\"729\" height=\"316\" srcset=\"https:\/\/agora.xtec.cat\/escmestresm\/wp-content\/uploads\/usu1870\/2019\/06\/xcb.png 729w, https:\/\/agora.xtec.cat\/escmestresm\/wp-content\/uploads\/usu1870\/2019\/06\/xcb-300x130.png 300w\" sizes=\"auto, (max-width: 729px) 100vw, 729px\" \/><\/a><\/p>\n","protected":false},"excerpt":{"rendered":"<p>&nbsp;<br \/>\n<a href=\"https:\/\/blocs.xtec.cat\/mestresm\/xarxa-de-competencies-basiques\/\">XARXA DE COMPET\u00c8NCIES B\u00c0SIQUES<\/a><\/p>\n<p><a href=\"http:\/\/xtec.gencat.cat\/web\/.content\/curriculum\/xarxacb\/documents\/Qui-som.pdf\"><\/a><\/p>\n","protected":false},"author":3,"featured_media":0,"parent":638,"menu_order":0,"comment_status":"closed","ping_status":"closed","template":"page-templates\/side-menu.php","meta":{"_bbp_topic_count":0,"_bbp_reply_count":0,"_bbp_total_topic_count":0,"_bbp_total_reply_count":0,"_bbp_voice_count":0,"_bbp_anonymous_reply_count":0,"_bbp_topic_count_hidden":0,"_bbp_reply_count_hidden":0,"_bbp_forum_subforum_count":0,"footnotes":""},"class_list":["post-608","page","type-page","status-publish","hentry"],"post_mailing_queue_ids":[],"_links":{"self":[{"href":"https:\/\/agora.xtec.cat\/escmestresm\/wp-json\/wp\/v2\/pages\/608","targetHints":{"allow":["GET"]}}],"collection":[{"href":"https:\/\/agora.xtec.cat\/escmestresm\/wp-json\/wp\/v2\/pages"}],"about":[{"href":"https:\/\/agora.xtec.cat\/escmestresm\/wp-json\/wp\/v2\/types\/page"}],"author":[{"embeddable":true,"href":"https:\/\/agora.xtec.cat\/escmestresm\/wp-json\/wp\/v2\/users\/3"}],"replies":[{"embeddable":true,"href":"https:\/\/agora.xtec.cat\/escmestresm\/wp-json\/wp\/v2\/comments?post=608"}],"version-history":[{"count":3,"href":"https:\/\/agora.xtec.cat\/escmestresm\/wp-json\/wp\/v2\/pages\/608\/revisions"}],"predecessor-version":[{"id":1178,"href":"https:\/\/agora.xtec.cat\/escmestresm\/wp-json\/wp\/v2\/pages\/608\/revisions\/1178"}],"up":[{"embeddable":true,"href":"https:\/\/agora.xtec.cat\/escmestresm\/wp-json\/wp\/v2\/pages\/638"}],"wp:attachment":[{"href":"https:\/\/agora.xtec.cat\/escmestresm\/wp-json\/wp\/v2\/media?parent=608"}],"curies":[{"name":"wp","href":"https:\/\/api.w.org\/{rel}","templated":true}]}}