{"id":34,"date":"2014-09-18T12:32:18","date_gmt":"2014-09-18T11:32:18","guid":{"rendered":"http:\/\/agora.xtec.cat\/escmestresm\/?page_id=34"},"modified":"2021-11-19T12:12:54","modified_gmt":"2021-11-19T11:12:54","slug":"oferta-educativa","status":"publish","type":"page","link":"https:\/\/agora.xtec.cat\/escmestresm\/pagina-dinici-buida\/lescola\/oferta-educativa\/","title":{"rendered":"Oferta educativa"},"content":{"rendered":"<h5 style=\"text-align: left;\"><strong>Per contribuir a la compet\u00e8ncia del nostre alumnat seguint el Curr\u00edculum oficial, l&#8217;escola ofereix dins de l&#8217;horari lectiu:<\/strong><\/h5>\n<p><em>Cliqueu per llegir all\u00f2 que us interessi.<\/em><\/p>\n<p><a href=\"https:\/\/agora.xtec.cat\/escmestresm\/wp-content\/uploads\/usu1870\/2020\/03\/\u00c0MBIT-MEDI-CIENT\u00cdFIC-MATEM\u00c0TIC.pdf\">\u00c0MBIT MEDI-CIENT\u00cdFIC-MATEM\u00c0TIC<\/a><a href=\"https:\/\/agora.xtec.cat\/escmestresm\/wp-content\/uploads\/usu1870\/2020\/03\/\u00c0MBIT-ART\u00cdSTIC.pdf\"> \u00a0 \u00a0 \u00a0 \u00a0 <\/a>\u00a0 \u00a0<a href=\"https:\/\/agora.xtec.cat\/escmestresm\/wp-content\/uploads\/usu1870\/2020\/03\/\u00c0MBIT-LING\u00dc\u00cdSTIC-1.pdf\">\u00c0MBIT LING\u00dc\u00cdSTIC<\/a> \u00a0 \u00a0 \u00a0 \u00a0 \u00a0 \u00a0 \u00a0 \u00a0 \u00a0 \u00a0 <a href=\"https:\/\/agora.xtec.cat\/escmestresm\/wp-content\/uploads\/usu1870\/2020\/03\/\u00c0MBIT-MEDI-CIENT\u00cdFIC-MATEM\u00c0TIC.pdf\">\u00a0<\/a><a href=\"https:\/\/agora.xtec.cat\/escmestresm\/wp-content\/uploads\/usu1870\/2020\/03\/\u00c0MBIT-ART\u00cdSTIC.pdf\">\u00c0MBIT ART\u00cdSTIC<\/a><\/p>\n<p><a href=\"https:\/\/agora.xtec.cat\/escmestresm\/wp-content\/uploads\/usu1870\/2020\/03\/Captura-2.jpg\"><img loading=\"lazy\" decoding=\"async\" class=\"wp-image-1334 alignleft\" src=\"https:\/\/agora.xtec.cat\/escmestresm\/wp-content\/uploads\/usu1870\/2020\/03\/Captura-2.jpg\" alt=\"\" width=\"256\" height=\"539\" \/><\/a><img loading=\"lazy\" decoding=\"async\" class=\"wp-image-1311 alignleft\" src=\"https:\/\/agora.xtec.cat\/escmestresm\/wp-content\/uploads\/usu1870\/2020\/03\/\u00c0mbit-ling\u00fc\u00edstic.png\" alt=\"\" width=\"231\" height=\"584\" srcset=\"https:\/\/agora.xtec.cat\/escmestresm\/wp-content\/uploads\/usu1870\/2020\/03\/\u00c0mbit-ling\u00fc\u00edstic.png 262w, https:\/\/agora.xtec.cat\/escmestresm\/wp-content\/uploads\/usu1870\/2020\/03\/\u00c0mbit-ling\u00fc\u00edstic-119x300.png 119w\" sizes=\"auto, (max-width: 231px) 100vw, 231px\" \/><img loading=\"lazy\" decoding=\"async\" class=\"wp-image-1324 alignnone\" src=\"https:\/\/agora.xtec.cat\/escmestresm\/wp-content\/uploads\/usu1870\/2020\/03\/Captura-1.jpg\" alt=\"\" width=\"245\" height=\"544\" srcset=\"https:\/\/agora.xtec.cat\/escmestresm\/wp-content\/uploads\/usu1870\/2020\/03\/Captura-1.jpg 263w, https:\/\/agora.xtec.cat\/escmestresm\/wp-content\/uploads\/usu1870\/2020\/03\/Captura-1-135x300.jpg 135w\" sizes=\"auto, (max-width: 245px) 100vw, 245px\" \/><\/p>\n<p>&nbsp;<\/p>\n<p><a href=\"https:\/\/agora.xtec.cat\/escmestresm\/wp-content\/uploads\/usu1870\/2020\/03\/RELACI\u00d3-FAMILIA-ESCOLA.pdf\">RELACI\u00d3 FAMILIA-ESCOLA<\/a><\/p>\n<p><a href=\"https:\/\/agora.xtec.cat\/escmestresm\/wp-content\/uploads\/usu1870\/2020\/03\/Captura-5.jpg\"><img loading=\"lazy\" decoding=\"async\" class=\" wp-image-1346 alignleft\" src=\"https:\/\/agora.xtec.cat\/escmestresm\/wp-content\/uploads\/usu1870\/2020\/03\/Captura-5.jpg\" alt=\"\" width=\"212\" height=\"442\" srcset=\"https:\/\/agora.xtec.cat\/escmestresm\/wp-content\/uploads\/usu1870\/2020\/03\/Captura-5.jpg 263w, https:\/\/agora.xtec.cat\/escmestresm\/wp-content\/uploads\/usu1870\/2020\/03\/Captura-5-144x300.jpg 144w\" sizes=\"auto, (max-width: 212px) 100vw, 212px\" \/><\/a><\/p>\n<p><a href=\"https:\/\/agora.xtec.cat\/escmestresm\/wp-content\/uploads\/usu1870\/2020\/03\/\u00c0MBIT-DEDUCACI\u00d3-EN-VALORS.pdf\">\u00c0MBIT D&#8217;EDUCACI\u00d3 EN VALORS \u00a0 \u00a0 \u00a0 \u00a0 \u00a0<\/a><a href=\"https:\/\/agora.xtec.cat\/escmestresm\/wp-content\/uploads\/usu1870\/2021\/02\/educaci%C3%B3-f%C3%ADsica.pdf\">\u00c0MBIT D&#8217;EDUCACI\u00d3 F\u00cdSICA<\/a><\/p>\n<p><a href=\"https:\/\/agora.xtec.cat\/escmestresm\/wp-content\/uploads\/usu1870\/2021\/02\/Captura-de-2021-02-03-16-45-10.png\"><img loading=\"lazy\" decoding=\"async\" class=\"alignnone wp-image-2041\" src=\"https:\/\/agora.xtec.cat\/escmestresm\/wp-content\/uploads\/usu1870\/2021\/02\/Captura-de-2021-02-03-16-45-10.png\" alt=\"\" width=\"190\" height=\"476\" srcset=\"https:\/\/agora.xtec.cat\/escmestresm\/wp-content\/uploads\/usu1870\/2021\/02\/Captura-de-2021-02-03-16-45-10.png 138w, https:\/\/agora.xtec.cat\/escmestresm\/wp-content\/uploads\/usu1870\/2021\/02\/Captura-de-2021-02-03-16-45-10-120x300.png 120w\" sizes=\"auto, (max-width: 190px) 100vw, 190px\" \/><\/a><a href=\"https:\/\/agora.xtec.cat\/escmestresm\/wp-content\/uploads\/usu1870\/2020\/03\/Captura-4.jpg\"><img loading=\"lazy\" decoding=\"async\" class=\" wp-image-1344 alignleft\" src=\"https:\/\/agora.xtec.cat\/escmestresm\/wp-content\/uploads\/usu1870\/2020\/03\/Captura-4.jpg\" alt=\"\" width=\"218\" height=\"469\" srcset=\"https:\/\/agora.xtec.cat\/escmestresm\/wp-content\/uploads\/usu1870\/2020\/03\/Captura-4.jpg 263w, https:\/\/agora.xtec.cat\/escmestresm\/wp-content\/uploads\/usu1870\/2020\/03\/Captura-4-139x300.jpg 139w\" sizes=\"auto, (max-width: 218px) 100vw, 218px\" \/><\/a><\/p>\n","protected":false},"excerpt":{"rendered":"<p>Per contribuir a la compet\u00e8ncia del nostre alumnat seguint el Curr\u00edculum oficial, l&#8217;escola ofereix dins de l&#8217;horari lectiu:<br \/>\nCliqueu per llegir all\u00f2 que us interessi.<br \/>\n<a href=\"https:\/\/agora.xtec.cat\/escmestresm\/wp-content\/uploads\/usu1870\/2020\/03\/\u00c0MBIT-MEDI-CIENT\u00cdFIC-MATEM\u00c0TIC.pdf\">\u00c0MBIT MEDI-CIENT\u00cdFIC-MATEM\u00c0TIC<\/a><a href=\"https:\/\/agora.xtec.cat\/escmestresm\/wp-content\/uploads\/usu1870\/2020\/03\/\u00c0MBIT-ART\u00cdSTIC.pdf\"> \u00a0 \u00a0 \u00a0 \u00a0 <\/a>\u00a0 \u00a0<a href=\"https:\/\/agora.xtec.cat\/escmestresm\/wp-content\/uploads\/usu1870\/2020\/03\/\u00c0MBIT-LING\u00dc\u00cdSTIC-1.pdf\">\u00c0MBIT LING\u00dc\u00cdSTIC<\/a> \u00a0 \u00a0 \u00a0 \u00a0 \u00a0 \u00a0 \u00a0 \u00a0 \u00a0 \u00a0&hellip;  <a href=\"https:\/\/agora.xtec.cat\/escmestresm\/pagina-dinici-buida\/lescola\/oferta-educativa\/\" title=\"Read Oferta educativa\">Llegeix m\u00e9s\u00bb<\/a><\/p>\n","protected":false},"author":1,"featured_media":0,"parent":22,"menu_order":60,"comment_status":"closed","ping_status":"closed","template":"page-templates\/side-menu.php","meta":{"_bbp_topic_count":0,"_bbp_reply_count":0,"_bbp_total_topic_count":0,"_bbp_total_reply_count":0,"_bbp_voice_count":0,"_bbp_anonymous_reply_count":0,"_bbp_topic_count_hidden":0,"_bbp_reply_count_hidden":0,"_bbp_forum_subforum_count":0,"footnotes":""},"class_list":["post-34","page","type-page","status-publish","hentry"],"post_mailing_queue_ids":[],"_links":{"self":[{"href":"https:\/\/agora.xtec.cat\/escmestresm\/wp-json\/wp\/v2\/pages\/34","targetHints":{"allow":["GET"]}}],"collection":[{"href":"https:\/\/agora.xtec.cat\/escmestresm\/wp-json\/wp\/v2\/pages"}],"about":[{"href":"https:\/\/agora.xtec.cat\/escmestresm\/wp-json\/wp\/v2\/types\/page"}],"author":[{"embeddable":true,"href":"https:\/\/agora.xtec.cat\/escmestresm\/wp-json\/wp\/v2\/users\/1"}],"replies":[{"embeddable":true,"href":"https:\/\/agora.xtec.cat\/escmestresm\/wp-json\/wp\/v2\/comments?post=34"}],"version-history":[{"count":4,"href":"https:\/\/agora.xtec.cat\/escmestresm\/wp-json\/wp\/v2\/pages\/34\/revisions"}],"predecessor-version":[{"id":2467,"href":"https:\/\/agora.xtec.cat\/escmestresm\/wp-json\/wp\/v2\/pages\/34\/revisions\/2467"}],"up":[{"embeddable":true,"href":"https:\/\/agora.xtec.cat\/escmestresm\/wp-json\/wp\/v2\/pages\/22"}],"wp:attachment":[{"href":"https:\/\/agora.xtec.cat\/escmestresm\/wp-json\/wp\/v2\/media?parent=34"}],"curies":[{"name":"wp","href":"https:\/\/api.w.org\/{rel}","templated":true}]}}