{"id":2909,"date":"2023-01-25T12:35:50","date_gmt":"2023-01-25T11:35:50","guid":{"rendered":"https:\/\/agora.xtec.cat\/escmestresm\/?page_id=2909"},"modified":"2023-05-11T13:33:53","modified_gmt":"2023-05-11T11:33:53","slug":"estrategia-digital-del-centre-edc","status":"publish","type":"page","link":"https:\/\/agora.xtec.cat\/escmestresm\/estrategia-digital-del-centre-edc\/","title":{"rendered":"Estrat\u00e8gia Digital del Centre (EDC)"},"content":{"rendered":"<p style=\"text-align: left;\"><span style=\"font-size: 1.125em; font-weight: bold;\">Qu\u00e8 \u00e9s l\u2019Estrat\u00e8gia Digital de Centre?<\/span><\/p>\n<div class=\"entry-content\">\n<p>L\u2019Estrat\u00e8gia Digital de Centre (EDC) \u00e9s un document que recull totes les accions que es realitzen en un centre, i les que es realitzaran a mitj\u00e0 termini, per aconseguir la m\u00e0xima compet\u00e8ncia digital de l\u2019alumnat, del professorat i del centre educatiu. T\u00e9 com a referent el Pla d\u2019educaci\u00f3 digital de Catalunya (PEDC), on s\u2019indica la necessitat d\u2019assolir la fita d\u2019una societat digitalment competent, fent \u00e8mfasi en l\u2019equitat i tenint en compte l\u2019evoluci\u00f3 del context social i tecnol\u00f2gic.<\/p>\n<p><a href=\"https:\/\/agora.xtec.cat\/ies-dperramon\/wp-content\/uploads\/usu947\/2022\/07\/in-4.png\"><img loading=\"lazy\" decoding=\"async\" class=\"wp-image-6103 aligncenter\" src=\"https:\/\/agora.xtec.cat\/ies-dperramon\/wp-content\/uploads\/usu947\/2022\/07\/in-4.png\" sizes=\"auto, (max-width: 669px) 100vw, 669px\" srcset=\"https:\/\/agora.xtec.cat\/ies-dperramon\/wp-content\/uploads\/usu947\/2022\/07\/in-4.png 790w, https:\/\/agora.xtec.cat\/ies-dperramon\/wp-content\/uploads\/usu947\/2022\/07\/in-4-300x211.png 300w, https:\/\/agora.xtec.cat\/ies-dperramon\/wp-content\/uploads\/usu947\/2022\/07\/in-4-768x541.png 768w\" alt=\"\" width=\"669\" height=\"471\" \/><\/a><\/p>\n<h4>Com es portar\u00e0 a terme?<\/h4>\n<p><a href=\"https:\/\/educacio.gencat.cat\/web\/.content\/home\/departament\/publicacions\/colleccions\/pla-educacio-digital\/funcions-comissio-estrategia-digital-centre\/funcions-comissio-estrategia-digital-centre.pdf\"><img loading=\"lazy\" decoding=\"async\" class=\"wp-image-6109 aligncenter\" src=\"https:\/\/agora.xtec.cat\/ies-dperramon\/wp-content\/uploads\/usu947\/2022\/07\/com.png\" sizes=\"auto, (max-width: 654px) 100vw, 654px\" srcset=\"https:\/\/agora.xtec.cat\/ies-dperramon\/wp-content\/uploads\/usu947\/2022\/07\/com.png 773w, https:\/\/agora.xtec.cat\/ies-dperramon\/wp-content\/uploads\/usu947\/2022\/07\/com-300x214.png 300w, https:\/\/agora.xtec.cat\/ies-dperramon\/wp-content\/uploads\/usu947\/2022\/07\/com-768x547.png 768w\" alt=\"\" width=\"654\" height=\"466\" \/><\/a><\/p>\n<h4>L&#8217;estrat\u00e8gia digital a l&#8217;escola Mestres Monta\u00f1a:<\/h4>\n<p>En el <a href=\"https:\/\/agora.xtec.cat\/escmestresm\/pagina-dinici-buida\/documents\/documents-mestres\/pec\/\">PEC<\/a> del centre es detallen les dades de contextualitzaci\u00f3 general del centre. Pel que fa als aspectes sobre tecnologia digital, cal tenir en compte que el centre fa anys que ha fet una clara aposta per la digitalitzaci\u00f3. Tot l\u2019alumnat disposa d\u2019un usuari de centre que els permet tenir serveis com s\u00f3n el correu electr\u00f2nic, l\u2019emmagatzematge al n\u00favol, entre d&#8217;altres. El centre tamb\u00e9 aposta per l&#8217;adquisici\u00f3 de nou maquinari que faciliti un millor acc\u00e9s al m\u00f3n digital, aix\u00ed com l&#8217;\u00fas de plataformes digitals per a la comunicaci\u00f3 amb les fam\u00edlies.<\/p>\n<p>Per poder desenvolupar l\u2019Estrat\u00e8gia Digital de Centre s\u2019estableixen dues l\u00ednies de treball. Podeu accedir a tota la informaci\u00f3 seguint els seg\u00fcents enlla\u00e7os:<\/p>\n<ul>\n<li><a href=\"https:\/\/agora.xtec.cat\/escmestresm\/pagina-dinici-buida\/documents\/documents-mestres\/estrategia-digital-del-centre-edc\/part-estrategica\/\">Estrat\u00e8gia Digital<\/a><\/li>\n<li><a href=\"https:\/\/agora.xtec.cat\/escmestresm\/pagina-dinici-buida\/documents\/documents-mestres\/estrategia-digital-del-centre-edc\/cultura-digital\/\">Cultura Digital<\/a><\/li>\n<\/ul>\n<\/div>\n","protected":false},"excerpt":{"rendered":"<p>Qu\u00e8 \u00e9s l\u2019Estrat\u00e8gia Digital de Centre?<\/p>\n<p>L\u2019Estrat\u00e8gia Digital de Centre (EDC) \u00e9s un document que recull totes les accions que es realitzen en un centre, i les que es realitzaran a mitj\u00e0 termini, per aconseguir la m\u00e0xima compet\u00e8ncia digital de l\u2019alumnat, del professorat i del centre&hellip;  <a href=\"https:\/\/agora.xtec.cat\/escmestresm\/estrategia-digital-del-centre-edc\/\" title=\"Read Estrat\u00e8gia Digital del Centre (EDC)\">Llegeix m\u00e9s\u00bb<\/a><\/p>\n","protected":false},"author":3,"featured_media":0,"parent":0,"menu_order":0,"comment_status":"closed","ping_status":"closed","template":"page-templates\/side-menu.php","meta":{"_bbp_topic_count":0,"_bbp_reply_count":0,"_bbp_total_topic_count":0,"_bbp_total_reply_count":0,"_bbp_voice_count":0,"_bbp_anonymous_reply_count":0,"_bbp_topic_count_hidden":0,"_bbp_reply_count_hidden":0,"_bbp_forum_subforum_count":0,"footnotes":""},"class_list":["post-2909","page","type-page","status-publish","hentry"],"post_mailing_queue_ids":[],"_links":{"self":[{"href":"https:\/\/agora.xtec.cat\/escmestresm\/wp-json\/wp\/v2\/pages\/2909","targetHints":{"allow":["GET"]}}],"collection":[{"href":"https:\/\/agora.xtec.cat\/escmestresm\/wp-json\/wp\/v2\/pages"}],"about":[{"href":"https:\/\/agora.xtec.cat\/escmestresm\/wp-json\/wp\/v2\/types\/page"}],"author":[{"embeddable":true,"href":"https:\/\/agora.xtec.cat\/escmestresm\/wp-json\/wp\/v2\/users\/3"}],"replies":[{"embeddable":true,"href":"https:\/\/agora.xtec.cat\/escmestresm\/wp-json\/wp\/v2\/comments?post=2909"}],"version-history":[{"count":3,"href":"https:\/\/agora.xtec.cat\/escmestresm\/wp-json\/wp\/v2\/pages\/2909\/revisions"}],"predecessor-version":[{"id":2958,"href":"https:\/\/agora.xtec.cat\/escmestresm\/wp-json\/wp\/v2\/pages\/2909\/revisions\/2958"}],"wp:attachment":[{"href":"https:\/\/agora.xtec.cat\/escmestresm\/wp-json\/wp\/v2\/media?parent=2909"}],"curies":[{"name":"wp","href":"https:\/\/api.w.org\/{rel}","templated":true}]}}