{"id":26,"date":"2014-09-18T12:24:32","date_gmt":"2014-09-18T11:24:32","guid":{"rendered":"http:\/\/agora.xtec.cat\/escmestresm\/?page_id=26"},"modified":"2023-02-06T15:51:09","modified_gmt":"2023-02-06T14:51:09","slug":"historia","status":"publish","type":"page","link":"https:\/\/agora.xtec.cat\/escmestresm\/pagina-dinici-buida\/lescola\/historia\/","title":{"rendered":"Hist\u00f2ria"},"content":{"rendered":"<h1 class=\"entry-title\">EL NOM DE L\u2019ESCOLA<\/h1>\n<div class=\"entry-content\">\n<p><strong>La nostra escola porta el nom de Mestres Monta\u00f1a. Aix\u00ed ho va acordar l\u2019ajuntament de Granollers l\u2019any 1985. <\/strong><\/p>\n<p><strong>Els mestres Monta\u00f1a eren Joan Monta\u00f1a i Maria Tuset, unes persones que van treballar a Granollers des de l\u2019any 1926 fins l\u2019any 1960. <\/strong><\/p>\n<p><strong>El seu pas per les diferents escoles on van ensenyar va deixar una empremta especial. Van ser uns mestres amb una formaci\u00f3 pedag\u00f2gica s\u00f2lida, amb idees i comportaments molt avan\u00e7ats per l\u2019\u00e8poca que van viure. <\/strong><\/p>\n<p><strong>Treballaven moguts per uns ideals d\u2019escola nova, progressista i catalana, i els alumnes, nois i noies, que van tenir al llarg dels anys aix\u00ed ho recorden. Aquests \u00e9s l\u2019esperit que hem volgut mantenir durant aquests 35 anys.<\/strong><\/p>\n<p><a href=\"https:\/\/agora.xtec.cat\/escmestresm\/wp-content\/uploads\/usu1870\/2023\/02\/mestres-Montana.png\"><img loading=\"lazy\" decoding=\"async\" class=\"alignnone size-full wp-image-2998\" src=\"https:\/\/agora.xtec.cat\/escmestresm\/wp-content\/uploads\/usu1870\/2023\/02\/mestres-Montana.png\" alt=\"\" width=\"788\" height=\"822\" srcset=\"https:\/\/agora.xtec.cat\/escmestresm\/wp-content\/uploads\/usu1870\/2023\/02\/mestres-Montana.png 788w, https:\/\/agora.xtec.cat\/escmestresm\/wp-content\/uploads\/usu1870\/2023\/02\/mestres-Montana-288x300.png 288w, https:\/\/agora.xtec.cat\/escmestresm\/wp-content\/uploads\/usu1870\/2023\/02\/mestres-Montana-768x801.png 768w\" sizes=\"auto, (max-width: 788px) 100vw, 788px\" \/><\/a><\/p>\n<\/div>\n","protected":false},"excerpt":{"rendered":"<p>EL NOM DE L\u2019ESCOLA<\/p>\n<p>La nostra escola porta el nom de Mestres Monta\u00f1a. Aix\u00ed ho va acordar l\u2019ajuntament de Granollers l\u2019any 1985.<br \/>\nEls mestres Monta\u00f1a eren Joan Monta\u00f1a i Maria Tuset, unes persones que van treballar a Granollers des de l\u2019any 1926 fins l\u2019any 1960.<br \/>\nEl&hellip;  <a href=\"https:\/\/agora.xtec.cat\/escmestresm\/pagina-dinici-buida\/lescola\/historia\/\" title=\"Read Hist\u00f2ria\">Llegeix m\u00e9s\u00bb<\/a><\/p>\n","protected":false},"author":1,"featured_media":0,"parent":22,"menu_order":20,"comment_status":"closed","ping_status":"closed","template":"page-templates\/side-menu.php","meta":{"_bbp_topic_count":0,"_bbp_reply_count":0,"_bbp_total_topic_count":0,"_bbp_total_reply_count":0,"_bbp_voice_count":0,"_bbp_anonymous_reply_count":0,"_bbp_topic_count_hidden":0,"_bbp_reply_count_hidden":0,"_bbp_forum_subforum_count":0,"footnotes":""},"class_list":["post-26","page","type-page","status-publish","hentry"],"post_mailing_queue_ids":[],"_links":{"self":[{"href":"https:\/\/agora.xtec.cat\/escmestresm\/wp-json\/wp\/v2\/pages\/26","targetHints":{"allow":["GET"]}}],"collection":[{"href":"https:\/\/agora.xtec.cat\/escmestresm\/wp-json\/wp\/v2\/pages"}],"about":[{"href":"https:\/\/agora.xtec.cat\/escmestresm\/wp-json\/wp\/v2\/types\/page"}],"author":[{"embeddable":true,"href":"https:\/\/agora.xtec.cat\/escmestresm\/wp-json\/wp\/v2\/users\/1"}],"replies":[{"embeddable":true,"href":"https:\/\/agora.xtec.cat\/escmestresm\/wp-json\/wp\/v2\/comments?post=26"}],"version-history":[{"count":3,"href":"https:\/\/agora.xtec.cat\/escmestresm\/wp-json\/wp\/v2\/pages\/26\/revisions"}],"predecessor-version":[{"id":2999,"href":"https:\/\/agora.xtec.cat\/escmestresm\/wp-json\/wp\/v2\/pages\/26\/revisions\/2999"}],"up":[{"embeddable":true,"href":"https:\/\/agora.xtec.cat\/escmestresm\/wp-json\/wp\/v2\/pages\/22"}],"wp:attachment":[{"href":"https:\/\/agora.xtec.cat\/escmestresm\/wp-json\/wp\/v2\/media?parent=26"}],"curies":[{"name":"wp","href":"https:\/\/api.w.org\/{rel}","templated":true}]}}