{"id":22,"date":"2014-09-18T12:19:57","date_gmt":"2014-09-18T10:19:57","guid":{"rendered":"http:\/\/agora.xtec.cat\/escmestresm\/?page_id=22"},"modified":"2021-01-08T10:28:50","modified_gmt":"2021-01-08T09:28:50","slug":"lescola","status":"publish","type":"page","link":"https:\/\/agora.xtec.cat\/escmestresm\/pagina-dinici-buida\/lescola\/","title":{"rendered":"L&#8217;escola"},"content":{"rendered":"<h1 class=\"entry-title\">CARACTER\u00cdSTIQUES<\/h1>\n<div class=\"entry-content\">\n<p><strong>Centre d\u2019educaci\u00f3 infantil i prim\u00e0ria de dues l\u00ednies, des dels 3 i fins als 12 anys.<\/strong><\/p>\n<p><strong>Va entrar en funcionament el curs 1985 \u2013 1986.<\/strong><\/p>\n<p><strong>En el Projecte educatiu de Centre es defineix com: escola catalana, activa, plural i democr\u00e0tica, oberta a la inclusi\u00f3 i a la diversitat.<\/strong><\/p>\n<p><strong>La llengua d\u2019aprenentatge, d\u2019\u00fas habitual i de relaci\u00f3 amb l\u2019alumnat i les fam\u00edlies \u00e9s la catalana. Es sistematitza la llengua castellana i s\u2019inicia l\u2019aprenentatge de la llengua anglesa a partir de 1r. curs.<\/strong><\/p>\n<p><strong>L\u2019alumnat s\u2019inicia en el camp inform\u00e0tic des de P3.<\/strong><\/p>\n<p><strong>Dins el curr\u00edculum treballem valors de pau, respecte,cooperaci\u00f3 i solidaritat.<\/strong><\/p>\n<\/div>\n<h1 class=\"entry-title\">TRETS D\u2019IDENTITAT<\/h1>\n<div class=\"entry-content\">\n<p><strong>ESCOLA CATALANA L\u2019Escola es defineix com a escola catalana. En els seus continguts inclou els trets d\u2019identitat que conformen la cultura catalana, a la vegada que treballa i potencia les tradicions pr\u00f2pies del pa\u00eds. <\/strong><\/p>\n<p><strong>ESCOLA ACTIVA Considerem l\u2019educaci\u00f3 com un proc\u00e9s integral que es desenvolupa tot tenint en compte les dimensions socials i individuals de l\u2019alumne, i que cerca el seu desenvolupament i millora en els diferents \u00e0mbits: f\u00edsic, intel\u00b7lectual, moral\u2026\u00c9s per aix\u00f2 que a la nostra escola considerem tan important desenvolupar uns valors a nivell instructiu de coneixements, com tamb\u00e9 a nivell hum\u00e0, de relaci\u00f3 i sociabilitat, de respecte i de solidaritat. <\/strong><\/p>\n<p><strong>ESCOLA PLURAL I AMB VALORS DEMOCR\u00c0TICS L\u2019escola respecta l\u2019evoluci\u00f3 de l\u2019alumne en el sentit de no imposar-li cap concepci\u00f3 partidista de la pol\u00edtica. Creiem que la funci\u00f3 de l\u2019escola en aquesta societat \u00e9s orientar i ajudar els nens i les nenes en el dif\u00edcil aprenentatge de la conviv\u00e8ncia i de la solidaritat, respectant la llibertat de cadasc\u00fa,la seva personalitat i les seves conviccions, les quals no podran ser pertorbades per cap tipus de coacci\u00f3 ni per l\u2019obligaci\u00f3 d\u2019assumir ideologies o creences determinades.<\/strong><\/p>\n<\/div>\n<h1 class=\"entry-title\">ASPECTES A DESTACAR<\/h1>\n<div class=\"entry-content\">\n<p><strong>Veure <a href=\"https:\/\/agora.xtec.cat\/escmestresm\/pagina-dinici-buida\/lescola\/oferta-educativa\/\">oferta educativa<\/a><\/strong><\/p>\n<\/div>\n","protected":false},"excerpt":{"rendered":"<p>CARACTER\u00cdSTIQUES<\/p>\n<p>Centre d\u2019educaci\u00f3 infantil i prim\u00e0ria de dues l\u00ednies, des dels 3 i fins als 12 anys.<br \/>\nVa entrar en funcionament el curs 1985 \u2013 1986.<br \/>\nEn el Projecte educatiu de Centre es defineix com: escola catalana, activa, plural i democr\u00e0tica, oberta a la inclusi\u00f3 i a la&hellip;  <a href=\"https:\/\/agora.xtec.cat\/escmestresm\/pagina-dinici-buida\/lescola\/\" title=\"Read L&#8217;escola\">Llegeix m\u00e9s\u00bb<\/a><\/p>\n","protected":false},"author":1,"featured_media":0,"parent":9,"menu_order":0,"comment_status":"closed","ping_status":"closed","template":"page-templates\/side-menu.php","meta":{"_bbp_topic_count":0,"_bbp_reply_count":0,"_bbp_total_topic_count":0,"_bbp_total_reply_count":0,"_bbp_voice_count":0,"_bbp_anonymous_reply_count":0,"_bbp_topic_count_hidden":0,"_bbp_reply_count_hidden":0,"_bbp_forum_subforum_count":0,"footnotes":""},"class_list":["post-22","page","type-page","status-publish","hentry"],"post_mailing_queue_ids":[],"_links":{"self":[{"href":"https:\/\/agora.xtec.cat\/escmestresm\/wp-json\/wp\/v2\/pages\/22","targetHints":{"allow":["GET"]}}],"collection":[{"href":"https:\/\/agora.xtec.cat\/escmestresm\/wp-json\/wp\/v2\/pages"}],"about":[{"href":"https:\/\/agora.xtec.cat\/escmestresm\/wp-json\/wp\/v2\/types\/page"}],"author":[{"embeddable":true,"href":"https:\/\/agora.xtec.cat\/escmestresm\/wp-json\/wp\/v2\/users\/1"}],"replies":[{"embeddable":true,"href":"https:\/\/agora.xtec.cat\/escmestresm\/wp-json\/wp\/v2\/comments?post=22"}],"version-history":[{"count":3,"href":"https:\/\/agora.xtec.cat\/escmestresm\/wp-json\/wp\/v2\/pages\/22\/revisions"}],"predecessor-version":[{"id":2016,"href":"https:\/\/agora.xtec.cat\/escmestresm\/wp-json\/wp\/v2\/pages\/22\/revisions\/2016"}],"up":[{"embeddable":true,"href":"https:\/\/agora.xtec.cat\/escmestresm\/wp-json\/wp\/v2\/pages\/9"}],"wp:attachment":[{"href":"https:\/\/agora.xtec.cat\/escmestresm\/wp-json\/wp\/v2\/media?parent=22"}],"curies":[{"name":"wp","href":"https:\/\/api.w.org\/{rel}","templated":true}]}}