{"id":1092,"date":"2019-09-11T16:44:55","date_gmt":"2019-09-11T14:44:55","guid":{"rendered":"http:\/\/agora.xtec.cat\/escmestresm\/?page_id=1092"},"modified":"2025-10-27T17:47:42","modified_gmt":"2025-10-27T16:47:42","slug":"erasmus-maths-is-life","status":"publish","type":"page","link":"https:\/\/agora.xtec.cat\/escmestresm\/pagina-dinici-buida\/projectes\/erasmus-maths-is-life\/","title":{"rendered":"Erasmus+ Maths is life (2019-2021)"},"content":{"rendered":"<h3>Una de les tasques del nostre projecte Erasmus+ Maths is life que d\u00f3na inici al projecte \u00e9s fer un logo que representi els pa\u00efsos que hi participem (Turquia, Romania, It\u00e0lia, Portugal, Gr\u00e8cia i nosaltres). Aqu\u00ed us deixem el resultat d\u2019aquesta feina feta pels nostres alumnes de 5\u00e8.<br \/>\n<iframe loading=\"lazy\" src=\"https:\/\/www.youtube.com\/embed\/PMl49D30I7k\" width=\"560\" height=\"315\" frameborder=\"0\"><\/iframe><\/h3>\n<h3>EXPOSICI\u00d3 DE FOTOGRAFIES DEL CONCURS<\/h3>\n<p style=\"text-align: center;\"><a href=\"https:\/\/agora.xtec.cat\/escmestresm\/portada\/general\/mostra-concurs-fotografia-simetrica\/\"><img loading=\"lazy\" decoding=\"async\" class=\"alignnone size-full wp-image-1273\" src=\"https:\/\/agora.xtec.cat\/escmestresm\/wp-content\/uploads\/usu1870\/2020\/02\/Captura.png\" alt=\"\" width=\"452\" height=\"363\" srcset=\"https:\/\/agora.xtec.cat\/escmestresm\/wp-content\/uploads\/usu1870\/2020\/02\/Captura.png 452w, https:\/\/agora.xtec.cat\/escmestresm\/wp-content\/uploads\/usu1870\/2020\/02\/Captura-300x241.png 300w\" sizes=\"auto, (max-width: 452px) 100vw, 452px\" \/><\/a><\/p>\n<h3>GUANYADORS\/ES CONCURS DE FOTOGRAFIA DE LA SIMETRIA<\/h3>\n<h3>Despr\u00e9s d\u2019haver exposat i recollit totes les fotografies que ens vau fer arribar, us comuniquem les que ha triat el jurat. Aquestes fotografies viatjaran a Turquia quan es pugui fer la mobilitat.<\/h3>\n<h3>Gr\u00e0cies a tots i a totes per la vostra participaci\u00f3 i enhorabona als\/les guanyadors\/es.<\/h3>\n<p><iframe loading=\"lazy\" src=\"https:\/\/www.youtube.com\/embed\/enuqi9ERwo0\" width=\"560\" height=\"315\" frameborder=\"0\"><\/iframe><\/p>\n<h3>Aqu\u00ed us presentem en Lucas Mestres Monta\u00f1a. Viatjar\u00e0 amb els embaxaidors\/es de la nostra escola als pa\u00efsos dels nostres companys\/es europeus. Esperem que sigui ben aviat !!!!!<\/h3>\n<p style=\"text-align: center;\"><a href=\"https:\/\/agora.xtec.cat\/escmestresm\/wp-content\/uploads\/usu1870\/2020\/04\/Captura-1.jpg\"><img loading=\"lazy\" decoding=\"async\" class=\"alignnone size-full wp-image-1484\" src=\"https:\/\/agora.xtec.cat\/escmestresm\/wp-content\/uploads\/usu1870\/2020\/04\/Captura-1.jpg\" alt=\"\" width=\"348\" height=\"496\" srcset=\"https:\/\/agora.xtec.cat\/escmestresm\/wp-content\/uploads\/usu1870\/2020\/04\/Captura-1.jpg 348w, https:\/\/agora.xtec.cat\/escmestresm\/wp-content\/uploads\/usu1870\/2020\/04\/Captura-1-210x300.jpg 210w\" sizes=\"auto, (max-width: 348px) 100vw, 348px\" \/><\/a><\/p>\n<h3>Creem jocs matem\u00e0tics: els alumnes de 5\u00e8 van preparar-ne aquest.<\/h3>\n<p><iframe loading=\"lazy\" src=\"https:\/\/wordwall.net\/embed\/d5e4e4b09f904f6ebcf91060b9a4b7a5?themeId=1&amp;templateId=25\" width=\"500\" height=\"380\" frameborder=\"0\"><\/iframe><\/p>\n<h3>Aquesta \u00e9s la proposta de joc dels companys i companyes grecs<\/h3>\n<p style=\"text-align: center;\"><a href=\"http:\/\/3dim-n-ionias.mag.sch.gr\/new\/erasmus\/SCHOOLS-FLAGS-LOGO\/concen_EN.html\"><img loading=\"lazy\" decoding=\"async\" class=\"alignnone size-full wp-image-1569\" src=\"https:\/\/agora.xtec.cat\/escmestresm\/wp-content\/uploads\/usu1870\/2020\/04\/Captura-15.jpg\" alt=\"\" width=\"634\" height=\"498\" srcset=\"https:\/\/agora.xtec.cat\/escmestresm\/wp-content\/uploads\/usu1870\/2020\/04\/Captura-15.jpg 634w, https:\/\/agora.xtec.cat\/escmestresm\/wp-content\/uploads\/usu1870\/2020\/04\/Captura-15-300x236.jpg 300w\" sizes=\"auto, (max-width: 634px) 100vw, 634px\" \/><\/a><\/p>\n<p style=\"text-align: center;\"><a href=\"https:\/\/agora.xtec.cat\/escmestresm\/wp-content\/uploads\/usu1870\/2020\/06\/Captura-3.jpg\"><img loading=\"lazy\" decoding=\"async\" class=\"alignnone size-full wp-image-1718\" src=\"https:\/\/agora.xtec.cat\/escmestresm\/wp-content\/uploads\/usu1870\/2020\/06\/Captura-3.jpg\" alt=\"\" width=\"436\" height=\"614\" srcset=\"https:\/\/agora.xtec.cat\/escmestresm\/wp-content\/uploads\/usu1870\/2020\/06\/Captura-3.jpg 436w, https:\/\/agora.xtec.cat\/escmestresm\/wp-content\/uploads\/usu1870\/2020\/06\/Captura-3-213x300.jpg 213w\" sizes=\"auto, (max-width: 436px) 100vw, 436px\" \/><\/a><\/p>\n<h3><\/h3>\n<p>&nbsp;<\/p>\n","protected":false},"excerpt":{"rendered":"<p>Una de les tasques del nostre projecte Erasmus+ Maths is life que d\u00f3na inici al projecte \u00e9s fer un logo que representi els pa\u00efsos que hi participem (Turquia, Romania, It\u00e0lia, Portugal, Gr\u00e8cia i nosaltres). Aqu\u00ed us deixem el resultat d\u2019aquesta feina feta pels nostres alumnes&hellip;  <a href=\"https:\/\/agora.xtec.cat\/escmestresm\/pagina-dinici-buida\/projectes\/erasmus-maths-is-life\/\" title=\"Read Erasmus+ Maths is life (2019-2021)\">Llegeix m\u00e9s\u00bb<\/a><\/p>\n","protected":false},"author":4,"featured_media":0,"parent":638,"menu_order":0,"comment_status":"closed","ping_status":"closed","template":"","meta":{"_bbp_topic_count":0,"_bbp_reply_count":0,"_bbp_total_topic_count":0,"_bbp_total_reply_count":0,"_bbp_voice_count":0,"_bbp_anonymous_reply_count":0,"_bbp_topic_count_hidden":0,"_bbp_reply_count_hidden":0,"_bbp_forum_subforum_count":0,"footnotes":""},"class_list":["post-1092","page","type-page","status-publish","hentry"],"post_mailing_queue_ids":[],"_links":{"self":[{"href":"https:\/\/agora.xtec.cat\/escmestresm\/wp-json\/wp\/v2\/pages\/1092","targetHints":{"allow":["GET"]}}],"collection":[{"href":"https:\/\/agora.xtec.cat\/escmestresm\/wp-json\/wp\/v2\/pages"}],"about":[{"href":"https:\/\/agora.xtec.cat\/escmestresm\/wp-json\/wp\/v2\/types\/page"}],"author":[{"embeddable":true,"href":"https:\/\/agora.xtec.cat\/escmestresm\/wp-json\/wp\/v2\/users\/4"}],"replies":[{"embeddable":true,"href":"https:\/\/agora.xtec.cat\/escmestresm\/wp-json\/wp\/v2\/comments?post=1092"}],"version-history":[{"count":5,"href":"https:\/\/agora.xtec.cat\/escmestresm\/wp-json\/wp\/v2\/pages\/1092\/revisions"}],"predecessor-version":[{"id":5506,"href":"https:\/\/agora.xtec.cat\/escmestresm\/wp-json\/wp\/v2\/pages\/1092\/revisions\/5506"}],"up":[{"embeddable":true,"href":"https:\/\/agora.xtec.cat\/escmestresm\/wp-json\/wp\/v2\/pages\/638"}],"wp:attachment":[{"href":"https:\/\/agora.xtec.cat\/escmestresm\/wp-json\/wp\/v2\/media?parent=1092"}],"curies":[{"name":"wp","href":"https:\/\/api.w.org\/{rel}","templated":true}]}}