{"id":1014,"date":"2019-07-09T12:26:27","date_gmt":"2019-07-09T10:26:27","guid":{"rendered":"http:\/\/agora.xtec.cat\/escmestresm\/?page_id=1014"},"modified":"2022-09-02T14:10:35","modified_gmt":"2022-09-02T12:10:35","slug":"educacio-primaria","status":"publish","type":"page","link":"https:\/\/agora.xtec.cat\/escmestresm\/pagina-dinici-buida\/nivells\/educacio-primaria\/","title":{"rendered":"Educaci\u00f3 Prim\u00e0ria"},"content":{"rendered":"<p><strong>Ed. Prim\u00e0ria<\/strong><\/p>\n<ul>\n<li><a href=\"https:\/\/blocs.xtec.cat\/mm2016\">1r<\/a><\/li>\n<li><a href=\"https:\/\/blocs.xtec.cat\/mm2015\/\">2n<\/a><\/li>\n<li><a href=\"https:\/\/blocs.xtec.cat\/mm2014\/\">3r<\/a><\/li>\n<li><a href=\"https:\/\/blocs.xtec.cat\/mm2013\/\">4t<\/a><\/li>\n<li><a href=\"https:\/\/blocs.xtec.cat\/mm2012\/\">5\u00e8<\/a><\/li>\n<li><a href=\"https:\/\/blocs.xtec.cat\/mm2011\/\">6\u00e8<\/a><\/li>\n<\/ul>\n<p><strong>M\u00e9s blocs<\/strong><\/p>\n<p><a href=\"http:\/\/www.eurolanderasmus.eu\/\"><strong>Erasmus<\/strong>+<\/a>Web del projecte Erasmus.<\/p>\n<p><a href=\"https:\/\/blocs.xtec.cat\/tellmebloc\/\">Tell me bloc<\/a>. Bloc d\u2019angl\u00e8s de l\u2019escola.<\/p>\n<p><a href=\"https:\/\/blocs.xtec.cat\/sonabloc\/\"><strong>Sonabloc<\/strong><\/a>. Web de m\u00fasica de l\u2019escola.<\/p>\n<p><strong><a href=\"https:\/\/blocs.xtec.cat\/mmciencies\/\">Bloc de Ci\u00e8ncies<\/a>.<\/strong> Web del laboratori de l\u2019escola.<\/p>\n","protected":false},"excerpt":{"rendered":"<p>Ed. Prim\u00e0ria<\/p>\n<ul>\n<li><a href=\"https:\/\/blocs.xtec.cat\/mm2016\">1r<\/a><\/li>\n<li><a href=\"https:\/\/blocs.xtec.cat\/mm2015\/\">2n<\/a><\/li>\n<li><a href=\"https:\/\/blocs.xtec.cat\/mm2014\/\">3r<\/a><\/li>\n<li><a href=\"https:\/\/blocs.xtec.cat\/mm2013\/\">4t<\/a><\/li>\n<li><a href=\"https:\/\/blocs.xtec.cat\/mm2012\/\">5\u00e8<\/a><\/li>\n<li><a href=\"https:\/\/blocs.xtec.cat\/mm2011\/\">6\u00e8<\/a><\/li>\n<\/ul>\n<p>M\u00e9s blocs<br \/>\n<a href=\"http:\/\/www.eurolanderasmus.eu\/\">Erasmus+<\/a>Web del projecte Erasmus.<br \/>\n<a href=\"https:\/\/blocs.xtec.cat\/tellmebloc\/\">Tell me bloc<\/a>. Bloc d\u2019angl\u00e8s de l\u2019escola.<br \/>\n<a href=\"https:\/\/blocs.xtec.cat\/sonabloc\/\">Sonabloc<\/a>. Web de m\u00fasica de l\u2019escola.<br \/>\n<a href=\"https:\/\/blocs.xtec.cat\/mmciencies\/\">Bloc de Ci\u00e8ncies<\/a>. Web del laboratori de l\u2019escola.<\/p>\n","protected":false},"author":3,"featured_media":0,"parent":87,"menu_order":2,"comment_status":"closed","ping_status":"closed","template":"page-templates\/side-menu.php","meta":{"_bbp_topic_count":0,"_bbp_reply_count":0,"_bbp_total_topic_count":0,"_bbp_total_reply_count":0,"_bbp_voice_count":0,"_bbp_anonymous_reply_count":0,"_bbp_topic_count_hidden":0,"_bbp_reply_count_hidden":0,"_bbp_forum_subforum_count":0,"footnotes":""},"class_list":["post-1014","page","type-page","status-publish","hentry"],"post_mailing_queue_ids":[],"_links":{"self":[{"href":"https:\/\/agora.xtec.cat\/escmestresm\/wp-json\/wp\/v2\/pages\/1014","targetHints":{"allow":["GET"]}}],"collection":[{"href":"https:\/\/agora.xtec.cat\/escmestresm\/wp-json\/wp\/v2\/pages"}],"about":[{"href":"https:\/\/agora.xtec.cat\/escmestresm\/wp-json\/wp\/v2\/types\/page"}],"author":[{"embeddable":true,"href":"https:\/\/agora.xtec.cat\/escmestresm\/wp-json\/wp\/v2\/users\/3"}],"replies":[{"embeddable":true,"href":"https:\/\/agora.xtec.cat\/escmestresm\/wp-json\/wp\/v2\/comments?post=1014"}],"version-history":[{"count":4,"href":"https:\/\/agora.xtec.cat\/escmestresm\/wp-json\/wp\/v2\/pages\/1014\/revisions"}],"predecessor-version":[{"id":2812,"href":"https:\/\/agora.xtec.cat\/escmestresm\/wp-json\/wp\/v2\/pages\/1014\/revisions\/2812"}],"up":[{"embeddable":true,"href":"https:\/\/agora.xtec.cat\/escmestresm\/wp-json\/wp\/v2\/pages\/87"}],"wp:attachment":[{"href":"https:\/\/agora.xtec.cat\/escmestresm\/wp-json\/wp\/v2\/media?parent=1014"}],"curies":[{"name":"wp","href":"https:\/\/api.w.org\/{rel}","templated":true}]}}