{"id":77,"date":"2014-09-18T14:05:08","date_gmt":"2014-09-18T13:05:08","guid":{"rendered":"http:\/\/agora.xtec.cat\/escmartiingles\/?page_id=77"},"modified":"2022-09-05T13:01:37","modified_gmt":"2022-09-05T11:01:37","slug":"acollida","status":"publish","type":"page","link":"https:\/\/agora.xtec.cat\/escmartiingles\/serveis\/acollida\/","title":{"rendered":"Acollida"},"content":{"rendered":"<p>El servei d&#8217;acollida al mat\u00ed i a la tarda est\u00e0 gestionat per l&#8217;Ajuntament de Palau-saverdera, a trav\u00e9s de l&#8217;empresa Ori\u00f3 Serveis Educatius.<\/p>\n<p>Els horaris s\u00f3n de 8:00 a 9:00 al mat\u00ed i de 16:00 a 18:00. L&#8217;acollida es realitza al porxo d&#8217;infantil. Per insriure&#8217;s cal que parleu directament amb la monitora d&#8217;acollida.<\/p>\n","protected":false},"excerpt":{"rendered":"<p>El servei d&#8217;acollida al mat\u00ed i a la tarda est\u00e0 gestionat per l&#8217;Ajuntament de Palau-saverdera, a trav\u00e9s de l&#8217;empresa Ori\u00f3 Serveis Educatius.<br \/>\nEls horaris s\u00f3n de 8:00 a 9:00 al mat\u00ed i de 16:00 a 18:00. L&#8217;acollida es realitza al porxo d&#8217;infantil. Per insriure&#8217;s cal que&hellip;  <a href=\"https:\/\/agora.xtec.cat\/escmartiingles\/serveis\/acollida\/\" title=\"Read Acollida\">Llegeix m\u00e9s\u00bb<\/a><\/p>\n","protected":false},"author":1,"featured_media":0,"parent":66,"menu_order":20,"comment_status":"closed","ping_status":"closed","template":"page-templates\/side-menu.php","meta":{"_bbp_topic_count":0,"_bbp_reply_count":0,"_bbp_total_topic_count":0,"_bbp_total_reply_count":0,"_bbp_voice_count":0,"_bbp_anonymous_reply_count":0,"_bbp_topic_count_hidden":0,"_bbp_reply_count_hidden":0,"_bbp_forum_subforum_count":0,"footnotes":""},"class_list":["post-77","page","type-page","status-publish","hentry"],"post_mailing_queue_ids":[],"_links":{"self":[{"href":"https:\/\/agora.xtec.cat\/escmartiingles\/wp-json\/wp\/v2\/pages\/77","targetHints":{"allow":["GET"]}}],"collection":[{"href":"https:\/\/agora.xtec.cat\/escmartiingles\/wp-json\/wp\/v2\/pages"}],"about":[{"href":"https:\/\/agora.xtec.cat\/escmartiingles\/wp-json\/wp\/v2\/types\/page"}],"author":[{"embeddable":true,"href":"https:\/\/agora.xtec.cat\/escmartiingles\/wp-json\/wp\/v2\/users\/1"}],"replies":[{"embeddable":true,"href":"https:\/\/agora.xtec.cat\/escmartiingles\/wp-json\/wp\/v2\/comments?post=77"}],"version-history":[{"count":3,"href":"https:\/\/agora.xtec.cat\/escmartiingles\/wp-json\/wp\/v2\/pages\/77\/revisions"}],"predecessor-version":[{"id":728,"href":"https:\/\/agora.xtec.cat\/escmartiingles\/wp-json\/wp\/v2\/pages\/77\/revisions\/728"}],"up":[{"embeddable":true,"href":"https:\/\/agora.xtec.cat\/escmartiingles\/wp-json\/wp\/v2\/pages\/66"}],"wp:attachment":[{"href":"https:\/\/agora.xtec.cat\/escmartiingles\/wp-json\/wp\/v2\/media?parent=77"}],"curies":[{"name":"wp","href":"https:\/\/api.w.org\/{rel}","templated":true}]}}