{"id":7237,"date":"2020-10-11T01:57:24","date_gmt":"2020-10-10T23:57:24","guid":{"rendered":"http:\/\/agora.xtec.cat\/escmarquesdelapobla\/?page_id=7237"},"modified":"2024-09-07T09:52:08","modified_gmt":"2024-09-07T07:52:08","slug":"documents","status":"publish","type":"page","link":"https:\/\/agora.xtec.cat\/escmarquesdelapobla\/documents\/","title":{"rendered":"DOCUMENTS"},"content":{"rendered":"<p>Podeu consultar o descarregar, en format PDF, els documents de l\u2019escola que apareixen a continuaci\u00f3:<\/p>\n<ul>\n<li><a href=\"https:\/\/www.educacionyfp.gob.es\/ca\/servicios-al-ciudadano\/catalogo\/estudiantes\/becas-ayudas\/para-estudiar\/primaria-secundaria\/necesidad-especifica-apoyo-educativo.html\">Beques 22-23<\/a><\/li>\n<li><a href=\"https:\/\/agora.xtec.cat\/escmarquesdelapobla\/wp-content\/uploads\/usu1682\/2023\/07\/Llibres-de-text-curs-2023-24-1.pdf\">Llibres de text curs 2023-24<\/a><\/li>\n<li><a href=\"https:\/\/agora.xtec.cat\/escmarquesdelapobla\/wp-content\/uploads\/usu1682\/2023\/07\/Material-escolar-curs-2023-24.pdf\">Material escolar curs 2023-24<\/a><\/li>\n<li><a href=\"https:\/\/agora.xtec.cat\/escmarquesdelapobla\/documents-per-descarregar\/\">Models i impresos<\/a><\/li>\n<li><a href=\"https:\/\/drive.google.com\/file\/d\/16KfesTACxoiOCRwnWaFBugZnd556LoEB\/view?usp=sharing\">Calendari escolar 2024-25<\/a><\/li>\n<li><a href=\"https:\/\/drive.google.com\/file\/d\/18DgZfTV-lCRyg8WGXX-VIn3X6wHRKJhE\/view?usp=sharing\">Carta de comprom\u00eds<\/a><\/li>\n<li><a href=\"https:\/\/projectes.xtec.cat\/nou-curriculum\/educacio-basica\/\">Curr\u00edculum Educaci\u00f3 Prim\u00e0ria<\/a><\/li>\n<\/ul>\n","protected":false},"excerpt":{"rendered":"<p>Podeu consultar o descarregar, en format PDF, els documents de l\u2019escola que apareixen a continuaci\u00f3: Beques 22-23 Llibres de text curs 2023-24 Material escolar curs 2023-24 Models i impresos Calendari escolar 2024-25 Carta de comprom\u00eds Curr\u00edculum Educaci\u00f3 Prim\u00e0ria<\/p>\n","protected":false},"author":2,"featured_media":0,"parent":0,"menu_order":0,"comment_status":"closed","ping_status":"closed","template":"","meta":{"_bbp_topic_count":0,"_bbp_reply_count":0,"_bbp_total_topic_count":0,"_bbp_total_reply_count":0,"_bbp_voice_count":0,"_bbp_anonymous_reply_count":0,"_bbp_topic_count_hidden":0,"_bbp_reply_count_hidden":0,"_bbp_forum_subforum_count":0,"site-sidebar-layout":"default","site-content-layout":"","ast-site-content-layout":"","site-content-style":"default","site-sidebar-style":"default","ast-global-header-display":"","ast-banner-title-visibility":"","ast-main-header-display":"","ast-hfb-above-header-display":"","ast-hfb-below-header-display":"","ast-hfb-mobile-header-display":"","site-post-title":"","ast-breadcrumbs-content":"","ast-featured-img":"","footer-sml-layout":"","theme-transparent-header-meta":"","adv-header-id-meta":"","stick-header-meta":"","header-above-stick-meta":"","header-main-stick-meta":"","header-below-stick-meta":"","astra-migrate-meta-layouts":"default","ast-page-background-enabled":"default","ast-page-background-meta":{"desktop":{"background-color":"var(--ast-global-color-5)","background-image":"","background-repeat":"repeat","background-position":"center center","background-size":"auto","background-attachment":"scroll","background-type":"","background-media":"","overlay-type":"","overlay-color":"","overlay-opacity":"","overlay-gradient":""},"tablet":{"background-color":"","background-image":"","background-repeat":"repeat","background-position":"center center","background-size":"auto","background-attachment":"scroll","background-type":"","background-media":"","overlay-type":"","overlay-color":"","overlay-opacity":"","overlay-gradient":""},"mobile":{"background-color":"","background-image":"","background-repeat":"repeat","background-position":"center center","background-size":"auto","background-attachment":"scroll","background-type":"","background-media":"","overlay-type":"","overlay-color":"","overlay-opacity":"","overlay-gradient":""}},"ast-content-background-meta":{"desktop":{"background-color":"var(--ast-global-color-4)","background-image":"","background-repeat":"repeat","background-position":"center center","background-size":"auto","background-attachment":"scroll","background-type":"","background-media":"","overlay-type":"","overlay-color":"","overlay-opacity":"","overlay-gradient":""},"tablet":{"background-color":"var(--ast-global-color-4)","background-image":"","background-repeat":"repeat","background-position":"center center","background-size":"auto","background-attachment":"scroll","background-type":"","background-media":"","overlay-type":"","overlay-color":"","overlay-opacity":"","overlay-gradient":""},"mobile":{"background-color":"var(--ast-global-color-4)","background-image":"","background-repeat":"repeat","background-position":"center center","background-size":"auto","background-attachment":"scroll","background-type":"","background-media":"","overlay-type":"","overlay-color":"","overlay-opacity":"","overlay-gradient":""}},"footnotes":""},"class_list":["post-7237","page","type-page","status-publish","hentry"],"post_mailing_queue_ids":[],"_links":{"self":[{"href":"https:\/\/agora.xtec.cat\/escmarquesdelapobla\/wp-json\/wp\/v2\/pages\/7237","targetHints":{"allow":["GET"]}}],"collection":[{"href":"https:\/\/agora.xtec.cat\/escmarquesdelapobla\/wp-json\/wp\/v2\/pages"}],"about":[{"href":"https:\/\/agora.xtec.cat\/escmarquesdelapobla\/wp-json\/wp\/v2\/types\/page"}],"author":[{"embeddable":true,"href":"https:\/\/agora.xtec.cat\/escmarquesdelapobla\/wp-json\/wp\/v2\/users\/2"}],"replies":[{"embeddable":true,"href":"https:\/\/agora.xtec.cat\/escmarquesdelapobla\/wp-json\/wp\/v2\/comments?post=7237"}],"version-history":[{"count":6,"href":"https:\/\/agora.xtec.cat\/escmarquesdelapobla\/wp-json\/wp\/v2\/pages\/7237\/revisions"}],"predecessor-version":[{"id":14221,"href":"https:\/\/agora.xtec.cat\/escmarquesdelapobla\/wp-json\/wp\/v2\/pages\/7237\/revisions\/14221"}],"wp:attachment":[{"href":"https:\/\/agora.xtec.cat\/escmarquesdelapobla\/wp-json\/wp\/v2\/media?parent=7237"}],"curies":[{"name":"wp","href":"https:\/\/api.w.org\/{rel}","templated":true}]}}