{"id":1853,"date":"2018-01-27T07:03:42","date_gmt":"2018-01-27T06:03:42","guid":{"rendered":"http:\/\/agora.xtec.cat\/escmarquesdelapobla\/?page_id=1853"},"modified":"2018-04-17T07:53:41","modified_gmt":"2018-04-17T05:53:41","slug":"preincripcio-i-matricula-2017-2018","status":"publish","type":"page","link":"https:\/\/agora.xtec.cat\/escmarquesdelapobla\/preincripcio-i-matricula-2017-2018\/","title":{"rendered":"Preinscripci\u00f3 i matr\u00edcula 2018-2019"},"content":{"rendered":"<p><!-- Add common styles to all themes --><!-- google chrome frame for ie --><!-- mobile meta --><!-- [if lte IE 8]>\n \t<link rel='stylesheet' id='ie8-style-css' href='https:\/\/agora.xtec.cat\/ceipalbirka\/wp-content\/themes\/reactor\/library\/css\/ie8.css' type='text\/css' media='all' \/>\n<![endif]--><!-- Google Analytics Tracking by Google Analyticator 6.5.0: http:\/\/www.videousermanuals.com\/google-analyticator\/ --><\/p>\n<div id=\"page\" class=\"hfeed site\">\n<div id=\"main\" class=\"wrapper\">\n<div id=\"primary\" class=\"site-content sub-page\">\n<div id=\"content\">\n<div class=\"row\">\n<div class=\"large-9 small-12 push-3 columns push-3\">\n<article id=\"post-228\" class=\"post-228 page type-page status-publish hentry\">\n<div class=\"entry-body\">\n<header class=\"entry-header\">\n<h1 class=\"entry-title\"><\/h1>\n<\/header>\n<p><!-- .entry-header --><\/p>\n<div class=\"entry-content\">\n<h5><b>Preinscripci\u00f3 i matr\u00ed\u00adcula a l&#8217;educaci\u00f3 infantil i educaci\u00f3 prim\u00e0ria 2018-19<\/b><\/h5>\n<p>La preinscripci\u00f3 \u00e9s el tr\u00e0mit que cal fer per poder accedir a un centre sufragat amb fons p\u00fablics. Preinscripci\u00f3 oberta del 13 d&#8217;abril al 24 d&#8217;abril del 2018<\/p>\n<p><a href=\"http:\/\/queestudiar.gencat.cat\/ca\/preinscripcio\/estudis\/obligatoris\/\">INFORMACI\u00d3 DEL DEPARTAMENT<\/a><\/p>\n<h5><b>Documentaci\u00f3 necess\u00e0ria per a la matriculaci\u00f3 d&#8217;alumnat nou al centre.<\/b><\/h5>\n<ul>\n<li>Sol.licitud de preinscripci\u00f3 omplerta.<\/li>\n<li>Original del llibre de fam\u00ed\u00adlia o altres documents relatius a la filiaci\u00f3. Si l&#8217;alumne\/a est\u00e0\u00a0 en situaci\u00f3 d&#8217;acolliment, la resoluci\u00f3 d&#8217;acolliment del Departament de Benestar Social i Fam\u00ed\u00adlia.<\/li>\n<li>Original del DNI de la persona sol\u00b7licitant (pare i mare, o tutor\/a o guardador\/a de fet) o de la targeta de resid\u00e8ncia on consta el NIE si es tracta de persones estrangeres.<\/li>\n<li>Original del DNI de l&#8217;alumne o alumna en cas que sigui major de 14 anys o tingui DNI tot i \u00e8sser menor de 14 anys.<\/li>\n<li>Original de la TSI (targeta sanit\u00e0ria individual). Si no se&#8217;n disposa el Departament d&#8217;Ensenyament consultar\u00e0 el codi CIP de la targeta sanit\u00e0ria individual al CatSalut.<\/li>\n<li>Full d&#8217;empadronament al poble si l&#8217;adre\u00e7a no coincideix amb el NIF de la persona sol.licitant o dels pares.<\/li>\n<li>Original del Carnet de vacunes. Quan no es tingui el carnet de vacunacions s&#8217;ha de presentar un certificat m\u00e8dic oficial on figurin les dosis de vacuna rebudes amb les dates corresponents.<\/li>\n<li>Dues fotos tamany carnet.<\/li>\n<li>Correu electr\u00f2nic (pare\/mare).<\/li>\n<\/ul>\n<p>&nbsp;<\/p>\n<p><i>Per qualsevol consulta, truqueu a l&#8217;Escola o envieu un correu.<\/i><\/p>\n<\/div>\n<\/div>\n<\/article>\n<\/div>\n<\/div>\n<\/div>\n<\/div>\n<\/div>\n<\/div>\n","protected":false},"excerpt":{"rendered":"<p>Preinscripci\u00f3 i matr\u00ed\u00adcula a l&#8217;educaci\u00f3 infantil i educaci\u00f3 prim\u00e0ria 2018-19 La preinscripci\u00f3 \u00e9s el tr\u00e0mit que cal fer per poder accedir a un centre sufragat amb fons p\u00fablics. Preinscripci\u00f3 oberta del 13 d&#8217;abril al 24 d&#8217;abril del 2018 INFORMACI\u00d3 DEL DEPARTAMENT Documentaci\u00f3 necess\u00e0ria per a la matriculaci\u00f3 d&#8217;alumnat nou al centre. Sol.licitud de preinscripci\u00f3 omplerta. [&hellip;]<\/p>\n","protected":false},"author":1,"featured_media":0,"parent":0,"menu_order":0,"comment_status":"closed","ping_status":"closed","template":"","meta":{"_bbp_topic_count":0,"_bbp_reply_count":0,"_bbp_total_topic_count":0,"_bbp_total_reply_count":0,"_bbp_voice_count":0,"_bbp_anonymous_reply_count":0,"_bbp_topic_count_hidden":0,"_bbp_reply_count_hidden":0,"_bbp_forum_subforum_count":0,"site-sidebar-layout":"default","site-content-layout":"","ast-site-content-layout":"","site-content-style":"default","site-sidebar-style":"default","ast-global-header-display":"","ast-banner-title-visibility":"","ast-main-header-display":"","ast-hfb-above-header-display":"","ast-hfb-below-header-display":"","ast-hfb-mobile-header-display":"","site-post-title":"","ast-breadcrumbs-content":"","ast-featured-img":"","footer-sml-layout":"","theme-transparent-header-meta":"","adv-header-id-meta":"","stick-header-meta":"","header-above-stick-meta":"","header-main-stick-meta":"","header-below-stick-meta":"","astra-migrate-meta-layouts":"default","ast-page-background-enabled":"default","ast-page-background-meta":{"desktop":{"background-color":"var(--ast-global-color-5)","background-image":"","background-repeat":"repeat","background-position":"center center","background-size":"auto","background-attachment":"scroll","background-type":"","background-media":"","overlay-type":"","overlay-color":"","overlay-opacity":"","overlay-gradient":""},"tablet":{"background-color":"","background-image":"","background-repeat":"repeat","background-position":"center center","background-size":"auto","background-attachment":"scroll","background-type":"","background-media":"","overlay-type":"","overlay-color":"","overlay-opacity":"","overlay-gradient":""},"mobile":{"background-color":"","background-image":"","background-repeat":"repeat","background-position":"center center","background-size":"auto","background-attachment":"scroll","background-type":"","background-media":"","overlay-type":"","overlay-color":"","overlay-opacity":"","overlay-gradient":""}},"ast-content-background-meta":{"desktop":{"background-color":"var(--ast-global-color-4)","background-image":"","background-repeat":"repeat","background-position":"center center","background-size":"auto","background-attachment":"scroll","background-type":"","background-media":"","overlay-type":"","overlay-color":"","overlay-opacity":"","overlay-gradient":""},"tablet":{"background-color":"var(--ast-global-color-4)","background-image":"","background-repeat":"repeat","background-position":"center center","background-size":"auto","background-attachment":"scroll","background-type":"","background-media":"","overlay-type":"","overlay-color":"","overlay-opacity":"","overlay-gradient":""},"mobile":{"background-color":"var(--ast-global-color-4)","background-image":"","background-repeat":"repeat","background-position":"center center","background-size":"auto","background-attachment":"scroll","background-type":"","background-media":"","overlay-type":"","overlay-color":"","overlay-opacity":"","overlay-gradient":""}},"footnotes":""},"class_list":["post-1853","page","type-page","status-publish","hentry"],"post_mailing_queue_ids":[],"_links":{"self":[{"href":"https:\/\/agora.xtec.cat\/escmarquesdelapobla\/wp-json\/wp\/v2\/pages\/1853","targetHints":{"allow":["GET"]}}],"collection":[{"href":"https:\/\/agora.xtec.cat\/escmarquesdelapobla\/wp-json\/wp\/v2\/pages"}],"about":[{"href":"https:\/\/agora.xtec.cat\/escmarquesdelapobla\/wp-json\/wp\/v2\/types\/page"}],"author":[{"embeddable":true,"href":"https:\/\/agora.xtec.cat\/escmarquesdelapobla\/wp-json\/wp\/v2\/users\/1"}],"replies":[{"embeddable":true,"href":"https:\/\/agora.xtec.cat\/escmarquesdelapobla\/wp-json\/wp\/v2\/comments?post=1853"}],"version-history":[{"count":3,"href":"https:\/\/agora.xtec.cat\/escmarquesdelapobla\/wp-json\/wp\/v2\/pages\/1853\/revisions"}],"predecessor-version":[{"id":2717,"href":"https:\/\/agora.xtec.cat\/escmarquesdelapobla\/wp-json\/wp\/v2\/pages\/1853\/revisions\/2717"}],"wp:attachment":[{"href":"https:\/\/agora.xtec.cat\/escmarquesdelapobla\/wp-json\/wp\/v2\/media?parent=1853"}],"curies":[{"name":"wp","href":"https:\/\/api.w.org\/{rel}","templated":true}]}}