{"id":1736,"date":"2014-01-20T23:45:48","date_gmt":"2014-01-20T22:45:48","guid":{"rendered":"http:\/\/blocs.xtec.cat\/marquesdelapobla\/?page_id=107"},"modified":"2024-11-16T10:58:22","modified_gmt":"2024-11-16T09:58:22","slug":"patis-de-sorra","status":"publish","type":"page","link":"https:\/\/agora.xtec.cat\/escmarquesdelapobla\/lescola\/patis-de-sorra\/","title":{"rendered":"Patis i pistes"},"content":{"rendered":"<div style=\"position: relative; width: 100%; height: 0; padding-top: 70.7071%; padding-bottom: 0; box-shadow: 0 2px 8px 0 rgba(63,69,81,0.16); margin-top: 1.6em; margin-bottom: 0.9em; overflow: hidden; border-radius: 8px; will-change: transform;\"><iframe style=\"position: absolute; width: 100%; height: 100%; top: 0; left: 0; border: none; padding: 0; margin: 0;\" src=\"https:\/\/www.canva.com\/design\/DAGTKmDwoe0\/sNElP87vbioNq_nk_vvjXQ\/view?embed\" allowfullscreen=\"allowfullscreen\"><br \/>\n<\/iframe><\/div>\n<p>&nbsp;<\/p>\n<p>&nbsp;<\/p>\n<p><strong>Patis Educaci\u00f3 Prim\u00e0ria<\/strong><\/p>\n<p style=\"text-align: justify;\">Aquests s\u00f3n els espais on principalment es realitza l\u2019altra part de l\u2019educaci\u00f3 f\u00edsica. Tamb\u00e9 s\u00f3n els espais principals d\u2019esbarjo i de la realitzaci\u00f3 de festes i celebracions de la comunitat educativa. La pista verda \u00e9s una mica m\u00e9s petita que la pista gris, la qual te les mides reglament\u00e0ries i es pot dividir lateralment en dos camps de minihandbol i minib\u00e0squet.<\/p>\n<p><strong>Pati de sorra i Jardinet<\/strong><\/p>\n<p style=\"text-align: justify;\">Aquests s\u00f3n els espais que s\u2019utilitzen b\u00e0sicament per a l\u2019esbarjo dels m\u00e9s petits. L\u2019un per als alumnes d\u2019educaci\u00f3 infantil i l\u2019altre per als de Cicle Inicial. Acompleixen perfectament la seva tasca, ja que s\u00f3n assolellats a l\u2019hivern i ombrejats a l\u2019estiu. Actualment en proc\u00e9s de renovaci\u00f3 amb el Projecte Mil Llocs, Mil Jocs, on hi participem alumnes, fam\u00edlies i mestres.<\/p>\n","protected":false},"excerpt":{"rendered":"<p>&nbsp; &nbsp; Patis Educaci\u00f3 Prim\u00e0ria Aquests s\u00f3n els espais on principalment es realitza l\u2019altra part de l\u2019educaci\u00f3 f\u00edsica. Tamb\u00e9 s\u00f3n els espais principals d\u2019esbarjo i de la realitzaci\u00f3 de festes i celebracions de la comunitat educativa. La pista verda \u00e9s una mica m\u00e9s petita que la pista gris, la qual te les mides reglament\u00e0ries i [&hellip;]<\/p>\n","protected":false},"author":1,"featured_media":0,"parent":57,"menu_order":8,"comment_status":"closed","ping_status":"closed","template":"page-templates\/side-menu.php","meta":{"_bbp_topic_count":0,"_bbp_reply_count":0,"_bbp_total_topic_count":0,"_bbp_total_reply_count":0,"_bbp_voice_count":0,"_bbp_anonymous_reply_count":0,"_bbp_topic_count_hidden":0,"_bbp_reply_count_hidden":0,"_bbp_forum_subforum_count":0,"site-sidebar-layout":"default","site-content-layout":"","ast-site-content-layout":"","site-content-style":"default","site-sidebar-style":"default","ast-global-header-display":"","ast-banner-title-visibility":"","ast-main-header-display":"","ast-hfb-above-header-display":"","ast-hfb-below-header-display":"","ast-hfb-mobile-header-display":"","site-post-title":"","ast-breadcrumbs-content":"","ast-featured-img":"","footer-sml-layout":"","theme-transparent-header-meta":"","adv-header-id-meta":"","stick-header-meta":"","header-above-stick-meta":"","header-main-stick-meta":"","header-below-stick-meta":"","astra-migrate-meta-layouts":"default","ast-page-background-enabled":"default","ast-page-background-meta":{"desktop":{"background-color":"var(--ast-global-color-5)","background-image":"","background-repeat":"repeat","background-position":"center center","background-size":"auto","background-attachment":"scroll","background-type":"","background-media":"","overlay-type":"","overlay-color":"","overlay-opacity":"","overlay-gradient":""},"tablet":{"background-color":"","background-image":"","background-repeat":"repeat","background-position":"center center","background-size":"auto","background-attachment":"scroll","background-type":"","background-media":"","overlay-type":"","overlay-color":"","overlay-opacity":"","overlay-gradient":""},"mobile":{"background-color":"","background-image":"","background-repeat":"repeat","background-position":"center center","background-size":"auto","background-attachment":"scroll","background-type":"","background-media":"","overlay-type":"","overlay-color":"","overlay-opacity":"","overlay-gradient":""}},"ast-content-background-meta":{"desktop":{"background-color":"var(--ast-global-color-4)","background-image":"","background-repeat":"repeat","background-position":"center center","background-size":"auto","background-attachment":"scroll","background-type":"","background-media":"","overlay-type":"","overlay-color":"","overlay-opacity":"","overlay-gradient":""},"tablet":{"background-color":"var(--ast-global-color-4)","background-image":"","background-repeat":"repeat","background-position":"center center","background-size":"auto","background-attachment":"scroll","background-type":"","background-media":"","overlay-type":"","overlay-color":"","overlay-opacity":"","overlay-gradient":""},"mobile":{"background-color":"var(--ast-global-color-4)","background-image":"","background-repeat":"repeat","background-position":"center center","background-size":"auto","background-attachment":"scroll","background-type":"","background-media":"","overlay-type":"","overlay-color":"","overlay-opacity":"","overlay-gradient":""}},"footnotes":""},"class_list":["post-1736","page","type-page","status-publish","hentry"],"post_mailing_queue_ids":[],"_links":{"self":[{"href":"https:\/\/agora.xtec.cat\/escmarquesdelapobla\/wp-json\/wp\/v2\/pages\/1736","targetHints":{"allow":["GET"]}}],"collection":[{"href":"https:\/\/agora.xtec.cat\/escmarquesdelapobla\/wp-json\/wp\/v2\/pages"}],"about":[{"href":"https:\/\/agora.xtec.cat\/escmarquesdelapobla\/wp-json\/wp\/v2\/types\/page"}],"author":[{"embeddable":true,"href":"https:\/\/agora.xtec.cat\/escmarquesdelapobla\/wp-json\/wp\/v2\/users\/1"}],"replies":[{"embeddable":true,"href":"https:\/\/agora.xtec.cat\/escmarquesdelapobla\/wp-json\/wp\/v2\/comments?post=1736"}],"version-history":[{"count":6,"href":"https:\/\/agora.xtec.cat\/escmarquesdelapobla\/wp-json\/wp\/v2\/pages\/1736\/revisions"}],"predecessor-version":[{"id":14519,"href":"https:\/\/agora.xtec.cat\/escmarquesdelapobla\/wp-json\/wp\/v2\/pages\/1736\/revisions\/14519"}],"up":[{"embeddable":true,"href":"https:\/\/agora.xtec.cat\/escmarquesdelapobla\/wp-json\/wp\/v2\/pages\/57"}],"wp:attachment":[{"href":"https:\/\/agora.xtec.cat\/escmarquesdelapobla\/wp-json\/wp\/v2\/media?parent=1736"}],"curies":[{"name":"wp","href":"https:\/\/api.w.org\/{rel}","templated":true}]}}