{"id":15098,"date":"2026-03-24T16:24:01","date_gmt":"2026-03-24T15:24:01","guid":{"rendered":"https:\/\/agora.xtec.cat\/escmarquesdelapobla\/?page_id=15098"},"modified":"2026-03-25T13:46:44","modified_gmt":"2026-03-25T12:46:44","slug":"convivencia-restaurativa","status":"publish","type":"page","link":"https:\/\/agora.xtec.cat\/escmarquesdelapobla\/convivencia-restaurativa\/","title":{"rendered":"Conviv\u00e8ncia restaurativa"},"content":{"rendered":"<p style=\"text-align: center;\" data-start=\"0\" data-end=\"51\"><strong data-start=\"0\" data-end=\"51\">La conviv\u00e8ncia com a base de la vida a l\u2019escola<\/strong><\/p>\n<p data-start=\"53\" data-end=\"278\">La conviv\u00e8ncia forma part del dia a dia de l\u2019escola i \u00e9s un element clau en el proc\u00e9s educatiu. Aprendre a relacionar-nos, a comprendre els altres i a gestionar els conflictes \u00e9s tan important com qualsevol altre aprenentatge.<\/p>\n<p data-start=\"280\" data-end=\"493\">Des de l\u2019enfocament restauratiu, entenem els conflictes com a oportunitats per aprendre i cr\u00e9ixer. Acompanyem l\u2019alumnat perqu\u00e8 pugui expressar-se, escoltar els altres i ser responsables amb els que ens envolten.<\/p>\n<p data-start=\"495\" data-end=\"755\" data-is-last-node=\"\" data-is-only-node=\"\">Aquest apartat recull accions i eines interessants, que ens ajuden a promoure un clima de respecte, confian\u00e7a i col\u00b7laboraci\u00f3, on totes les persones que formen part de l\u2019escola puguin sentir-se segures, escoltades i importants.<\/p>\n<p><a href=\"https:\/\/agora.xtec.cat\/escmarquesdelapobla\/wp-content\/uploads\/usu1682\/2026\/03\/Decaleg-restaurativa-1-1.png\"><img loading=\"lazy\" decoding=\"async\" class=\"alignnone size-full wp-image-15099\" src=\"https:\/\/agora.xtec.cat\/escmarquesdelapobla\/wp-content\/uploads\/usu1682\/2026\/03\/Decaleg-restaurativa-1-1.png\" alt=\"\" width=\"2752\" height=\"1536\" srcset=\"https:\/\/agora.xtec.cat\/escmarquesdelapobla\/wp-content\/uploads\/usu1682\/2026\/03\/Decaleg-restaurativa-1-1.png 2752w, https:\/\/agora.xtec.cat\/escmarquesdelapobla\/wp-content\/uploads\/usu1682\/2026\/03\/Decaleg-restaurativa-1-1-300x167.png 300w, https:\/\/agora.xtec.cat\/escmarquesdelapobla\/wp-content\/uploads\/usu1682\/2026\/03\/Decaleg-restaurativa-1-1-1024x572.png 1024w, https:\/\/agora.xtec.cat\/escmarquesdelapobla\/wp-content\/uploads\/usu1682\/2026\/03\/Decaleg-restaurativa-1-1-768x429.png 768w, https:\/\/agora.xtec.cat\/escmarquesdelapobla\/wp-content\/uploads\/usu1682\/2026\/03\/Decaleg-restaurativa-1-1-1536x857.png 1536w, https:\/\/agora.xtec.cat\/escmarquesdelapobla\/wp-content\/uploads\/usu1682\/2026\/03\/Decaleg-restaurativa-1-1-2048x1143.png 2048w\" sizes=\"auto, (max-width: 2752px) 100vw, 2752px\" \/><\/a><\/p>\n<p>A continuaci\u00f3 et deixem una guia de gran inter\u00e8s, on et permetr\u00e0 descobrir com transformar el conflicte en una oportunitat d&#8217;aprenentatge. Clica a la presentaci\u00f3 per visualitzar-la!<\/p>\n<p><a href=\"https:\/\/drive.google.com\/file\/d\/1hIrFKYwDH4_j4xk4pJNryTho0jJLWA3X\/view?usp=sharing\"><img loading=\"lazy\" decoding=\"async\" class=\"alignnone wp-image-15102 size-full\" src=\"https:\/\/agora.xtec.cat\/escmarquesdelapobla\/wp-content\/uploads\/usu1682\/2026\/03\/WhatsApp-Image-2026-03-24-at-16.28.00.jpeg\" alt=\"\" width=\"1600\" height=\"893\" srcset=\"https:\/\/agora.xtec.cat\/escmarquesdelapobla\/wp-content\/uploads\/usu1682\/2026\/03\/WhatsApp-Image-2026-03-24-at-16.28.00.jpeg 1600w, https:\/\/agora.xtec.cat\/escmarquesdelapobla\/wp-content\/uploads\/usu1682\/2026\/03\/WhatsApp-Image-2026-03-24-at-16.28.00-300x167.jpeg 300w, https:\/\/agora.xtec.cat\/escmarquesdelapobla\/wp-content\/uploads\/usu1682\/2026\/03\/WhatsApp-Image-2026-03-24-at-16.28.00-1024x572.jpeg 1024w, https:\/\/agora.xtec.cat\/escmarquesdelapobla\/wp-content\/uploads\/usu1682\/2026\/03\/WhatsApp-Image-2026-03-24-at-16.28.00-768x429.jpeg 768w, https:\/\/agora.xtec.cat\/escmarquesdelapobla\/wp-content\/uploads\/usu1682\/2026\/03\/WhatsApp-Image-2026-03-24-at-16.28.00-1536x857.jpeg 1536w\" sizes=\"auto, (max-width: 1600px) 100vw, 1600px\" \/><\/a><\/p>\n<div style=\"position: relative; width: 100%; height: 0; padding-top: 33.6700%; padding-bottom: 0; box-shadow: 0 2px 8px 0 rgba(63,69,81,0.16); margin-top: 1.6em; margin-bottom: 0.9em; overflow: hidden; border-radius: 8px; will-change: transform;\"><iframe style=\"position: absolute; width: 100%; height: 100%; top: 0; left: 0; border: none; padding: 0; margin: 0;\" src=\"https:\/\/www.canva.com\/design\/DAHE9N8qIm4\/WyFyuMy43T__N2jETF9MGw\/view?embed\" allowfullscreen=\"allowfullscreen\"><br \/>\n  <\/iframe><\/div>\n<div style=\"position: relative; width: 100%; height: 0; padding-top: 70.7071%; padding-bottom: 0; box-shadow: 0 2px 8px 0 rgba(63,69,81,0.16); margin-top: 1.6em; margin-bottom: 0.9em; overflow: hidden; border-radius: 8px; will-change: transform;\"><iframe style=\"position: absolute; width: 100%; height: 100%; top: 0; left: 0; border: none; padding: 0; margin: 0;\" src=\"https:\/\/www.canva.com\/design\/DAHE9K9xygo\/Ir2oyrCje-_F2pBclnZSrg\/view?embed\" allowfullscreen=\"allowfullscreen\"><br \/>\n  <\/iframe><\/div>\n<div style=\"position: relative; width: 100%; height: 0; padding-top: 6.7340%; padding-bottom: 0; box-shadow: 0 2px 8px 0 rgba(63,69,81,0.16); margin-top: 1.6em; margin-bottom: 0.9em; overflow: hidden; border-radius: 8px; will-change: transform;\"><iframe style=\"position: absolute; width: 100%; height: 100%; top: 0; left: 0; border: none; padding: 0; margin: 0;\" src=\"https:\/\/www.canva.com\/design\/DAHE9FCmRzw\/4Xc2Tuu3dena86EiZWtgxA\/view?embed\" allowfullscreen=\"allowfullscreen\"><br \/>\n  <\/iframe><\/div>\n<p style=\"text-align: center;\"><iframe loading=\"lazy\" title=\"YouTube video player\" src=\"https:\/\/www.youtube.com\/embed\/bEuIghyc9GQ?si=uLfIDzRmyX88mtM4\" width=\"560\" height=\"315\" frameborder=\"0\" allowfullscreen=\"allowfullscreen\"><\/iframe><\/p>\n<p style=\"text-align: center;\"><iframe loading=\"lazy\" title=\"YouTube video player\" src=\"https:\/\/www.youtube.com\/embed\/bEuIghyc9GQ?si=uLfIDzRmyX88mtM4\" width=\"560\" height=\"315\" frameborder=\"0\" allowfullscreen=\"allowfullscreen\"><\/iframe><\/p>\n<p style=\"text-align: center;\"><iframe loading=\"lazy\" title=\"YouTube video player\" src=\"https:\/\/www.youtube.com\/embed\/S4m69qujtbc?si=qTQirNyIBufWT3fN\" width=\"560\" height=\"315\" frameborder=\"0\" allowfullscreen=\"allowfullscreen\"><\/iframe><\/p>\n","protected":false},"excerpt":{"rendered":"<p>La conviv\u00e8ncia com a base de la vida a l\u2019escola La conviv\u00e8ncia forma part del dia a dia de l\u2019escola i \u00e9s un element clau en el proc\u00e9s educatiu. Aprendre a relacionar-nos, a comprendre els altres i a gestionar els conflictes \u00e9s tan important com qualsevol altre aprenentatge. Des de l\u2019enfocament restauratiu, entenem els conflictes [&hellip;]<\/p>\n","protected":false},"author":45,"featured_media":0,"parent":0,"menu_order":0,"comment_status":"closed","ping_status":"closed","template":"","meta":{"_bbp_topic_count":0,"_bbp_reply_count":0,"_bbp_total_topic_count":0,"_bbp_total_reply_count":0,"_bbp_voice_count":0,"_bbp_anonymous_reply_count":0,"_bbp_topic_count_hidden":0,"_bbp_reply_count_hidden":0,"_bbp_forum_subforum_count":0,"site-sidebar-layout":"default","site-content-layout":"","ast-site-content-layout":"default","site-content-style":"default","site-sidebar-style":"default","ast-global-header-display":"","ast-banner-title-visibility":"","ast-main-header-display":"","ast-hfb-above-header-display":"","ast-hfb-below-header-display":"","ast-hfb-mobile-header-display":"","site-post-title":"","ast-breadcrumbs-content":"","ast-featured-img":"","footer-sml-layout":"","theme-transparent-header-meta":"default","adv-header-id-meta":"","stick-header-meta":"","header-above-stick-meta":"","header-main-stick-meta":"","header-below-stick-meta":"","astra-migrate-meta-layouts":"set","ast-page-background-enabled":"default","ast-page-background-meta":{"desktop":{"background-color":"var(--ast-global-color-5)","background-image":"","background-repeat":"repeat","background-position":"center center","background-size":"auto","background-attachment":"scroll","background-type":"","background-media":"","overlay-type":"","overlay-color":"","overlay-opacity":"","overlay-gradient":""},"tablet":{"background-color":"","background-image":"","background-repeat":"repeat","background-position":"center center","background-size":"auto","background-attachment":"scroll","background-type":"","background-media":"","overlay-type":"","overlay-color":"","overlay-opacity":"","overlay-gradient":""},"mobile":{"background-color":"","background-image":"","background-repeat":"repeat","background-position":"center center","background-size":"auto","background-attachment":"scroll","background-type":"","background-media":"","overlay-type":"","overlay-color":"","overlay-opacity":"","overlay-gradient":""}},"ast-content-background-meta":{"desktop":{"background-color":"var(--ast-global-color-4)","background-image":"","background-repeat":"repeat","background-position":"center center","background-size":"auto","background-attachment":"scroll","background-type":"","background-media":"","overlay-type":"","overlay-color":"","overlay-opacity":"","overlay-gradient":""},"tablet":{"background-color":"var(--ast-global-color-4)","background-image":"","background-repeat":"repeat","background-position":"center center","background-size":"auto","background-attachment":"scroll","background-type":"","background-media":"","overlay-type":"","overlay-color":"","overlay-opacity":"","overlay-gradient":""},"mobile":{"background-color":"var(--ast-global-color-4)","background-image":"","background-repeat":"repeat","background-position":"center center","background-size":"auto","background-attachment":"scroll","background-type":"","background-media":"","overlay-type":"","overlay-color":"","overlay-opacity":"","overlay-gradient":""}},"footnotes":""},"class_list":["post-15098","page","type-page","status-publish","hentry"],"post_mailing_queue_ids":[],"_links":{"self":[{"href":"https:\/\/agora.xtec.cat\/escmarquesdelapobla\/wp-json\/wp\/v2\/pages\/15098","targetHints":{"allow":["GET"]}}],"collection":[{"href":"https:\/\/agora.xtec.cat\/escmarquesdelapobla\/wp-json\/wp\/v2\/pages"}],"about":[{"href":"https:\/\/agora.xtec.cat\/escmarquesdelapobla\/wp-json\/wp\/v2\/types\/page"}],"author":[{"embeddable":true,"href":"https:\/\/agora.xtec.cat\/escmarquesdelapobla\/wp-json\/wp\/v2\/users\/45"}],"replies":[{"embeddable":true,"href":"https:\/\/agora.xtec.cat\/escmarquesdelapobla\/wp-json\/wp\/v2\/comments?post=15098"}],"version-history":[{"count":6,"href":"https:\/\/agora.xtec.cat\/escmarquesdelapobla\/wp-json\/wp\/v2\/pages\/15098\/revisions"}],"predecessor-version":[{"id":15110,"href":"https:\/\/agora.xtec.cat\/escmarquesdelapobla\/wp-json\/wp\/v2\/pages\/15098\/revisions\/15110"}],"wp:attachment":[{"href":"https:\/\/agora.xtec.cat\/escmarquesdelapobla\/wp-json\/wp\/v2\/media?parent=15098"}],"curies":[{"name":"wp","href":"https:\/\/api.w.org\/{rel}","templated":true}]}}