{"id":13006,"date":"2023-05-13T18:46:27","date_gmt":"2023-05-13T16:46:27","guid":{"rendered":"https:\/\/agora.xtec.cat\/escmarquesdelapobla\/?page_id=13006"},"modified":"2023-05-13T19:14:25","modified_gmt":"2023-05-13T17:14:25","slug":"comunicacio","status":"publish","type":"page","link":"https:\/\/agora.xtec.cat\/escmarquesdelapobla\/pagines-dinici\/inici\/estrategia-digital-de-centre\/comunicacio\/","title":{"rendered":"COMUNICACI\u00d3"},"content":{"rendered":"<p><b>COMUNICACI\u00d3.<\/b><\/p>\n<p>&nbsp;<\/p>\n<p><span style=\"font-weight: 400;\">En espera d\u2019elaborar el pla de comunicaci\u00f3 general de l\u2019escola i cercant la millor manera d\u2019establir una comunicaci\u00f3 el m\u00e9s ecol\u00f2gica possible, actualment aquest aspecte s\u2019articula de la seg\u00fcent manera:<\/span><\/p>\n<p>&nbsp;<\/p>\n<ul>\n<li style=\"font-weight: 400;\" aria-level=\"1\"><b>La Pag Web<\/b><span style=\"font-weight: 400;\"> \u00e9s la principal difusora de les activitats generals o de cada promoci\u00f3 que es realitzen al centre. En ella tamb\u00e9 es pot consultar tota la normativa i documents importants relacionats amb el seu funcionament, informacions d\u2019inter\u00e8s i enlla\u00e7ar amb la web de l\u2019AFA.<\/span><\/li>\n<\/ul>\n<p>&nbsp;<\/p>\n<ul>\n<li style=\"font-weight: 400;\" aria-level=\"1\"><b>La comunicaci\u00f3 amb les fam\u00edlies<\/b><span style=\"font-weight: 400;\"> es realitza b\u00e0sicament per mitj\u00e0 del correu electr\u00f2nic, tot i que en determinades ocasions s\u2019utilitza el format paper.\u00a0<\/span><\/li>\n<\/ul>\n<p>&nbsp;<\/p>\n<ul>\n<li style=\"font-weight: 400;\" aria-level=\"1\"><b>Els pagaments<\/b><span style=\"font-weight: 400;\"> per part de les fam\u00edlies es realitzen per mitj\u00e0 de l\u2019aplicaci\u00f3 TPV.<\/span><\/li>\n<\/ul>\n<p>&nbsp;<\/p>\n<ul>\n<li style=\"font-weight: 400;\" aria-level=\"1\"><b>La comunicaci\u00f3 interna entre docents<\/b><span style=\"font-weight: 400;\"> es realitza b\u00e0sicament per mitj\u00e0 del correu electr\u00f2nic, tot i que en ocasions per temes no relacionats directament amb l\u2019activitat docent o emerg\u00e8ncies d\u2019\u00faltima hora s\u2019utilitza el Wattsap.<\/span><\/li>\n<\/ul>\n<p>&nbsp;<\/p>\n<ul>\n<li style=\"font-weight: 400;\" aria-level=\"1\"><b>Les xarxes socials <\/b><span style=\"font-weight: 400;\">no s\u2019utilitzen a la nostra escola per acord de centre.<\/span><\/li>\n<\/ul>\n","protected":false},"excerpt":{"rendered":"<p>COMUNICACI\u00d3. &nbsp; En espera d\u2019elaborar el pla de comunicaci\u00f3 general de l\u2019escola i cercant la millor manera d\u2019establir una comunicaci\u00f3 el m\u00e9s ecol\u00f2gica possible, actualment aquest aspecte s\u2019articula de la seg\u00fcent manera: &nbsp; La Pag Web \u00e9s la principal difusora de les activitats generals o de cada promoci\u00f3 que es realitzen al centre. En ella [&hellip;]<\/p>\n","protected":false},"author":1,"featured_media":0,"parent":12591,"menu_order":0,"comment_status":"closed","ping_status":"closed","template":"","meta":{"_bbp_topic_count":0,"_bbp_reply_count":0,"_bbp_total_topic_count":0,"_bbp_total_reply_count":0,"_bbp_voice_count":0,"_bbp_anonymous_reply_count":0,"_bbp_topic_count_hidden":0,"_bbp_reply_count_hidden":0,"_bbp_forum_subforum_count":0,"site-sidebar-layout":"default","site-content-layout":"","ast-site-content-layout":"","site-content-style":"default","site-sidebar-style":"default","ast-global-header-display":"","ast-banner-title-visibility":"","ast-main-header-display":"","ast-hfb-above-header-display":"","ast-hfb-below-header-display":"","ast-hfb-mobile-header-display":"","site-post-title":"","ast-breadcrumbs-content":"","ast-featured-img":"","footer-sml-layout":"","theme-transparent-header-meta":"","adv-header-id-meta":"","stick-header-meta":"","header-above-stick-meta":"","header-main-stick-meta":"","header-below-stick-meta":"","astra-migrate-meta-layouts":"default","ast-page-background-enabled":"default","ast-page-background-meta":{"desktop":{"background-color":"var(--ast-global-color-5)","background-image":"","background-repeat":"repeat","background-position":"center center","background-size":"auto","background-attachment":"scroll","background-type":"","background-media":"","overlay-type":"","overlay-color":"","overlay-opacity":"","overlay-gradient":""},"tablet":{"background-color":"","background-image":"","background-repeat":"repeat","background-position":"center center","background-size":"auto","background-attachment":"scroll","background-type":"","background-media":"","overlay-type":"","overlay-color":"","overlay-opacity":"","overlay-gradient":""},"mobile":{"background-color":"","background-image":"","background-repeat":"repeat","background-position":"center center","background-size":"auto","background-attachment":"scroll","background-type":"","background-media":"","overlay-type":"","overlay-color":"","overlay-opacity":"","overlay-gradient":""}},"ast-content-background-meta":{"desktop":{"background-color":"var(--ast-global-color-4)","background-image":"","background-repeat":"repeat","background-position":"center center","background-size":"auto","background-attachment":"scroll","background-type":"","background-media":"","overlay-type":"","overlay-color":"","overlay-opacity":"","overlay-gradient":""},"tablet":{"background-color":"var(--ast-global-color-4)","background-image":"","background-repeat":"repeat","background-position":"center center","background-size":"auto","background-attachment":"scroll","background-type":"","background-media":"","overlay-type":"","overlay-color":"","overlay-opacity":"","overlay-gradient":""},"mobile":{"background-color":"var(--ast-global-color-4)","background-image":"","background-repeat":"repeat","background-position":"center center","background-size":"auto","background-attachment":"scroll","background-type":"","background-media":"","overlay-type":"","overlay-color":"","overlay-opacity":"","overlay-gradient":""}},"footnotes":""},"class_list":["post-13006","page","type-page","status-publish","hentry"],"post_mailing_queue_ids":[],"_links":{"self":[{"href":"https:\/\/agora.xtec.cat\/escmarquesdelapobla\/wp-json\/wp\/v2\/pages\/13006","targetHints":{"allow":["GET"]}}],"collection":[{"href":"https:\/\/agora.xtec.cat\/escmarquesdelapobla\/wp-json\/wp\/v2\/pages"}],"about":[{"href":"https:\/\/agora.xtec.cat\/escmarquesdelapobla\/wp-json\/wp\/v2\/types\/page"}],"author":[{"embeddable":true,"href":"https:\/\/agora.xtec.cat\/escmarquesdelapobla\/wp-json\/wp\/v2\/users\/1"}],"replies":[{"embeddable":true,"href":"https:\/\/agora.xtec.cat\/escmarquesdelapobla\/wp-json\/wp\/v2\/comments?post=13006"}],"version-history":[{"count":2,"href":"https:\/\/agora.xtec.cat\/escmarquesdelapobla\/wp-json\/wp\/v2\/pages\/13006\/revisions"}],"predecessor-version":[{"id":13024,"href":"https:\/\/agora.xtec.cat\/escmarquesdelapobla\/wp-json\/wp\/v2\/pages\/13006\/revisions\/13024"}],"up":[{"embeddable":true,"href":"https:\/\/agora.xtec.cat\/escmarquesdelapobla\/wp-json\/wp\/v2\/pages\/12591"}],"wp:attachment":[{"href":"https:\/\/agora.xtec.cat\/escmarquesdelapobla\/wp-json\/wp\/v2\/media?parent=13006"}],"curies":[{"name":"wp","href":"https:\/\/api.w.org\/{rel}","templated":true}]}}