{"id":521,"date":"2017-12-13T12:01:52","date_gmt":"2017-12-13T11:01:52","guid":{"rendered":"http:\/\/agora.xtec.cat\/escmarcelidomingotivissa\/?page_id=521"},"modified":"2018-06-29T13:08:09","modified_gmt":"2018-06-29T11:08:09","slug":"setmana-cultural","status":"publish","type":"page","link":"https:\/\/agora.xtec.cat\/escmarcelidomingotivissa\/projecte-educatiu\/setmana-cultural\/","title":{"rendered":"Setmana Cultural"},"content":{"rendered":"<p style=\"text-align: justify;\"><strong>Aquest maig, des del dia 28 fins l\u20191 de juny, l\u2019Escola ha celebrat la Setmana Cultural dedicada a la Festa Major. Hem gaudit d\u2019uns dies molt especials.<\/strong><\/p>\n<p style=\"text-align: justify;\"><strong>A continuaci\u00f3 us presentarem\u00a0 el programa d\u2019activitats. Moltes d\u2019aquestes compten amb\u00a0 la participaci\u00f3 d\u2019entitats i col\u00b7laboradors de Tivissa, que amb les seves aportacions ens han ensenyat moltes coses i ens han fet xalar molt.<\/strong><\/p>\n<p style=\"text-align: center;\"><strong>\u00a0Divendres 25: Visita sorpresa<\/strong><strong>!<\/strong><\/p>\n<p style=\"text-align: justify;\">El divendres 25 de maig per la tarda vam sentir sonar pels altaveus de l\u2019escola una m\u00fasica de festa major. Tots vam sortir al \u201chall\u201d i all\u00ed vam rebre una sorpresa: ens visitava la Colla de Gegants del Barri d\u2019Avall. Per\u00f2 encara hi havia m\u00e9s sorpreses! Els gegants i els caps grossos ens van vindre a veure.<\/p>\n<p style=\"text-align: justify;\">A continuaci\u00f3, en Ricard, el Josep, el Vicens, en Joan i l\u2019Eloi ens van explicar que els cap de la geganta i el gegant s\u00f3n de fusta, pesen uns 60 kg i que tenen uns 168 anys. Mentre els van anar muntant i vestint ens deien moltes coses. Vam veure com s\u00f3n per dins i vam descobrir les potes que tenen per plantar-los o les peces per col\u00b7locar les espatlles i fer-los ballar. Quan el geganters els porten hi veuen per una reixeta que hi ha al vestit. S\u2019han de cuidar perqu\u00e8 estiguin tan bonics; tamb\u00e9 els pentinen. L\u2019any passat van assistir a moltes trobades geganteres. Ens van recon\u00e8ixer que \u00e9s pesat desfilar i fer-los ballar perqu\u00e8 pesen for\u00e7a, per\u00f2 que els hi agrada molt i es diverteixen.<\/p>\n<p style=\"text-align: justify;\">Aquell dia no els va poder fer ballar al pati perqu\u00e8 feia molt vent, i podien caure per\u00f2 ens els van deixar tota la setmana a l\u2019Escola.<\/p>\n<p style=\"text-align: center;\"><strong>Dilluns 28: Comencem amb el preg\u00f3<\/strong><\/p>\n<p style=\"text-align: justify;\">El dilluns 28 pel mat\u00ed tocava fer la presentaci\u00f3 de la XXVI Setmana Cultural\u00a0 i\u00a0 aquest any havia de ser un preg\u00f3. La nostra pregonera\u00a0 va ser la Sra. M\u00aa Carme Bordera.<\/p>\n<p style=\"text-align: justify;\">La M\u00aa Carme ens cont\u00e0 els seus records de la Festa Major de Tivissa. Ens va dir que sempre li ha agradat molt la celebraci\u00f3 de les festes. Va fer una comparaci\u00f3 de com han anat canviant els actes de les festes amb els anys. Ens va cridar l\u2019atenci\u00f3 que ens digu\u00e9s que quan era jove s\u2019ho passaven molt b\u00e9, malgrat no tenir massa diners, per\u00f2 ella igualment en t\u00e9 molt bon record. Tamb\u00e9 ens va comentar que quan era jove va ser pubilla de les festes. Ens va animar a que ens ho pass\u00e9ssim molt b\u00e9 a les FESTES.<\/p>\n<p style=\"text-align: center;\">\u00a0\u00a0\u00a0\u00a0\u00a0\u00a0 <strong>Dimarts 29:<\/strong>\u00a0 <strong>Els Gegants del Barri d\u2019Avall tenen hist\u00f2ria<\/strong><strong> HISTO<\/strong><strong>RIA<\/strong><\/p>\n<p style=\"text-align: justify;\">El dimarts 29 pel mat\u00ed vam rebre la visita de Joan Maria Marqu\u00e9s. Ell va ser, durant cinquanta anys, Cap de Colla dels Gegants de la Colla del Barri d\u2019Avall, encara que mai els ha portat perqu\u00e8 es necessita molta for\u00e7a. En Joan M coneix molt la hist\u00f2ria dels gegants. Ens va parlar de la seva arribada des de Tortosa. Tamb\u00e9 ens va dir que s\u00f3n dels m\u00e9s bonics de Catalunya. Ens va explicar que per una Colla s\u00f3n molt importants les trobades geganteres. Vam veure moltes fotos i una era de quan els van pujar\u00a0 a Sant Blai. Joan M\u00aa ens va regalar una l\u00e0mina amb dibuixos dels gegants. I ens va dir que a les festes sort\u00edssim a saludar els Gegants per la Festa Major.<\/p>\n<p style=\"text-align: center;\"><strong>Dimecres 30: A la Serra d&#8217;Almos\u00a0<\/strong><strong style=\"font-family: inherit; font-size: 1em; text-align: justify;\">fan gegants<\/strong><\/p>\n<p style=\"text-align: justify;\">El dimecres 31 ens va visitar la Puri Cervera, que fa molts anys va ser mestra de pl\u00e0stica a l\u2019Escola.\u00a0 Aquest dia va tornar perqu\u00e8 ella i el seu marit fan gegants i caps grossos al seu taller de la Serra.<\/p>\n<p style=\"text-align: justify;\">Vam estar molt atents escoltant els passos que es segueixen per fer un gegant: des de que es fa el motlle fins que es pinta. Tots el que ens deia ens ho ensenyava amb coses que portava.<\/p>\n<p style=\"text-align: justify;\">Tamb\u00e9 ens va ajudar a diferenciar els diferents tipus de gegants. Ens va senyalar que el seu origen va ser\u00a0 les processons de Corpus Crist\u00ed.<\/p>\n<p style=\"text-align: justify;\">Vam aprendre molt i, al final, ens vam poder provar caps grossos que duia de mostra.<\/p>\n<p style=\"text-align: center;\">\u00a0<strong>Dijous 31:<\/strong>\u00a0 <strong>Estrena de teatre<\/strong><\/p>\n<p style=\"text-align: justify;\">El dijous vam assistir a l\u2019estrena de l\u2019obra de teatre <strong>\u201cEns trobem a Madagascar\u201d.<\/strong><\/p>\n<p style=\"text-align: justify;\">La companyia teatral era la dels alumnes de 5\u00e8 que, a m\u00e9s, eren els autors de l\u2019obra.<\/p>\n<p style=\"text-align: justify;\">Enhorabona companys, l\u2019estrena va ser un \u00e8xit.<\/p>\n<p style=\"text-align: justify;\"><strong>Exposici\u00f3 a la biblioteca<\/strong><\/p>\n<p style=\"text-align: justify;\">A la Biblioteca de l\u2019escola hem muntat una petita exposici\u00f3 amb els objectes i material que les fam\u00edlies ens han deixat.<\/p>\n<p style=\"text-align: justify;\">A\u00a0 l\u2019exposici\u00f3 de la Biblioteca hem pogut<br \/>\nobservar una col\u00b7lecci\u00f3 de programes de<br \/>\nfestes, que van des de 1949 a 2017. Hem pogut veure coses curioses: alguns estan escrits en castell\u00e0, tenien poqu\u00edssimes p\u00e0gines, sempre hi hagut futbol&#8230; Va ser interessant fullejar-los.<\/p>\n<p style=\"text-align: center;\">\u00a0 \u00a0 \u00a0 \u00a0 \u00a0 \u00a0 \u00a0 \u00a0\u00a0<strong>Divendres 1: \u00daltim dia de festes<\/strong><\/p>\n<p style=\"text-align: justify;\"><strong>\u00a0<\/strong><strong>El divendres pel mat\u00ed<\/strong> vam tenir un jornada d\u2019activitat f\u00edsica amb una gimcana dissenyada pels mestres d\u2019educaci\u00f3 f\u00edsica. Vam xalar moooolt!<\/p>\n<p style=\"text-align: justify;\"><strong>Per la tarda<\/strong>,\u00a0 i per anar tancant la nostra Festa Major, vam comen\u00e7ar ballant\u00a0 <strong>la jota <\/strong>de Tivissa amb la MeritxelI Margalef i m\u00e9s balladores (la Montse Perell\u00f3, la Rosita Samarra, la Rosita Pi\u00f1ol i la Roser Bargall\u00f3). Primer, ens van ensenyar, amb molta paci\u00e8ncia, els passos de la jota i, per \u00faltim, vam ballar-la. Qu\u00e8 divertit va ser!<\/p>\n<p style=\"text-align: justify;\">A continuaci\u00f3, i com ens van prometre, va venir la <strong>Colla de Gegants<\/strong> del Barri d\u2019Avall a fer-los ballar al pati de l\u2019escola. Ens va agradar molt i els vam aplaudir s\u00faper fort.<\/p>\n<p style=\"text-align: justify;\">I l\u2019\u00faltim acte de la nostra Festa Major va ser ballar\u00a0 <strong>la Dansa de Tivissa<\/strong> tots junts.<\/p>\n<p style=\"text-align: justify;\">Ei! I despr\u00e9s de tant exercici ens feia falta\u00a0 un <strong>bon gelat<\/strong> per agafar forces.<\/p>\n<p style=\"text-align: right;\"><strong>Alumnes de Cicle Mitj\u00e0\u00a0<\/strong><\/p>\n","protected":false},"excerpt":{"rendered":"<p>Aquest maig, des del dia 28 fins l\u20191 de juny, l\u2019Escola ha celebrat la Setmana Cultural dedicada a la Festa Major. Hem gaudit d\u2019uns dies molt especials. A continuaci\u00f3 us presentarem\u00a0 el programa d\u2019activitats. Moltes d\u2019aquestes compten amb\u00a0 la participaci\u00f3 d\u2019entitats i col\u00b7laboradors de Tivissa, que amb les seves aportacions ens han ensenyat moltes coses [&hellip;]<\/p>\n","protected":false},"author":1,"featured_media":0,"parent":64,"menu_order":0,"comment_status":"closed","ping_status":"closed","template":"","meta":{"_bbp_topic_count":0,"_bbp_reply_count":0,"_bbp_total_topic_count":0,"_bbp_total_reply_count":0,"_bbp_voice_count":0,"_bbp_anonymous_reply_count":0,"_bbp_topic_count_hidden":0,"_bbp_reply_count_hidden":0,"_bbp_forum_subforum_count":0,"site-sidebar-layout":"default","site-content-layout":"","ast-site-content-layout":"","site-content-style":"default","site-sidebar-style":"default","ast-global-header-display":"","ast-banner-title-visibility":"","ast-main-header-display":"","ast-hfb-above-header-display":"","ast-hfb-below-header-display":"","ast-hfb-mobile-header-display":"","site-post-title":"","ast-breadcrumbs-content":"","ast-featured-img":"","footer-sml-layout":"","theme-transparent-header-meta":"","adv-header-id-meta":"","stick-header-meta":"","header-above-stick-meta":"","header-main-stick-meta":"","header-below-stick-meta":"","astra-migrate-meta-layouts":"default","ast-page-background-enabled":"default","ast-page-background-meta":{"desktop":{"background-color":"var(--ast-global-color-4)","background-image":"","background-repeat":"repeat","background-position":"center center","background-size":"auto","background-attachment":"scroll","background-type":"","background-media":"","overlay-type":"","overlay-color":"","overlay-opacity":"","overlay-gradient":""},"tablet":{"background-color":"","background-image":"","background-repeat":"repeat","background-position":"center center","background-size":"auto","background-attachment":"scroll","background-type":"","background-media":"","overlay-type":"","overlay-color":"","overlay-opacity":"","overlay-gradient":""},"mobile":{"background-color":"","background-image":"","background-repeat":"repeat","background-position":"center center","background-size":"auto","background-attachment":"scroll","background-type":"","background-media":"","overlay-type":"","overlay-color":"","overlay-opacity":"","overlay-gradient":""}},"ast-content-background-meta":{"desktop":{"background-color":"var(--ast-global-color-5)","background-image":"","background-repeat":"repeat","background-position":"center center","background-size":"auto","background-attachment":"scroll","background-type":"","background-media":"","overlay-type":"","overlay-color":"","overlay-opacity":"","overlay-gradient":""},"tablet":{"background-color":"var(--ast-global-color-5)","background-image":"","background-repeat":"repeat","background-position":"center center","background-size":"auto","background-attachment":"scroll","background-type":"","background-media":"","overlay-type":"","overlay-color":"","overlay-opacity":"","overlay-gradient":""},"mobile":{"background-color":"var(--ast-global-color-5)","background-image":"","background-repeat":"repeat","background-position":"center center","background-size":"auto","background-attachment":"scroll","background-type":"","background-media":"","overlay-type":"","overlay-color":"","overlay-opacity":"","overlay-gradient":""}},"footnotes":""},"class_list":["post-521","page","type-page","status-publish","hentry"],"post_mailing_queue_ids":[],"_links":{"self":[{"href":"https:\/\/agora.xtec.cat\/escmarcelidomingotivissa\/wp-json\/wp\/v2\/pages\/521","targetHints":{"allow":["GET"]}}],"collection":[{"href":"https:\/\/agora.xtec.cat\/escmarcelidomingotivissa\/wp-json\/wp\/v2\/pages"}],"about":[{"href":"https:\/\/agora.xtec.cat\/escmarcelidomingotivissa\/wp-json\/wp\/v2\/types\/page"}],"author":[{"embeddable":true,"href":"https:\/\/agora.xtec.cat\/escmarcelidomingotivissa\/wp-json\/wp\/v2\/users\/1"}],"replies":[{"embeddable":true,"href":"https:\/\/agora.xtec.cat\/escmarcelidomingotivissa\/wp-json\/wp\/v2\/comments?post=521"}],"version-history":[{"count":3,"href":"https:\/\/agora.xtec.cat\/escmarcelidomingotivissa\/wp-json\/wp\/v2\/pages\/521\/revisions"}],"predecessor-version":[{"id":1015,"href":"https:\/\/agora.xtec.cat\/escmarcelidomingotivissa\/wp-json\/wp\/v2\/pages\/521\/revisions\/1015"}],"up":[{"embeddable":true,"href":"https:\/\/agora.xtec.cat\/escmarcelidomingotivissa\/wp-json\/wp\/v2\/pages\/64"}],"wp:attachment":[{"href":"https:\/\/agora.xtec.cat\/escmarcelidomingotivissa\/wp-json\/wp\/v2\/media?parent=521"}],"curies":[{"name":"wp","href":"https:\/\/api.w.org\/{rel}","templated":true}]}}