{"id":36,"date":"2014-09-18T12:33:11","date_gmt":"2014-09-18T11:33:11","guid":{"rendered":"http:\/\/agora.xtec.cat\/escmarcelidomingotivissa\/?page_id=36"},"modified":"2023-12-14T22:45:44","modified_gmt":"2023-12-14T21:45:44","slug":"material-escolar","status":"publish","type":"page","link":"https:\/\/agora.xtec.cat\/escmarcelidomingotivissa\/lescola\/material-escolar\/","title":{"rendered":"Material escolar"},"content":{"rendered":"<p><strong>Com funciona la gesti\u00f3 del material escolar en el nostre centre?<\/strong><\/p>\n<p>Des de ja fa molts anys en aquesta escola, es va apostar per gestionar el material de manera comunit\u00e0ria, i ho seguim fent perqu\u00e8, a pesar del pas del temps, hi seguim veient molts avantatges.<br \/>\nA final de curs, quan s\u2019ha de fer la comanda de material pel proper curs, es fa una previsi\u00f3 de tot el material fungible no inventariable que s\u2019utilitzar\u00e0 al llarg del curs escolar preveient tamb\u00e9 altre material fungible segons els tipus de projecte o altres activitats que es preveuen realitzar.<br \/>\nEn les llistes de comanda s\u00b4hi troben materials com llapis, colors, cartolines, llapis USB, pintura, carpetes, els llibres obligatoris de lectura en tots els cicles&#8230; Aix\u00ed, es fa la comanda a final de curs i, al setembre, quan arriba al centre, es classifica i s&#8217;ordena a la sala del material. L\u2019import resultant de la compra es reparteix entre tots els infants del centre, i \u00e9s el que anomenem quota de material escolar. Les fam\u00edlies fan l\u2019ingr\u00e9s com a aportaci\u00f3 de material escolar al n\u00famero de compte de l\u2019escola.<\/p>\n<p><strong>Qu\u00e8 s\u2019aconsegueix amb aquesta manera de gestionar el material?<\/strong><br \/>\n\u2022 Els alumnes tenen m\u00e9s control del material, el cuiden m\u00e9s i no en gasten tant com passaria si fos individual. A l&#8217;aula, els docents insisteixen molt en la cura del material.<\/p>\n<p>A m\u00e9s,<br \/>\n\u2022 Observem m\u00e9s consci\u00e8ncia de tenir cura dels materials comuns, dels espais i de les instal\u2022lacions.<br \/>\n\u2022 Podem tenir a l\u2019abast\u00a0 material m\u00e9s variat i a millor preu. Es pot treballar molt b\u00e9 en les sessions d\u2019educaci\u00f3 art\u00edstica, visual i pl\u00e0stica, fent possible el projecte &#8220;El cam\u00ed de l&#8217;art&#8221;.<br \/>\n\u2022 Podem dotar de material altres classes a les que tamb\u00e9 hi assisteixen els alumnes, no traslladant, aix\u00ed, els materials d\u2019un lloc a un altre.<br \/>\n\u2022 Tots els materials sobrants del curs es reaprofiten el curs seg\u00fcent, s\u2019 utilitzen com a materials de reposici\u00f3.<br \/>\nTots els alumnes fan \u00fas del material com\u00fa. Aquest es classifica per a ser utilitzat per parelles dins la classe.<br \/>\nPer als docents \u00e9s una tranquil\u2022litat saber que disposem del material que necessitem per desenvolupar les activitats.<\/p>\n","protected":false},"excerpt":{"rendered":"<p>Com funciona la gesti\u00f3 del material escolar en el nostre centre? Des de ja fa molts anys en aquesta escola, es va apostar per gestionar el material de manera comunit\u00e0ria, i ho seguim fent perqu\u00e8, a pesar del pas del temps, hi seguim veient molts avantatges. A final de curs, quan s\u2019ha de fer la [&hellip;]<\/p>\n","protected":false},"author":1,"featured_media":0,"parent":22,"menu_order":70,"comment_status":"closed","ping_status":"closed","template":"page-templates\/side-menu.php","meta":{"_bbp_topic_count":0,"_bbp_reply_count":0,"_bbp_total_topic_count":0,"_bbp_total_reply_count":0,"_bbp_voice_count":0,"_bbp_anonymous_reply_count":0,"_bbp_topic_count_hidden":0,"_bbp_reply_count_hidden":0,"_bbp_forum_subforum_count":0,"site-sidebar-layout":"default","site-content-layout":"","ast-site-content-layout":"","site-content-style":"default","site-sidebar-style":"default","ast-global-header-display":"","ast-banner-title-visibility":"","ast-main-header-display":"","ast-hfb-above-header-display":"","ast-hfb-below-header-display":"","ast-hfb-mobile-header-display":"","site-post-title":"","ast-breadcrumbs-content":"","ast-featured-img":"","footer-sml-layout":"","theme-transparent-header-meta":"","adv-header-id-meta":"","stick-header-meta":"","header-above-stick-meta":"","header-main-stick-meta":"","header-below-stick-meta":"","astra-migrate-meta-layouts":"default","ast-page-background-enabled":"default","ast-page-background-meta":{"desktop":{"background-color":"var(--ast-global-color-4)","background-image":"","background-repeat":"repeat","background-position":"center center","background-size":"auto","background-attachment":"scroll","background-type":"","background-media":"","overlay-type":"","overlay-color":"","overlay-opacity":"","overlay-gradient":""},"tablet":{"background-color":"","background-image":"","background-repeat":"repeat","background-position":"center center","background-size":"auto","background-attachment":"scroll","background-type":"","background-media":"","overlay-type":"","overlay-color":"","overlay-opacity":"","overlay-gradient":""},"mobile":{"background-color":"","background-image":"","background-repeat":"repeat","background-position":"center center","background-size":"auto","background-attachment":"scroll","background-type":"","background-media":"","overlay-type":"","overlay-color":"","overlay-opacity":"","overlay-gradient":""}},"ast-content-background-meta":{"desktop":{"background-color":"var(--ast-global-color-5)","background-image":"","background-repeat":"repeat","background-position":"center center","background-size":"auto","background-attachment":"scroll","background-type":"","background-media":"","overlay-type":"","overlay-color":"","overlay-opacity":"","overlay-gradient":""},"tablet":{"background-color":"var(--ast-global-color-5)","background-image":"","background-repeat":"repeat","background-position":"center center","background-size":"auto","background-attachment":"scroll","background-type":"","background-media":"","overlay-type":"","overlay-color":"","overlay-opacity":"","overlay-gradient":""},"mobile":{"background-color":"var(--ast-global-color-5)","background-image":"","background-repeat":"repeat","background-position":"center center","background-size":"auto","background-attachment":"scroll","background-type":"","background-media":"","overlay-type":"","overlay-color":"","overlay-opacity":"","overlay-gradient":""}},"footnotes":""},"class_list":["post-36","page","type-page","status-publish","hentry"],"post_mailing_queue_ids":[],"_links":{"self":[{"href":"https:\/\/agora.xtec.cat\/escmarcelidomingotivissa\/wp-json\/wp\/v2\/pages\/36","targetHints":{"allow":["GET"]}}],"collection":[{"href":"https:\/\/agora.xtec.cat\/escmarcelidomingotivissa\/wp-json\/wp\/v2\/pages"}],"about":[{"href":"https:\/\/agora.xtec.cat\/escmarcelidomingotivissa\/wp-json\/wp\/v2\/types\/page"}],"author":[{"embeddable":true,"href":"https:\/\/agora.xtec.cat\/escmarcelidomingotivissa\/wp-json\/wp\/v2\/users\/1"}],"replies":[{"embeddable":true,"href":"https:\/\/agora.xtec.cat\/escmarcelidomingotivissa\/wp-json\/wp\/v2\/comments?post=36"}],"version-history":[{"count":5,"href":"https:\/\/agora.xtec.cat\/escmarcelidomingotivissa\/wp-json\/wp\/v2\/pages\/36\/revisions"}],"predecessor-version":[{"id":3460,"href":"https:\/\/agora.xtec.cat\/escmarcelidomingotivissa\/wp-json\/wp\/v2\/pages\/36\/revisions\/3460"}],"up":[{"embeddable":true,"href":"https:\/\/agora.xtec.cat\/escmarcelidomingotivissa\/wp-json\/wp\/v2\/pages\/22"}],"wp:attachment":[{"href":"https:\/\/agora.xtec.cat\/escmarcelidomingotivissa\/wp-json\/wp\/v2\/media?parent=36"}],"curies":[{"name":"wp","href":"https:\/\/api.w.org\/{rel}","templated":true}]}}