{"id":30,"date":"2014-09-18T12:30:23","date_gmt":"2014-09-18T11:30:23","guid":{"rendered":"http:\/\/agora.xtec.cat\/escmarcelidomingotivissa\/?page_id=30"},"modified":"2023-10-19T12:59:38","modified_gmt":"2023-10-19T10:59:38","slug":"instal%c2%b7lacions","status":"publish","type":"page","link":"https:\/\/agora.xtec.cat\/escmarcelidomingotivissa\/lescola\/instal%c2%b7lacions\/","title":{"rendered":"Instal\u00b7lacions"},"content":{"rendered":"\r\n\t<div class=\"slideshow_container slideshow_container_style-light\" style=\"height: 300px; \" data-slideshow-id=\"3278\" data-style-name=\"style-light\" data-style-version=\"2.3.1\" >\r\n\r\n\t\t\t\t\t<div class=\"slideshow_loading_icon\"><\/div>\r\n\t\t\r\n\t\t<div class=\"slideshow_content\" style=\"display: none;\">\r\n\r\n\t\t\t<div class=\"slideshow_view\">\r\n\t\t\t\t<div class=\"slideshow_slide slideshow_slide_image\">\r\n\t\t\t\t\t\t\t\t\t\t\t<img src=\"https:\/\/agora.xtec.cat\/escmarcelidomingotivissa\/wp-content\/uploads\/usu1054\/2023\/09\/IMG-2615-scaled.jpg\" alt=\"IMG-2615\" width=\"2560\" height=\"1920\" \/>\r\n\t\t\t\t\t\t\t\t\t\t<div class=\"slideshow_description_box slideshow_transparent\">\r\n\t\t\t\t\t\t<div class=\"slideshow_title\">IMG-2615<\/div>\t\t\t\t\t\t\t\t\t\t\t<\/div>\r\n\t\t\t\t<\/div>\r\n\r\n\t\t\t\t\t\t<div style=\"clear: both;\"><\/div><\/div><div class=\"slideshow_view\">\r\n\t\t\t\t<div class=\"slideshow_slide slideshow_slide_image\">\r\n\t\t\t\t\t\t\t\t\t\t\t<img src=\"https:\/\/agora.xtec.cat\/escmarcelidomingotivissa\/wp-content\/uploads\/usu1054\/2023\/09\/IMG-2617-scaled.jpg\" alt=\"IMG-2617\" width=\"2560\" height=\"1920\" \/>\r\n\t\t\t\t\t\t\t\t\t\t<div class=\"slideshow_description_box slideshow_transparent\">\r\n\t\t\t\t\t\t<div class=\"slideshow_title\">IMG-2617<\/div>\t\t\t\t\t\t\t\t\t\t\t<\/div>\r\n\t\t\t\t<\/div>\r\n\r\n\t\t\t\t\t\t<div style=\"clear: both;\"><\/div><\/div><div class=\"slideshow_view\">\r\n\t\t\t\t<div class=\"slideshow_slide slideshow_slide_image\">\r\n\t\t\t\t\t\t\t\t\t\t\t<img src=\"https:\/\/agora.xtec.cat\/escmarcelidomingotivissa\/wp-content\/uploads\/usu1054\/2023\/09\/IMG-2619-scaled.jpg\" alt=\"IMG-2619\" width=\"2560\" height=\"1920\" \/>\r\n\t\t\t\t\t\t\t\t\t\t<div class=\"slideshow_description_box slideshow_transparent\">\r\n\t\t\t\t\t\t<div class=\"slideshow_title\">IMG-2619<\/div>\t\t\t\t\t\t\t\t\t\t\t<\/div>\r\n\t\t\t\t<\/div>\r\n\r\n\t\t\t\t\t\t<div style=\"clear: both;\"><\/div><\/div><div class=\"slideshow_view\">\r\n\t\t\t\t<div class=\"slideshow_slide slideshow_slide_image\">\r\n\t\t\t\t\t\t\t\t\t\t\t<img src=\"https:\/\/agora.xtec.cat\/escmarcelidomingotivissa\/wp-content\/uploads\/usu1054\/2023\/09\/IMG-2620-scaled.jpg\" alt=\"IMG-2620\" width=\"2560\" height=\"1920\" \/>\r\n\t\t\t\t\t\t\t\t\t\t<div class=\"slideshow_description_box slideshow_transparent\">\r\n\t\t\t\t\t\t<div class=\"slideshow_title\">IMG-2620<\/div>\t\t\t\t\t\t\t\t\t\t\t<\/div>\r\n\t\t\t\t<\/div>\r\n\r\n\t\t\t\t\t\t<div style=\"clear: both;\"><\/div><\/div><div class=\"slideshow_view\">\r\n\t\t\t\t<div class=\"slideshow_slide slideshow_slide_image\">\r\n\t\t\t\t\t\t\t\t\t\t\t<img src=\"https:\/\/agora.xtec.cat\/escmarcelidomingotivissa\/wp-content\/uploads\/usu1054\/2023\/09\/IMG-2621-scaled.jpg\" alt=\"IMG-2621\" width=\"2560\" height=\"1920\" \/>\r\n\t\t\t\t\t\t\t\t\t\t<div class=\"slideshow_description_box slideshow_transparent\">\r\n\t\t\t\t\t\t<div class=\"slideshow_title\">IMG-2621<\/div>\t\t\t\t\t\t\t\t\t\t\t<\/div>\r\n\t\t\t\t<\/div>\r\n\r\n\t\t\t\t\t\t<div style=\"clear: both;\"><\/div><\/div><div class=\"slideshow_view\">\r\n\t\t\t\t<div class=\"slideshow_slide slideshow_slide_image\">\r\n\t\t\t\t\t\t\t\t\t\t\t<img src=\"https:\/\/agora.xtec.cat\/escmarcelidomingotivissa\/wp-content\/uploads\/usu1054\/2023\/09\/IMG-2624-scaled.jpg\" alt=\"IMG-2624\" width=\"2560\" height=\"1920\" \/>\r\n\t\t\t\t\t\t\t\t\t\t<div class=\"slideshow_description_box slideshow_transparent\">\r\n\t\t\t\t\t\t<div class=\"slideshow_title\">IMG-2624<\/div>\t\t\t\t\t\t\t\t\t\t\t<\/div>\r\n\t\t\t\t<\/div>\r\n\r\n\t\t\t\t\t\t<div style=\"clear: both;\"><\/div><\/div><div class=\"slideshow_view\">\r\n\t\t\t\t<div class=\"slideshow_slide slideshow_slide_image\">\r\n\t\t\t\t\t\t\t\t\t\t\t<img src=\"https:\/\/agora.xtec.cat\/escmarcelidomingotivissa\/wp-content\/uploads\/usu1054\/2023\/09\/IMG-2627-scaled.jpg\" alt=\"IMG-2627\" width=\"2560\" height=\"1920\" \/>\r\n\t\t\t\t\t\t\t\t\t\t<div class=\"slideshow_description_box slideshow_transparent\">\r\n\t\t\t\t\t\t<div class=\"slideshow_title\">IMG-2627<\/div>\t\t\t\t\t\t\t\t\t\t\t<\/div>\r\n\t\t\t\t<\/div>\r\n\r\n\t\t\t\t\t\t<div style=\"clear: both;\"><\/div><\/div><div class=\"slideshow_view\">\r\n\t\t\t\t<div class=\"slideshow_slide slideshow_slide_image\">\r\n\t\t\t\t\t\t\t\t\t\t\t<img src=\"https:\/\/agora.xtec.cat\/escmarcelidomingotivissa\/wp-content\/uploads\/usu1054\/2023\/09\/baixa.jpg\" alt=\"baixa\" width=\"310\" height=\"162\" \/>\r\n\t\t\t\t\t\t\t\t\t\t<div class=\"slideshow_description_box slideshow_transparent\">\r\n\t\t\t\t\t\t<div class=\"slideshow_title\">baixa<\/div>\t\t\t\t\t\t\t\t\t\t\t<\/div>\r\n\t\t\t\t<\/div>\r\n\r\n\t\t\t\t\t\t<div style=\"clear: both;\"><\/div><\/div><div class=\"slideshow_view\">\r\n\t\t\t\t<div class=\"slideshow_slide slideshow_slide_image\">\r\n\t\t\t\t\t\t\t\t\t\t\t<img src=\"https:\/\/agora.xtec.cat\/escmarcelidomingotivissa\/wp-content\/uploads\/usu1054\/2023\/09\/IMG-2636-scaled.jpg\" alt=\"IMG-2636\" width=\"2560\" height=\"1920\" \/>\r\n\t\t\t\t\t\t\t\t\t\t<div class=\"slideshow_description_box slideshow_transparent\">\r\n\t\t\t\t\t\t<div class=\"slideshow_title\">IMG-2636<\/div>\t\t\t\t\t\t\t\t\t\t\t<\/div>\r\n\t\t\t\t<\/div>\r\n\r\n\t\t\t\t\t\t<div style=\"clear: both;\"><\/div><\/div>\r\n\t\t<\/div>\r\n\r\n\t\t<div class=\"slideshow_controlPanel slideshow_transparent\" style=\"display: none;\"><ul><li class=\"slideshow_togglePlay\" data-play-text=\"Visualitza\" data-pause-text=\"Pausa\"><\/li><\/ul><\/div>\r\n\r\n\t\t<div class=\"slideshow_button slideshow_previous slideshow_transparent\" role=\"button\" data-previous-text=\"Anterior\" style=\"display: none;\"><\/div>\r\n\t\t<div class=\"slideshow_button slideshow_next slideshow_transparent\" role=\"button\" data-next-text=\"Seg\u00fcent\" style=\"display: none;\"><\/div>\r\n\r\n\t\t<div class=\"slideshow_pagination\" style=\"display: none;\" data-go-to-text=\"V\u00e9s a la diapositiva\"><div class=\"slideshow_pagination_center\"><\/div><\/div>\r\n\r\n\t\t<!-- WordPress Slideshow Version 2.3.1 -->\r\n\r\n\t\t\t<\/div>\r\n\r\n\n<p>L&#8217;Escola Marcel\u00b7l\u00ed Domingo compta amb una entrada principal que dona acc\u00e9s a l&#8217;edifici d&#8217;educaci\u00f3 infantil i prim\u00e0ria. Nom\u00e9s entrar i podem trobar un ampli vest\u00edbul que organitza l&#8217;edifici:<\/p>\n<ul>\n<li><em>Passad\u00eds esquerre<\/em>: zona majorit\u00e0riament d&#8217;educaci\u00f3 infantil i aula de ci\u00e8ncies i pl\u00e0stica. S&#8217;hi poden trobar tres lavabos, un dels quals connecta directament amb l&#8217;aula d&#8217;I3.<\/li>\n<li><em>Passad\u00eds central<\/em>: zona d&#8217;educaci\u00f3 prim\u00e0ria (cicle inicial), aula digital, aula d&#8217;idiomes i acc\u00e9s al pis superior (on hi trobem el despatx de direcci\u00f3, la sala de mestres, una aula d&#8217;atenci\u00f3 a la diversitat, un magatzem i la biblioteca.<\/li>\n<li><em>Passad\u00eds dret<\/em>: zona principalment d&#8217;educaci\u00f3 prim\u00e0ria (cicle mitj\u00e0 i superior), menjador i gimn\u00e0s\/aula de psicomotricitat. S&#8217;hi poden trobar dos lavabos amb vestidors i dutxes per l&#8217;alumnat i dos lavabos per les i els mestres.<\/li>\n<\/ul>\n<p>Al final dels dos passadissos (esquerre i dret) hi ha les sortides al pati de l&#8217;escola on hi trobem diferents espais de joc: cuineta, sorral, bosquet, vaixell, cabana, hort, pista,&#8230;<\/p>\n<p><strong>AULES ORDIN\u00c0RIES:<\/strong><\/p>\n<p>L&#8217;escola compta amb 7 aules ordin\u00e0ries, 3 d&#8217;educaci\u00f3 infantil i 4 d&#8217;educaci\u00f3 prim\u00e0ria. Totes les aules ordin\u00e0ries de l&#8217;escola compten amb l&#8217;equipament habitual i l&#8217;aula de cicle superior, a m\u00e9s a m\u00e9s, compta amb una pissarra interactiva.<\/p>\n<p><strong>AULES ESPECIALS:<\/strong><\/p>\n<ul>\n<li><em>Aula d&#8217;idiomes<\/em> dotada amb l&#8217;equipament habitual.<\/li>\n<li><em>Aula digital<\/em> amb ordinadors connectats amb xarxa i amb acc\u00e9s a Internet, tauletes, Chromebooks i panells t\u00e0ctils. Aquesta dotaci\u00f3 es complementa amb una xarxa wifi accessible des de qualsevol punt de l&#8217;edifici escolar.<\/li>\n<li><em>Aula de psicomotricitat\/gimn\u00e0s<\/em> amb el material necessari per desenvolupar-hi les classes d&#8217;Educaci\u00f3 F\u00edsica (educaci\u00f3 prim\u00e0ria) i de psicomotricitat (educaci\u00f3 infantil). Aquest es complementa amb una pista poliesportiva situada al centre del pati i que s&#8217;adequa als reglaments esportius vigents.<\/li>\n<li><em>Biblioteca escolar<\/em> que complementa les biblioteques d&#8217;aula.<\/li>\n<li><em>Aula de ci\u00e8ncies i pl\u00e0stica<\/em> dotada de projector i un bon assortiment de material de laboratori (provetes, gots de precipitacions, microscopis, lupes binoculars,&#8230;).<\/li>\n<li><em>Menjador escolar<\/em> amb una capacitat d&#8217;uns 20 comensals per torn.<\/li>\n<\/ul>\n","protected":false},"excerpt":{"rendered":"<p>L&#8217;Escola Marcel\u00b7l\u00ed Domingo compta amb una entrada principal que dona acc\u00e9s a l&#8217;edifici d&#8217;educaci\u00f3 infantil i prim\u00e0ria. Nom\u00e9s entrar i podem trobar un ampli vest\u00edbul que organitza l&#8217;edifici: Passad\u00eds esquerre: zona majorit\u00e0riament d&#8217;educaci\u00f3 infantil i aula de ci\u00e8ncies i pl\u00e0stica. S&#8217;hi poden trobar tres lavabos, un dels quals connecta directament amb l&#8217;aula d&#8217;I3. Passad\u00eds central: [&hellip;]<\/p>\n","protected":false},"author":1,"featured_media":0,"parent":22,"menu_order":40,"comment_status":"closed","ping_status":"closed","template":"page-templates\/side-menu.php","meta":{"_bbp_topic_count":0,"_bbp_reply_count":0,"_bbp_total_topic_count":0,"_bbp_total_reply_count":0,"_bbp_voice_count":0,"_bbp_anonymous_reply_count":0,"_bbp_topic_count_hidden":0,"_bbp_reply_count_hidden":0,"_bbp_forum_subforum_count":0,"site-sidebar-layout":"default","site-content-layout":"","ast-site-content-layout":"","site-content-style":"default","site-sidebar-style":"default","ast-global-header-display":"","ast-banner-title-visibility":"","ast-main-header-display":"","ast-hfb-above-header-display":"","ast-hfb-below-header-display":"","ast-hfb-mobile-header-display":"","site-post-title":"","ast-breadcrumbs-content":"","ast-featured-img":"","footer-sml-layout":"","theme-transparent-header-meta":"","adv-header-id-meta":"","stick-header-meta":"","header-above-stick-meta":"","header-main-stick-meta":"","header-below-stick-meta":"","astra-migrate-meta-layouts":"default","ast-page-background-enabled":"default","ast-page-background-meta":{"desktop":{"background-color":"var(--ast-global-color-4)","background-image":"","background-repeat":"repeat","background-position":"center center","background-size":"auto","background-attachment":"scroll","background-type":"","background-media":"","overlay-type":"","overlay-color":"","overlay-opacity":"","overlay-gradient":""},"tablet":{"background-color":"","background-image":"","background-repeat":"repeat","background-position":"center center","background-size":"auto","background-attachment":"scroll","background-type":"","background-media":"","overlay-type":"","overlay-color":"","overlay-opacity":"","overlay-gradient":""},"mobile":{"background-color":"","background-image":"","background-repeat":"repeat","background-position":"center center","background-size":"auto","background-attachment":"scroll","background-type":"","background-media":"","overlay-type":"","overlay-color":"","overlay-opacity":"","overlay-gradient":""}},"ast-content-background-meta":{"desktop":{"background-color":"var(--ast-global-color-5)","background-image":"","background-repeat":"repeat","background-position":"center center","background-size":"auto","background-attachment":"scroll","background-type":"","background-media":"","overlay-type":"","overlay-color":"","overlay-opacity":"","overlay-gradient":""},"tablet":{"background-color":"var(--ast-global-color-5)","background-image":"","background-repeat":"repeat","background-position":"center center","background-size":"auto","background-attachment":"scroll","background-type":"","background-media":"","overlay-type":"","overlay-color":"","overlay-opacity":"","overlay-gradient":""},"mobile":{"background-color":"var(--ast-global-color-5)","background-image":"","background-repeat":"repeat","background-position":"center center","background-size":"auto","background-attachment":"scroll","background-type":"","background-media":"","overlay-type":"","overlay-color":"","overlay-opacity":"","overlay-gradient":""}},"footnotes":""},"class_list":["post-30","page","type-page","status-publish","hentry"],"post_mailing_queue_ids":[],"_links":{"self":[{"href":"https:\/\/agora.xtec.cat\/escmarcelidomingotivissa\/wp-json\/wp\/v2\/pages\/30","targetHints":{"allow":["GET"]}}],"collection":[{"href":"https:\/\/agora.xtec.cat\/escmarcelidomingotivissa\/wp-json\/wp\/v2\/pages"}],"about":[{"href":"https:\/\/agora.xtec.cat\/escmarcelidomingotivissa\/wp-json\/wp\/v2\/types\/page"}],"author":[{"embeddable":true,"href":"https:\/\/agora.xtec.cat\/escmarcelidomingotivissa\/wp-json\/wp\/v2\/users\/1"}],"replies":[{"embeddable":true,"href":"https:\/\/agora.xtec.cat\/escmarcelidomingotivissa\/wp-json\/wp\/v2\/comments?post=30"}],"version-history":[{"count":6,"href":"https:\/\/agora.xtec.cat\/escmarcelidomingotivissa\/wp-json\/wp\/v2\/pages\/30\/revisions"}],"predecessor-version":[{"id":3346,"href":"https:\/\/agora.xtec.cat\/escmarcelidomingotivissa\/wp-json\/wp\/v2\/pages\/30\/revisions\/3346"}],"up":[{"embeddable":true,"href":"https:\/\/agora.xtec.cat\/escmarcelidomingotivissa\/wp-json\/wp\/v2\/pages\/22"}],"wp:attachment":[{"href":"https:\/\/agora.xtec.cat\/escmarcelidomingotivissa\/wp-json\/wp\/v2\/media?parent=30"}],"curies":[{"name":"wp","href":"https:\/\/api.w.org\/{rel}","templated":true}]}}