{"id":26,"date":"2014-09-18T12:24:32","date_gmt":"2014-09-18T11:24:32","guid":{"rendered":"http:\/\/agora.xtec.cat\/escmarcelidomingotivissa\/?page_id=26"},"modified":"2017-11-27T13:37:43","modified_gmt":"2017-11-27T12:37:43","slug":"historia","status":"publish","type":"page","link":"https:\/\/agora.xtec.cat\/escmarcelidomingotivissa\/lescola\/historia\/","title":{"rendered":"Hist\u00f2ria"},"content":{"rendered":"<p>La nostra escola es diu Marcel\u00b7l\u00ed Domingo, nom que li varen posar l&#8217;any 1991 aprofitant la inauguraci\u00f3 d&#8217;unes obres d&#8217;ampliaci\u00f3 de l\u2019escola.<br \/>\nSegons consta a l&#8217;arxiu municipal, Marcel\u00b7l\u00ed Domingo va ser Ministre de Cultura de la IIa Rep\u00fablica i va ajudar a la construcci\u00f3 de les escoles de Tivissa durant aquest per\u00edode.<br \/>\nA l\u2019any 1991 es realitza l\u2019ampliaci\u00f3 i reformes de l\u2019escola que van ser inaugurades pel Conseller d\u2019Educaci\u00f3 Josep Laporte i Salas i l\u2019Excel\u00b7lent\u00edssim Alcalde de Tivissa Ferm\u00ed Pallis\u00e9.<\/p>\n","protected":false},"excerpt":{"rendered":"<p>La nostra escola es diu Marcel\u00b7l\u00ed Domingo, nom que li varen posar l&#8217;any 1991 aprofitant la inauguraci\u00f3 d&#8217;unes obres d&#8217;ampliaci\u00f3 de l\u2019escola. Segons consta a l&#8217;arxiu municipal, Marcel\u00b7l\u00ed Domingo va ser Ministre de Cultura de la IIa Rep\u00fablica i va ajudar a la construcci\u00f3 de les escoles de Tivissa durant aquest per\u00edode. A l\u2019any 1991 [&hellip;]<\/p>\n","protected":false},"author":1,"featured_media":0,"parent":22,"menu_order":20,"comment_status":"closed","ping_status":"closed","template":"page-templates\/side-menu.php","meta":{"_bbp_topic_count":0,"_bbp_reply_count":0,"_bbp_total_topic_count":0,"_bbp_total_reply_count":0,"_bbp_voice_count":0,"_bbp_anonymous_reply_count":0,"_bbp_topic_count_hidden":0,"_bbp_reply_count_hidden":0,"_bbp_forum_subforum_count":0,"site-sidebar-layout":"default","site-content-layout":"","ast-site-content-layout":"","site-content-style":"default","site-sidebar-style":"default","ast-global-header-display":"","ast-banner-title-visibility":"","ast-main-header-display":"","ast-hfb-above-header-display":"","ast-hfb-below-header-display":"","ast-hfb-mobile-header-display":"","site-post-title":"","ast-breadcrumbs-content":"","ast-featured-img":"","footer-sml-layout":"","theme-transparent-header-meta":"","adv-header-id-meta":"","stick-header-meta":"","header-above-stick-meta":"","header-main-stick-meta":"","header-below-stick-meta":"","astra-migrate-meta-layouts":"default","ast-page-background-enabled":"default","ast-page-background-meta":{"desktop":{"background-color":"var(--ast-global-color-4)","background-image":"","background-repeat":"repeat","background-position":"center center","background-size":"auto","background-attachment":"scroll","background-type":"","background-media":"","overlay-type":"","overlay-color":"","overlay-opacity":"","overlay-gradient":""},"tablet":{"background-color":"","background-image":"","background-repeat":"repeat","background-position":"center center","background-size":"auto","background-attachment":"scroll","background-type":"","background-media":"","overlay-type":"","overlay-color":"","overlay-opacity":"","overlay-gradient":""},"mobile":{"background-color":"","background-image":"","background-repeat":"repeat","background-position":"center center","background-size":"auto","background-attachment":"scroll","background-type":"","background-media":"","overlay-type":"","overlay-color":"","overlay-opacity":"","overlay-gradient":""}},"ast-content-background-meta":{"desktop":{"background-color":"var(--ast-global-color-5)","background-image":"","background-repeat":"repeat","background-position":"center center","background-size":"auto","background-attachment":"scroll","background-type":"","background-media":"","overlay-type":"","overlay-color":"","overlay-opacity":"","overlay-gradient":""},"tablet":{"background-color":"var(--ast-global-color-5)","background-image":"","background-repeat":"repeat","background-position":"center center","background-size":"auto","background-attachment":"scroll","background-type":"","background-media":"","overlay-type":"","overlay-color":"","overlay-opacity":"","overlay-gradient":""},"mobile":{"background-color":"var(--ast-global-color-5)","background-image":"","background-repeat":"repeat","background-position":"center center","background-size":"auto","background-attachment":"scroll","background-type":"","background-media":"","overlay-type":"","overlay-color":"","overlay-opacity":"","overlay-gradient":""}},"footnotes":""},"class_list":["post-26","page","type-page","status-publish","hentry"],"post_mailing_queue_ids":[],"_links":{"self":[{"href":"https:\/\/agora.xtec.cat\/escmarcelidomingotivissa\/wp-json\/wp\/v2\/pages\/26","targetHints":{"allow":["GET"]}}],"collection":[{"href":"https:\/\/agora.xtec.cat\/escmarcelidomingotivissa\/wp-json\/wp\/v2\/pages"}],"about":[{"href":"https:\/\/agora.xtec.cat\/escmarcelidomingotivissa\/wp-json\/wp\/v2\/types\/page"}],"author":[{"embeddable":true,"href":"https:\/\/agora.xtec.cat\/escmarcelidomingotivissa\/wp-json\/wp\/v2\/users\/1"}],"replies":[{"embeddable":true,"href":"https:\/\/agora.xtec.cat\/escmarcelidomingotivissa\/wp-json\/wp\/v2\/comments?post=26"}],"version-history":[{"count":3,"href":"https:\/\/agora.xtec.cat\/escmarcelidomingotivissa\/wp-json\/wp\/v2\/pages\/26\/revisions"}],"predecessor-version":[{"id":499,"href":"https:\/\/agora.xtec.cat\/escmarcelidomingotivissa\/wp-json\/wp\/v2\/pages\/26\/revisions\/499"}],"up":[{"embeddable":true,"href":"https:\/\/agora.xtec.cat\/escmarcelidomingotivissa\/wp-json\/wp\/v2\/pages\/22"}],"wp:attachment":[{"href":"https:\/\/agora.xtec.cat\/escmarcelidomingotivissa\/wp-json\/wp\/v2\/media?parent=26"}],"curies":[{"name":"wp","href":"https:\/\/api.w.org\/{rel}","templated":true}]}}