{"id":691,"date":"2022-05-10T12:32:48","date_gmt":"2022-05-10T10:32:48","guid":{"rendered":"https:\/\/agora.xtec.cat\/escmarceli\/?page_id=691"},"modified":"2022-10-20T13:08:35","modified_gmt":"2022-10-20T11:08:35","slug":"estrategia-digital-de-centre","status":"publish","type":"page","link":"https:\/\/agora.xtec.cat\/escmarceli\/estrategia-digital-de-centre\/","title":{"rendered":"Estrat\u00e8gia digital de centre"},"content":{"rendered":"<p>Clicant aquesta imatge podreu accedir a l&#8217;espai de l&#8217;<strong>Estrat\u00e8gia Digital de Centre<\/strong> de l&#8217;escola Marcel\u00b7l\u00ed Esquius.<\/p>\n<p><a href=\"https:\/\/sites.google.com\/xtec.cat\/edcmarceliesquius\"><img loading=\"lazy\" decoding=\"async\" class=\"wp-image-1078 aligncenter\" src=\"https:\/\/agora.xtec.cat\/escmarceli\/wp-content\/uploads\/usu2922\/2022\/10\/Captura-de-Pantalla-2022-10-20-a-les-13.06.00-1024x459.png\" alt=\"\" width=\"626\" height=\"281\" srcset=\"https:\/\/agora.xtec.cat\/escmarceli\/wp-content\/uploads\/usu2922\/2022\/10\/Captura-de-Pantalla-2022-10-20-a-les-13.06.00-1024x459.png 1024w, https:\/\/agora.xtec.cat\/escmarceli\/wp-content\/uploads\/usu2922\/2022\/10\/Captura-de-Pantalla-2022-10-20-a-les-13.06.00-300x134.png 300w, https:\/\/agora.xtec.cat\/escmarceli\/wp-content\/uploads\/usu2922\/2022\/10\/Captura-de-Pantalla-2022-10-20-a-les-13.06.00-768x344.png 768w, https:\/\/agora.xtec.cat\/escmarceli\/wp-content\/uploads\/usu2922\/2022\/10\/Captura-de-Pantalla-2022-10-20-a-les-13.06.00-1536x688.png 1536w, https:\/\/agora.xtec.cat\/escmarceli\/wp-content\/uploads\/usu2922\/2022\/10\/Captura-de-Pantalla-2022-10-20-a-les-13.06.00-2048x918.png 2048w\" sizes=\"auto, (max-width: 626px) 100vw, 626px\" \/><\/a><\/p>\n<p>Un espai en construcci\u00f3 on se&#8217;n van recullin totes les accions que es realitzen i que es faran a curt i mitj\u00e0 termini a l&#8217;escola per assolir la compet\u00e8ncia digital de l\u2019alumnat, del professorat i del centre educatiu d&#8217;acord amb el Pla d\u2019Educaci\u00f3 Digital de Catalunya (PEDC).<\/p>\n","protected":false},"excerpt":{"rendered":"<p>Clicant aquesta imatge podreu accedir a l&#8217;espai de l&#8217;Estrat\u00e8gia Digital de Centre de l&#8217;escola Marcel\u00b7l\u00ed Esquius.<br \/>\n<a href=\"https:\/\/sites.google.com\/xtec.cat\/edcmarceliesquius\"><\/a><br \/>\nUn espai en construcci\u00f3 on se&#8217;n van recullin totes les accions que es realitzen i que es faran a curt i mitj\u00e0 termini a l&#8217;escola per assolir la compet\u00e8ncia&hellip;  <a href=\"https:\/\/agora.xtec.cat\/escmarceli\/estrategia-digital-de-centre\/\" title=\"Read Estrat\u00e8gia digital de centre\">Llegeix m\u00e9s\u00bb<\/a><\/p>\n","protected":false},"author":1,"featured_media":0,"parent":0,"menu_order":0,"comment_status":"closed","ping_status":"closed","template":"","meta":{"_bbp_topic_count":0,"_bbp_reply_count":0,"_bbp_total_topic_count":0,"_bbp_total_reply_count":0,"_bbp_voice_count":0,"_bbp_anonymous_reply_count":0,"_bbp_topic_count_hidden":0,"_bbp_reply_count_hidden":0,"_bbp_forum_subforum_count":0,"footnotes":""},"class_list":["post-691","page","type-page","status-publish","hentry"],"post_mailing_queue_ids":[],"_links":{"self":[{"href":"https:\/\/agora.xtec.cat\/escmarceli\/wp-json\/wp\/v2\/pages\/691","targetHints":{"allow":["GET"]}}],"collection":[{"href":"https:\/\/agora.xtec.cat\/escmarceli\/wp-json\/wp\/v2\/pages"}],"about":[{"href":"https:\/\/agora.xtec.cat\/escmarceli\/wp-json\/wp\/v2\/types\/page"}],"author":[{"embeddable":true,"href":"https:\/\/agora.xtec.cat\/escmarceli\/wp-json\/wp\/v2\/users\/1"}],"replies":[{"embeddable":true,"href":"https:\/\/agora.xtec.cat\/escmarceli\/wp-json\/wp\/v2\/comments?post=691"}],"version-history":[{"count":4,"href":"https:\/\/agora.xtec.cat\/escmarceli\/wp-json\/wp\/v2\/pages\/691\/revisions"}],"predecessor-version":[{"id":1080,"href":"https:\/\/agora.xtec.cat\/escmarceli\/wp-json\/wp\/v2\/pages\/691\/revisions\/1080"}],"wp:attachment":[{"href":"https:\/\/agora.xtec.cat\/escmarceli\/wp-json\/wp\/v2\/media?parent=691"}],"curies":[{"name":"wp","href":"https:\/\/api.w.org\/{rel}","templated":true}]}}