{"id":688,"date":"2022-05-10T12:32:48","date_gmt":"2022-05-10T10:32:48","guid":{"rendered":"https:\/\/agora.xtec.cat\/escmarceli\/?page_id=688"},"modified":"2025-02-25T10:12:22","modified_gmt":"2025-02-25T09:12:22","slug":"acords","status":"publish","type":"page","link":"https:\/\/agora.xtec.cat\/escmarceli\/acords\/","title":{"rendered":"Acords"},"content":{"rendered":"<p><strong><a href=\"https:\/\/agora.xtec.cat\/escmarceli\/wp-content\/uploads\/usu2922\/2022\/06\/kisspng-computer-icons-handshake-agreement-cliparts-5b0525470d8945.6120340715270638790555.png\"><img loading=\"lazy\" decoding=\"async\" class=\"wp-image-889 alignleft\" src=\"https:\/\/agora.xtec.cat\/escmarceli\/wp-content\/uploads\/usu2922\/2022\/06\/kisspng-computer-icons-handshake-agreement-cliparts-5b0525470d8945.6120340715270638790555.png\" alt=\"\" width=\"162\" height=\"162\" srcset=\"https:\/\/agora.xtec.cat\/escmarceli\/wp-content\/uploads\/usu2922\/2022\/06\/kisspng-computer-icons-handshake-agreement-cliparts-5b0525470d8945.6120340715270638790555.png 534w, https:\/\/agora.xtec.cat\/escmarceli\/wp-content\/uploads\/usu2922\/2022\/06\/kisspng-computer-icons-handshake-agreement-cliparts-5b0525470d8945.6120340715270638790555-300x300.png 300w, https:\/\/agora.xtec.cat\/escmarceli\/wp-content\/uploads\/usu2922\/2022\/06\/kisspng-computer-icons-handshake-agreement-cliparts-5b0525470d8945.6120340715270638790555-150x150.png 150w\" sizes=\"auto, (max-width: 162px) 100vw, 162px\" \/><\/a><\/strong><\/p>\n<p><strong>Acords Consells curs 22\/23<\/strong><\/p>\n<p>&#8211; Aprovaci\u00f3 de la Programaci\u00f3 General de Centre del curs 2022\/23. Lectura dels objectius i actuacions previstes a realitzar durant el curs escolar.<\/p>\n<p>-Liquidaci\u00f3 del pressupost del 2022 i aprovaci\u00f3 del pressupost del 2023<\/p>\n<p>&#8211; Exposici\u00f3 i aprovaci\u00f3 de les activitats i sortides programades per aquest curs.<\/p>\n<p>-La bata d&#8217;escola ser\u00e0 opcional a Prim\u00e0ria.<\/p>\n<p>-Aprovaci\u00f3 POCAT<\/p>\n<p>-Aprovaci\u00f3 de l&#8217;Estrat\u00e8gia Digital de Centre (EDC)<\/p>\n<p>-Constituci\u00f3 de la Comissi\u00f3 econ\u00f2mica i de la comissi\u00f3 de conviv\u00e8ncia.<\/p>\n<p>-Aprovaci\u00f3 de l\u2019actualitzaci\u00f3 del Projecte Ling\u00fc\u00edstic de Centre<\/p>\n<p>-Aprovaci\u00f3 de la participaci\u00f3 a la subvenci\u00f3 per facilitar l\u2019educaci\u00f3 escolar dels infants\/adolescents any 2023 i en el projecte de reciclatge i reutilitzaci\u00f3 de llibres i\/o material escolar.<\/p>\n<p><strong>Acords Consells curs 23\/24<\/strong><\/p>\n<p>-Aprovaci\u00f3 de la Programaci\u00f3 General de Centre del curs 2023\/24.<br \/>\n&#8211; Aprovaci\u00f3 de les Sortides i activitats educatives.<br \/>\n-Participaci\u00f3 del Centre en el programa d\u2019innovaci\u00f3 de la Xarxa de Compet\u00e8ncies.<br \/>\n-Avantprojecte per millorar els espais l\u00fadico-esportius i d\u2019experimentaci\u00f3 als patis de l\u2019escola<\/p>\n<p>-Aprovaci\u00f3 modificaci\u00f3 de l&#8217;horari escolar.<\/p>\n<p>-Aprovaci\u00f3 de la participaci\u00f3 en la subvenci\u00f3 de l\u2019Ajuntament per facilitar l\u2019educaci\u00f3 escolar dels infants i adolescents del municipi i en el projecte de reciclatge i reutilitzaci\u00f3 de llibres i\/o material.<\/p>\n<p>-Constituci\u00f3 del nou Consell Escolar<\/p>\n<p><strong>Acords Consells curs 24\/25<\/strong><\/p>\n<p>-Aprovaci\u00f3 de la Programaci\u00f3 General de Centre del curs 2024\/25<\/p>\n<p>-Aprovaci\u00f3 de les Normes d\u2019Organitzaci\u00f3 i Funcionament de Centre.<\/p>\n<p>-Gesti\u00f3 econ\u00f2mica: aprovaci\u00f3 liquidaci\u00f3 2024 i pressupost 2025<\/p>\n<p>-Aprovaci\u00f3 de la participaci\u00f3 del centre de la Subvenci\u00f3 de l\u2019Ajuntament per facilitar l\u2019educaci\u00f3 escolar dels infants i adolescents del municipi i en el projecte de reciclatge i reutilitzaci\u00f3 de llibres i\/o material escolar.<\/p>\n<p>-Participaci\u00f3 del Centre en el programa Apropa\u2019t.<\/p>\n<p>-Aprovar l\u2019\u00fas social dins i fora de l\u2019horari lectiu del centre escolar.<\/p>\n<p>&nbsp;<\/p>\n","protected":false},"excerpt":{"rendered":"<p><a href=\"https:\/\/agora.xtec.cat\/escmarceli\/wp-content\/uploads\/usu2922\/2022\/06\/kisspng-computer-icons-handshake-agreement-cliparts-5b0525470d8945.6120340715270638790555.png\"><\/a><br \/>\nAcords Consells curs 22\/23<br \/>\n&#8211; Aprovaci\u00f3 de la Programaci\u00f3 General de Centre del curs 2022\/23. Lectura dels objectius i actuacions previstes a realitzar durant el curs escolar.<br \/>\n-Liquidaci\u00f3 del pressupost del 2022 i aprovaci\u00f3 del pressupost del 2023<br \/>\n&#8211; Exposici\u00f3 i aprovaci\u00f3 de les activitats i sortides&hellip;  <a href=\"https:\/\/agora.xtec.cat\/escmarceli\/acords\/\" title=\"Read Acords\">Llegeix m\u00e9s\u00bb<\/a><\/p>\n","protected":false},"author":1,"featured_media":0,"parent":0,"menu_order":0,"comment_status":"closed","ping_status":"closed","template":"","meta":{"_bbp_topic_count":0,"_bbp_reply_count":0,"_bbp_total_topic_count":0,"_bbp_total_reply_count":0,"_bbp_voice_count":0,"_bbp_anonymous_reply_count":0,"_bbp_topic_count_hidden":0,"_bbp_reply_count_hidden":0,"_bbp_forum_subforum_count":0,"footnotes":""},"class_list":["post-688","page","type-page","status-publish","hentry"],"post_mailing_queue_ids":[],"_links":{"self":[{"href":"https:\/\/agora.xtec.cat\/escmarceli\/wp-json\/wp\/v2\/pages\/688","targetHints":{"allow":["GET"]}}],"collection":[{"href":"https:\/\/agora.xtec.cat\/escmarceli\/wp-json\/wp\/v2\/pages"}],"about":[{"href":"https:\/\/agora.xtec.cat\/escmarceli\/wp-json\/wp\/v2\/types\/page"}],"author":[{"embeddable":true,"href":"https:\/\/agora.xtec.cat\/escmarceli\/wp-json\/wp\/v2\/users\/1"}],"replies":[{"embeddable":true,"href":"https:\/\/agora.xtec.cat\/escmarceli\/wp-json\/wp\/v2\/comments?post=688"}],"version-history":[{"count":5,"href":"https:\/\/agora.xtec.cat\/escmarceli\/wp-json\/wp\/v2\/pages\/688\/revisions"}],"predecessor-version":[{"id":2899,"href":"https:\/\/agora.xtec.cat\/escmarceli\/wp-json\/wp\/v2\/pages\/688\/revisions\/2899"}],"wp:attachment":[{"href":"https:\/\/agora.xtec.cat\/escmarceli\/wp-json\/wp\/v2\/media?parent=688"}],"curies":[{"name":"wp","href":"https:\/\/api.w.org\/{rel}","templated":true}]}}