{"id":665,"date":"2022-05-10T12:08:05","date_gmt":"2022-05-10T10:08:05","guid":{"rendered":"https:\/\/agora.xtec.cat\/escmarceli\/?page_id=665"},"modified":"2025-04-01T14:05:21","modified_gmt":"2025-04-01T12:05:21","slug":"documents-de-centre","status":"publish","type":"page","link":"https:\/\/agora.xtec.cat\/escmarceli\/lescola\/documents-de-centre\/","title":{"rendered":"Documents de centre"},"content":{"rendered":"<table style=\"border-collapse: collapse; width: 100%;\">\n<tbody>\n<tr>\n<td style=\"width: 100%;\"><\/td>\n<\/tr>\n<\/tbody>\n<\/table>\n<p><a href=\"https:\/\/agora.xtec.cat\/escmarceli\/wp-content\/uploads\/usu2922\/2022\/05\/417213.png\"><img loading=\"lazy\" decoding=\"async\" class=\"aligncenter size-thumbnail wp-image-789\" src=\"https:\/\/agora.xtec.cat\/escmarceli\/wp-content\/uploads\/usu2922\/2022\/05\/417213-150x150.png\" alt=\"\" width=\"150\" height=\"150\" srcset=\"https:\/\/agora.xtec.cat\/escmarceli\/wp-content\/uploads\/usu2922\/2022\/05\/417213-150x150.png 150w, https:\/\/agora.xtec.cat\/escmarceli\/wp-content\/uploads\/usu2922\/2022\/05\/417213-300x300.png 300w, https:\/\/agora.xtec.cat\/escmarceli\/wp-content\/uploads\/usu2922\/2022\/05\/417213.png 512w\" sizes=\"auto, (max-width: 150px) 100vw, 150px\" \/><\/a><\/p>\n<table style=\"border-collapse: collapse; width: 100%; height: 627px;\">\n<tbody>\n<tr style=\"height: 181px;\">\n<td style=\"width: 100%; text-align: center; height: 181px;\">\n<p style=\"text-align: center;\"><strong><a href=\"https:\/\/drive.google.com\/file\/d\/178Z8W4z7atUhSw_vFy6GdMy-vqvy1CGX\/view?usp=drive_link\">PEC<\/a>\u00a0<\/strong><\/p>\n<p style=\"text-align: center;\">PROJECTE EDUCATIU DE CENTRE<br \/>\nEl P.E.C \u00e9s el document de refer\u00e8ncia del centre, el marc i horitz\u00f3. Defineix la nostra identitat, expressa les intencionalitats, n\u2019explicita els objectius i orienta l&#8217;activitat. Expressa la missi\u00f3, visi\u00f3 i valors de l&#8217;escola i assenyala la l\u00ednia metodol\u00f2gica, el rumb i l&#8217;ess\u00e8ncia.<\/p>\n<div class=\"doc-excerpt\">\n<p style=\"text-align: center;\"><strong style=\"font-family: inherit; font-size: 1em;\"><a href=\"https:\/\/drive.google.com\/file\/d\/1Vd_jYsHhycM2nTjs0_10tC0-1C4u5KDY\/view?usp=drive_link\">NOFC<\/a><\/strong><\/p>\n<\/div>\n<div class=\"doc-excerpt\">\n<p style=\"text-align: center;\">NORMES D\u2019ORGANITZACI\u00d3 I FUNCIONAMENT DE CENTRE<\/p>\n<p style=\"text-align: center;\">La Normativa d\u2019Organitzaci\u00f3 i Funcionament de Centre (NOFC) ha de ser una eina que ha de servir per regular la vida interna de l\u2019escola i per establir i concretar les relacions entre els diferents sectors que formen la comunitat educativa.<\/p>\n<\/div>\n<p style=\"text-align: center;\"><a href=\"https:\/\/drive.google.com\/file\/d\/1w6stx5-XBhfpFiJkhSBcFO8-TNoHiBFg\/view?usp=sharing\"><strong>PGA 24\/25<\/strong><\/a><\/p>\n<p style=\"text-align: center;\">Si vols saber quins objectius ens hem plantejat per aquest curs i les actuacions previstes per aconseguir-los, mira la nostra programaci\u00f3 anual de centre per aquest curs 2024-25.<\/p>\n<\/td>\n<\/tr>\n<tr style=\"height: 139px;\">\n<td style=\"width: 100%; text-align: center; height: 139px;\">\n<p style=\"text-align: center;\"><a href=\"https:\/\/drive.google.com\/file\/d\/1DD6DH-KJ2UMXfiFrn9kn8VA82LdlzNDz\/view?usp=drive_link\"><strong>MEM\u00d2RIA ANUAL CURS 23\/24<\/strong><\/a><\/p>\n<p style=\"text-align: center;\">Aquesta mem\u00f2ria reflecteix les activitats dutes a terme durant el curs 2023\/2024, d\u2019acord amb la Programaci\u00f3 General Anual del Centre, i segons la l\u00ednia establerta en el PEC i el Projecte de Direcci\u00f3. Especifica quin ha estat el funcionament i les actuacions executades al llarg del curs escolar, valora els aspectes tant organitzatius com pedag\u00f2gics que s\u2019havien planificat, i planteja els objectius i les propostes de millora per al curs 24\/25.<\/p>\n<\/td>\n<\/tr>\n<tr style=\"height: 243px;\">\n<td style=\"width: 100%; height: 243px;\">\n<p style=\"text-align: center;\"><strong><a href=\"https:\/\/drive.google.com\/file\/d\/1P8aFaypVE47YwVORcNaVWkcGy7-WMiJG\/view?usp=share_link\">PROJECTE DE CONVIVENCIA <\/a><\/strong><\/p>\n<p style=\"text-align: center;\">El Projecte de Conviv\u00e8ncia \u00e9s un document que t\u00e9 el seu fonament en els trets d\u2019identitat i valors de l\u2019escola. En aquesta l\u00ednia s\u00f3n valors inherents el respecte, la toler\u00e0ncia, la democr\u00e0cia, el di\u00e0leg, la inclusi\u00f3 i l\u2019acollida, l\u2019educaci\u00f3 emocional i la compet\u00e8ncia personal i social dels alumnes. Sempre orientats per la cerca d\u2019un clima positiu que afavoreixi l\u2019\u00e8xit acad\u00e8mic, el desenvolupament integral i d\u2019excel\u00b7l\u00e8ncia dels alumnes i la participaci\u00f3 en la millora d\u2019una societat m\u00e9s acollidora i plural.<\/p>\n<\/td>\n<\/tr>\n<tr>\n<td style=\"width: 100%;\">\n<p style=\"text-align: center;\"><strong><a href=\"https:\/\/drive.google.com\/file\/d\/1CfZNGmy2-JT0onIzV0lzzLGkvCNFTZ2v\/view?usp=sharing\">PLC<\/a><\/strong><\/p>\n<p style=\"text-align: center;\">PROJECTE LING\u00dc\u00cdSTIC DE CENTRE DE L&#8217;ESCOL\u00a0 \u00a0A MARCEL\u00b7L\u00cd ESQUIUS<\/p>\n<p style=\"text-align: center;\">El PLC s\u2019ent\u00e9n com un proc\u00e9s de reflexi\u00f3 del tractament de les diverses lleng\u00fces que recull els aspectes relatius a l\u2019ensenyament i a l\u2019\u00fas de les lleng\u00fces en el nostre centre educatiu.<\/p>\n<p style=\"text-align: center;\">El Projecte Ling\u00fc\u00edstic forma part del Projecte Educatiu i t\u00e9 present tant el marc legal com la diagnosi de la realitat del centre.<\/p>\n<p style=\"text-align: center;\">\u201c<em>Diversos som els homes i diverses les parles<\/em>\u201d\u00a0\u00a0<em>Salvador Espriu<\/em><\/p>\n<\/td>\n<\/tr>\n<tr>\n<td style=\"width: 100%;\">\n<div class=\"doc-excerpt\">\n<p style=\"text-align: center;\">\n<\/div>\n<\/td>\n<\/tr>\n<\/tbody>\n<\/table>\n","protected":false},"excerpt":{"rendered":"<p><a href=\"https:\/\/agora.xtec.cat\/escmarceli\/wp-content\/uploads\/usu2922\/2022\/05\/417213.png\"><\/a><\/p>\n<p><a href=\"https:\/\/drive.google.com\/file\/d\/178Z8W4z7atUhSw_vFy6GdMy-vqvy1CGX\/view?usp=drive_link\">PEC<\/a>\u00a0<br \/>\nPROJECTE EDUCATIU DE CENTRE<br \/>\nEl P.E.C \u00e9s el document de refer\u00e8ncia del centre, el marc i horitz\u00f3. Defineix la nostra identitat, expressa les intencionalitats, n\u2019explicita els objectius i orienta l&#8217;activitat. Expressa la missi\u00f3, visi\u00f3 i valors de l&#8217;escola i assenyala la l\u00ednia metodol\u00f2gica, el&hellip;  <a href=\"https:\/\/agora.xtec.cat\/escmarceli\/lescola\/documents-de-centre\/\" title=\"Read Documents de centre\">Llegeix m\u00e9s\u00bb<\/a><\/p>\n","protected":false},"author":1,"featured_media":0,"parent":22,"menu_order":5,"comment_status":"closed","ping_status":"closed","template":"","meta":{"_bbp_topic_count":0,"_bbp_reply_count":0,"_bbp_total_topic_count":0,"_bbp_total_reply_count":0,"_bbp_voice_count":0,"_bbp_anonymous_reply_count":0,"_bbp_topic_count_hidden":0,"_bbp_reply_count_hidden":0,"_bbp_forum_subforum_count":0,"footnotes":""},"class_list":["post-665","page","type-page","status-publish","hentry"],"post_mailing_queue_ids":[],"_links":{"self":[{"href":"https:\/\/agora.xtec.cat\/escmarceli\/wp-json\/wp\/v2\/pages\/665","targetHints":{"allow":["GET"]}}],"collection":[{"href":"https:\/\/agora.xtec.cat\/escmarceli\/wp-json\/wp\/v2\/pages"}],"about":[{"href":"https:\/\/agora.xtec.cat\/escmarceli\/wp-json\/wp\/v2\/types\/page"}],"author":[{"embeddable":true,"href":"https:\/\/agora.xtec.cat\/escmarceli\/wp-json\/wp\/v2\/users\/1"}],"replies":[{"embeddable":true,"href":"https:\/\/agora.xtec.cat\/escmarceli\/wp-json\/wp\/v2\/comments?post=665"}],"version-history":[{"count":7,"href":"https:\/\/agora.xtec.cat\/escmarceli\/wp-json\/wp\/v2\/pages\/665\/revisions"}],"predecessor-version":[{"id":3022,"href":"https:\/\/agora.xtec.cat\/escmarceli\/wp-json\/wp\/v2\/pages\/665\/revisions\/3022"}],"up":[{"embeddable":true,"href":"https:\/\/agora.xtec.cat\/escmarceli\/wp-json\/wp\/v2\/pages\/22"}],"wp:attachment":[{"href":"https:\/\/agora.xtec.cat\/escmarceli\/wp-json\/wp\/v2\/media?parent=665"}],"curies":[{"name":"wp","href":"https:\/\/api.w.org\/{rel}","templated":true}]}}