{"id":66,"date":"2014-09-18T12:40:47","date_gmt":"2014-09-18T11:40:47","guid":{"rendered":"http:\/\/agora.xtec.cat\/escmarceli\/?page_id=66"},"modified":"2022-06-03T10:37:57","modified_gmt":"2022-06-03T08:37:57","slug":"serveis","status":"publish","type":"page","link":"https:\/\/agora.xtec.cat\/escmarceli\/serveis\/","title":{"rendered":"Serveis"},"content":{"rendered":"<p><a href=\"https:\/\/agora.xtec.cat\/escmarceli\/wp-content\/uploads\/usu2922\/2022\/06\/kisspng-child-equality-and-diversity-multiculturalism-soci-5d3bfca8caa4d3.74451055156421239283.png\"><img loading=\"lazy\" decoding=\"async\" class=\"wp-image-898 alignleft\" src=\"https:\/\/agora.xtec.cat\/escmarceli\/wp-content\/uploads\/usu2922\/2022\/06\/kisspng-child-equality-and-diversity-multiculturalism-soci-5d3bfca8caa4d3.74451055156421239283.png\" alt=\"\" width=\"307\" height=\"150\" srcset=\"https:\/\/agora.xtec.cat\/escmarceli\/wp-content\/uploads\/usu2922\/2022\/06\/kisspng-child-equality-and-diversity-multiculturalism-soci-5d3bfca8caa4d3.74451055156421239283.png 1933w, https:\/\/agora.xtec.cat\/escmarceli\/wp-content\/uploads\/usu2922\/2022\/06\/kisspng-child-equality-and-diversity-multiculturalism-soci-5d3bfca8caa4d3.74451055156421239283-300x147.png 300w, https:\/\/agora.xtec.cat\/escmarceli\/wp-content\/uploads\/usu2922\/2022\/06\/kisspng-child-equality-and-diversity-multiculturalism-soci-5d3bfca8caa4d3.74451055156421239283-1024x501.png 1024w, https:\/\/agora.xtec.cat\/escmarceli\/wp-content\/uploads\/usu2922\/2022\/06\/kisspng-child-equality-and-diversity-multiculturalism-soci-5d3bfca8caa4d3.74451055156421239283-768x375.png 768w, https:\/\/agora.xtec.cat\/escmarceli\/wp-content\/uploads\/usu2922\/2022\/06\/kisspng-child-equality-and-diversity-multiculturalism-soci-5d3bfca8caa4d3.74451055156421239283-1536x751.png 1536w\" sizes=\"auto, (max-width: 307px) 100vw, 307px\" \/><\/a><\/p>\n<p>&nbsp;<\/p>\n<p>&nbsp;<\/p>\n<p>&nbsp;<\/p>\n<p>&nbsp;<\/p>\n<p>La missi\u00f3 educativa va molt m\u00e9s enll\u00e0 del temps lectiu a l&#8217;aula i dels eixos curriculars.<\/p>\n<p>El centre ofereix o possibilita l&#8217;acc\u00e9s opcional a una s\u00e8rie de serveis:<\/p>\n<ul>\n<li>Menjador escolar<\/li>\n<li>Acollida<\/li>\n<li>Transport escolar<\/li>\n<li>Activitats extraescolars<\/li>\n<\/ul>\n","protected":false},"excerpt":{"rendered":"<p><a href=\"https:\/\/agora.xtec.cat\/escmarceli\/wp-content\/uploads\/usu2922\/2022\/06\/kisspng-child-equality-and-diversity-multiculturalism-soci-5d3bfca8caa4d3.74451055156421239283.png\"><\/a><br \/>\n&nbsp;<br \/>\n&nbsp;<br \/>\n&nbsp;<br \/>\n&nbsp;<br \/>\nLa missi\u00f3 educativa va molt m\u00e9s enll\u00e0 del temps lectiu a l&#8217;aula i dels eixos curriculars.<br \/>\nEl centre ofereix o possibilita l&#8217;acc\u00e9s opcional a una s\u00e8rie de serveis:<\/p>\n<ul>\n<li>Menjador escolar<\/li>\n<li>Acollida<\/li>\n<li>Transport escolar<\/li>\n<li>Activitats extraescolars<\/li>\n<\/ul>\n","protected":false},"author":1,"featured_media":0,"parent":0,"menu_order":0,"comment_status":"closed","ping_status":"closed","template":"page-templates\/side-menu.php","meta":{"_bbp_topic_count":0,"_bbp_reply_count":0,"_bbp_total_topic_count":0,"_bbp_total_reply_count":0,"_bbp_voice_count":0,"_bbp_anonymous_reply_count":0,"_bbp_topic_count_hidden":0,"_bbp_reply_count_hidden":0,"_bbp_forum_subforum_count":0,"footnotes":""},"class_list":["post-66","page","type-page","status-publish","hentry"],"post_mailing_queue_ids":[],"_links":{"self":[{"href":"https:\/\/agora.xtec.cat\/escmarceli\/wp-json\/wp\/v2\/pages\/66","targetHints":{"allow":["GET"]}}],"collection":[{"href":"https:\/\/agora.xtec.cat\/escmarceli\/wp-json\/wp\/v2\/pages"}],"about":[{"href":"https:\/\/agora.xtec.cat\/escmarceli\/wp-json\/wp\/v2\/types\/page"}],"author":[{"embeddable":true,"href":"https:\/\/agora.xtec.cat\/escmarceli\/wp-json\/wp\/v2\/users\/1"}],"replies":[{"embeddable":true,"href":"https:\/\/agora.xtec.cat\/escmarceli\/wp-json\/wp\/v2\/comments?post=66"}],"version-history":[{"count":2,"href":"https:\/\/agora.xtec.cat\/escmarceli\/wp-json\/wp\/v2\/pages\/66\/revisions"}],"predecessor-version":[{"id":897,"href":"https:\/\/agora.xtec.cat\/escmarceli\/wp-json\/wp\/v2\/pages\/66\/revisions\/897"}],"wp:attachment":[{"href":"https:\/\/agora.xtec.cat\/escmarceli\/wp-json\/wp\/v2\/media?parent=66"}],"curies":[{"name":"wp","href":"https:\/\/api.w.org\/{rel}","templated":true}]}}