{"id":22,"date":"2014-09-18T12:19:57","date_gmt":"2014-09-18T11:19:57","guid":{"rendered":"http:\/\/agora.xtec.cat\/escmarceli\/?page_id=22"},"modified":"2025-01-19T10:17:52","modified_gmt":"2025-01-19T09:17:52","slug":"lescola","status":"publish","type":"page","link":"https:\/\/agora.xtec.cat\/escmarceli\/lescola\/","title":{"rendered":"L&#8217;escola"},"content":{"rendered":"<p>L\u2019escola Marcel\u00b7l\u00ed esquius \u00e9s un centre educatiu de titularitat p\u00fablica del Departament d&#8217;Educaci\u00f3 que va ser fundada l\u2019any 2008. Est\u00e0 ubicada a Costa Z\u00e9fir, una urbanitzaci\u00f3 de Miami-Platja, i pertany al terme municipal de Mont-roig del Camp, a Tarragona.<\/p>\n<p>El centre es va iniciar amb dues aules d\u2019educaci\u00f3 infantil ubicades en un m\u00f2dul i amb un total de 40 alumnes. Any rere any va anar creixent amb gran for\u00e7a fins convertir-se en una escola viva a dia d&#8217;avui amb doble l\u00ednia a Infantil i una l\u00ednia completa des de 1r fins a 6\u00e8, marcant una clara conversi\u00f3 cap a la doble l\u00ednia a nivell general.<\/p>\n<p>L\u2019horari que realitzem \u00e9s de 9h a 12\u201930h i\u00a0 de 14&#8217;30h a 16h, l&#8217;espai del servei de menjador \u00e9s de 12&#8217;30h a 14&#8217;30h i l\u2019horari d\u2019acollida compren de les 8h a les 9h del mat\u00ed.<\/p>\n<div style=\"width: 1920px;\" class=\"wp-video\"><!--[if lt IE 9]><script>document.createElement('video');<\/script><![endif]-->\n<video class=\"wp-video-shortcode\" id=\"video-22-1\" width=\"1920\" height=\"1080\" preload=\"metadata\" controls=\"controls\"><source type=\"video\/mp4\" src=\"https:\/\/agora.xtec.cat\/escmarceli\/wp-content\/uploads\/usu2922\/2022\/05\/Green-Minimalist-Organic-Elegant-Science-Presentation.mp4?_=1\" \/><a href=\"https:\/\/agora.xtec.cat\/escmarceli\/wp-content\/uploads\/usu2922\/2022\/05\/Green-Minimalist-Organic-Elegant-Science-Presentation.mp4\">https:\/\/agora.xtec.cat\/escmarceli\/wp-content\/uploads\/usu2922\/2022\/05\/Green-Minimalist-Organic-Elegant-Science-Presentation.mp4<\/a><\/video><\/div>\n<p>&nbsp;<\/p>\n<p>&nbsp;<\/p>\n","protected":false},"excerpt":{"rendered":"<p>L\u2019escola Marcel\u00b7l\u00ed esquius \u00e9s un centre educatiu de titularitat p\u00fablica del Departament d&#8217;Educaci\u00f3 que va ser fundada l\u2019any 2008. Est\u00e0 ubicada a Costa Z\u00e9fir, una urbanitzaci\u00f3 de Miami-Platja, i pertany al terme municipal de Mont-roig del Camp, a Tarragona.<br \/>\nEl centre es va iniciar amb dues&hellip;  <a href=\"https:\/\/agora.xtec.cat\/escmarceli\/lescola\/\" title=\"Read L&#8217;escola\">Llegeix m\u00e9s\u00bb<\/a><\/p>\n","protected":false},"author":1,"featured_media":0,"parent":0,"menu_order":0,"comment_status":"closed","ping_status":"closed","template":"page-templates\/side-menu.php","meta":{"_bbp_topic_count":0,"_bbp_reply_count":0,"_bbp_total_topic_count":0,"_bbp_total_reply_count":0,"_bbp_voice_count":0,"_bbp_anonymous_reply_count":0,"_bbp_topic_count_hidden":0,"_bbp_reply_count_hidden":0,"_bbp_forum_subforum_count":0,"footnotes":""},"class_list":["post-22","page","type-page","status-publish","hentry"],"post_mailing_queue_ids":[],"_links":{"self":[{"href":"https:\/\/agora.xtec.cat\/escmarceli\/wp-json\/wp\/v2\/pages\/22","targetHints":{"allow":["GET"]}}],"collection":[{"href":"https:\/\/agora.xtec.cat\/escmarceli\/wp-json\/wp\/v2\/pages"}],"about":[{"href":"https:\/\/agora.xtec.cat\/escmarceli\/wp-json\/wp\/v2\/types\/page"}],"author":[{"embeddable":true,"href":"https:\/\/agora.xtec.cat\/escmarceli\/wp-json\/wp\/v2\/users\/1"}],"replies":[{"embeddable":true,"href":"https:\/\/agora.xtec.cat\/escmarceli\/wp-json\/wp\/v2\/comments?post=22"}],"version-history":[{"count":5,"href":"https:\/\/agora.xtec.cat\/escmarceli\/wp-json\/wp\/v2\/pages\/22\/revisions"}],"predecessor-version":[{"id":2689,"href":"https:\/\/agora.xtec.cat\/escmarceli\/wp-json\/wp\/v2\/pages\/22\/revisions\/2689"}],"wp:attachment":[{"href":"https:\/\/agora.xtec.cat\/escmarceli\/wp-json\/wp\/v2\/media?parent=22"}],"curies":[{"name":"wp","href":"https:\/\/api.w.org\/{rel}","templated":true}]}}