{"id":8619,"date":"2023-03-17T13:16:13","date_gmt":"2023-03-17T12:16:13","guid":{"rendered":"https:\/\/agora.xtec.cat\/escmaragallsab\/?page_id=8619"},"modified":"2025-09-30T13:29:07","modified_gmt":"2025-09-30T11:29:07","slug":"personal","status":"publish","type":"page","link":"https:\/\/agora.xtec.cat\/escmaragallsab\/lescola\/personal\/","title":{"rendered":"L&#8217;equip hum\u00e0"},"content":{"rendered":"<table>\n<tbody>\n<tr style=\"height: 55px;\">\n<td style=\"width: 819px; height: 55px; background-color: #51b0a3; text-align: center;\" colspan=\"2\">\n<h4><strong>CURS 2025-2026<\/strong><\/h4>\n<\/td>\n<\/tr>\n<tr style=\"height: 37px;\">\n<td style=\"width: 402px; text-align: center; height: 37px; background-color: #37dbc5;\">\n<h5><strong>EQUIP DIRECTIU<\/strong><\/h5>\n<\/td>\n<td style=\"width: 415px; text-align: center; height: 37px; background-color: #37dbc5;\">\n<h5><strong>PERSONAL PAS<\/strong><\/h5>\n<\/td>\n<\/tr>\n<tr style=\"height: 134px;\">\n<td style=\"width: 402px; text-align: center; height: 134px; background-color: #d2f7f2;\">Director: Sergi Mart\u00edn<\/p>\n<p>Cap d&#8217;estudis: Oriol Barrachina<\/p>\n<p>Secret\u00e0ria: Ver\u00f3nica Chuecos<\/td>\n<td style=\"width: 415px; text-align: center; height: 134px; background-color: #d2f7f2;\">Conserge: Pere Moreno<\/p>\n<p>Administrativa: Luc\u00eda Manchado<\/p>\n<p>Vetlladora<strong>:<\/strong> Mar\u00eda Garc\u00eda<\/p>\n<p>TEI: Ana Fern\u00e1ndez<\/p>\n<p>Integradora social: Alba Torrente<\/td>\n<\/tr>\n<tr style=\"height: 55px;\">\n<td style=\"width: 402px; text-align: center; height: 55px; background-color: #37dbc5;\">\n<h5><strong>INFANTIL<\/strong><\/h5>\n<\/td>\n<td style=\"width: 415px; text-align: center; height: 55px; background-color: #37dbc5;\">\n<h5><strong>PRIM\u00c0RIA<\/strong><\/h5>\n<\/td>\n<\/tr>\n<tr style=\"height: 174px;\">\n<td style=\"width: 402px; text-align: center; height: 174px; background-color: #d2f7f2;\"><strong>I3:<\/strong> N\u00faria Garcia<\/p>\n<p><strong>I4:\u00a0 <\/strong>Eva Olivera<\/p>\n<p><strong>I5: <\/strong>Joana Llorent<\/p>\n<p><strong>COORDINADORA:\u00a0<\/strong><\/p>\n<p>Esther Fern\u00e1ndez<\/td>\n<td style=\"width: 415px; text-align: center; height: 174px; background-color: #d2f7f2;\"><strong>PRIMER:<\/strong> Lorena Melero<\/p>\n<p><strong>SEGON<\/strong>: Andrea Garcia<\/p>\n<p><strong>TERCER<\/strong>: Jordi Miret<\/p>\n<p><strong>QUART<\/strong>: Nat\u00e0lia Ar\u00e9valo<\/p>\n<p><strong>CINQU\u00c8: <\/strong>Bego\u00f1a Ram\u00edrez<\/p>\n<p><strong>SIS\u00c8: <\/strong>Merche Brioso<\/p>\n<p><strong>COORDINADORA: <\/strong><\/p>\n<p>Merche Brioso<\/td>\n<\/tr>\n<tr style=\"height: 55px;\">\n<td style=\"width: 402px; text-align: center; height: 55px; background-color: #37dbc5;\">\u00a0<strong>ESPECIALITATS<\/strong><\/td>\n<td style=\"width: 415px; text-align: center; height: 55px; background-color: #37dbc5;\"><\/td>\n<\/tr>\n<tr style=\"height: 55px;\">\n<td style=\"width: 402px; height: 55px; background-color: #d2f7f2; text-align: center;\"><strong>EDUCACI\u00d3 F\u00cdSICA:<\/strong> Oriol Barrachina<\/p>\n<p><strong>ANGL\u00c8S:<\/strong> Sheila Garcia<\/p>\n<p><strong>M\u00daSICA: <\/strong>Jordi Miret i Andrea Garcia<\/p>\n<p><strong>EDUCACI\u00d3 ESPECIAL: <\/strong>Sandra Robledo<\/p>\n<p><strong>CASTELL\u00c0<\/strong>: Veronica Chuecos i Olga Cayuela<\/p>\n<p><strong>RELIGI\u00d3:<\/strong> Olga Cayuela<\/td>\n<td style=\"width: 415px; height: 55px; background-color: #d2f7f2; text-align: center;\"><\/td>\n<\/tr>\n<\/tbody>\n<\/table>\n","protected":false},"excerpt":{"rendered":"<p>CURS 2025-2026 EQUIP DIRECTIU PERSONAL PAS Director: Sergi Mart\u00edn Cap d&#8217;estudis: Oriol Barrachina Secret\u00e0ria: Ver\u00f3nica Chuecos Conserge: Pere Moreno Administrativa: [&hellip;]<\/p>\n","protected":false},"author":1,"featured_media":0,"parent":22,"menu_order":3,"comment_status":"closed","ping_status":"closed","template":"","meta":{"_bbp_topic_count":0,"_bbp_reply_count":0,"_bbp_total_topic_count":0,"_bbp_total_reply_count":0,"_bbp_voice_count":0,"_bbp_anonymous_reply_count":0,"_bbp_topic_count_hidden":0,"_bbp_reply_count_hidden":0,"_bbp_forum_subforum_count":0,"site-sidebar-layout":"default","site-content-layout":"","ast-site-content-layout":"default","site-content-style":"default","site-sidebar-style":"default","ast-global-header-display":"","ast-banner-title-visibility":"","ast-main-header-display":"","ast-hfb-above-header-display":"","ast-hfb-below-header-display":"","ast-hfb-mobile-header-display":"","site-post-title":"","ast-breadcrumbs-content":"","ast-featured-img":"","footer-sml-layout":"","theme-transparent-header-meta":"default","adv-header-id-meta":"","stick-header-meta":"","header-above-stick-meta":"","header-main-stick-meta":"","header-below-stick-meta":"","astra-migrate-meta-layouts":"set","ast-page-background-enabled":"default","ast-page-background-meta":{"desktop":{"background-color":"var(--ast-global-color-4)","background-image":"","background-repeat":"repeat","background-position":"center center","background-size":"auto","background-attachment":"scroll","background-type":"","background-media":"","overlay-type":"","overlay-color":"","overlay-opacity":"","overlay-gradient":""},"tablet":{"background-color":"","background-image":"","background-repeat":"repeat","background-position":"center center","background-size":"auto","background-attachment":"scroll","background-type":"","background-media":"","overlay-type":"","overlay-color":"","overlay-opacity":"","overlay-gradient":""},"mobile":{"background-color":"","background-image":"","background-repeat":"repeat","background-position":"center center","background-size":"auto","background-attachment":"scroll","background-type":"","background-media":"","overlay-type":"","overlay-color":"","overlay-opacity":"","overlay-gradient":""}},"ast-content-background-meta":{"desktop":{"background-color":"var(--ast-global-color-5)","background-image":"","background-repeat":"repeat","background-position":"center center","background-size":"auto","background-attachment":"scroll","background-type":"","background-media":"","overlay-type":"","overlay-color":"","overlay-opacity":"","overlay-gradient":""},"tablet":{"background-color":"var(--ast-global-color-5)","background-image":"","background-repeat":"repeat","background-position":"center center","background-size":"auto","background-attachment":"scroll","background-type":"","background-media":"","overlay-type":"","overlay-color":"","overlay-opacity":"","overlay-gradient":""},"mobile":{"background-color":"var(--ast-global-color-5)","background-image":"","background-repeat":"repeat","background-position":"center center","background-size":"auto","background-attachment":"scroll","background-type":"","background-media":"","overlay-type":"","overlay-color":"","overlay-opacity":"","overlay-gradient":""}},"footnotes":""},"class_list":["post-8619","page","type-page","status-publish","hentry"],"post_mailing_queue_ids":[],"_links":{"self":[{"href":"https:\/\/agora.xtec.cat\/escmaragallsab\/wp-json\/wp\/v2\/pages\/8619","targetHints":{"allow":["GET"]}}],"collection":[{"href":"https:\/\/agora.xtec.cat\/escmaragallsab\/wp-json\/wp\/v2\/pages"}],"about":[{"href":"https:\/\/agora.xtec.cat\/escmaragallsab\/wp-json\/wp\/v2\/types\/page"}],"author":[{"embeddable":true,"href":"https:\/\/agora.xtec.cat\/escmaragallsab\/wp-json\/wp\/v2\/users\/1"}],"replies":[{"embeddable":true,"href":"https:\/\/agora.xtec.cat\/escmaragallsab\/wp-json\/wp\/v2\/comments?post=8619"}],"version-history":[{"count":7,"href":"https:\/\/agora.xtec.cat\/escmaragallsab\/wp-json\/wp\/v2\/pages\/8619\/revisions"}],"predecessor-version":[{"id":10461,"href":"https:\/\/agora.xtec.cat\/escmaragallsab\/wp-json\/wp\/v2\/pages\/8619\/revisions\/10461"}],"up":[{"embeddable":true,"href":"https:\/\/agora.xtec.cat\/escmaragallsab\/wp-json\/wp\/v2\/pages\/22"}],"wp:attachment":[{"href":"https:\/\/agora.xtec.cat\/escmaragallsab\/wp-json\/wp\/v2\/media?parent=8619"}],"curies":[{"name":"wp","href":"https:\/\/api.w.org\/{rel}","templated":true}]}}