{"id":73,"date":"2014-09-18T14:01:51","date_gmt":"2014-09-18T13:01:51","guid":{"rendered":"http:\/\/agora.xtec.cat\/ceip-jmaragall-santandreu\/?page_id=73"},"modified":"2025-09-30T13:14:17","modified_gmt":"2025-09-30T11:14:17","slug":"menjador-escolar","status":"publish","type":"page","link":"https:\/\/agora.xtec.cat\/escmaragallsab\/serveis\/menjador-escolar\/","title":{"rendered":"Menjador escolar"},"content":{"rendered":"<p>L&#8217;empresa que gestiona el menjador de l&#8217;escola des del curs 2018-19 \u00e9s &#8220;Com a casa&#8221;.<\/p>\n<p>Aqu\u00ed teniu l&#8217;enlla\u00e7 a la p\u00e0gina web: <a href=\"http:\/\/comacasamenjadors.cat\/\">www.comacasamenjadors.cat<\/a><\/p>\n<p><a href=\"https:\/\/agora.xtec.cat\/ceip-jmaragall-santandreu\/wp-content\/uploads\/usu304\/2018\/12\/LOGO-NUEVO.jpg\"><img loading=\"lazy\" decoding=\"async\" class=\"alignnone size-large wp-image-3123\" src=\"https:\/\/agora.xtec.cat\/ceip-jmaragall-santandreu\/wp-content\/uploads\/usu304\/2018\/12\/LOGO-NUEVO-1024x236.jpg\" alt=\"\" width=\"1024\" height=\"236\" srcset=\"https:\/\/agora.xtec.cat\/escmaragallsab\/wp-content\/uploads\/usu304\/2018\/12\/LOGO-NUEVO-1024x236.jpg 1024w, https:\/\/agora.xtec.cat\/escmaragallsab\/wp-content\/uploads\/usu304\/2018\/12\/LOGO-NUEVO-300x69.jpg 300w, https:\/\/agora.xtec.cat\/escmaragallsab\/wp-content\/uploads\/usu304\/2018\/12\/LOGO-NUEVO-768x177.jpg 768w, https:\/\/agora.xtec.cat\/escmaragallsab\/wp-content\/uploads\/usu304\/2018\/12\/LOGO-NUEVO.jpg 1617w\" sizes=\"auto, (max-width: 1024px) 100vw, 1024px\" \/><\/a><\/p>\n<p>Preus per men\u00fa per al curs 2025-2026:<\/p>\n<ul>\n<li>Alumnes fixes: 7,13 \u20ac<\/li>\n<li>Alumnes espor\u00e0dics: 7,85 \u20ac<\/li>\n<\/ul>\n<h2><span style=\"color: #ff0000;\">Inscripcions online al menjador:<\/span><\/h2>\n<p><a href=\"https:\/\/agora.xtec.cat\/ceip-jmaragall-santandreu\/wp-content\/uploads\/usu304\/2020\/07\/JM-SAB.-INSCRIPCIONS-SERVEI-DE-MENJADOR.pdf\">JM SAB. INSCRIPCIONS SERVEI DE MENJADOR<\/a><\/p>\n<h2>Presentaci\u00f3 empresa<\/h2>\n<p><a href=\"https:\/\/agora.xtec.cat\/ceip-jmaragall-santandreu\/wp-content\/uploads\/usu304\/2020\/07\/Presentacio-empresa-web-escoles.pdf\">Presentaci\u00f3 empresa web escoles<\/a><\/p>\n<h2>R\u00e8gim disciplinari del menjador<\/h2>\n<p><a href=\"https:\/\/agora.xtec.cat\/ceip-jmaragall-santandreu\/wp-content\/uploads\/usu304\/2019\/02\/regim-menjador.pdf\">R<\/a><a href=\"https:\/\/agora.xtec.cat\/ceip-jmaragall-santandreu\/wp-content\/uploads\/usu304\/2019\/02\/regim-menjador.pdf\">egim menjador<\/a><\/p>\n<h2><\/h2>\n<p>&nbsp;<\/p>\n<h3><\/h3>\n","protected":false},"excerpt":{"rendered":"<p>L&#8217;empresa que gestiona el menjador de l&#8217;escola des del curs 2018-19 \u00e9s &#8220;Com a casa&#8221;. Aqu\u00ed teniu l&#8217;enlla\u00e7 a la [&hellip;]<\/p>\n","protected":false},"author":1,"featured_media":0,"parent":66,"menu_order":1,"comment_status":"closed","ping_status":"closed","template":"","meta":{"_bbp_topic_count":0,"_bbp_reply_count":0,"_bbp_total_topic_count":0,"_bbp_total_reply_count":0,"_bbp_voice_count":0,"_bbp_anonymous_reply_count":0,"_bbp_topic_count_hidden":0,"_bbp_reply_count_hidden":0,"_bbp_forum_subforum_count":0,"site-sidebar-layout":"default","site-content-layout":"","ast-site-content-layout":"default","site-content-style":"default","site-sidebar-style":"default","ast-global-header-display":"","ast-banner-title-visibility":"","ast-main-header-display":"","ast-hfb-above-header-display":"","ast-hfb-below-header-display":"","ast-hfb-mobile-header-display":"","site-post-title":"","ast-breadcrumbs-content":"","ast-featured-img":"","footer-sml-layout":"","theme-transparent-header-meta":"default","adv-header-id-meta":"","stick-header-meta":"","header-above-stick-meta":"","header-main-stick-meta":"","header-below-stick-meta":"","astra-migrate-meta-layouts":"set","ast-page-background-enabled":"default","ast-page-background-meta":{"desktop":{"background-color":"var(--ast-global-color-4)","background-image":"","background-repeat":"repeat","background-position":"center center","background-size":"auto","background-attachment":"scroll","background-type":"","background-media":"","overlay-type":"","overlay-color":"","overlay-opacity":"","overlay-gradient":""},"tablet":{"background-color":"","background-image":"","background-repeat":"repeat","background-position":"center center","background-size":"auto","background-attachment":"scroll","background-type":"","background-media":"","overlay-type":"","overlay-color":"","overlay-opacity":"","overlay-gradient":""},"mobile":{"background-color":"","background-image":"","background-repeat":"repeat","background-position":"center center","background-size":"auto","background-attachment":"scroll","background-type":"","background-media":"","overlay-type":"","overlay-color":"","overlay-opacity":"","overlay-gradient":""}},"ast-content-background-meta":{"desktop":{"background-color":"var(--ast-global-color-5)","background-image":"","background-repeat":"repeat","background-position":"center center","background-size":"auto","background-attachment":"scroll","background-type":"","background-media":"","overlay-type":"","overlay-color":"","overlay-opacity":"","overlay-gradient":""},"tablet":{"background-color":"var(--ast-global-color-5)","background-image":"","background-repeat":"repeat","background-position":"center center","background-size":"auto","background-attachment":"scroll","background-type":"","background-media":"","overlay-type":"","overlay-color":"","overlay-opacity":"","overlay-gradient":""},"mobile":{"background-color":"var(--ast-global-color-5)","background-image":"","background-repeat":"repeat","background-position":"center center","background-size":"auto","background-attachment":"scroll","background-type":"","background-media":"","overlay-type":"","overlay-color":"","overlay-opacity":"","overlay-gradient":""}},"footnotes":""},"class_list":["post-73","page","type-page","status-publish","hentry"],"post_mailing_queue_ids":[],"_links":{"self":[{"href":"https:\/\/agora.xtec.cat\/escmaragallsab\/wp-json\/wp\/v2\/pages\/73","targetHints":{"allow":["GET"]}}],"collection":[{"href":"https:\/\/agora.xtec.cat\/escmaragallsab\/wp-json\/wp\/v2\/pages"}],"about":[{"href":"https:\/\/agora.xtec.cat\/escmaragallsab\/wp-json\/wp\/v2\/types\/page"}],"author":[{"embeddable":true,"href":"https:\/\/agora.xtec.cat\/escmaragallsab\/wp-json\/wp\/v2\/users\/1"}],"replies":[{"embeddable":true,"href":"https:\/\/agora.xtec.cat\/escmaragallsab\/wp-json\/wp\/v2\/comments?post=73"}],"version-history":[{"count":6,"href":"https:\/\/agora.xtec.cat\/escmaragallsab\/wp-json\/wp\/v2\/pages\/73\/revisions"}],"predecessor-version":[{"id":10457,"href":"https:\/\/agora.xtec.cat\/escmaragallsab\/wp-json\/wp\/v2\/pages\/73\/revisions\/10457"}],"up":[{"embeddable":true,"href":"https:\/\/agora.xtec.cat\/escmaragallsab\/wp-json\/wp\/v2\/pages\/66"}],"wp:attachment":[{"href":"https:\/\/agora.xtec.cat\/escmaragallsab\/wp-json\/wp\/v2\/media?parent=73"}],"curies":[{"name":"wp","href":"https:\/\/api.w.org\/{rel}","templated":true}]}}