{"id":26,"date":"2014-09-18T12:24:32","date_gmt":"2014-09-18T11:24:32","guid":{"rendered":"http:\/\/agora.xtec.cat\/ceip-jmaragall-santandreu\/?page_id=26"},"modified":"2025-02-18T13:10:49","modified_gmt":"2025-02-18T12:10:49","slug":"historia","status":"publish","type":"page","link":"https:\/\/agora.xtec.cat\/escmaragallsab\/lescola\/historia\/","title":{"rendered":"Hist\u00f2ria"},"content":{"rendered":"<p style=\"text-align: justify;\"><span style=\"font-weight: 400;\">L\u2019escola Joan Maragall va ser inaugurada el 16 de gener de 1970 amb la denominaci\u00f3 \u201cgrupo escolar Juan Maragall\u201d. A la inauguraci\u00f3 hi van assistir dos dels fills del poeta que d\u00f3na nom a l\u2019escola, Joan i Antoni Maragall, l\u2019alcalde de Sant Andreu de la Barca, el Sr. Jaume Miralles, l\u2019Inspector en Cap d\u2019Ensenyament Primari, el Sr. Julio Ortega, el Sr. Pablo Negre i d\u2019altres personalitats. En aquell moment, l\u2019espai que ocupava l\u2019escola es trobava a l\u2019extrem m\u00e9s elevat del nucli antic de Sant Andreu. M\u00e9s enll\u00e0, tot eren camps de conreu i muntanya. Tamb\u00e9 l\u2019\u00e0rea compresa entre l\u2019escola i la llavors urbanitzaci\u00f3 de la Col\u00f2nia del Palau estava conformada per camps de conreu.<\/span><\/p>\n<p style=\"text-align: justify;\"><span style=\"font-weight: 400;\">L\u2019increment de la poblaci\u00f3 infantil degut a l\u2019arribada massiva d\u2019immigrants d\u2019origen espanyol, va provocar la necessitat de crear la nostra escola, ja que les Escoles Velles no tenien prou capacitat per acollir a tots els alumnes de la nostra poblaci\u00f3. El Joan Maragall va ser l\u2019\u00fanica en funcionament fins que el 1976 es va crear una segona escola, l\u2019\u00c0ngel Guimer\u00e0. Amb el pas dels anys, l\u2019edifici que albergava l\u2019escola Joan Maragall va quedar obsolet i va ser enderrocat juntament amb l\u2019edifici de vivendes dels mestres per edificar al mateix empla\u00e7ament l\u2019edifici actual. La inauguraci\u00f3 del nou edifici va tenir lloc el 28 d\u2019octubre de 1995, amb el nom oficial de \u201cCentre d\u2019Educaci\u00f3 Infantil i Prim\u00e0ria Joan Maragall\u201d. L\u2019acte va comptar amb la pres\u00e8ncia, entre d\u2019altres, del conseller d\u2019Educaci\u00f3, el Sr. Joan M. Pujals i de l\u2019alcalde de Sant Andreu de la Barca, el Sr. Enric Llorca.<\/span><\/p>\n<p><a href=\"http:\/\/agora.xtec.cat\/ceip-jmaragall-santandreu\/wp-content\/uploads\/usu304\/2014\/09\/escola1.jpg\"><img loading=\"lazy\" decoding=\"async\" class=\"alignnone size-full wp-image-1630\" src=\"http:\/\/agora.xtec.cat\/ceip-jmaragall-santandreu\/wp-content\/uploads\/usu304\/2014\/09\/escola1.jpg\" alt=\"escola1\" width=\"200\" height=\"170\" \/><\/a>\u00a0<a href=\"http:\/\/agora.xtec.cat\/ceip-jmaragall-santandreu\/wp-content\/uploads\/usu304\/2014\/09\/escola2.jpg\"><img loading=\"lazy\" decoding=\"async\" class=\"alignnone size-full wp-image-1631\" src=\"http:\/\/agora.xtec.cat\/ceip-jmaragall-santandreu\/wp-content\/uploads\/usu304\/2014\/09\/escola2.jpg\" alt=\"escola2\" width=\"200\" height=\"129\" \/><\/a>\u00a0<a href=\"http:\/\/agora.xtec.cat\/ceip-jmaragall-santandreu\/wp-content\/uploads\/usu304\/2014\/09\/fa\u00e7ana-cole.jpg\"><img loading=\"lazy\" decoding=\"async\" class=\"alignnone size-full wp-image-1632\" src=\"http:\/\/agora.xtec.cat\/ceip-jmaragall-santandreu\/wp-content\/uploads\/usu304\/2014\/09\/fa\u00e7ana-cole.jpg\" alt=\"fa\u00e7ana cole\" width=\"375\" height=\"282\" srcset=\"https:\/\/agora.xtec.cat\/escmaragallsab\/wp-content\/uploads\/usu304\/2014\/09\/fa\u00e7ana-cole.jpg 375w, https:\/\/agora.xtec.cat\/escmaragallsab\/wp-content\/uploads\/usu304\/2014\/09\/fa\u00e7ana-cole-300x226.jpg 300w, https:\/\/agora.xtec.cat\/escmaragallsab\/wp-content\/uploads\/usu304\/2014\/09\/fa\u00e7ana-cole-200x150.jpg 200w\" sizes=\"auto, (max-width: 375px) 100vw, 375px\" \/><\/a><\/p>\n","protected":false},"excerpt":{"rendered":"<p>L\u2019escola Joan Maragall va ser inaugurada el 16 de gener de 1970 amb la denominaci\u00f3 \u201cgrupo escolar Juan Maragall\u201d. A [&hellip;]<\/p>\n","protected":false},"author":1,"featured_media":0,"parent":22,"menu_order":1,"comment_status":"closed","ping_status":"closed","template":"","meta":{"_bbp_topic_count":0,"_bbp_reply_count":0,"_bbp_total_topic_count":0,"_bbp_total_reply_count":0,"_bbp_voice_count":0,"_bbp_anonymous_reply_count":0,"_bbp_topic_count_hidden":0,"_bbp_reply_count_hidden":0,"_bbp_forum_subforum_count":0,"site-sidebar-layout":"default","site-content-layout":"","ast-site-content-layout":"default","site-content-style":"default","site-sidebar-style":"default","ast-global-header-display":"","ast-banner-title-visibility":"","ast-main-header-display":"","ast-hfb-above-header-display":"","ast-hfb-below-header-display":"","ast-hfb-mobile-header-display":"","site-post-title":"","ast-breadcrumbs-content":"","ast-featured-img":"","footer-sml-layout":"","theme-transparent-header-meta":"default","adv-header-id-meta":"","stick-header-meta":"","header-above-stick-meta":"","header-main-stick-meta":"","header-below-stick-meta":"","astra-migrate-meta-layouts":"set","ast-page-background-enabled":"default","ast-page-background-meta":{"desktop":{"background-color":"var(--ast-global-color-4)","background-image":"","background-repeat":"repeat","background-position":"center center","background-size":"auto","background-attachment":"scroll","background-type":"","background-media":"","overlay-type":"","overlay-color":"","overlay-opacity":"","overlay-gradient":""},"tablet":{"background-color":"","background-image":"","background-repeat":"repeat","background-position":"center center","background-size":"auto","background-attachment":"scroll","background-type":"","background-media":"","overlay-type":"","overlay-color":"","overlay-opacity":"","overlay-gradient":""},"mobile":{"background-color":"","background-image":"","background-repeat":"repeat","background-position":"center center","background-size":"auto","background-attachment":"scroll","background-type":"","background-media":"","overlay-type":"","overlay-color":"","overlay-opacity":"","overlay-gradient":""}},"ast-content-background-meta":{"desktop":{"background-color":"var(--ast-global-color-5)","background-image":"","background-repeat":"repeat","background-position":"center center","background-size":"auto","background-attachment":"scroll","background-type":"","background-media":"","overlay-type":"","overlay-color":"","overlay-opacity":"","overlay-gradient":""},"tablet":{"background-color":"var(--ast-global-color-5)","background-image":"","background-repeat":"repeat","background-position":"center center","background-size":"auto","background-attachment":"scroll","background-type":"","background-media":"","overlay-type":"","overlay-color":"","overlay-opacity":"","overlay-gradient":""},"mobile":{"background-color":"var(--ast-global-color-5)","background-image":"","background-repeat":"repeat","background-position":"center center","background-size":"auto","background-attachment":"scroll","background-type":"","background-media":"","overlay-type":"","overlay-color":"","overlay-opacity":"","overlay-gradient":""}},"footnotes":""},"class_list":["post-26","page","type-page","status-publish","hentry"],"post_mailing_queue_ids":[],"_links":{"self":[{"href":"https:\/\/agora.xtec.cat\/escmaragallsab\/wp-json\/wp\/v2\/pages\/26","targetHints":{"allow":["GET"]}}],"collection":[{"href":"https:\/\/agora.xtec.cat\/escmaragallsab\/wp-json\/wp\/v2\/pages"}],"about":[{"href":"https:\/\/agora.xtec.cat\/escmaragallsab\/wp-json\/wp\/v2\/types\/page"}],"author":[{"embeddable":true,"href":"https:\/\/agora.xtec.cat\/escmaragallsab\/wp-json\/wp\/v2\/users\/1"}],"replies":[{"embeddable":true,"href":"https:\/\/agora.xtec.cat\/escmaragallsab\/wp-json\/wp\/v2\/comments?post=26"}],"version-history":[{"count":3,"href":"https:\/\/agora.xtec.cat\/escmaragallsab\/wp-json\/wp\/v2\/pages\/26\/revisions"}],"predecessor-version":[{"id":8078,"href":"https:\/\/agora.xtec.cat\/escmaragallsab\/wp-json\/wp\/v2\/pages\/26\/revisions\/8078"}],"up":[{"embeddable":true,"href":"https:\/\/agora.xtec.cat\/escmaragallsab\/wp-json\/wp\/v2\/pages\/22"}],"wp:attachment":[{"href":"https:\/\/agora.xtec.cat\/escmaragallsab\/wp-json\/wp\/v2\/media?parent=26"}],"curies":[{"name":"wp","href":"https:\/\/api.w.org\/{rel}","templated":true}]}}