{"id":2548,"date":"2018-04-11T13:46:31","date_gmt":"2018-04-11T11:46:31","guid":{"rendered":"http:\/\/agora.xtec.cat\/ceip-jmaragall-santandreu\/?page_id=2548"},"modified":"2025-02-15T18:32:11","modified_gmt":"2025-02-15T17:32:11","slug":"comunitats-daprenentatge","status":"publish","type":"page","link":"https:\/\/agora.xtec.cat\/escmaragallsab\/lescola\/comunitats-daprenentatge\/","title":{"rendered":"Comunitats d&#8217;aprenentatge"},"content":{"rendered":"<h3><\/h3>\n<p><strong>Comunitats d&#8217;Aprenentatge<\/strong>\u00a0\u00e9s un projecte fonamentat en un conjunt d&#8217;actuacions educatives d&#8217;\u00e8xit dirigides a la transformaci\u00f3 social i educativa. Aquest model educatiu est\u00e0 en conson\u00e0ncia amb les teories cient\u00edfiques a nivell internacional que destaquen dos factors clau per a l&#8217;aprenentatge en la societat actual: les interaccions i la participaci\u00f3 de la comunitat.<\/p>\n<p>Les\u00a0<strong>Comunitats d&#8217;Aprenentatge<\/strong>\u00a0impliquen totes les persones que de forma directa o indirecta influeixen en l&#8217;aprenentatge i el desenvolupament de les i els estudiants, incloent-hi professorat, familiars, amics i amigues, ve\u00efns i ve\u00efnes del barri, membres d&#8217;associacions i organitzacions ve\u00efnals i locals, persones volunt\u00e0ries&#8230; Partint dels somnis de tota la comunitat educativa i mitjan\u00e7ant el di\u00e0leg i la ci\u00e8ncia aquest projecte transformador est\u00e0 assolint un doble objectiu: superar el frac\u00e0s escolar i millorar la conviv\u00e8ncia.<\/p>\n<p>El Departament d&#8217;Ensenyament promou les\u00a0<strong>Comunitats d&#8217;Aprenentatge<\/strong>\u00a0com a model de centre\u00a0inclusiu i acollidor.<\/p>\n<p>AQU\u00cd TENIU L&#8217;ENLLA\u00c7 AMB LES FASES PER A LA TRANSFORMACI\u00d3 D\u2019UN CENTRE EN COMUNITAT D\u2019APRENENTATGE,\u00a0L&#8217;ESCOLA AQUEST ANY HA COMEN\u00c7AT\u00a0 &#8220;<em>LA<\/em> F<em>ASE DE SENSIBILITZACI\u00d3&#8221;\u00a0\u00a0<\/em><\/p>\n<h3>\u00a0<a href=\"http:\/\/xtec.gencat.cat\/web\/.content\/projectes\/comunitats\/documents\/presentacio-formacio-comunitats-aprenentatge.pdf\">http:\/\/xtec.gencat.cat\/web\/.content\/projectes\/comunitats\/documents\/presentacio-formacio-comunitats-aprenentatge.pdf<\/a><\/h3>\n<div class=\"bloc-mobil\"><\/div>\n","protected":false},"excerpt":{"rendered":"<p>Comunitats d&#8217;Aprenentatge\u00a0\u00e9s un projecte fonamentat en un conjunt d&#8217;actuacions educatives d&#8217;\u00e8xit dirigides a la transformaci\u00f3 social i educativa. Aquest model [&hellip;]<\/p>\n","protected":false},"author":1,"featured_media":0,"parent":22,"menu_order":6,"comment_status":"closed","ping_status":"closed","template":"","meta":{"_bbp_topic_count":0,"_bbp_reply_count":0,"_bbp_total_topic_count":0,"_bbp_total_reply_count":0,"_bbp_voice_count":0,"_bbp_anonymous_reply_count":0,"_bbp_topic_count_hidden":0,"_bbp_reply_count_hidden":0,"_bbp_forum_subforum_count":0,"site-sidebar-layout":"default","site-content-layout":"","ast-site-content-layout":"default","site-content-style":"default","site-sidebar-style":"default","ast-global-header-display":"","ast-banner-title-visibility":"","ast-main-header-display":"","ast-hfb-above-header-display":"","ast-hfb-below-header-display":"","ast-hfb-mobile-header-display":"","site-post-title":"","ast-breadcrumbs-content":"","ast-featured-img":"","footer-sml-layout":"","theme-transparent-header-meta":"default","adv-header-id-meta":"","stick-header-meta":"","header-above-stick-meta":"","header-main-stick-meta":"","header-below-stick-meta":"","astra-migrate-meta-layouts":"set","ast-page-background-enabled":"default","ast-page-background-meta":{"desktop":{"background-color":"var(--ast-global-color-4)","background-image":"","background-repeat":"repeat","background-position":"center center","background-size":"auto","background-attachment":"scroll","background-type":"","background-media":"","overlay-type":"","overlay-color":"","overlay-opacity":"","overlay-gradient":""},"tablet":{"background-color":"","background-image":"","background-repeat":"repeat","background-position":"center center","background-size":"auto","background-attachment":"scroll","background-type":"","background-media":"","overlay-type":"","overlay-color":"","overlay-opacity":"","overlay-gradient":""},"mobile":{"background-color":"","background-image":"","background-repeat":"repeat","background-position":"center center","background-size":"auto","background-attachment":"scroll","background-type":"","background-media":"","overlay-type":"","overlay-color":"","overlay-opacity":"","overlay-gradient":""}},"ast-content-background-meta":{"desktop":{"background-color":"var(--ast-global-color-5)","background-image":"","background-repeat":"repeat","background-position":"center center","background-size":"auto","background-attachment":"scroll","background-type":"","background-media":"","overlay-type":"","overlay-color":"","overlay-opacity":"","overlay-gradient":""},"tablet":{"background-color":"var(--ast-global-color-5)","background-image":"","background-repeat":"repeat","background-position":"center center","background-size":"auto","background-attachment":"scroll","background-type":"","background-media":"","overlay-type":"","overlay-color":"","overlay-opacity":"","overlay-gradient":""},"mobile":{"background-color":"var(--ast-global-color-5)","background-image":"","background-repeat":"repeat","background-position":"center center","background-size":"auto","background-attachment":"scroll","background-type":"","background-media":"","overlay-type":"","overlay-color":"","overlay-opacity":"","overlay-gradient":""}},"footnotes":""},"class_list":["post-2548","page","type-page","status-publish","hentry"],"post_mailing_queue_ids":[],"_links":{"self":[{"href":"https:\/\/agora.xtec.cat\/escmaragallsab\/wp-json\/wp\/v2\/pages\/2548","targetHints":{"allow":["GET"]}}],"collection":[{"href":"https:\/\/agora.xtec.cat\/escmaragallsab\/wp-json\/wp\/v2\/pages"}],"about":[{"href":"https:\/\/agora.xtec.cat\/escmaragallsab\/wp-json\/wp\/v2\/types\/page"}],"author":[{"embeddable":true,"href":"https:\/\/agora.xtec.cat\/escmaragallsab\/wp-json\/wp\/v2\/users\/1"}],"replies":[{"embeddable":true,"href":"https:\/\/agora.xtec.cat\/escmaragallsab\/wp-json\/wp\/v2\/comments?post=2548"}],"version-history":[{"count":2,"href":"https:\/\/agora.xtec.cat\/escmaragallsab\/wp-json\/wp\/v2\/pages\/2548\/revisions"}],"predecessor-version":[{"id":2550,"href":"https:\/\/agora.xtec.cat\/escmaragallsab\/wp-json\/wp\/v2\/pages\/2548\/revisions\/2550"}],"up":[{"embeddable":true,"href":"https:\/\/agora.xtec.cat\/escmaragallsab\/wp-json\/wp\/v2\/pages\/22"}],"wp:attachment":[{"href":"https:\/\/agora.xtec.cat\/escmaragallsab\/wp-json\/wp\/v2\/media?parent=2548"}],"curies":[{"name":"wp","href":"https:\/\/api.w.org\/{rel}","templated":true}]}}