{"id":882,"date":"2020-04-03T14:54:58","date_gmt":"2020-04-03T12:54:58","guid":{"rendered":"http:\/\/agora.xtec.cat\/escmagraners\/?page_id=882"},"modified":"2020-04-15T07:50:57","modified_gmt":"2020-04-15T05:50:57","slug":"tasques-3r-trimestre-curs-19-20","status":"publish","type":"page","link":"https:\/\/agora.xtec.cat\/escmagraners\/tasques-3r-trimestre-curs-19-20\/","title":{"rendered":"TASQUES 3r TRIMESTRE curs 19-20"},"content":{"rendered":"<p>A partir d&#8217;ara, us anirem penjant les tasques que els proposem als vostres fills\/es. A continuaci\u00f3 trobareu els enlla\u00e7os que us porten a la carpeta de cada curs i l&#8217;adre\u00e7a de correu electr\u00f2nic on heu d&#8217;enviar la feina feta.<\/p>\n<p><strong>EDUCACI\u00d3 INFANTIL<\/strong><\/p>\n<table>\n<tbody>\n<tr style=\"height: 31px;\">\n<td style=\"height: 62px; width: 49px; text-align: center;\" rowspan=\"2\"><strong>P3<\/strong><\/td>\n<td style=\"height: 31px; width: 577px;\">\n<h3><a href=\"https:\/\/drive.google.com\/open?id=14ZH8J3JhmB5Rx93riGZsjbYN2Ta5qDVi\">CARPETA P-3 (MARISSA)<\/a><\/h3>\n<\/td>\n<\/tr>\n<tr style=\"height: 31px;\">\n<td style=\"height: 31px; width: 577px;\">Enviar les tasques realitzades a:\u00a0 \u00a0 \u00a0 \u00a0 \u00a0 \u00a0<strong> P3<span class=\"\">@iemagraners.cat<\/span><\/strong><\/td>\n<\/tr>\n<\/tbody>\n<\/table>\n<table>\n<tbody>\n<tr style=\"height: 31px;\">\n<td style=\"height: 62px; width: 49px; text-align: center;\" rowspan=\"2\"><strong>P4<\/strong><\/td>\n<td style=\"height: 31px; width: 577px;\">\n<h3><a href=\"https:\/\/drive.google.com\/drive\/folders\/18fayj-JF9Y-UNE8JgQ1iLXEr8thTHsJK\">CARPETA P-4 (OLGA)<\/a><\/h3>\n<\/td>\n<\/tr>\n<tr style=\"height: 31px;\">\n<td style=\"height: 31px; width: 577px;\">Enviar les tasques realitzades a:\u00a0 \u00a0 \u00a0 \u00a0 \u00a0 \u00a0<strong> P4<span class=\"\">@iemagraners.cat<\/span><\/strong><\/td>\n<\/tr>\n<\/tbody>\n<\/table>\n<table>\n<tbody>\n<tr style=\"height: 31px;\">\n<td style=\"height: 62px; width: 49px; text-align: center;\" rowspan=\"2\"><strong>P5<\/strong><\/td>\n<td style=\"height: 31px; width: 577px;\">\n<h3><a href=\"https:\/\/drive.google.com\/open?id=1wY0SZt1Sba5nnDyIJ6zLjjmlVdZuJgLK\">CARPETA P-5 (EMMA)<\/a><\/h3>\n<\/td>\n<\/tr>\n<tr style=\"height: 31px;\">\n<td style=\"height: 31px; width: 577px;\">Enviar les tasques realitzades a:\u00a0 \u00a0 \u00a0 \u00a0 \u00a0 \u00a0<strong> P5<span class=\"\">@iemagraners.cat<\/span><\/strong><\/td>\n<\/tr>\n<\/tbody>\n<\/table>\n<p>&nbsp;<\/p>\n<p><strong>CICLE INICIAL<\/strong><\/p>\n<table style=\"height: 62px;\">\n<tbody>\n<tr style=\"height: 31px;\">\n<td style=\"height: 62px; width: 49px; text-align: center;\" rowspan=\"2\"><strong>1r<\/strong><\/td>\n<td style=\"height: 31px; width: 577px;\">\n<h3><a href=\"https:\/\/drive.google.com\/open?id=1Oz-8Cr1xu7Al3foEqKTqlWUOCnOJWv4A\">CARPETA 1r (S\u00d2NIA)\u00a0<\/a><\/h3>\n<\/td>\n<\/tr>\n<tr style=\"height: 31px;\">\n<td style=\"height: 31px; width: 577px;\">Enviar les tasques realitzades a:\u00a0 \u00a0 \u00a0 \u00a0 \u00a0 \u00a0<strong> 1primaria<span class=\"\">@iemagraners.cat<\/span><\/strong><\/td>\n<\/tr>\n<\/tbody>\n<\/table>\n<table>\n<tbody>\n<tr style=\"height: 31px;\">\n<td style=\"height: 62px; width: 49px; text-align: center;\" rowspan=\"2\"><strong>2n<\/strong><\/td>\n<td style=\"height: 31px; width: 577px;\">\n<h3><a href=\"https:\/\/drive.google.com\/open?id=1VnqOLm8YSZk4537d0_pngf9pT-sWl91P\">CARPETA 2n (CEC\u00cdLIA)<\/a><\/h3>\n<\/td>\n<\/tr>\n<tr style=\"height: 31px;\">\n<td style=\"height: 31px; width: 577px;\">Enviar les tasques realitzades a:\u00a0 \u00a0 \u00a0 \u00a0 \u00a0 \u00a0<strong> 2primaria<span class=\"\"><span class=\"\">@iemagraners.cat<\/span><\/span><\/strong><\/td>\n<\/tr>\n<\/tbody>\n<\/table>\n<p>&nbsp;<\/p>\n<p><strong>CICLE MITJ\u00c0<\/strong><\/p>\n<table>\n<tbody>\n<tr style=\"height: 31px;\">\n<td style=\"height: 62px; width: 49px; text-align: center;\" rowspan=\"2\"><strong>3r<\/strong><\/td>\n<td style=\"height: 31px; width: 577px;\">\n<h3><a href=\"https:\/\/drive.google.com\/open?id=17aG8qDYsnz01j5SZIwS6RNQ8h5W47VYy\">CARPETA 3r (LAURA)<\/a><\/h3>\n<\/td>\n<\/tr>\n<tr style=\"height: 31px;\">\n<td style=\"height: 31px; width: 577px;\">Enviar les tasques realitzades a:\u00a0 \u00a0 \u00a0 \u00a0 \u00a0 \u00a0<strong> 3primaria<span class=\"\">@iemagraners.cat<\/span><\/strong><\/td>\n<\/tr>\n<\/tbody>\n<\/table>\n<table>\n<tbody>\n<tr style=\"height: 31px;\">\n<td style=\"height: 62px; width: 49px; text-align: center;\" rowspan=\"2\"><strong>4t<\/strong><\/td>\n<td style=\"height: 31px; width: 577px;\">\n<h3><a href=\"https:\/\/drive.google.com\/open?id=1HycJlUtpz11JeuNzkI1D21-DOSCcQ5Mo\">CARPETA 4t (RICARD)<\/a><\/h3>\n<h3><\/h3>\n<\/td>\n<\/tr>\n<tr style=\"height: 31px;\">\n<td style=\"height: 31px; width: 577px;\">Enviar les tasques realitzades a:\u00a0 \u00a0 \u00a0 \u00a0 \u00a0 \u00a0<strong> 4primaria<span class=\"\">@iemagraners.cat<\/span><\/strong><\/td>\n<\/tr>\n<\/tbody>\n<\/table>\n<p>&nbsp;<\/p>\n<p><strong>CICLE SUPERIOR<\/strong><\/p>\n<table>\n<tbody>\n<tr style=\"height: 31px;\">\n<td style=\"height: 62px; width: 49px; text-align: center;\" rowspan=\"2\"><strong>5\u00e8<\/strong><\/td>\n<td style=\"height: 31px; width: 577px;\">\n<h3><a href=\"https:\/\/drive.google.com\/open?id=1o2vlivYslpne7sd6EjhW6cqLPQ5PczYN\">CARPETA 5\u00e8 (JUDITH)<\/a><\/h3>\n<\/td>\n<\/tr>\n<tr style=\"height: 31px;\">\n<td style=\"height: 31px; width: 577px;\">Enviar les tasques realitzades a:\u00a0 \u00a0 \u00a0 \u00a0 \u00a0 \u00a0<strong> 5primaria<span class=\"\">@iemagraners.cat<\/span><\/strong><\/td>\n<\/tr>\n<\/tbody>\n<\/table>\n<table>\n<tbody>\n<tr style=\"height: 31px;\">\n<td style=\"height: 62px; width: 49px; text-align: center;\" rowspan=\"2\"><strong>6\u00e8<\/strong><\/td>\n<td style=\"height: 31px; width: 577px;\">Trobareu les tasques al Google Classroom.<\/td>\n<\/tr>\n<tr style=\"height: 31px;\">\n<td style=\"height: 31px; width: 577px;\">Si no podeu enviar les tasques mitjan\u00e7ant la plataforma, envieu fotos de les tasques realitzades a: \u00a0 \u00a0 \u00a0 \u00a0<strong> 6primaria<span class=\"\">@iemagraners.cat<\/span><\/strong><\/td>\n<\/tr>\n<\/tbody>\n<\/table>\n<p>&nbsp;<\/p>\n<p><strong>ESO<\/strong><\/p>\n<table style=\"height: 62px;\">\n<tbody>\n<tr style=\"height: 31px;\">\n<td style=\"height: 62px; width: 59px; text-align: center;\" rowspan=\"2\"><strong>1r ESO<\/strong><\/td>\n<td style=\"height: 31px; width: 567px;\">Trobareu les tasques al Google Classroom.<\/td>\n<\/tr>\n<tr style=\"height: 31px;\">\n<td style=\"height: 31px; width: 567px;\">Si no podeu enviar les tasques mitjan\u00e7ant la plataforma, envieu fotos de les tasques realitzades a: \u00a0 \u00a0 \u00a0 \u00a0 \u00a0<strong> eso1<span class=\"\">@iemagraners.cat<\/span><\/strong><\/td>\n<\/tr>\n<\/tbody>\n<\/table>\n<table>\n<tbody>\n<tr style=\"height: 31px;\">\n<td style=\"height: 62px; width: 58px; text-align: center;\" rowspan=\"2\"><strong>2n ESO<\/strong><\/td>\n<td style=\"height: 31px; width: 568px;\">Trobareu les tasques al Google Classroom.<\/td>\n<\/tr>\n<tr style=\"height: 31px;\">\n<td style=\"height: 31px; width: 568px;\">Si no podeu enviar les tasques mitjan\u00e7ant la plataforma, envieu fotos de les tasques realitzades a:\u00a0 \u00a0 \u00a0 \u00a0 \u00a0 \u00a0<strong> eso2<span class=\"\">@iemagraners.cat<\/span><\/strong><\/td>\n<\/tr>\n<\/tbody>\n<\/table>\n<p>&nbsp;<\/p>\n","protected":false},"excerpt":{"rendered":"<p>A partir d&#8217;ara, us anirem penjant les tasques que els proposem als vostres fills\/es. A continuaci\u00f3 trobareu els enlla\u00e7os que us porten a la carpeta de cada curs i l&#8217;adre\u00e7a de correu electr\u00f2nic on heu d&#8217;enviar la feina feta.<br \/>\nEDUCACI\u00d3 INFANTIL<\/p>\n<p>P3<\/p>\n<p><a href=\"https:\/\/drive.google.com\/open?id=14ZH8J3JhmB5Rx93riGZsjbYN2Ta5qDVi\">CARPETA P-3 (MARISSA)<\/a><\/p>\n<p>Enviar les tasques&hellip;  <a href=\"https:\/\/agora.xtec.cat\/escmagraners\/tasques-3r-trimestre-curs-19-20\/\" title=\"Read TASQUES 3r TRIMESTRE curs 19-20\">Llegeix m\u00e9s\u00bb<\/a><\/p>\n","protected":false},"author":1,"featured_media":0,"parent":0,"menu_order":0,"comment_status":"closed","ping_status":"closed","template":"","meta":{"_bbp_topic_count":0,"_bbp_reply_count":0,"_bbp_total_topic_count":0,"_bbp_total_reply_count":0,"_bbp_voice_count":0,"_bbp_anonymous_reply_count":0,"_bbp_topic_count_hidden":0,"_bbp_reply_count_hidden":0,"_bbp_forum_subforum_count":0,"footnotes":""},"class_list":["post-882","page","type-page","status-publish","hentry"],"post_mailing_queue_ids":[],"_links":{"self":[{"href":"https:\/\/agora.xtec.cat\/escmagraners\/wp-json\/wp\/v2\/pages\/882","targetHints":{"allow":["GET"]}}],"collection":[{"href":"https:\/\/agora.xtec.cat\/escmagraners\/wp-json\/wp\/v2\/pages"}],"about":[{"href":"https:\/\/agora.xtec.cat\/escmagraners\/wp-json\/wp\/v2\/types\/page"}],"author":[{"embeddable":true,"href":"https:\/\/agora.xtec.cat\/escmagraners\/wp-json\/wp\/v2\/users\/1"}],"replies":[{"embeddable":true,"href":"https:\/\/agora.xtec.cat\/escmagraners\/wp-json\/wp\/v2\/comments?post=882"}],"version-history":[{"count":2,"href":"https:\/\/agora.xtec.cat\/escmagraners\/wp-json\/wp\/v2\/pages\/882\/revisions"}],"predecessor-version":[{"id":909,"href":"https:\/\/agora.xtec.cat\/escmagraners\/wp-json\/wp\/v2\/pages\/882\/revisions\/909"}],"wp:attachment":[{"href":"https:\/\/agora.xtec.cat\/escmagraners\/wp-json\/wp\/v2\/media?parent=882"}],"curies":[{"name":"wp","href":"https:\/\/api.w.org\/{rel}","templated":true}]}}