{"id":77,"date":"2014-09-18T14:05:08","date_gmt":"2014-09-18T13:05:08","guid":{"rendered":"http:\/\/agora.xtec.cat\/escmadorell\/?page_id=77"},"modified":"2025-09-12T11:49:50","modified_gmt":"2025-09-12T09:49:50","slug":"acollida","status":"publish","type":"page","link":"https:\/\/agora.xtec.cat\/escmadorell\/serveis\/acollida\/","title":{"rendered":"Acollida"},"content":{"rendered":"<p>El Serveis d\u2019Acollida Matinal i de Tarda tenen per objectiu facilitar la conciliaci\u00f3 de la vida familiar i laboral posant a disposici\u00f3 de les fam\u00edlies unes activitats i uns professionals responsables dels alumnes abans i despr\u00e9s de l\u2019horari lectiu.<\/p>\n<h2>SERVEI D&#8217;ACOLLIDA MATINAL<\/h2>\n<p>Horari del SAM ser\u00e0 des de les 7:30h fins les 9:00h, moment en qu\u00e8 els alumnes passen a les aules.<br \/>\nEls alumnes podran accedir a l\u2019escola en qualsevol moment entre les 7:30h i les 8:45h del mat\u00ed.<br \/>\nEls infants que entren a les 7:30 els inclou l\u2019esmorzar (llet amb cacau, cereals o galetes i fruita de temporada).<\/p>\n<table style=\"border-collapse: collapse; width: 72.9296%;\">\n<tbody>\n<tr>\n<td style=\"width: 10.7285%;\"><\/td>\n<td style=\"width: 14.6192%; text-align: center;\">Socis\/es de l&#8217;AFA<\/td>\n<td style=\"width: 16.2748%; text-align: center;\">No socis\/es de l&#8217;AFA<\/td>\n<td style=\"width: 16.1093%; text-align: center;\">Socis\/es de l&#8217;AFA<\/td>\n<td style=\"width: 15.1987%; text-align: center;\">No socis\/es de l&#8217;AFA<\/td>\n<\/tr>\n<tr>\n<td style=\"width: 10.7285%;\">Horari<\/td>\n<td style=\"width: 14.6192%; text-align: center;\">Preu fix<\/td>\n<td style=\"width: 16.2748%; text-align: center;\">Preu fix<\/td>\n<td style=\"width: 16.1093%; text-align: center;\">Preu espor\u00e0dic<\/td>\n<td style=\"width: 15.1987%; text-align: center;\">Preu espor\u00e0dic<\/td>\n<\/tr>\n<tr>\n<td style=\"width: 10.7285%;\">7:30h a 9:00h<\/td>\n<td style=\"width: 14.6192%; text-align: center;\">49,00\u20ac<\/td>\n<td style=\"width: 16.2748%; text-align: center;\">51,45\u20ac<\/td>\n<td style=\"width: 16.1093%; text-align: center;\">4,95\u20ac<\/td>\n<td style=\"width: 15.1987%; text-align: center;\">5,10\u20ac<\/td>\n<\/tr>\n<tr>\n<td style=\"width: 10.7285%;\">8:00 a 9:00h<\/td>\n<td style=\"width: 14.6192%; text-align: center;\">43,00\u20ac<\/td>\n<td style=\"width: 16.2748%; text-align: center;\">45,15\u20ac<\/td>\n<td style=\"width: 16.1093%; text-align: center;\">3,85\u20ac<\/td>\n<td style=\"width: 15.1987%; text-align: center;\">4,30\u20ac<\/td>\n<\/tr>\n<tr>\n<td style=\"width: 10.7285%;\">8:30h a 9:00<\/td>\n<td style=\"width: 14.6192%; text-align: center;\">28,50\u20ac<\/td>\n<td style=\"width: 16.2748%; text-align: center;\">30\u20ac<\/td>\n<td style=\"width: 16.1093%; text-align: center;\">1,66\u20ac<\/td>\n<td style=\"width: 15.1987%; text-align: center;\">1,76\u20ac<\/td>\n<\/tr>\n<\/tbody>\n<\/table>\n<h2>SERVEI D&#8217;ACOLLIDA DE TARDA<\/h2>\n<p>L\u2019horari del SAT ser\u00e0 des de les 16:30h, moment en qu\u00e8 els monitors recullen els alumnes a les seves aules, fins a les 18:00h.<br \/>\nEls pares podran recollir als alumnes en qualsevol moment entre les 16:45 i les 18:00 hores.<\/p>\n<p>Qualsevol comunicaci\u00f3, cal fer-la a trav\u00e9s del tel\u00e8fon del menjador i avisar de la incid\u00e8ncia.<\/p>\n<table style=\"border-collapse: collapse; width: 72.9296%; height: 128px;\">\n<tbody>\n<tr style=\"height: 32px;\">\n<td style=\"width: 10.7285%; height: 32px;\"><\/td>\n<td style=\"width: 14.6192%; text-align: center; height: 32px;\">Socis\/es de l&#8217;AFA<\/td>\n<td style=\"width: 16.2748%; text-align: center; height: 32px;\">No socis\/es de l&#8217;AFA<\/td>\n<td style=\"width: 16.1093%; text-align: center; height: 32px;\">Socis\/es de l&#8217;AFA<\/td>\n<td style=\"width: 15.1987%; text-align: center; height: 32px;\">No socis\/es de l&#8217;AFA<\/td>\n<\/tr>\n<tr style=\"height: 32px;\">\n<td style=\"width: 10.7285%; height: 32px;\">Horari<\/td>\n<td style=\"width: 14.6192%; text-align: center; height: 32px;\">Preu fix<\/td>\n<td style=\"width: 16.2748%; text-align: center; height: 32px;\">Preu fix<\/td>\n<td style=\"width: 16.1093%; text-align: center; height: 32px;\">Preu espor\u00e0dic<\/td>\n<td style=\"width: 15.1987%; text-align: center; height: 32px;\">Preu espor\u00e0dic<\/td>\n<\/tr>\n<tr>\n<td style=\"width: 10.7285%;\">16:30h a 18:00h<\/td>\n<td style=\"width: 14.6192%; text-align: center;\">39,00\u20ac<\/td>\n<td style=\"width: 16.2748%; text-align: center;\">40,95\u20ac<\/td>\n<td style=\"width: 16.1093%; text-align: center;\">4,95\u20ac<\/td>\n<td style=\"width: 15.1987%; text-align: center;\">5,10\u20ac<\/td>\n<\/tr>\n<tr style=\"height: 32px;\">\n<td style=\"width: 10.7285%; height: 32px;\">16:30h a 17:30h<\/td>\n<td style=\"width: 14.6192%; text-align: center; height: 32px;\">33,00\u20ac<\/td>\n<td style=\"width: 16.2748%; text-align: center; height: 32px;\">34,65\u20ac<\/td>\n<td style=\"width: 16.1093%; text-align: center; height: 32px;\">3,85\u20ac<\/td>\n<td style=\"width: 15.1987%; text-align: center; height: 32px;\">4,30\u20ac<\/td>\n<\/tr>\n<tr style=\"height: 32px;\">\n<td style=\"width: 10.7285%; height: 32px;\">16:30h a 17:00h<\/td>\n<td style=\"width: 14.6192%; text-align: center; height: 32px;\">22,00\u20ac<\/td>\n<td style=\"width: 16.2748%; text-align: center; height: 32px;\">23,10\u20ac<\/td>\n<td style=\"width: 16.1093%; text-align: center; height: 32px;\">1,66\u20ac<\/td>\n<td style=\"width: 15.1987%; text-align: center; height: 32px;\">1,76\u20ac<\/td>\n<\/tr>\n<\/tbody>\n<\/table>\n<p>&nbsp;<\/p>\n","protected":false},"excerpt":{"rendered":"<p>El Serveis d\u2019Acollida Matinal i de Tarda tenen per objectiu facilitar la conciliaci\u00f3 de la vida familiar i laboral posant a disposici\u00f3 de les fam\u00edlies unes activitats i uns professionals responsables dels alumnes abans i despr\u00e9s de l\u2019horari lectiu.<br \/>\nSERVEI D&#8217;ACOLLIDA MATINAL<br \/>\nHorari del SAM ser\u00e0 des&hellip;  <a href=\"https:\/\/agora.xtec.cat\/escmadorell\/serveis\/acollida\/\" title=\"Read Acollida\">Llegeix m\u00e9s\u00bb<\/a><\/p>\n","protected":false},"author":1,"featured_media":0,"parent":66,"menu_order":20,"comment_status":"closed","ping_status":"closed","template":"page-templates\/side-menu.php","meta":{"_bbp_topic_count":0,"_bbp_reply_count":0,"_bbp_total_topic_count":0,"_bbp_total_reply_count":0,"_bbp_voice_count":0,"_bbp_anonymous_reply_count":0,"_bbp_topic_count_hidden":0,"_bbp_reply_count_hidden":0,"_bbp_forum_subforum_count":0,"footnotes":""},"class_list":["post-77","page","type-page","status-publish","hentry"],"post_mailing_queue_ids":[],"_links":{"self":[{"href":"https:\/\/agora.xtec.cat\/escmadorell\/wp-json\/wp\/v2\/pages\/77","targetHints":{"allow":["GET"]}}],"collection":[{"href":"https:\/\/agora.xtec.cat\/escmadorell\/wp-json\/wp\/v2\/pages"}],"about":[{"href":"https:\/\/agora.xtec.cat\/escmadorell\/wp-json\/wp\/v2\/types\/page"}],"author":[{"embeddable":true,"href":"https:\/\/agora.xtec.cat\/escmadorell\/wp-json\/wp\/v2\/users\/1"}],"replies":[{"embeddable":true,"href":"https:\/\/agora.xtec.cat\/escmadorell\/wp-json\/wp\/v2\/comments?post=77"}],"version-history":[{"count":7,"href":"https:\/\/agora.xtec.cat\/escmadorell\/wp-json\/wp\/v2\/pages\/77\/revisions"}],"predecessor-version":[{"id":19661,"href":"https:\/\/agora.xtec.cat\/escmadorell\/wp-json\/wp\/v2\/pages\/77\/revisions\/19661"}],"up":[{"embeddable":true,"href":"https:\/\/agora.xtec.cat\/escmadorell\/wp-json\/wp\/v2\/pages\/66"}],"wp:attachment":[{"href":"https:\/\/agora.xtec.cat\/escmadorell\/wp-json\/wp\/v2\/media?parent=77"}],"curies":[{"name":"wp","href":"https:\/\/api.w.org\/{rel}","templated":true}]}}