{"id":64,"date":"2014-09-18T12:39:08","date_gmt":"2014-09-18T10:39:08","guid":{"rendered":"http:\/\/agora.xtec.cat\/escmadorell\/?page_id=64"},"modified":"2017-02-20T19:25:04","modified_gmt":"2017-02-20T18:25:04","slug":"projectes","status":"publish","type":"page","link":"https:\/\/agora.xtec.cat\/escmadorell\/projectes\/","title":{"rendered":"Projectes"},"content":{"rendered":"<h2><strong><a href=\"https:\/\/agora.xtec.cat\/escmadorell\/projecte-col%c2%b7laborem\/hort-escolar-ecologic\/\" target=\"_blank\">Hort escolar ecol\u00f2gic<\/a><\/strong><\/h2>\n<p>\u2026Amb l\u2019hort escolar es pret\u00e9n motivar i responsabilitzar als alumnes partint dels seus interessos fent servir eines suggestives i atraients, aix\u00ed com possibilitar-los el domini de t\u00e8cniques instrumentals i estrat\u00e8gies que possibilitin una participaci\u00f3 activa, cr\u00edtica i creativa\u2026<\/p>\n<h2><a href=\"https:\/\/agora.xtec.cat\/escmadorell\/filosofia-318\/\" target=\"_blank\">FILOSOFIA 3\/18<\/a><\/h2>\n<p>\u2026concreta el desig general d\u2019ensenyar a pensar i pret\u00e9n desenvolupar les habilitats cognitives dels estudiants, tot ajudant-los a comprendre les mat\u00e8ries d\u2019estudi, a fer-los m\u00e9s conscients de la riquesa del bagatge intel\u00b7lectual heretat i a preparar-los en la raonabilitat per a la participaci\u00f3 en un m\u00f3n democr\u00e0tic\u2026<\/p>\n<h2><a href=\"https:\/\/agora.xtec.cat\/escmadorell\/biblioteca\/\" target=\"_blank\">Biblioteca PuntEdu<\/a><\/h2>\n<p>\u2026Per tal que l\u2019alumnat es formi com a persona aut\u00f2noma, cr\u00edtica i constructora del seu propi coneixement a trav\u00e9s de la cerca, la investigaci\u00f3 i el treball en diferents fonts d\u2019informaci\u00f3, i promoure l\u2019h\u00e0bit lector\u2026<\/p>\n<h2><a href=\"https:\/\/agora.xtec.cat\/escmadorell\/pla-catala-de-lesport\/\">Pla Catal\u00e0 de l\u2019Esport<\/a><\/h2>\n<p>\u2026emprar aquestes pr\u00e0ctiques per a la difusi\u00f3 i educaci\u00f3 en valors i per a l\u2019adquisici\u00f3 d\u2019h\u00e0bits saludables.<\/p>\n<h2>Escola sostenible<\/h2>\n<p>\u2026conscienciar als nostres alumnes de la import\u00e0ncia de dur una vida sostenible\u2026<\/p>\n","protected":false},"excerpt":{"rendered":"<p><a href=\"https:\/\/agora.xtec.cat\/escmadorell\/projecte-col%c2%b7laborem\/hort-escolar-ecologic\/\" target=\"_blank\">Hort escolar ecol\u00f2gic<\/a><br \/>\n\u2026Amb l\u2019hort escolar es pret\u00e9n motivar i responsabilitzar als alumnes partint dels seus interessos fent servir eines suggestives i atraients, aix\u00ed com possibilitar-los el domini de t\u00e8cniques instrumentals i estrat\u00e8gies que possibilitin una participaci\u00f3 activa, cr\u00edtica i creativa\u2026<br \/>\n<a href=\"https:\/\/agora.xtec.cat\/escmadorell\/filosofia-318\/\" target=\"_blank\">FILOSOFIA 3\/18<\/a><br \/>\n\u2026concreta&hellip;  <a href=\"https:\/\/agora.xtec.cat\/escmadorell\/projectes\/\" title=\"Read Projectes\">Llegeix m\u00e9s\u00bb<\/a><\/p>\n","protected":false},"author":1,"featured_media":0,"parent":0,"menu_order":0,"comment_status":"closed","ping_status":"closed","template":"page-templates\/side-menu.php","meta":{"_bbp_topic_count":0,"_bbp_reply_count":0,"_bbp_total_topic_count":0,"_bbp_total_reply_count":0,"_bbp_voice_count":0,"_bbp_anonymous_reply_count":0,"_bbp_topic_count_hidden":0,"_bbp_reply_count_hidden":0,"_bbp_forum_subforum_count":0,"footnotes":""},"class_list":["post-64","page","type-page","status-publish","hentry"],"post_mailing_queue_ids":[],"_links":{"self":[{"href":"https:\/\/agora.xtec.cat\/escmadorell\/wp-json\/wp\/v2\/pages\/64","targetHints":{"allow":["GET"]}}],"collection":[{"href":"https:\/\/agora.xtec.cat\/escmadorell\/wp-json\/wp\/v2\/pages"}],"about":[{"href":"https:\/\/agora.xtec.cat\/escmadorell\/wp-json\/wp\/v2\/types\/page"}],"author":[{"embeddable":true,"href":"https:\/\/agora.xtec.cat\/escmadorell\/wp-json\/wp\/v2\/users\/1"}],"replies":[{"embeddable":true,"href":"https:\/\/agora.xtec.cat\/escmadorell\/wp-json\/wp\/v2\/comments?post=64"}],"version-history":[{"count":3,"href":"https:\/\/agora.xtec.cat\/escmadorell\/wp-json\/wp\/v2\/pages\/64\/revisions"}],"predecessor-version":[{"id":590,"href":"https:\/\/agora.xtec.cat\/escmadorell\/wp-json\/wp\/v2\/pages\/64\/revisions\/590"}],"wp:attachment":[{"href":"https:\/\/agora.xtec.cat\/escmadorell\/wp-json\/wp\/v2\/media?parent=64"}],"curies":[{"name":"wp","href":"https:\/\/api.w.org\/{rel}","templated":true}]}}