{"id":569,"date":"2017-02-07T13:12:24","date_gmt":"2017-02-07T12:12:24","guid":{"rendered":"http:\/\/agora.xtec.cat\/escmadorell\/?page_id=569"},"modified":"2020-05-04T10:23:13","modified_gmt":"2020-05-04T08:23:13","slug":"biblioteca","status":"publish","type":"page","link":"https:\/\/agora.xtec.cat\/escmadorell\/projectes\/biblioteca\/","title":{"rendered":"Lectura"},"content":{"rendered":"<h1><a href=\"http:\/\/blocs.xtec.cat\/bibliotecamadorell\/\"><img loading=\"lazy\" decoding=\"async\" class=\"wp-image-2892 aligncenter\" src=\"https:\/\/agora.xtec.cat\/escmadorell\/wp-content\/uploads\/usu1350\/2017\/02\/segell_directoriblogs_transparent_300x314.png\" alt=\"segell_directoriblogs_transparent_300x314\" width=\"142\" height=\"149\" srcset=\"https:\/\/agora.xtec.cat\/escmadorell\/wp-content\/uploads\/usu1350\/2017\/02\/segell_directoriblogs_transparent_300x314.png 300w, https:\/\/agora.xtec.cat\/escmadorell\/wp-content\/uploads\/usu1350\/2017\/02\/segell_directoriblogs_transparent_300x314-287x300.png 287w\" sizes=\"auto, (max-width: 142px) 100vw, 142px\" \/><\/a><\/h1>\n<h1>En qu\u00e8 consisteix?<\/h1>\n<p>El projecte t\u00e9 per objectiu potenciar la biblioteca escolar \u201cpuntedu\u201d com un espai de recursos on poder trobar tot tipus d\u2019informaci\u00f3 en diferents tipus de suport a l\u2019abast de l\u2019alumnat, del professorat i de la comunitat educativa, prioritzar el seu \u00fas com a espai d\u2019aprenentatge en el desenvolupament de les diferents \u00e0rees curriculars, per tal que l\u2019alumnat es formi com a persona aut\u00f2noma, cr\u00edtica i constructora del seu propi coneixement a trav\u00e9s de la cerca, la investigaci\u00f3 i el treball en diferents fonts d\u2019informaci\u00f3, i promoure l\u2019h\u00e0bit lector.<\/p>\n<p>&nbsp;<\/p>\n<h1>Activitats<\/h1>\n<ul>\n<li><strong>Llegim i gaudim<\/strong>: cada dia dediquem un espai de temps a lectura amb l\u2019objectiu de gaudir amb ella. Mestres i alumnes s\u2019endinsen en el m\u00f3n literari segons els interessos d\u2019un mateix\/a.<\/li>\n<li><a href=\"https:\/\/agora.xtec.cat\/escmadorell\/apadrinament-lector\/\"><strong>Apadrinament lector<\/strong><\/a>: alumnes de 6\u00e8 apadrinen a un nen\/a de 1r. Setmanalment comparteixen una sessi\u00f3 i s\u2019ajuden en la lectura.<\/li>\n<li><strong>Llegim contes<\/strong>: alumnes de 2n setmanalment, van a les aules d\u2019Educaci\u00f3 Infantil i llegeixen un conte que pr\u00e8viament s\u2019han preparat a casa amb l\u2019ajuda de la fam\u00edlia.<\/li>\n<li><strong>Lectura di\u00e0ria<\/strong>: les fam\u00edlies agafen el comprom\u00eds de dediciar un temps a llegir a casa conjuntament amb els seus fills\/es.<\/li>\n<li><strong>Les maletes viatgeres<\/strong>: cada cap de setmana, les maletes viatgeres van a les diferents cases dels alumnes d\u2019Educaci\u00f3 Infantil.<\/li>\n<li><a href=\"https:\/\/agora.xtec.cat\/escmadorell\/biblioteca\/lenigma\/\"><strong>L&#8217;Enigma<\/strong><\/a>: per aconseguir tots els cromos, cal resoldre els enigmes.<\/li>\n<li><a href=\"https:\/\/agora.xtec.cat\/escmadorell\/biblioteca\/bibliopati\/\"><strong>Bibliopati<\/strong><\/a>: a l&#8217;hora de l&#8217;esbarjo, s&#8217;ofereix la possibilitat de gaudir d&#8217;aquest espai.<\/li>\n<li><a href=\"https:\/\/aplicacions.gestioeducativa.gencat.cat\/epergam\/web\/biblioteca.jsp\"><strong>Pr\u00e9stec de llibres<\/strong><\/a>: cat\u00e0leg on line i amb possibilitat de pr\u00e9stec.<\/li>\n<li><strong>Conte on line<\/strong>: alumnes del nostre centre creen un conte conjuntament amb una altra escola de la nostra zona educativa a trav\u00e9s d\u2019internet.<\/li>\n<li><strong>Formaci\u00f3 d\u2019usuaris<\/strong>: activitats encaminades a ajudar als alumnes a ser aut\u00f2noms en qualsevol biblioteca p\u00fablica.<\/li>\n<li><strong>Dinamitzaci\u00f3 d\u2019activitats<\/strong>.<\/li>\n<li><strong>Cerca d\u2019informaci\u00f3 i tractament<\/strong>.<\/li>\n<li><strong>Presentaci\u00f3 de novetats<\/strong>.<\/li>\n<li><strong>Visites d\u2019autors<\/strong>.<\/li>\n<li><a href=\"https:\/\/agora.xtec.cat\/escmadorell\/punts-lliures-dintercanvi-de-llibres\/\"><strong>Punts lliures d&#8217;intercanvi de llibres<\/strong><\/a>.<\/li>\n<\/ul>\n<p>&nbsp;<\/p>\n","protected":false},"excerpt":{"rendered":"<p><a href=\"http:\/\/blocs.xtec.cat\/bibliotecamadorell\/\"><\/a><br \/>\nEn qu\u00e8 consisteix?<br \/>\nEl projecte t\u00e9 per objectiu potenciar la biblioteca escolar \u201cpuntedu\u201d com un espai de recursos on poder trobar tot tipus d\u2019informaci\u00f3 en diferents tipus de suport a l\u2019abast de l\u2019alumnat, del professorat i de la comunitat educativa, prioritzar el seu \u00fas com&hellip;  <a href=\"https:\/\/agora.xtec.cat\/escmadorell\/projectes\/biblioteca\/\" title=\"Read Lectura\">Llegeix m\u00e9s\u00bb<\/a><\/p>\n","protected":false},"author":4,"featured_media":0,"parent":64,"menu_order":20,"comment_status":"closed","ping_status":"closed","template":"page-templates\/side-menu.php","meta":{"_bbp_topic_count":0,"_bbp_reply_count":0,"_bbp_total_topic_count":0,"_bbp_total_reply_count":0,"_bbp_voice_count":0,"_bbp_anonymous_reply_count":0,"_bbp_topic_count_hidden":0,"_bbp_reply_count_hidden":0,"_bbp_forum_subforum_count":0,"footnotes":""},"class_list":["post-569","page","type-page","status-publish","hentry"],"post_mailing_queue_ids":[],"_links":{"self":[{"href":"https:\/\/agora.xtec.cat\/escmadorell\/wp-json\/wp\/v2\/pages\/569","targetHints":{"allow":["GET"]}}],"collection":[{"href":"https:\/\/agora.xtec.cat\/escmadorell\/wp-json\/wp\/v2\/pages"}],"about":[{"href":"https:\/\/agora.xtec.cat\/escmadorell\/wp-json\/wp\/v2\/types\/page"}],"author":[{"embeddable":true,"href":"https:\/\/agora.xtec.cat\/escmadorell\/wp-json\/wp\/v2\/users\/4"}],"replies":[{"embeddable":true,"href":"https:\/\/agora.xtec.cat\/escmadorell\/wp-json\/wp\/v2\/comments?post=569"}],"version-history":[{"count":4,"href":"https:\/\/agora.xtec.cat\/escmadorell\/wp-json\/wp\/v2\/pages\/569\/revisions"}],"predecessor-version":[{"id":12967,"href":"https:\/\/agora.xtec.cat\/escmadorell\/wp-json\/wp\/v2\/pages\/569\/revisions\/12967"}],"up":[{"embeddable":true,"href":"https:\/\/agora.xtec.cat\/escmadorell\/wp-json\/wp\/v2\/pages\/64"}],"wp:attachment":[{"href":"https:\/\/agora.xtec.cat\/escmadorell\/wp-json\/wp\/v2\/media?parent=569"}],"curies":[{"name":"wp","href":"https:\/\/api.w.org\/{rel}","templated":true}]}}