{"id":531,"date":"2017-02-07T13:04:01","date_gmt":"2017-02-07T12:04:01","guid":{"rendered":"http:\/\/agora.xtec.cat\/escmadorell\/?page_id=531"},"modified":"2025-01-13T13:38:24","modified_gmt":"2025-01-13T12:38:24","slug":"servei-comunitari-instituts","status":"publish","type":"page","link":"https:\/\/agora.xtec.cat\/escmadorell\/projectes\/servei-comunitari-instituts\/","title":{"rendered":"Servei Comunitari Instituts"},"content":{"rendered":"<p>Alumnes de 3r o 4t d&#8217;ESO, venen a la nostra escola a realitzar la seva assignatura de Servei Comunitari. Aquesta comporta l&#8217;execuci\u00f3 en diferents entitats de 10 hores pr\u00e0ctiques de voluntariat, amb una preparaci\u00f3 pr\u00e8via i una an\u00e0lisi posterior per extreu-re&#8217;n els aprenentatges assolits.<\/p>\n<p>Nosaltres, el curs ja vam iniciar la col\u00b7laboraci\u00f3 amb l&#8217;Institut Llu\u00eds de Requesens, i des del curs 16\/17 tamb\u00e9 amb l&#8217;Institut Bernat el Ferrer.<\/p>\n<p>Els alumnes d&#8217;ESO ens ajuden a:<\/p>\n<ul>\n<li>Llegir individualment a fer activitats en angl\u00e8s a Prim\u00e0ria.<\/li>\n<\/ul>\n<p>L&#8217;experi\u00e8ncia \u00e9s molt positiva per les relacions que s&#8217;estableixen entre els alumnes, i l&#8217;aprenentatge m\u00fatua<\/p>\n","protected":false},"excerpt":{"rendered":"<p>Alumnes de 3r o 4t d&#8217;ESO, venen a la nostra escola a realitzar la seva assignatura de Servei Comunitari. Aquesta comporta l&#8217;execuci\u00f3 en diferents entitats de 10 hores pr\u00e0ctiques de voluntariat, amb una preparaci\u00f3 pr\u00e8via i una an\u00e0lisi posterior per extreu-re&#8217;n els aprenentatges assolits.<br \/>\nNosaltres, el&hellip;  <a href=\"https:\/\/agora.xtec.cat\/escmadorell\/projectes\/servei-comunitari-instituts\/\" title=\"Read Servei Comunitari Instituts\">Llegeix m\u00e9s\u00bb<\/a><\/p>\n","protected":false},"author":4,"featured_media":0,"parent":64,"menu_order":40,"comment_status":"closed","ping_status":"closed","template":"page-templates\/side-menu.php","meta":{"_bbp_topic_count":0,"_bbp_reply_count":0,"_bbp_total_topic_count":0,"_bbp_total_reply_count":0,"_bbp_voice_count":0,"_bbp_anonymous_reply_count":0,"_bbp_topic_count_hidden":0,"_bbp_reply_count_hidden":0,"_bbp_forum_subforum_count":0,"footnotes":""},"class_list":["post-531","page","type-page","status-publish","hentry"],"post_mailing_queue_ids":[],"_links":{"self":[{"href":"https:\/\/agora.xtec.cat\/escmadorell\/wp-json\/wp\/v2\/pages\/531","targetHints":{"allow":["GET"]}}],"collection":[{"href":"https:\/\/agora.xtec.cat\/escmadorell\/wp-json\/wp\/v2\/pages"}],"about":[{"href":"https:\/\/agora.xtec.cat\/escmadorell\/wp-json\/wp\/v2\/types\/page"}],"author":[{"embeddable":true,"href":"https:\/\/agora.xtec.cat\/escmadorell\/wp-json\/wp\/v2\/users\/4"}],"replies":[{"embeddable":true,"href":"https:\/\/agora.xtec.cat\/escmadorell\/wp-json\/wp\/v2\/comments?post=531"}],"version-history":[{"count":5,"href":"https:\/\/agora.xtec.cat\/escmadorell\/wp-json\/wp\/v2\/pages\/531\/revisions"}],"predecessor-version":[{"id":19170,"href":"https:\/\/agora.xtec.cat\/escmadorell\/wp-json\/wp\/v2\/pages\/531\/revisions\/19170"}],"up":[{"embeddable":true,"href":"https:\/\/agora.xtec.cat\/escmadorell\/wp-json\/wp\/v2\/pages\/64"}],"wp:attachment":[{"href":"https:\/\/agora.xtec.cat\/escmadorell\/wp-json\/wp\/v2\/media?parent=531"}],"curies":[{"name":"wp","href":"https:\/\/api.w.org\/{rel}","templated":true}]}}