{"id":521,"date":"2017-02-07T13:00:42","date_gmt":"2017-02-07T12:00:42","guid":{"rendered":"http:\/\/agora.xtec.cat\/escmadorell\/?page_id=521"},"modified":"2023-07-12T17:55:35","modified_gmt":"2023-07-12T15:55:35","slug":"meteorologia","status":"publish","type":"page","link":"https:\/\/agora.xtec.cat\/escmadorell\/projectes\/projecte-col%c2%b7laborem\/meteorologia\/","title":{"rendered":"Flaix"},"content":{"rendered":"<p><span style=\"font-family: Verdana,sans-serif;\"><span style=\"font-size: medium;\"><span lang=\"ca-ES\">L&#8217;alumnat de 5\u00e8 realitza el projecte d&#8217;emprenedoria CuEmE de l&#8217;\u00c0rea Metropolitant i de l&#8217;Ajuntament.<\/span><\/span><\/span><\/p>\n<h5>Qu\u00e8 \u00e9s?<\/h5>\n<p>Durant un curs escolar, l\u2019alumnat crea i gestiona una cooperativa escolar amb el suport de l\u2019escola, l\u2019administraci\u00f3 local, les empreses i altres entitats de la seva localitat. Cultura emprenedora a l\u2019escola promou les compet\u00e8ncies emprenedores entre l\u2019alumnat de cicle superior de prim\u00e0ria per millorar-ne l\u2019\u00e8xit educatiu i posar les bases dels seus projectes vitals i dels projectes professionals futurs.<\/p>\n<h5>Per qu\u00e8\u00a0promovem l\u2019esperit emprenedor?<\/h5>\n<p>\u2022 Capacita les persones per impulsar els seus projectes vitals i professionals.<br \/>\n\u2022 Contribueix a la millora de l\u2019\u00e8xit educatiu.<br \/>\n\u2022 Incrementa el nivell i la qualitat del treball.<br \/>\n\u2022 Augmenta la implicaci\u00f3 entre els sistemes educatiu i productiu.<br \/>\n\u2022 Promou territoris amb ecosistemes emprenedors.<\/p>\n<h5>Per qu\u00e8 amb un model cooperatiu?<\/h5>\n<p>\u2022 Es gestiona de manera democr\u00e0tica i participativa.<br \/>\n\u2022 Promou valors com la solidaritat, la igualtat d\u2019oportunitats i l\u2019equitat.<br \/>\n\u2022 Refor\u00e7a la responsabilitat social.<\/p>\n<h5>Amb quins objectius?<\/h5>\n<p>Treballar els valors, habilitats i capacitats vinculats a l\u2019emprenedoria<br \/>\nLa curiositat, la iniciativa, la comunicaci\u00f3, la responsabilitat, la creativitat, la planificaci\u00f3, el treball en equip, l\u2019autoconfian\u00e7a o la soluci\u00f3 de problemes i la presa de decisions\u2026<\/p>\n<p>Refor\u00e7ar totes les compet\u00e8ncies clau. A trav\u00e9s del projecte es treballen, de forma transversal, totes les compet\u00e8ncies clau del curr\u00edculum:<br \/>\n1. Comunicaci\u00f3 ling\u00fc\u00edstica<br \/>\n2. Matem\u00e0tica<br \/>\n3. Coneixement i interacci\u00f3 amb el m\u00f3n f\u00edsic<br \/>\n4. Digital i en tractament de la informaci\u00f3<br \/>\n5. Social i ciutadana<br \/>\n6. Cultural i art\u00edstica<br \/>\n7. Aprendre a aprendre<br \/>\n8. Autonomia i iniciativa personal (esperit emprenedor)<\/p>\n","protected":false},"excerpt":{"rendered":"<p>L&#8217;alumnat de 5\u00e8 realitza el projecte d&#8217;emprenedoria CuEmE de l&#8217;\u00c0rea Metropolitant i de l&#8217;Ajuntament.<br \/>\nQu\u00e8 \u00e9s?<br \/>\nDurant un curs escolar, l\u2019alumnat crea i gestiona una cooperativa escolar amb el suport de l\u2019escola, l\u2019administraci\u00f3 local, les empreses i altres entitats de la seva localitat. Cultura emprenedora a l\u2019escola&hellip;  <a href=\"https:\/\/agora.xtec.cat\/escmadorell\/projectes\/projecte-col%c2%b7laborem\/meteorologia\/\" title=\"Read Flaix\">Llegeix m\u00e9s\u00bb<\/a><\/p>\n","protected":false},"author":4,"featured_media":0,"parent":513,"menu_order":50,"comment_status":"closed","ping_status":"closed","template":"page-templates\/side-menu.php","meta":{"_bbp_topic_count":0,"_bbp_reply_count":0,"_bbp_total_topic_count":0,"_bbp_total_reply_count":0,"_bbp_voice_count":0,"_bbp_anonymous_reply_count":0,"_bbp_topic_count_hidden":0,"_bbp_reply_count_hidden":0,"_bbp_forum_subforum_count":0,"footnotes":""},"class_list":["post-521","page","type-page","status-publish","hentry"],"post_mailing_queue_ids":[],"_links":{"self":[{"href":"https:\/\/agora.xtec.cat\/escmadorell\/wp-json\/wp\/v2\/pages\/521","targetHints":{"allow":["GET"]}}],"collection":[{"href":"https:\/\/agora.xtec.cat\/escmadorell\/wp-json\/wp\/v2\/pages"}],"about":[{"href":"https:\/\/agora.xtec.cat\/escmadorell\/wp-json\/wp\/v2\/types\/page"}],"author":[{"embeddable":true,"href":"https:\/\/agora.xtec.cat\/escmadorell\/wp-json\/wp\/v2\/users\/4"}],"replies":[{"embeddable":true,"href":"https:\/\/agora.xtec.cat\/escmadorell\/wp-json\/wp\/v2\/comments?post=521"}],"version-history":[{"count":4,"href":"https:\/\/agora.xtec.cat\/escmadorell\/wp-json\/wp\/v2\/pages\/521\/revisions"}],"predecessor-version":[{"id":17824,"href":"https:\/\/agora.xtec.cat\/escmadorell\/wp-json\/wp\/v2\/pages\/521\/revisions\/17824"}],"up":[{"embeddable":true,"href":"https:\/\/agora.xtec.cat\/escmadorell\/wp-json\/wp\/v2\/pages\/513"}],"wp:attachment":[{"href":"https:\/\/agora.xtec.cat\/escmadorell\/wp-json\/wp\/v2\/media?parent=521"}],"curies":[{"name":"wp","href":"https:\/\/api.w.org\/{rel}","templated":true}]}}