{"id":519,"date":"2017-02-07T13:00:11","date_gmt":"2017-02-07T12:00:11","guid":{"rendered":"http:\/\/agora.xtec.cat\/escmadorell\/?page_id=519"},"modified":"2025-01-13T13:34:23","modified_gmt":"2025-01-13T12:34:23","slug":"hort-escolar-ecologic","status":"publish","type":"page","link":"https:\/\/agora.xtec.cat\/escmadorell\/projectes\/projecte-col%c2%b7laborem\/hort-escolar-ecologic\/","title":{"rendered":"Planter"},"content":{"rendered":"<p>Creiem que \u00e9s necessari introduir nous elements i situacions d\u2019aprenentatge a l\u2019escola per tal de poder fer-la m\u00e9s atractiva a l\u2019alumnat.<\/p>\n<p>Amb l\u2019hort escolar es pret\u00e9n motivar i responsabilitzar als alumnes partint dels seus interessos fent servir eines suggestives i atraients, aix\u00ed com possibilitar-los el domini de t\u00e8cniques instrumentals i estrat\u00e8gies que possibilitin una participaci\u00f3 activa, cr\u00edtica i creativa.<\/p>\n<p>Els objectius did\u00e0ctics del projecte amb els seus corresponents continguts es treballaran dins l\u2019\u00e0rea de coneixement del medi, tot desenvolupant diverses compet\u00e8ncies b\u00e0siques i aprofundint en la compet\u00e8ncia d\u2019<em>Interacci\u00f3 i coneixement del m\u00f3n f\u00edsic<\/em>, la <em>Social<\/em><em> i ciutadana, <\/em> d<em>\u2019Autonomia i iniciativa personal i d\u2019Aprendre a aprendre. <\/em><\/p>\n\r\n\t<div class=\"slideshow_container slideshow_container_style-light\" style=\"height: 300px; \" data-slideshow-id=\"2861\" data-style-name=\"style-light\" data-style-version=\"2.3.1\" >\r\n\r\n\t\t\t\t\t<div class=\"slideshow_loading_icon\"><\/div>\r\n\t\t\r\n\t\t<div class=\"slideshow_content\" style=\"display: none;\">\r\n\r\n\t\t\t<div class=\"slideshow_view\">\r\n\t\t\t\t<div class=\"slideshow_slide slideshow_slide_image\">\r\n\t\t\t\t\t\t\t\t\t\t\t<img src=\"https:\/\/agora.xtec.cat\/escmadorell\/wp-content\/uploads\/usu1350\/2017\/02\/DSC09599.jpg\" alt=\"dsc09599\" width=\"640\" height=\"480\" \/>\r\n\t\t\t\t\t\t\t\t\t\t<div class=\"slideshow_description_box slideshow_transparent\">\r\n\t\t\t\t\t\t<div class=\"slideshow_title\">dsc09599<\/div>\t\t\t\t\t\t\t\t\t\t\t<\/div>\r\n\t\t\t\t<\/div>\r\n\r\n\t\t\t\t\t\t<div style=\"clear: both;\"><\/div><\/div><div class=\"slideshow_view\">\r\n\t\t\t\t<div class=\"slideshow_slide slideshow_slide_image\">\r\n\t\t\t\t\t\t\t\t\t\t\t<img src=\"https:\/\/agora.xtec.cat\/escmadorell\/wp-content\/uploads\/usu1350\/2017\/02\/DSC09597.jpg\" alt=\"dsc09597\" width=\"640\" height=\"480\" \/>\r\n\t\t\t\t\t\t\t\t\t\t<div class=\"slideshow_description_box slideshow_transparent\">\r\n\t\t\t\t\t\t<div class=\"slideshow_title\">dsc09597<\/div>\t\t\t\t\t\t\t\t\t\t\t<\/div>\r\n\t\t\t\t<\/div>\r\n\r\n\t\t\t\t\t\t<div style=\"clear: both;\"><\/div><\/div><div class=\"slideshow_view\">\r\n\t\t\t\t<div class=\"slideshow_slide slideshow_slide_image\">\r\n\t\t\t\t\t\t\t\t\t\t\t<img src=\"https:\/\/agora.xtec.cat\/escmadorell\/wp-content\/uploads\/usu1350\/2017\/02\/DSC02646.jpg\" alt=\"dsc02646\" width=\"640\" height=\"480\" \/>\r\n\t\t\t\t\t\t\t\t\t\t<div class=\"slideshow_description_box slideshow_transparent\">\r\n\t\t\t\t\t\t<div class=\"slideshow_title\">dsc02646<\/div>\t\t\t\t\t\t\t\t\t\t\t<\/div>\r\n\t\t\t\t<\/div>\r\n\r\n\t\t\t\t\t\t<div style=\"clear: both;\"><\/div><\/div><div class=\"slideshow_view\">\r\n\t\t\t\t<div class=\"slideshow_slide slideshow_slide_image\">\r\n\t\t\t\t\t\t\t\t\t\t\t<img src=\"https:\/\/agora.xtec.cat\/escmadorell\/wp-content\/uploads\/usu1350\/2017\/02\/DSC02633.jpg\" alt=\"dsc02633\" width=\"640\" height=\"480\" \/>\r\n\t\t\t\t\t\t\t\t\t\t<div class=\"slideshow_description_box slideshow_transparent\">\r\n\t\t\t\t\t\t<div class=\"slideshow_title\">dsc02633<\/div>\t\t\t\t\t\t\t\t\t\t\t<\/div>\r\n\t\t\t\t<\/div>\r\n\r\n\t\t\t\t\t\t<div style=\"clear: both;\"><\/div><\/div><div class=\"slideshow_view\">\r\n\t\t\t\t<div class=\"slideshow_slide slideshow_slide_image\">\r\n\t\t\t\t\t\t\t\t\t\t\t<img src=\"https:\/\/agora.xtec.cat\/escmadorell\/wp-content\/uploads\/usu1350\/2017\/02\/DSC02590.jpg\" alt=\"dsc02590\" width=\"640\" height=\"480\" \/>\r\n\t\t\t\t\t\t\t\t\t\t<div class=\"slideshow_description_box slideshow_transparent\">\r\n\t\t\t\t\t\t<div class=\"slideshow_title\">dsc02590<\/div>\t\t\t\t\t\t\t\t\t\t\t<\/div>\r\n\t\t\t\t<\/div>\r\n\r\n\t\t\t\t\t\t<div style=\"clear: both;\"><\/div><\/div>\r\n\t\t<\/div>\r\n\r\n\t\t<div class=\"slideshow_controlPanel slideshow_transparent\" style=\"display: none;\"><ul><li class=\"slideshow_togglePlay\" data-play-text=\"Visualitza\" data-pause-text=\"Pausa\"><\/li><\/ul><\/div>\r\n\r\n\t\t<div class=\"slideshow_button slideshow_previous slideshow_transparent\" role=\"button\" data-previous-text=\"Anterior\" style=\"display: none;\"><\/div>\r\n\t\t<div class=\"slideshow_button slideshow_next slideshow_transparent\" role=\"button\" data-next-text=\"Seg\u00fcent\" style=\"display: none;\"><\/div>\r\n\r\n\t\t<div class=\"slideshow_pagination\" style=\"display: none;\" data-go-to-text=\"V\u00e9s a la diapositiva\"><div class=\"slideshow_pagination_center\"><\/div><\/div>\r\n\r\n\t\t<!-- WordPress Slideshow Version 2.3.1 -->\r\n\r\n\t\t\t<\/div>\r\n\r\n\n<p>L\u2019hort escolar ecol\u00f2gic es basa en el profund respecte de la natura i els diversos ecosistemes procurant un cultiu racional amb mitjans naturals.<\/p>\n<p>Amb l\u2019hort els alumnes podran prendre consci\u00e8ncia de la import\u00e0ncia de protegir i conservar la natura evitant la utilitzaci\u00f3 de productes no naturals que actualment es fan servir.<\/p>\n<p>Aquest projecte l\u2019inciar\u00e0 el curs de sis\u00e8 d\u2019Educaci\u00f3 Prim\u00e0ria, per\u00f2 est\u00e0 destinat a la participaci\u00f3 de tots els nivells de l\u2019escola tant d\u2019Educaci\u00f3 Infantil com de Prim\u00e0ria.<\/p>\n<p>Els objectius generals del projecte s\u2019adaptaran a cada nivell segons els objectius que es pretenguin treballar a l\u2019\u00e0rea de medi.<\/p>\n<p>El curs 10\/11 fou l\u2019inici del projecte.<\/p>\n<p>&nbsp;<\/p>\n","protected":false},"excerpt":{"rendered":"<p>Creiem que \u00e9s necessari introduir nous elements i situacions d\u2019aprenentatge a l\u2019escola per tal de poder fer-la m\u00e9s atractiva a l\u2019alumnat.<br \/>\nAmb l\u2019hort escolar es pret\u00e9n motivar i responsabilitzar als alumnes partint dels seus interessos fent servir eines suggestives i atraients, aix\u00ed com possibilitar-los el domini&hellip;  <a href=\"https:\/\/agora.xtec.cat\/escmadorell\/projectes\/projecte-col%c2%b7laborem\/hort-escolar-ecologic\/\" title=\"Read Planter\">Llegeix m\u00e9s\u00bb<\/a><\/p>\n","protected":false},"author":4,"featured_media":0,"parent":513,"menu_order":40,"comment_status":"closed","ping_status":"closed","template":"page-templates\/side-menu.php","meta":{"_bbp_topic_count":0,"_bbp_reply_count":0,"_bbp_total_topic_count":0,"_bbp_total_reply_count":0,"_bbp_voice_count":0,"_bbp_anonymous_reply_count":0,"_bbp_topic_count_hidden":0,"_bbp_reply_count_hidden":0,"_bbp_forum_subforum_count":0,"footnotes":""},"class_list":["post-519","page","type-page","status-publish","hentry"],"post_mailing_queue_ids":[],"_links":{"self":[{"href":"https:\/\/agora.xtec.cat\/escmadorell\/wp-json\/wp\/v2\/pages\/519","targetHints":{"allow":["GET"]}}],"collection":[{"href":"https:\/\/agora.xtec.cat\/escmadorell\/wp-json\/wp\/v2\/pages"}],"about":[{"href":"https:\/\/agora.xtec.cat\/escmadorell\/wp-json\/wp\/v2\/types\/page"}],"author":[{"embeddable":true,"href":"https:\/\/agora.xtec.cat\/escmadorell\/wp-json\/wp\/v2\/users\/4"}],"replies":[{"embeddable":true,"href":"https:\/\/agora.xtec.cat\/escmadorell\/wp-json\/wp\/v2\/comments?post=519"}],"version-history":[{"count":4,"href":"https:\/\/agora.xtec.cat\/escmadorell\/wp-json\/wp\/v2\/pages\/519\/revisions"}],"predecessor-version":[{"id":19167,"href":"https:\/\/agora.xtec.cat\/escmadorell\/wp-json\/wp\/v2\/pages\/519\/revisions\/19167"}],"up":[{"embeddable":true,"href":"https:\/\/agora.xtec.cat\/escmadorell\/wp-json\/wp\/v2\/pages\/513"}],"wp:attachment":[{"href":"https:\/\/agora.xtec.cat\/escmadorell\/wp-json\/wp\/v2\/media?parent=519"}],"curies":[{"name":"wp","href":"https:\/\/api.w.org\/{rel}","templated":true}]}}