{"id":2846,"date":"2017-02-21T11:52:49","date_gmt":"2017-02-21T10:52:49","guid":{"rendered":"http:\/\/agora.xtec.cat\/escmadorell\/?page_id=2846"},"modified":"2024-04-10T17:22:02","modified_gmt":"2024-04-10T15:22:02","slug":"missio-visio-i-valors","status":"publish","type":"page","link":"https:\/\/agora.xtec.cat\/escmadorell\/lescola\/projecte-educatiu\/missio-visio-i-valors\/","title":{"rendered":"Missi\u00f3, visi\u00f3 i valors"},"content":{"rendered":"<h2>\u00a0MISSI\u00d3<\/h2>\n<ul>\n<li>L\u2019Escola Josep Maria Madorell \u00e9s un centre que t\u00e9 com a prop\u00f2sit fonamental l\u2019educaci\u00f3 integral dels nens i de les nenes de 3 a 12 anys, en els aspectes de creixement intel\u00b7lectual i en el desenvolupament personal, oferint una formaci\u00f3 acad\u00e8mica i personal de qualitat perqu\u00e8, quan acabin l\u2019etapa de Prim\u00e0ria a l\u2019Escola, esdevinguin nois i noies aut\u00f2noms i responsables, amb una bona formaci\u00f3 acad\u00e8mica i recursos per aprendre; amb esperit cr\u00edtic i amb uns criteris de valors ben fonamentats.<\/li>\n<\/ul>\n<ul>\n<li>Desenvolupar al m\u00e0xim les capacitats i compet\u00e8ncies de tots i cadascun dels infants, com a principi d\u2019equitat i cohesi\u00f3 social.<\/li>\n<\/ul>\n<ul>\n<li>L\u2019acollida de l\u2019alumnat que comen\u00e7a l\u2019Escola esdev\u00e9 fonamental i realitzem una din\u00e0mica que facilita la relaci\u00f3 entre els nens i les nenes, les seves fam\u00edlies i l\u2019Escola per tal que se sentin ben aviat integrats (festa d\u2019acollida de P3 i Pla d\u2019acollida) aix\u00ed com,\u00a0 el seguiment i orientaci\u00f3 acad\u00e8mica i personal dels nostres alumnes, per millorar els seu rendiment i la seva satisfacci\u00f3 individual.<\/li>\n<\/ul>\n<ul>\n<li>L\u2019atenci\u00f3 educativa a la diversitat de l\u2019alumnat, donant resposta a totes les necessitats.<\/li>\n<\/ul>\n<ul>\n<li>L\u2019aprenentatge de la llengua catalana \u00e9s essencial, ja que t\u00e9 com a finalitat que, el seu \u00fas i domini, tant a nivell oral com a nivell escrit, esdevingui un mitj\u00e0 de comunicaci\u00f3 i de creaci\u00f3 i els serveixi per a prosseguir els aprenentatges escolars posteriors.<\/li>\n<\/ul>\n<ul>\n<li>L\u2019aprenentatge de la llengua castellana i la llengua anglesa (a nivell oral s\u2019introdueix a P5)\u00a0 amb la finalitat que, als 12 anys tinguin un bon domini d\u2019aquestes lleng\u00fces i els serveixin de mitj\u00e0 de comunicaci\u00f3 i d\u2019expressi\u00f3 oral i escrita.<\/li>\n<\/ul>\n<ul>\n<li>Fem especial \u00e8mfasi en la innovaci\u00f3 tecnol\u00f2gica, en la diversitat de recursos did\u00e0ctics i humans i en conviure en un espai agradable i acollidor. La sensibilitzaci\u00f3 en els aspectes musicals i art\u00edstics tamb\u00e9 s\u00f3n importants.<\/li>\n<\/ul>\n<ul>\n<li>L\u2019aplicaci\u00f3 d\u2019una metodologia de centre basada en:<\/li>\n<li>L\u2019obtenci\u00f3 d\u2019un clima de treball adequat per a qu\u00e8 tots els alumnes puguin progressar en funci\u00f3 de les seves capacitats i interessos.<\/li>\n<li>El desenvolupament d\u2019un sistema comprensiu, per\u00f2 exigent i disciplinat, que potencia valors com el respecte, l\u2019esfor\u00e7 i la responsabilitat.<\/li>\n<li>L\u2019educaci\u00f3 en el respecte a les persones, als materials, a les instal\u00b7lacions i a l\u2019entorn.<\/li>\n<li>L\u2019estimulaci\u00f3 de les capacitats i habilitats intel\u00b7lectuals i pr\u00e0ctiques dels alumnes per a la construcci\u00f3 personal dels seus coneixements.<\/li>\n<li>Les instal\u00b7lacions del Centre estan completament remodelades i adaptades a les necessitats de la societat actual.<\/li>\n<\/ul>\n<ul>\n<li>Oferim un horari lectiu de mat\u00ed i tarda, amb serveis complementaris a les activitats lectives (servei de menjador amb cuina al mateix Centre; servei d\u2019acollida matinal i de tarda,\u00a0 i activitats extraescolars dins del Pla Catal\u00e0 de l\u2019Esport).<\/li>\n<\/ul>\n<p>&nbsp;<\/p>\n<h2>VISI\u00d3<\/h2>\n<p>L\u2019escola vol ser un centre ben valorat per la societat\u00a0 de Molins de Rei, que sigui atraient tant per als alumnes com per als seus pares, on s\u2019aconsegueixi un ensenyament de qualitat adaptat a la realitat per a afavorir el desenvolupament personal i de les habilitats socials dels nostres alumnes, assolint les compet\u00e8ncies b\u00e0siques necess\u00e0ries per arribar a un desenvolupament integral, fent servir tots els recursos humans i materials disponibles.<\/p>\n<p>Volem:<\/p>\n<ol>\n<li>Formar persones aut\u00f2nomes i responsables del seu entorn, preparades per pert\u00e0nyer a una societat plural, que siguin capa\u00e7os d\u2019adaptar-se als canvis i poder decidir el seu futur.<\/li>\n<li>Arribar a ser una escola amb un eix vertebrador clar, on tots els que formem part de la comunitat educativa participem en la seva organitzaci\u00f3, funcionament i avaluaci\u00f3 amb el prop\u00f2sit de millorar la qualitat de l\u2019ensenyament.<\/li>\n<li>Alumnes motivats per ser protagonistes del seu propi aprenentatge, optimitzant recursos disponibles a l\u2019escola, per tant, de facilitat les tasques tant a mestres com a alumnes.<\/li>\n<li>Adequar les opcions metodol\u00f2giques per tal de millorar els resultats acad\u00e8mics, mitjan\u00e7ant la pr\u00e0ctica reflexiva i el treball cooperatiu.<\/li>\n<li>Aconseguir una infraestructura interna i externa que permeti crear un ambient de treball acollidor i motivador que faciliti adaptar-nos als canvis i necessitats de la nostra societat.<\/li>\n<\/ol>\n<p>&nbsp;<\/p>\n<h2>\u00a0VALORS<\/h2>\n<p>L\u2019educaci\u00f3 que oferim es fonamenta en els valors seg\u00fcents:<\/p>\n<ul>\n<li>Educaci\u00f3 integral de l\u2019alumnat: \u00e0mbit cognitiu, socioafectiu, motor i comunicatiu.<\/li>\n<li>Aspectes emocionals: motivaci\u00f3, autoestima, expectatives positives \u00edntimament relacionades amb les capacitats cognitives.<\/li>\n<li>Treball col\u00b7laboratiu en contra d\u2019un m\u00e9s individualista i competitiu.<\/li>\n<li>Escola inclusiva: respecte dels diferents ritmes d\u2019aprenentatges i on tots els infants tinguin cabuda.<\/li>\n<li>Esfor\u00e7, responsabilitat, respecte, di\u00e0leg i autoregulaci\u00f3.<\/li>\n<li>Innovacions en tots els camps i adaptaci\u00f3 a la realitat canviant, tot potenciant la interdisciplinarietat.<\/li>\n<li>Escola oberta i acollidora: Espai de trobada i de di\u00e0leg entre fam\u00edlies i docents. Revaloritzant la tasca del professorat i el paper de les fam\u00edlies com a part essencial en l\u2019educaci\u00f3.<\/li>\n<li>Aprenentatge reflexiu.<\/li>\n<li>Comprom\u00eds, rigor i exig\u00e8ncia.<\/li>\n<li>Participaci\u00f3 positiva i responsable.<\/li>\n<li>Est\u00edmul de la curiositat cultural i de la creativitat.<\/li>\n<li>L\u2019avaluaci\u00f3 com una eina de reflexi\u00f3 que permet el diagn\u00f2stic i possibilita la millora constant dels processos d\u2019ensenyament-aprenentatge i de gesti\u00f3 del centre.<\/li>\n<\/ul>\n","protected":false},"excerpt":{"rendered":"<p>\u00a0MISSI\u00d3<\/p>\n<ul>\n<li>L\u2019Escola Josep Maria Madorell \u00e9s un centre que t\u00e9 com a prop\u00f2sit fonamental l\u2019educaci\u00f3 integral dels nens i de les nenes de 3 a 12 anys, en els aspectes de creixement intel\u00b7lectual i en el desenvolupament personal, oferint una formaci\u00f3 acad\u00e8mica i personal de qualitat&hellip;  <a href=\"https:\/\/agora.xtec.cat\/escmadorell\/lescola\/projecte-educatiu\/missio-visio-i-valors\/\" title=\"Read Missi\u00f3, visi\u00f3 i valors\">Llegeix m\u00e9s\u00bb<\/a><br \/>\n","protected":false},"author":4,"featured_media":0,"parent":2840,"menu_order":2,"comment_status":"closed","ping_status":"closed","template":"page-templates\/side-menu.php","meta":{"_bbp_topic_count":0,"_bbp_reply_count":0,"_bbp_total_topic_count":0,"_bbp_total_reply_count":0,"_bbp_voice_count":0,"_bbp_anonymous_reply_count":0,"_bbp_topic_count_hidden":0,"_bbp_reply_count_hidden":0,"_bbp_forum_subforum_count":0,"footnotes":""},"class_list":["post-2846","page","type-page","status-publish","hentry"],"post_mailing_queue_ids":[],"_links":{"self":[{"href":"https:\/\/agora.xtec.cat\/escmadorell\/wp-json\/wp\/v2\/pages\/2846","targetHints":{"allow":["GET"]}}],"collection":[{"href":"https:\/\/agora.xtec.cat\/escmadorell\/wp-json\/wp\/v2\/pages"}],"about":[{"href":"https:\/\/agora.xtec.cat\/escmadorell\/wp-json\/wp\/v2\/types\/page"}],"author":[{"embeddable":true,"href":"https:\/\/agora.xtec.cat\/escmadorell\/wp-json\/wp\/v2\/users\/4"}],"replies":[{"embeddable":true,"href":"https:\/\/agora.xtec.cat\/escmadorell\/wp-json\/wp\/v2\/comments?post=2846"}],"version-history":[{"count":2,"href":"https:\/\/agora.xtec.cat\/escmadorell\/wp-json\/wp\/v2\/pages\/2846\/revisions"}],"predecessor-version":[{"id":18504,"href":"https:\/\/agora.xtec.cat\/escmadorell\/wp-json\/wp\/v2\/pages\/2846\/revisions\/18504"}],"up":[{"embeddable":true,"href":"https:\/\/agora.xtec.cat\/escmadorell\/wp-json\/wp\/v2\/pages\/2840"}],"wp:attachment":[{"href":"https:\/\/agora.xtec.cat\/escmadorell\/wp-json\/wp\/v2\/media?parent=2846"}],"curies":[{"name":"wp","href":"https:\/\/api.w.org\/{rel}","templated":true}]}}