{"id":2842,"date":"2017-02-21T11:44:33","date_gmt":"2017-02-21T10:44:33","guid":{"rendered":"http:\/\/agora.xtec.cat\/escmadorell\/?page_id=2842"},"modified":"2017-02-21T11:50:07","modified_gmt":"2017-02-21T10:50:07","slug":"identitat-i-caracter-propi","status":"publish","type":"page","link":"https:\/\/agora.xtec.cat\/escmadorell\/lescola\/projecte-educatiu\/identitat-i-caracter-propi\/","title":{"rendered":"Identitat i car\u00e0cter propi"},"content":{"rendered":"<p>El nostre centre escolar articula la seva acci\u00f3 educativa entorn dels principis rectors del Sistema Educatiu que formula la Llei d&#8217;Educaci\u00f3 de Catalunya (LLEI 12\/2009 de 10 de juliol) en el seu article 2.<\/p>\n<p>El projecte educatiu recull i desenvolupa el car\u00e0cter propi del nostre centre respectant els principis rectors del sistema educatiu i de les escoles de titularitat p\u00fablica definits a l\u2019article 93 de la Llei d\u2019Educaci\u00f3 de Catalunya i a l\u2019article 5 del Decret d\u2019Autonomia de Centres.<\/p>\n<h4>3.1 PRINCIPIS RECTORS (article 2 de la LEC)<\/h4>\n<h5>3.1.1 Principis generals<\/h5>\n<p>El sistema educatiu, en el marc dels valors definits per la Constituci\u00f3 i per l&#8217;Estatut, es regeix pels principis generals seg\u00fcents:<br \/>\na) El respecte dels drets i els deures que deriven de la Constituci\u00f3, l&#8217;Estatut i la resta de legislaci\u00f3 vigent.<br \/>\nb) La transmissi\u00f3 i la consolidaci\u00f3 dels valors propis d&#8217;una societat democr\u00e0tica: la llibertat personal, la responsabilitat, la solidaritat, el respecte i la igualtat.<br \/>\nc) La universalitat i l&#8217;equitat com a garantia d&#8217;igualtat d&#8217;oportunitats i la integraci\u00f3 de tots els col\u2022lectius, basada en la coresponsabilitat de tots els centres sostinguts amb fons p\u00fablics.<br \/>\nd) El respecte de la llibertat d&#8217;ensenyament, la llibertat de creaci\u00f3 de centres, la llibertat d&#8217;elecci\u00f3 entre centres p\u00fablics o centres altres que els creats pels poders p\u00fablics, la llibertat de c\u00e0tedra del professorat i la llibertat de consci\u00e8ncia dels alumnes.<br \/>\ne) El pluralisme.<br \/>\nf) La inclusi\u00f3 escolar i la cohesi\u00f3 social.<br \/>\ng) La qualitat de l&#8217;educaci\u00f3, que possibilita l&#8217;assoliment de les compet\u00e8ncies b\u00e0siques i la consecuci\u00f3 de l&#8217;excel\u2022l\u00e8ncia, en un context d&#8217;equitat.<br \/>\nh) El conreu del coneixement de Catalunya i l&#8217;arrelament dels alumnes al pa\u00eds, i el respecte a la conviv\u00e8ncia.<br \/>\ni) El respecte i el coneixement del propi cos<br \/>\nj) El foment de la pau i el respecte dels drets humans.<br \/>\nk) El respecte i la preservaci\u00f3 del medi ambient i el gaudi respectu\u00f3s i responsable dels recursos naturals i del paisatge.<br \/>\nl) El foment de l&#8217;emprenedoria.<br \/>\nm) La coeducaci\u00f3 i el foment de la igualtat real i efectiva entre dones i homes.<br \/>\nn) L&#8217;afavoriment de l&#8217;educaci\u00f3 m\u00e9s enll\u00e0 de l&#8217;escola.<br \/>\no) L&#8217;educaci\u00f3 al llarg de la vida.<br \/>\np) El respecte del dret de mares i pares perqu\u00e8 llurs fills rebin la formaci\u00f3 religiosa i moral que vagi d&#8217;acord amb llurs conviccions.<br \/>\nq) L&#8217;exclusi\u00f3 de qualsevol mena de proselitisme o adoctrinament.<\/p>\n<h5>3.1.2 Principis espec\u00edfics<\/h5>\n<p>El sistema educatiu es regeix pels principis espec\u00edfics seg\u00fcents:<\/p>\n<p>a) La formaci\u00f3 integral de les capacitats intel\u2022lectuals, \u00e8tiques, f\u00edsiques, emocionals i socials dels alumnes que els permeti el ple desenvolupament de la personalitat, amb un ensenyament de base cient\u00edfica, que ha d&#8217;\u00e9sser laic, d\u2019acord amb l&#8217;Estatut, en els centres p\u00fablics i en els centres privats en qu\u00e8 ho determini llur car\u00e0cter propi.<br \/>\nb) La vinculaci\u00f3 entre pensament, emoci\u00f3 i acci\u00f3 que contribueixi a un bon aprenentatge i condueixi els alumnes a la maduresa i la satisfacci\u00f3 personals.<br \/>\nc) La capacitaci\u00f3 cultural, cient\u00edfica i t\u00e8cnica que permeti als alumnes la plena integraci\u00f3 social i laboral.<br \/>\nd) L&#8217;habilitaci\u00f3 per a l&#8217;aprenentatge permanent.<br \/>\ne) L&#8217;est\u00edmul i el reconeixement de l&#8217;esfor\u00e7 i la valoraci\u00f3 del rigor, l&#8217;honestedat i la const\u00e0ncia en el treball.<br \/>\nf) La capacitaci\u00f3 per a exercir activament la ciutadania<br \/>\ng) L&#8217;aplicaci\u00f3 general de criteris i procediments d\u2019avaluaci\u00f3.<br \/>\nh) La compet\u00e8ncia per a la utilitzaci\u00f3 aut\u00f2noma i creativa dels sistemes digitals.<br \/>\ni) La compet\u00e8ncia per a l\u2019an\u00e0lisi i la contrastaci\u00f3 de tota la informaci\u00f3, sigui quin sigui el mitj\u00e0 de transmissi\u00f3.<\/p>\n<h5>3.1.3 Principis organitzatius<\/h5>\n<p>El sistema educatiu es regeix pels principis organitzatius seg\u00fcents:<br \/>\na) El funcionament integrat i la gesti\u00f3 descentralitzada.<br \/>\nb) La flexibilitat suficient per anar-se adequant a les necessitats canviants de la societat.<br \/>\nc) L&#8217;autonomia de cada centre.<br \/>\nd) La participaci\u00f3 de la comunitat educativa.<br \/>\ne) La promoci\u00f3 del reconeixement social i professional del professorat.<br \/>\nf) El comprom\u00eds de les fam\u00edlies en el proc\u00e9s educatiu i l\u2019est\u00edmul i el suport per a fer-lo possible.<br \/>\ng) La programaci\u00f3 de les necessitats educatives territorialment i socialment equilibrada que emmarca tots els centres sostinguts amb fons p\u00fablics.<br \/>\nh) La col\u2022laboraci\u00f3, la cooperaci\u00f3 i la coresponsabilitzaci\u00f3 amb els ajuntaments i altres administracions p\u00fabliques<\/p>\n<h4>3.2 CAR\u00c0CTER PROPI<\/h4>\n<p>L\u2019escola es defineix com a inclusiva, laica i respectuosa amb la pluralitat, trets definidors del seu car\u00e0cter propi, d\u2019acord amb els principis de qualitat pedag\u00f2gica, de direcci\u00f3 responsable, de dedicaci\u00f3 i professionalitat, de preservaci\u00f3 de l\u2019equitat, de cerca de l\u2019excel\u2022l\u00e8ncia i de respecte a les idees i les creences dels alumnes i de llurs mares, pares o tutors.<\/p>\n<p>El car\u00e0cter propi de la nostra escola queda definit mitjan\u00e7ant els seg\u00fcents trets d\u2019identitat:<\/p>\n<ul>\n<li>Escola vinculada a l\u2019entorn: \u00e9s un objectiu primordial proporcionar viv\u00e8ncies, per tal que els alumnes coneguin i gaudeixin de l\u2019entorn que els envolta i per aquest motiu aprofitem les ofertes culturals i naturals que el municipi ofereix. La nostra comunitat s\u2019implica en tots els projectes del territori, ja que pensem que \u00e9s la millor manera d\u2019integrar tots els membres de la comunitat en l\u2019entorn proper.<\/li>\n<li>\u00a0Educaci\u00f3 del medi ambient: escola respectuosa amb l&#8217;entorn i compromesa amb el medi ambient. Eduquem els nostres alumnes per tal que adquireixin consci\u00e8ncia i valorin la preservaci\u00f3 del seu medi. Es vol treballar per la sostenibilitat: residus, mobilitat, gesti\u00f3 de recursos,&#8230;<\/li>\n<li>\u00a0Escola formadora de ciutadans cr\u00edtics, solidaris i participatius: entenem l\u2019aprenentatge com a intercanvi en discussi\u00f3 constructiva i raonada, que es valorin els fets amb visi\u00f3 cr\u00edtica, fomentant l&#8217;observaci\u00f3, la investigaci\u00f3, l&#8217;an\u00e0lisi, la s\u00edntesi, l&#8217;autoavaluaci\u00f3 i l&#8217;aprendre del propi error. Les relacions personals, la cooperaci\u00f3 i la responsabilitat constitueixen l\u2019eix de la trama educativa.<\/li>\n<li>\uf0fc Escola inclusiva: escola acollidora que at\u00e9n la diversitat per tal de garantir l\u2019\u00e8xit de tot l\u2019alumnat. Som una escola per a tothom, amb un ensenyament personalitzat, que s\u2019ajusta a les caracter\u00edstiques personals i capacitats de cada infant. Potenciem l\u2019autonomia dels alumnes per a que s\u00e0piguen aprendre de manera aut\u00f2noma, alhora que potenciem la cooperaci\u00f3 perqu\u00e8 els infants s\u2019ajudin m\u00fatuament a aprendre respectant les seves necessitats i interessos.<\/li>\n<\/ul>\n<p>Tractament de la diversitat:<\/p>\n<p>&#8211; Diversitat com a riquesa: considerem la diversitat (cultural, religiosa, social, econ\u00f2mica,&#8230;) com un fet enriquidor per a la totalitat de la comunitat educativa (alumnes, mestres, fam\u00edlies,&#8230;)<br \/>\n&#8211; Necessitats diverses: ens proposem donar resposta, en la mesura dels nostres mitjans, a les necessitats educatives de tots els\/les alumnes.<br \/>\n&#8211; Ritmes diversos: tamb\u00e9 respectem i considerem enriquidors els diferents ritmes d\u2019aprenentatge dels alumnes.<\/p>\n<ul style=\"list-style-type: disc;\">\n<li>Educaci\u00f3 integral: escola que descobreix en el treball les aptituds de cadasc\u00fa, aprenent a desenvolupar totes les capacitats personals i a respectar les dels altres, fomentant l\u2019autoestima. Es potencia el desenvolupament integral (emocional, f\u00edsica i cognitiva) de l\u2019alumnat per tal que cadasc\u00fa pugui madurar i progressar des de la seva individualitat, tot fomentant valors i actituds que es concretin en h\u00e0bits i pautes de comportament.<\/li>\n<li>Escola promotora de la cultura i tradicions catalanes i d\u2019arreu del m\u00f3n:<\/li>\n<\/ul>\n<p>&#8211; Escola catalana: arrelada en l\u2019entorn natural, patrimonial i social del que en formem part i compromesa amb el medi ambient i la sostenibilitat. Emprem el catal\u00e0 com a llengua pr\u00f2pia i vehicular d\u2019ensenyament i aprenentatge.<br \/>\n&#8211; Coneixement, respecte i estima: l\u2019escola pret\u00e9n donar a con\u00e8ixer als nens i a les nenes la societat i nacionalitat catalanes, despertar el respecte i l\u2019estima, des d\u2019una perspectiva human\u00edstica i universal.<br \/>\n&#8211; Diversitat cultural: en un marc de di\u00e0leg i de conviv\u00e8ncia, es fomentar\u00e0 l\u2019educaci\u00f3 intercultural, basada en la igualtat, la solidaritat i el respecte a la diversitat de lleng\u00fces i cultures.<br \/>\n&#8211; Contacte amb el medi: l\u2019escola potenciar\u00e0 contactes amb el medi, fent con\u00e8ixer a l\u2019alumnat la realitat ling\u00fc\u00edstica, cultural, hist\u00f2rica i geogr\u00e0fica que configura el pa\u00eds on viu.<\/p>\n<ul style=\"list-style-type: disc;\">\n<li>\u00a0Escola coeducadora i no sexista: el nostre centre potencia una educaci\u00f3 integral de l\u2019alumnat sense cap mena de discriminaci\u00f3 per ra\u00f3 de sexe. Vetllem per la superaci\u00f3 dels rols tradicionals d\u2019home i dona, proporcionant a<br \/>\nl\u2019alumnat imatges diversificades i no convencionals d\u2019un i altre sexe.<\/li>\n<li>Escola solid\u00e0ria i tolerant: eduquem per la just\u00edcia, la solidaritat i la no discriminaci\u00f3. L\u2019educaci\u00f3 i la conviv\u00e8ncia es desenvoluparan en un marc de toler\u00e0ncia i respecte a la llibertat de cadasc\u00fa, a la seva personalitat i conviccions. Entenem que el sentit de la llibertat va lligat al de la responsabilitat i al respecte envers els altres i a un mateix.<\/li>\n<li>\u00a0Escola dialogant\/llibertat d\u2019expressi\u00f3: afavoridora del di\u00e0leg, mantenint una relaci\u00f3 real i efectiva entre pares, mestre, alumnes i altres professionals implicats dins la comunitat escolar, per mitj\u00e0 dels representants elegits per cada un d\u2019aquests estaments. El centre garantir\u00e0 la llibertat d\u2019expressi\u00f3 a tots els membres de la Comunitat Educativa, sempre respectant els canals habituals de l\u2019escola i dins un marc democr\u00e0tic.<\/li>\n<li>Escola pluralista i democr\u00e0tica: eduquem per a la llibertat, la responsabilitat i per l\u2019adquisici\u00f3 d\u2019h\u00e0bits i conductes que fan dels seus membres persones dignes de la comunitat on viuen. Considerem que s\u2019ha de fomentar en els i les alumnes actituds de di\u00e0leg i de toler\u00e0ncia davant les manifestacions socials, defugint de postures d\u2019adoctrinament, sectarisme i proselitisme i procurant fomentar una actitud cr\u00edtica i responsable davant de la societat, en defensa de la pau, la solidaritat i l\u2019actitud de participaci\u00f3 i cooperaci\u00f3.<\/li>\n<li>Escola laica: el nostre centre es defineix com a aconfessional, i es manifesta pluralista, tolerant i respectu\u00f3s amb la diversitat religiosa en el marc de la legislaci\u00f3 vigent.<\/li>\n<\/ul>\n<p>Activitats tradicionals com les festes, les can\u00e7ons populars,&#8230; inclouran elements religiosos nom\u00e9s des del seu vessant de tradici\u00f3 cultural, tot defugint l\u2019adoctrinament.<\/p>\n<p>L\u2019ensenyament de la Religi\u00f3 Cat\u00f2lica s\u2019oferta a partir de Prim\u00e0ria. Tanmateix, considerem un dret i una responsabilitat de les fam\u00edlies prendre l\u2019opci\u00f3 i donar la formaci\u00f3 religiosa que creguin oportuna per als seus fills i filles.<\/p>\n<ul style=\"list-style-type: disc;\">\n<li>Educaci\u00f3 socialitzadora: eduquem en les estrat\u00e8gies per resoldre les dificultats i per conscienciar dels drets i deures que comporta la vida en societat, fugint de l\u2019estricta competitivitat. Cerquem f\u00f3rmules diverses d\u2019actuaci\u00f3, sempre vetllant perqu\u00e8 es donin les adequades condicions de respecte entre els companys i companyes.<\/li>\n<li>Aprenentatge actiu i significatiu: a l\u2019escola fomentarem la curiositat i la investigaci\u00f3, implicant els alumnes activament en el seu proc\u00e9s i evitant un rol de receptor passiu de la informaci\u00f3. Activitats de descobriment i recerca tindran un paper important. Tamb\u00e9 es tindr\u00e0 en compte els coneixements previs i els interessos dels alumnes, i tamb\u00e9 el seu ritme personal de progr\u00e9s.<\/li>\n<li>Aprenentatge competent: l\u2019escola vetllar\u00e0 per l\u2019assoliment de les compet\u00e8ncies b\u00e0siques, entenent-les fonamentalment com a eines per a integrar-se adequadament en un m\u00f3n complex i canviant. Es fomentar\u00e0 l\u2019\u00fas de les noves tecnologies d\u2019aprenentatge del coneixement.<\/li>\n<li>Educaci\u00f3 per a la salut:<\/li>\n<\/ul>\n<p>&#8211; Entorn saludable: l&#8217;escola ha de ser un entorn que afavoreixi la salut f\u00edsica, ps\u00edquica, afectiva i social de les persones. Es vetllar\u00e0 per tal que l&#8217;alumnat adquireixi estils de vida saludables.<br \/>\n&#8211; Informaci\u00f3 i prevenci\u00f3. El centre aportar\u00e0 informaci\u00f3 i estimular\u00e0 conductes de prevenci\u00f3 davant els riscos greus i freq\u00fcents per a la salut individual i col\u2022lectiva.<\/p>\n","protected":false},"excerpt":{"rendered":"<p>El nostre centre escolar articula la seva acci\u00f3 educativa entorn dels principis rectors del Sistema Educatiu que formula la Llei d&#8217;Educaci\u00f3 de Catalunya (LLEI 12\/2009 de 10 de juliol) en el seu article 2.<br \/>\nEl projecte educatiu recull i desenvolupa el car\u00e0cter propi del nostre centre&hellip;  <a href=\"https:\/\/agora.xtec.cat\/escmadorell\/lescola\/projecte-educatiu\/identitat-i-caracter-propi\/\" title=\"Read Identitat i car\u00e0cter propi\">Llegeix m\u00e9s\u00bb<\/a><\/p>\n","protected":false},"author":4,"featured_media":0,"parent":2840,"menu_order":1,"comment_status":"closed","ping_status":"closed","template":"page-templates\/side-menu.php","meta":{"_bbp_topic_count":0,"_bbp_reply_count":0,"_bbp_total_topic_count":0,"_bbp_total_reply_count":0,"_bbp_voice_count":0,"_bbp_anonymous_reply_count":0,"_bbp_topic_count_hidden":0,"_bbp_reply_count_hidden":0,"_bbp_forum_subforum_count":0,"footnotes":""},"class_list":["post-2842","page","type-page","status-publish","hentry"],"post_mailing_queue_ids":[],"_links":{"self":[{"href":"https:\/\/agora.xtec.cat\/escmadorell\/wp-json\/wp\/v2\/pages\/2842","targetHints":{"allow":["GET"]}}],"collection":[{"href":"https:\/\/agora.xtec.cat\/escmadorell\/wp-json\/wp\/v2\/pages"}],"about":[{"href":"https:\/\/agora.xtec.cat\/escmadorell\/wp-json\/wp\/v2\/types\/page"}],"author":[{"embeddable":true,"href":"https:\/\/agora.xtec.cat\/escmadorell\/wp-json\/wp\/v2\/users\/4"}],"replies":[{"embeddable":true,"href":"https:\/\/agora.xtec.cat\/escmadorell\/wp-json\/wp\/v2\/comments?post=2842"}],"version-history":[{"count":3,"href":"https:\/\/agora.xtec.cat\/escmadorell\/wp-json\/wp\/v2\/pages\/2842\/revisions"}],"predecessor-version":[{"id":2845,"href":"https:\/\/agora.xtec.cat\/escmadorell\/wp-json\/wp\/v2\/pages\/2842\/revisions\/2845"}],"up":[{"embeddable":true,"href":"https:\/\/agora.xtec.cat\/escmadorell\/wp-json\/wp\/v2\/pages\/2840"}],"wp:attachment":[{"href":"https:\/\/agora.xtec.cat\/escmadorell\/wp-json\/wp\/v2\/media?parent=2842"}],"curies":[{"name":"wp","href":"https:\/\/api.w.org\/{rel}","templated":true}]}}