{"id":2840,"date":"2017-02-21T11:44:00","date_gmt":"2017-02-21T10:44:00","guid":{"rendered":"http:\/\/agora.xtec.cat\/escmadorell\/?page_id=2840"},"modified":"2026-01-30T16:55:50","modified_gmt":"2026-01-30T15:55:50","slug":"projecte-educatiu","status":"publish","type":"page","link":"https:\/\/agora.xtec.cat\/escmadorell\/lescola\/projecte-educatiu\/","title":{"rendered":"Projecte Educatiu"},"content":{"rendered":"<p>Hem recollit en aquesta infografia, de forma esquem\u00e0tica, el Projecte Educatiu de la nostra escola.<\/p>\n<p>El Model Pedag\u00f2gic explica com treballem a l&#8217;aula i els \u00c0mbits d&#8217;Aprenentatge s\u00f3n els diferents coneixements que adquireixen els nostres alumnes. Tamb\u00e9 considerem important ressaltar el treball col\u00b7laboratiu i la feina que fa l&#8217;AFA.<\/p>\n<p>Esperem que aquesta informaci\u00f3 serveixi per entendre millor la feina que fem a l&#8217;escola, en la que intervenen directament els vostres fills i filles amb l&#8217;equip docent i on les fam\u00edlies tamb\u00e9 teniu un paper important.<\/p>\n<div style=\"position: relative; padding-bottom: 56.25%; padding-top: 0; height: 0;\"><iframe loading=\"lazy\" style=\"position: absolute; top: 0; left: 0; width: 100%; height: 100%;\" title=\"Copia - Portes Obertes 2024\" src=\"https:\/\/view.genially.com\/6797479229ce40d820f8f337\" width=\"1200\" height=\"675\" frameborder=\"0\" scrolling=\"yes\" allowfullscreen=\"allowfullscreen\"><\/iframe><\/div>\n<p><img loading=\"lazy\" decoding=\"async\" class=\"alignnone wp-image-13031 size-large\" src=\"https:\/\/agora.xtec.cat\/escmadorell\/wp-content\/uploads\/usu1350\/2020\/05\/3-1024x311.png\" alt=\"\" width=\"1024\" height=\"311\" srcset=\"https:\/\/agora.xtec.cat\/escmadorell\/wp-content\/uploads\/usu1350\/2020\/05\/3-1024x311.png 1024w, https:\/\/agora.xtec.cat\/escmadorell\/wp-content\/uploads\/usu1350\/2020\/05\/3-300x91.png 300w, https:\/\/agora.xtec.cat\/escmadorell\/wp-content\/uploads\/usu1350\/2020\/05\/3-768x233.png 768w, https:\/\/agora.xtec.cat\/escmadorell\/wp-content\/uploads\/usu1350\/2020\/05\/3.png 1400w\" sizes=\"auto, (max-width: 1024px) 100vw, 1024px\" \/><img loading=\"lazy\" decoding=\"async\" class=\"alignnone wp-image-13032 size-large\" src=\"https:\/\/agora.xtec.cat\/escmadorell\/wp-content\/uploads\/usu1350\/2020\/05\/4-1024x311.png\" alt=\"\" width=\"1024\" height=\"311\" srcset=\"https:\/\/agora.xtec.cat\/escmadorell\/wp-content\/uploads\/usu1350\/2020\/05\/4-1024x311.png 1024w, https:\/\/agora.xtec.cat\/escmadorell\/wp-content\/uploads\/usu1350\/2020\/05\/4-300x91.png 300w, https:\/\/agora.xtec.cat\/escmadorell\/wp-content\/uploads\/usu1350\/2020\/05\/4-768x233.png 768w, https:\/\/agora.xtec.cat\/escmadorell\/wp-content\/uploads\/usu1350\/2020\/05\/4.png 1400w\" sizes=\"auto, (max-width: 1024px) 100vw, 1024px\" \/><\/p>\n<div style=\"width: 100%;\">\n<div style=\"position: relative; padding-bottom: 56.25%; padding-top: 0; height: 0;\">\n<div style=\"width: 100%;\"><\/div>\n<\/div>\n<\/div>\n","protected":false},"excerpt":{"rendered":"<p>Hem recollit en aquesta infografia, de forma esquem\u00e0tica, el Projecte Educatiu de la nostra escola.<br \/>\nEl Model Pedag\u00f2gic explica com treballem a l&#8217;aula i els \u00c0mbits d&#8217;Aprenentatge s\u00f3n els diferents coneixements que adquireixen els nostres alumnes. Tamb\u00e9 considerem important ressaltar el treball col\u00b7laboratiu i la feina&hellip;  <a href=\"https:\/\/agora.xtec.cat\/escmadorell\/lescola\/projecte-educatiu\/\" title=\"Read Projecte Educatiu\">Llegeix m\u00e9s\u00bb<\/a><\/p>\n","protected":false},"author":4,"featured_media":0,"parent":22,"menu_order":50,"comment_status":"closed","ping_status":"closed","template":"page-templates\/side-menu.php","meta":{"_bbp_topic_count":0,"_bbp_reply_count":0,"_bbp_total_topic_count":0,"_bbp_total_reply_count":0,"_bbp_voice_count":0,"_bbp_anonymous_reply_count":0,"_bbp_topic_count_hidden":0,"_bbp_reply_count_hidden":0,"_bbp_forum_subforum_count":0,"footnotes":""},"class_list":["post-2840","page","type-page","status-publish","hentry"],"post_mailing_queue_ids":[],"_links":{"self":[{"href":"https:\/\/agora.xtec.cat\/escmadorell\/wp-json\/wp\/v2\/pages\/2840","targetHints":{"allow":["GET"]}}],"collection":[{"href":"https:\/\/agora.xtec.cat\/escmadorell\/wp-json\/wp\/v2\/pages"}],"about":[{"href":"https:\/\/agora.xtec.cat\/escmadorell\/wp-json\/wp\/v2\/types\/page"}],"author":[{"embeddable":true,"href":"https:\/\/agora.xtec.cat\/escmadorell\/wp-json\/wp\/v2\/users\/4"}],"replies":[{"embeddable":true,"href":"https:\/\/agora.xtec.cat\/escmadorell\/wp-json\/wp\/v2\/comments?post=2840"}],"version-history":[{"count":6,"href":"https:\/\/agora.xtec.cat\/escmadorell\/wp-json\/wp\/v2\/pages\/2840\/revisions"}],"predecessor-version":[{"id":20223,"href":"https:\/\/agora.xtec.cat\/escmadorell\/wp-json\/wp\/v2\/pages\/2840\/revisions\/20223"}],"up":[{"embeddable":true,"href":"https:\/\/agora.xtec.cat\/escmadorell\/wp-json\/wp\/v2\/pages\/22"}],"wp:attachment":[{"href":"https:\/\/agora.xtec.cat\/escmadorell\/wp-json\/wp\/v2\/media?parent=2840"}],"curies":[{"name":"wp","href":"https:\/\/api.w.org\/{rel}","templated":true}]}}