{"id":2785,"date":"2017-02-20T16:58:21","date_gmt":"2017-02-20T15:58:21","guid":{"rendered":"http:\/\/agora.xtec.cat\/escmadorell\/?page_id=2785"},"modified":"2026-01-16T16:00:32","modified_gmt":"2026-01-16T15:00:32","slug":"preinscripcio","status":"publish","type":"page","link":"https:\/\/agora.xtec.cat\/escmadorell\/lescola\/preinscripcio\/","title":{"rendered":"Preinscripci\u00f3"},"content":{"rendered":"<h6 style=\"text-align: center;\"><\/h6>\n<h6 style=\"text-align: center;\"><span style=\"color: #000000;\"><b>Voleu con\u00e8ixer la nostra escola?<\/b><\/span><\/h6>\n<p><iframe loading=\"lazy\" title=\"Projecte Magnet: escola Madorell i el CCiTUB\" width=\"500\" height=\"281\" src=\"https:\/\/www.youtube.com\/embed\/MumzFe88GLo?feature=oembed\" frameborder=\"0\" allow=\"accelerometer; autoplay; clipboard-write; encrypted-media; gyroscope; picture-in-picture; web-share\" referrerpolicy=\"strict-origin-when-cross-origin\" allowfullscreen><\/iframe><\/p>\n<h6 style=\"text-align: center;\"><\/h6>\n<h6 style=\"text-align: center;\"><span style=\"color: #000000;\"><b>Esteu interessats en con\u00e8ixer quin \u00e9s el nostre projecte educatiu?<\/b><\/span><\/h6>\n<div style=\"width: 100%;\">\n<div style=\"position: relative; padding-bottom: 56.25%; padding-top: 0; height: 0;\"><iframe loading=\"lazy\" style=\"position: absolute; top: 0; left: 0; width: 100%; height: 100%;\" title=\"Copia - Portes Obertes 2024\" src=\"https:\/\/view.genially.com\/6797479229ce40d820f8f337\" width=\"1200\" height=\"675\" frameborder=\"0\" scrolling=\"yes\" allowfullscreen=\"allowfullscreen\"><\/iframe><\/div>\n<\/div>\n<p>&nbsp;<\/p>\n<div style=\"width: 100%;\">\n<div style=\"position: relative; padding-bottom: 56.25%; padding-top: 0; height: 0;\">\n<div class=\"container-wrapper-genially\" style=\"position: relative; min-height: 400px; max-width: 100%;\">\n<h4 style=\"text-align: center;\"><a style=\"font-size: 2.3125em; font-weight: bold;\" href=\"http:\/\/educacio.gencat.cat\/ca\/tramits\/tramits-temes\/20483-obligatoris?moda=1\">SOL\u00b7LICITUD<\/a><\/h4>\n<p><span style=\"font-family: inherit; font-size: 1em; font-weight: normal;\">Enguany, us oferim tot un seguit d\u2019activitats virtuals:<\/span><\/p>\n<p><span style=\"font-family: inherit; font-size: 1em; font-weight: normal;\">Participeu en les sessions de Portes Obertes, on us presentarem el nostre projecte.<\/span><\/p>\n<p><span style=\"font-family: inherit; font-size: 1em; font-weight: normal;\">Visioneu una selecci\u00f3 v\u00eddeos amb p\u00edndoles, sobre el dia a dia dels nostres alumnes.<\/span><\/p>\n<p><span style=\"font-family: inherit; font-size: 1em; font-weight: normal;\">Navegueu pels men\u00fas del nostre web per descobrir com treballem.<\/span><\/p>\n<p><span style=\"font-family: inherit; font-size: 1em; font-weight: normal;\">Desitgem que aquestes propostes siguin del vostre inter\u00e8s i us acostin a la nostra realitat educativa. <\/span><b style=\"font-family: inherit; font-size: 1em;\">Recordeu<\/b><span style=\"font-family: inherit; font-size: 1em; font-weight: normal;\"> que sempre podeu contactar amb nosaltres per resoldre qualsevol dubte. <\/span><\/p>\n<p><b style=\"font-family: inherit; font-size: 1em;\">IMPORTANT<\/b><\/p>\n<p><span style=\"font-family: inherit; font-size: 1em; font-weight: normal;\">El Departament d\u2019Ensenyament ha marcat del<\/span><b style=\"font-family: inherit; font-size: 1em;\"> 4 al 18 de mar\u00e7 <\/b><span style=\"font-family: inherit; font-size: 1em; font-weight: normal;\">el termini de presentaci\u00f3 de sol\u00b7licituds, per a la matriculaci\u00f3 dels alumnes de 2n cicle d\u2019Educaci\u00f3 Infantil i Educaci\u00f3 Prim\u00e0ria, de cara al curs 2026-27.<\/span><\/p>\n<\/div>\n<\/div>\n<\/div>\n","protected":false},"excerpt":{"rendered":"<p>Voleu con\u00e8ixer la nostra escola?<\/p>\n<p>Esteu interessats en con\u00e8ixer quin \u00e9s el nostre projecte educatiu?<\/p>\n<p>&nbsp;<\/p>\n<p><a style=\"font-size: 2.3125em; font-weight: bold;\" href=\"http:\/\/educacio.gencat.cat\/ca\/tramits\/tramits-temes\/20483-obligatoris?moda=1\">SOL\u00b7LICITUD<\/a><br \/>\nEnguany, us oferim tot un seguit d\u2019activitats virtuals:<br \/>\nParticipeu en les sessions de Portes Obertes, on us presentarem el nostre projecte.<br \/>\nVisioneu una selecci\u00f3 v\u00eddeos amb p\u00edndoles, sobre el&hellip;  <a href=\"https:\/\/agora.xtec.cat\/escmadorell\/lescola\/preinscripcio\/\" title=\"Read Preinscripci\u00f3\">Llegeix m\u00e9s\u00bb<\/a><\/p>\n","protected":false},"author":4,"featured_media":0,"parent":22,"menu_order":70,"comment_status":"closed","ping_status":"closed","template":"page-templates\/side-menu.php","meta":{"_bbp_topic_count":0,"_bbp_reply_count":0,"_bbp_total_topic_count":0,"_bbp_total_reply_count":0,"_bbp_voice_count":0,"_bbp_anonymous_reply_count":0,"_bbp_topic_count_hidden":0,"_bbp_reply_count_hidden":0,"_bbp_forum_subforum_count":0,"footnotes":""},"class_list":["post-2785","page","type-page","status-publish","hentry"],"post_mailing_queue_ids":[],"_links":{"self":[{"href":"https:\/\/agora.xtec.cat\/escmadorell\/wp-json\/wp\/v2\/pages\/2785","targetHints":{"allow":["GET"]}}],"collection":[{"href":"https:\/\/agora.xtec.cat\/escmadorell\/wp-json\/wp\/v2\/pages"}],"about":[{"href":"https:\/\/agora.xtec.cat\/escmadorell\/wp-json\/wp\/v2\/types\/page"}],"author":[{"embeddable":true,"href":"https:\/\/agora.xtec.cat\/escmadorell\/wp-json\/wp\/v2\/users\/4"}],"replies":[{"embeddable":true,"href":"https:\/\/agora.xtec.cat\/escmadorell\/wp-json\/wp\/v2\/comments?post=2785"}],"version-history":[{"count":7,"href":"https:\/\/agora.xtec.cat\/escmadorell\/wp-json\/wp\/v2\/pages\/2785\/revisions"}],"predecessor-version":[{"id":20148,"href":"https:\/\/agora.xtec.cat\/escmadorell\/wp-json\/wp\/v2\/pages\/2785\/revisions\/20148"}],"up":[{"embeddable":true,"href":"https:\/\/agora.xtec.cat\/escmadorell\/wp-json\/wp\/v2\/pages\/22"}],"wp:attachment":[{"href":"https:\/\/agora.xtec.cat\/escmadorell\/wp-json\/wp\/v2\/media?parent=2785"}],"curies":[{"name":"wp","href":"https:\/\/api.w.org\/{rel}","templated":true}]}}